{"id":2766,"date":"2018-03-01T14:35:00","date_gmt":"2018-03-01T13:35:00","guid":{"rendered":"http:\/\/pprspnga.preview.infomaniak.website\/fees-registration\/"},"modified":"2026-04-13T14:03:30","modified_gmt":"2026-04-13T12:03:30","slug":"fees-registration","status":"publish","type":"page","link":"https:\/\/www.efdb.ch\/en\/fees-registration\/","title":{"rendered":"Tuitions"},"content":{"rendered":"<p>[et_pb_section fb_built=&#8221;1&#8243; fullwidth=&#8221;on&#8221; _builder_version=&#8221;4.16&#8243; global_colors_info=&#8221;{}&#8221;][et_pb_fullwidth_slider admin_label=&#8221;Fullwidth Slider&#8221; _builder_version=&#8221;4.20.2&#8243; custom_padding=&#8221;|||&#8221; custom_padding_tablet=&#8221;|||&#8221; custom_padding_phone=&#8221;|||&#8221; box_shadow_style=&#8221;preset6&#8243; box_shadow_blur=&#8221;10px&#8221; box_shadow_color=&#8221;rgba(0,0,0,0.1)&#8221; global_colors_info=&#8221;{}&#8221; button_text_size__hover_enabled=&#8221;off&#8221; button_one_text_size__hover_enabled=&#8221;off&#8221; button_two_text_size__hover_enabled=&#8221;off&#8221; button_text_color__hover_enabled=&#8221;off&#8221; button_one_text_color__hover_enabled=&#8221;off&#8221; button_two_text_color__hover_enabled=&#8221;off&#8221; button_border_width__hover_enabled=&#8221;off&#8221; button_one_border_width__hover_enabled=&#8221;off&#8221; button_two_border_width__hover_enabled=&#8221;off&#8221; button_border_color__hover_enabled=&#8221;off&#8221; button_one_border_color__hover_enabled=&#8221;off&#8221; button_two_border_color__hover_enabled=&#8221;off&#8221; button_border_radius__hover_enabled=&#8221;off&#8221; button_one_border_radius__hover_enabled=&#8221;off&#8221; button_two_border_radius__hover_enabled=&#8221;off&#8221; button_letter_spacing__hover_enabled=&#8221;off&#8221; button_one_letter_spacing__hover_enabled=&#8221;off&#8221; button_two_letter_spacing__hover_enabled=&#8221;off&#8221; button_bg_color__hover_enabled=&#8221;off&#8221; button_one_bg_color__hover_enabled=&#8221;off&#8221; button_two_bg_color__hover_enabled=&#8221;off&#8221;][et_pb_slide heading=&#8221;Tuitions&#8221; use_bg_overlay=&#8221;on&#8221; _builder_version=&#8221;4.20.2&#8243; background_color=&#8221;#ffffff&#8221; background_image=&#8221;https:\/\/www.efdb.ch\/wp-content\/uploads\/2019\/10\/DSC6948.jpg&#8221; background_enable_image=&#8221;on&#8221; global_colors_info=&#8221;{}&#8221; button_text_size__hover_enabled=&#8221;off&#8221; button_one_text_size__hover_enabled=&#8221;off&#8221; button_two_text_size__hover_enabled=&#8221;off&#8221; button_text_color__hover_enabled=&#8221;off&#8221; button_one_text_color__hover_enabled=&#8221;off&#8221; button_two_text_color__hover_enabled=&#8221;off&#8221; button_border_width__hover_enabled=&#8221;off&#8221; button_one_border_width__hover_enabled=&#8221;off&#8221; button_two_border_width__hover_enabled=&#8221;off&#8221; button_border_color__hover_enabled=&#8221;off&#8221; button_one_border_color__hover_enabled=&#8221;off&#8221; button_two_border_color__hover_enabled=&#8221;off&#8221; button_border_radius__hover_enabled=&#8221;off&#8221; button_one_border_radius__hover_enabled=&#8221;off&#8221; button_two_border_radius__hover_enabled=&#8221;off&#8221; button_letter_spacing__hover_enabled=&#8221;off&#8221; button_one_letter_spacing__hover_enabled=&#8221;off&#8221; button_two_letter_spacing__hover_enabled=&#8221;off&#8221; button_bg_color__hover_enabled=&#8221;off&#8221; button_one_bg_color__hover_enabled=&#8221;off&#8221; button_two_bg_color__hover_enabled=&#8221;off&#8221; sticky_transition=&#8221;on&#8221;][\/et_pb_slide][\/et_pb_fullwidth_slider][\/et_pb_section][et_pb_section fb_built=&#8221;1&#8243; _builder_version=&#8221;4.16&#8243; custom_padding=&#8221;57px|0px|57px|0px&#8221; global_colors_info=&#8221;{}&#8221;][et_pb_row _builder_version=&#8221;4.16&#8243; custom_margin=&#8221;|auto|-87px|auto||&#8221; global_colors_info=&#8221;{}&#8221;][et_pb_column type=&#8221;4_4&#8243; _builder_version=&#8221;4.16&#8243; custom_padding=&#8221;|||&#8221; global_colors_info=&#8221;{}&#8221; custom_padding__hover=&#8221;|||&#8221;][et_pb_text admin_label=&#8221;Texte intro tarifs&#8221; _builder_version=&#8221;4.19.0&#8243; global_colors_info=&#8221;{}&#8221;]<\/p><h2 style=\"text-align: center;\"><span style=\"font-weight: 400;\">Registration fee<\/span><\/h2><p><\/p><p style=\"text-align: center;\">The registration fee is CHF 500 for the first registration only.<\/p><p>[\/et_pb_text][et_pb_text admin_label=&#8221;Texte intro tarifs&#8221; _builder_version=&#8221;4.27.2&#8243; min_height=&#8221;108.8px&#8221; custom_margin=&#8221;||-58px|||&#8221; global_colors_info=&#8221;{}&#8221;][\/et_pb_text][et_pb_text admin_label=&#8221;Texte intro tarifs&#8221; _builder_version=&#8221;4.27.2&#8243; global_colors_info=&#8221;{}&#8221;]<\/p><h2 style=\"text-align: center;\" data-mce-style=\"text-align: center;\">Fees, Terms and Conditions<\/h2><p>[\/et_pb_text][\/et_pb_column][\/et_pb_row][et_pb_row column_structure=&#8221;1_3,1_3,1_3&#8243; _builder_version=&#8221;4.16&#8243; min_height=&#8221;798.9px&#8221; custom_margin=&#8221;35px|auto||auto||&#8221; global_colors_info=&#8221;{}&#8221;][et_pb_column type=&#8221;1_3&#8243; _builder_version=&#8221;4.16&#8243; custom_padding=&#8221;|||&#8221; global_colors_info=&#8221;{}&#8221; custom_padding__hover=&#8221;|||&#8221;][et_pb_text _builder_version=&#8221;4.27.4&#8243; global_colors_info=&#8221;{}&#8221;]<\/p><h3>Cr\u00e8che<\/h3><p><\/p><ul><li><strong><a href=\"https:\/\/www.efdb.ch\/wp-content\/uploads\/2024\/12\/Creche-2025-26.pdf\" rel=\"attachment wp-att-20992\">2025-26<\/a><\/strong><\/li><\/ul><p>[\/et_pb_text][et_pb_button button_url=&#8221;@ET-DC@eyJkeW5hbWljIjp0cnVlLCJjb250ZW50IjoicG9zdF9saW5rX3VybF9wYWdlIiwic2V0dGluZ3MiOnsicG9zdF9pZCI6IjE2MzA5In19@&#8221; button_text=&#8221;Registration Form&#8221; _builder_version=&#8221;4.19.1&#8243; _dynamic_attributes=&#8221;button_url&#8221; _module_preset=&#8221;default&#8221; global_colors_info=&#8221;{}&#8221;][\/et_pb_button][\/et_pb_column][et_pb_column type=&#8221;1_3&#8243; _builder_version=&#8221;4.16&#8243; custom_padding=&#8221;|||&#8221; global_colors_info=&#8221;{}&#8221; custom_padding__hover=&#8221;|||&#8221;][et_pb_text _builder_version=&#8221;4.27.5&#8243; global_colors_info=&#8221;{}&#8221;]<\/p><h3>Maternelle, Elementary and <br \/>6th grade<\/h3><p><\/p><ul><li><strong><a href=\"https:\/\/www.efdb.ch\/wp-content\/uploads\/2025\/09\/Ecolages-EM-et-EP-2025-26.pdf\" rel=\"attachment wp-att-22305\">2025-26<\/a><\/strong><\/li><li><strong><a href=\"https:\/\/www.efdb.ch\/wp-content\/uploads\/2025\/12\/Ecolages-EM-et-EP-Tarifs-et-Conditions-Generales-2026-27.pdf\" rel=\"attachment wp-att-22675\">2026-27<\/a><\/strong><\/li><\/ul><p>[\/et_pb_text][et_pb_button button_url=&#8221;@ET-DC@eyJkeW5hbWljIjp0cnVlLCJjb250ZW50IjoicG9zdF9saW5rX3VybF9wYWdlIiwic2V0dGluZ3MiOnsicG9zdF9pZCI6IjE2MzA5In19@&#8221; button_text=&#8221;Registration Form&#8221; _builder_version=&#8221;4.19.1&#8243; _dynamic_attributes=&#8221;button_url&#8221; _module_preset=&#8221;default&#8221; global_colors_info=&#8221;{}&#8221;][\/et_pb_button][\/et_pb_column][et_pb_column type=&#8221;1_3&#8243; _builder_version=&#8221;4.16&#8243; custom_padding=&#8221;|||&#8221; global_colors_info=&#8221;{}&#8221; custom_padding__hover=&#8221;|||&#8221;][et_pb_text _builder_version=&#8221;4.27.5&#8243; text_font=&#8221;||||||||&#8221; header_font=&#8221;||||||||&#8221; hover_enabled=&#8221;0&#8243; global_colors_info=&#8221;{}&#8221; sticky_enabled=&#8221;0&#8243;]<\/p><h3>Canteen<\/h3><p><\/p><ul><li><strong><a href=\"https:\/\/www.efdb.ch\/wp-content\/uploads\/2025\/07\/Cantine-Tarifs-et-Conditions-Generales-2025-26-1.pdf\" rel=\"attachment wp-att-22171\">2025-26<\/a><\/strong><\/li><li><strong><a href=\"https:\/\/www.efdb.ch\/wp-content\/uploads\/2025\/12\/Cantine-Tarifs-et-Conditions-Generales-2026-27.pdf\" rel=\"attachment wp-att-22678\">2026-27<\/a><\/strong><\/li><\/ul><p><\/p><h3>Afterschool &#8211; Maternelle<\/h3><p><\/p><ul><li><strong><a href=\"https:\/\/www.efdb.ch\/wp-content\/uploads\/2025\/04\/Periscolaire-EM-Tarifs-et-Conditions-Generales-2025-26.pdf\" rel=\"attachment wp-att-21695\">2025-26<\/a><\/strong><\/li><li><a href=\"https:\/\/www.efdb.ch\/wp-content\/uploads\/2026\/03\/Periscolaire-EM-Tarifs-et-Conditions-Generales-2026-27.pdf\" rel=\"attachment wp-att-23102\"><strong>2026-27<\/strong><\/a><\/li><\/ul><p><\/p><h3>Afterschool &#8211; Elementary and <br \/>6th grade<\/h3><p><\/p><ul><li><strong><a href=\"https:\/\/www.efdb.ch\/wp-content\/uploads\/2025\/04\/Periscolaire-EP-Tarifs-et-Conditions-Generales-2025-26.pdf\" rel=\"attachment wp-att-21692\">2025-26<\/a><\/strong><\/li><li><strong><a href=\"https:\/\/www.efdb.ch\/wp-content\/uploads\/2026\/04\/Periscolaire-EP-Tarifs-et-Conditions-Generales-2026-27-1.pdf\" rel=\"attachment wp-att-23203\">2026-27<\/a><\/strong><\/li><\/ul><p><\/p><h3><span style=\"color: #333333; font-size: 22px;\">Holiday Camp<\/span><\/h3><p><\/p><ul><li><strong><a href=\"https:\/\/www.efdb.ch\/wp-content\/uploads\/2024\/12\/Centres-aeres-2025-26.pdf\" rel=\"attachment wp-att-20989\">2025-26<\/a><\/strong><\/li><li><strong><a href=\"https:\/\/www.efdb.ch\/wp-content\/uploads\/2025\/12\/Centres-Aeres-Tarifs-et-Conditions-Generales-2026-27.pdf\" rel=\"attachment wp-att-22687\">2026-27<\/a><\/strong><\/li><\/ul><p>[\/et_pb_text][\/et_pb_column][\/et_pb_row][et_pb_row _builder_version=&#8221;4.16&#8243; global_colors_info=&#8221;{}&#8221;][et_pb_column type=&#8221;4_4&#8243; _builder_version=&#8221;4.16&#8243; global_colors_info=&#8221;{}&#8221;][et_pb_text _builder_version=&#8221;4.19.0&#8243; global_colors_info=&#8221;{}&#8221;][\/et_pb_text][\/et_pb_column][\/et_pb_row][et_pb_row _builder_version=&#8221;4.16&#8243; global_colors_info=&#8221;{}&#8221;][et_pb_column type=&#8221;4_4&#8243; _builder_version=&#8221;4.16&#8243; custom_padding=&#8221;|||&#8221; global_colors_info=&#8221;{}&#8221; custom_padding__hover=&#8221;|||&#8221;][et_pb_text admin_label=&#8221;Conditions particuli\u00e8res&#8221; _builder_version=&#8221;4.19.4&#8243; global_colors_info=&#8221;{}&#8221;]<\/p><p style=\"text-align: center;\">\u00a0<\/p><p><\/p><p style=\"text-align: center;\"><strong>Special discounts \u2013 Daycare, Maternelle, Elementary, 6th grade<\/strong><\/p><p><\/p><p style=\"text-align: center;\"><span style=\"font-size: 14px;\">We offer a discount on fees for sibling children (all sections included) :<\/span><\/p><p><\/p><p style=\"text-align: center;\">10% for the 2nd child and 15% from the 3rd child.<\/p><p><\/p><p style=\"text-align: center;\">\u00a0<\/p><p>[\/et_pb_text][\/et_pb_column][\/et_pb_row][\/et_pb_section][et_pb_section fb_built=&#8221;1&#8243; _builder_version=&#8221;4.16&#8243; background_color=&#8221;#5e89c4&#8243; custom_padding=&#8221;57px|0px|57px|0px&#8221; global_colors_info=&#8221;{}&#8221;][et_pb_row column_structure=&#8221;1_2,1_2&#8243; _builder_version=&#8221;4.16&#8243; global_colors_info=&#8221;{}&#8221;][et_pb_column type=&#8221;1_2&#8243; _builder_version=&#8221;4.16&#8243; custom_padding=&#8221;|||&#8221; global_colors_info=&#8221;{}&#8221; custom_padding__hover=&#8221;|||&#8221;][et_pb_blurb title=&#8221;Corporate Rates&#8221; admin_label=&#8221;Tarification Corporate&#8221; _builder_version=&#8221;4.16&#8243; header_level=&#8221;h3&#8243; header_font=&#8221;|700|||||||&#8221; header_font_size=&#8221;24px&#8221; body_font=&#8221;|600|||||||&#8221; text_orientation=&#8221;center&#8221; background_layout=&#8221;dark&#8221; header_font_size_tablet=&#8221;&#8221; header_font_size_phone=&#8221;&#8221; header_font_size_last_edited=&#8221;on|desktop&#8221; global_colors_info=&#8221;{}&#8221;]<\/p><p>For families whose school fees are paid by their employer. Corporate rates include all available activities, and at your choice, from Monday to Friday from 8am to 6:30pm. The canteen and music classes are not included, and will be invoiced separately for the families who choose them.<\/p><p>[\/et_pb_blurb][\/et_pb_column][et_pb_column type=&#8221;1_2&#8243; _builder_version=&#8221;4.16&#8243; custom_padding=&#8221;|||&#8221; global_colors_info=&#8221;{}&#8221; custom_padding__hover=&#8221;|||&#8221;][et_pb_blurb title=&#8221;AEFE scolarship&#8221; admin_label=&#8221;Bourse AEFE&#8221; _builder_version=&#8221;4.16&#8243; header_level=&#8221;h3&#8243; header_font=&#8221;|700|||||||&#8221; header_font_size=&#8221;24px&#8221; body_font=&#8221;|600|||||||&#8221; text_orientation=&#8221;center&#8221; background_layout=&#8221;dark&#8221; header_font_size_tablet=&#8221;&#8221; header_font_size_phone=&#8221;&#8221; header_font_size_last_edited=&#8221;on|desktop&#8221; global_colors_info=&#8221;{}&#8221;]<\/p><p>For children of French nationality living in Switzerland. The scholarship application is submitted through the French Consulate in Zurich and is based on resource criteria. Information and files to be provided by the Scholarship Service of the Consulate General of France in Zurich.<\/p><p>[\/et_pb_blurb][\/et_pb_column][\/et_pb_row][\/et_pb_section][et_pb_section fb_built=&#8221;1&#8243; _builder_version=&#8221;4.16&#8243; background_color=&#8221;#ffffff&#8221; global_colors_info=&#8221;{}&#8221;][et_pb_row _builder_version=&#8221;4.16&#8243; custom_padding=&#8221;28px|0px|28px|0px&#8221; global_colors_info=&#8221;{}&#8221;][et_pb_column type=&#8221;4_4&#8243; _builder_version=&#8221;4.16&#8243; custom_padding=&#8221;|||&#8221; global_colors_info=&#8221;{}&#8221; custom_padding__hover=&#8221;|||&#8221;][\/et_pb_column][\/et_pb_row][\/et_pb_section]<\/p>","protected":false},"excerpt":{"rendered":"<p>Registration feeThe registration fee is CHF 500 for the first registration only.Fees, Terms and ConditionsCr\u00e8che 2025-26 Maternelle, Elementary and 6th grade 2025-26 2026-27 Canteen 2025-26 2026-27 Afterschool &#8211; Maternelle 2025-26 2026-27 Afterschool &#8211; Elementary and 6th grade 2025-26 2026-27 Holiday Camp 2025-26 2026-27 \u00a0Special discounts \u2013 Daycare, Maternelle, Elementary, 6th gradeWe offer a discount on [&hellip;]<\/p>\n","protected":false},"author":1,"featured_media":0,"parent":0,"menu_order":0,"comment_status":"closed","ping_status":"closed","template":"","meta":{"_et_pb_use_builder":"on","_et_pb_old_content":"","_et_gb_content_width":"","footnotes":""},"class_list":["post-2766","page","type-page","status-publish","hentry"],"yoast_head":"<!-- This site is optimized with the Yoast SEO plugin v27.4 - https:\/\/yoast.com\/product\/yoast-seo-wordpress\/ -->\n<title>Tuitions - EFDB<\/title>\n<meta name=\"robots\" content=\"index, follow, max-snippet:-1, max-image-preview:large, max-video-preview:-1\" \/>\n<link rel=\"canonical\" href=\"https:\/\/www.efdb.ch\/en\/fees-registration\/\" \/>\n<meta property=\"og:locale\" content=\"en_US\" \/>\n<meta property=\"og:type\" content=\"article\" \/>\n<meta property=\"og:title\" content=\"Tuitions - EFDB\" \/>\n<meta property=\"og:description\" content=\"Registration feeThe registration fee is CHF 500 for the first registration only.Fees, Terms and ConditionsCr\u00e8che 2025-26 Maternelle, Elementary and 6th grade 2025-26 2026-27 Canteen 2025-26 2026-27 Afterschool - Maternelle 2025-26 2026-27 Afterschool - Elementary and 6th grade 2025-26 2026-27 Holiday Camp 2025-26 2026-27 \u00a0Special discounts \u2013 Daycare, Maternelle, Elementary, 6th gradeWe offer a discount on [&hellip;]\" \/>\n<meta property=\"og:url\" content=\"https:\/\/www.efdb.ch\/en\/fees-registration\/\" \/>\n<meta property=\"og:site_name\" content=\"EFDB\" \/>\n<meta property=\"article:modified_time\" content=\"2026-04-13T12:03:30+00:00\" \/>\n<meta name=\"twitter:card\" content=\"summary_large_image\" \/>\n<meta name=\"twitter:label1\" content=\"Est. reading time\" \/>\n\t<meta name=\"twitter:data1\" content=\"6 minutes\" \/>\n<script type=\"application\/ld+json\" class=\"yoast-schema-graph\">{\"@context\":\"https:\\\/\\\/schema.org\",\"@graph\":[{\"@type\":\"WebPage\",\"@id\":\"https:\\\/\\\/www.efdb.ch\\\/en\\\/fees-registration\\\/\",\"url\":\"https:\\\/\\\/www.efdb.ch\\\/en\\\/fees-registration\\\/\",\"name\":\"Tuitions - EFDB\",\"isPartOf\":{\"@id\":\"https:\\\/\\\/www.efdb.ch\\\/en\\\/#website\"},\"datePublished\":\"2018-03-01T13:35:00+00:00\",\"dateModified\":\"2026-04-13T12:03:30+00:00\",\"breadcrumb\":{\"@id\":\"https:\\\/\\\/www.efdb.ch\\\/en\\\/fees-registration\\\/#breadcrumb\"},\"inLanguage\":\"en-US\",\"potentialAction\":[{\"@type\":\"ReadAction\",\"target\":[\"https:\\\/\\\/www.efdb.ch\\\/en\\\/fees-registration\\\/\"]}]},{\"@type\":\"BreadcrumbList\",\"@id\":\"https:\\\/\\\/www.efdb.ch\\\/en\\\/fees-registration\\\/#breadcrumb\",\"itemListElement\":[{\"@type\":\"ListItem\",\"position\":1,\"name\":\"Accueil\",\"item\":\"https:\\\/\\\/www.efdb.ch\\\/en\\\/\"},{\"@type\":\"ListItem\",\"position\":2,\"name\":\"Tuitions\"}]},{\"@type\":\"WebSite\",\"@id\":\"https:\\\/\\\/www.efdb.ch\\\/en\\\/#website\",\"url\":\"https:\\\/\\\/www.efdb.ch\\\/en\\\/\",\"name\":\"EFDB\",\"description\":\"\u00c9cole fran\u00e7aise de B\u00e2le\",\"potentialAction\":[{\"@type\":\"SearchAction\",\"target\":{\"@type\":\"EntryPoint\",\"urlTemplate\":\"https:\\\/\\\/www.efdb.ch\\\/en\\\/?s={search_term_string}\"},\"query-input\":{\"@type\":\"PropertyValueSpecification\",\"valueRequired\":true,\"valueName\":\"search_term_string\"}}],\"inLanguage\":\"en-US\"}]}<\/script>\n<!-- \/ Yoast SEO plugin. -->","yoast_head_json":{"title":"Tuitions - EFDB","robots":{"index":"index","follow":"follow","max-snippet":"max-snippet:-1","max-image-preview":"max-image-preview:large","max-video-preview":"max-video-preview:-1"},"canonical":"https:\/\/www.efdb.ch\/en\/fees-registration\/","og_locale":"en_US","og_type":"article","og_title":"Tuitions - EFDB","og_description":"Registration feeThe registration fee is CHF 500 for the first registration only.Fees, Terms and ConditionsCr\u00e8che 2025-26 Maternelle, Elementary and 6th grade 2025-26 2026-27 Canteen 2025-26 2026-27 Afterschool - Maternelle 2025-26 2026-27 Afterschool - Elementary and 6th grade 2025-26 2026-27 Holiday Camp 2025-26 2026-27 \u00a0Special discounts \u2013 Daycare, Maternelle, Elementary, 6th gradeWe offer a discount on [&hellip;]","og_url":"https:\/\/www.efdb.ch\/en\/fees-registration\/","og_site_name":"EFDB","article_modified_time":"2026-04-13T12:03:30+00:00","twitter_card":"summary_large_image","twitter_misc":{"Est. reading time":"6 minutes"},"schema":{"@context":"https:\/\/schema.org","@graph":[{"@type":"WebPage","@id":"https:\/\/www.efdb.ch\/en\/fees-registration\/","url":"https:\/\/www.efdb.ch\/en\/fees-registration\/","name":"Tuitions - EFDB","isPartOf":{"@id":"https:\/\/www.efdb.ch\/en\/#website"},"datePublished":"2018-03-01T13:35:00+00:00","dateModified":"2026-04-13T12:03:30+00:00","breadcrumb":{"@id":"https:\/\/www.efdb.ch\/en\/fees-registration\/#breadcrumb"},"inLanguage":"en-US","potentialAction":[{"@type":"ReadAction","target":["https:\/\/www.efdb.ch\/en\/fees-registration\/"]}]},{"@type":"BreadcrumbList","@id":"https:\/\/www.efdb.ch\/en\/fees-registration\/#breadcrumb","itemListElement":[{"@type":"ListItem","position":1,"name":"Accueil","item":"https:\/\/www.efdb.ch\/en\/"},{"@type":"ListItem","position":2,"name":"Tuitions"}]},{"@type":"WebSite","@id":"https:\/\/www.efdb.ch\/en\/#website","url":"https:\/\/www.efdb.ch\/en\/","name":"EFDB","description":"\u00c9cole fran\u00e7aise de B\u00e2le","potentialAction":[{"@type":"SearchAction","target":{"@type":"EntryPoint","urlTemplate":"https:\/\/www.efdb.ch\/en\/?s={search_term_string}"},"query-input":{"@type":"PropertyValueSpecification","valueRequired":true,"valueName":"search_term_string"}}],"inLanguage":"en-US"}]}},"_links":{"self":[{"href":"https:\/\/www.efdb.ch\/en\/wp-json\/wp\/v2\/pages\/2766","targetHints":{"allow":["GET"]}}],"collection":[{"href":"https:\/\/www.efdb.ch\/en\/wp-json\/wp\/v2\/pages"}],"about":[{"href":"https:\/\/www.efdb.ch\/en\/wp-json\/wp\/v2\/types\/page"}],"author":[{"embeddable":true,"href":"https:\/\/www.efdb.ch\/en\/wp-json\/wp\/v2\/users\/1"}],"replies":[{"embeddable":true,"href":"https:\/\/www.efdb.ch\/en\/wp-json\/wp\/v2\/comments?post=2766"}],"version-history":[{"count":268,"href":"https:\/\/www.efdb.ch\/en\/wp-json\/wp\/v2\/pages\/2766\/revisions"}],"predecessor-version":[{"id":23219,"href":"https:\/\/www.efdb.ch\/en\/wp-json\/wp\/v2\/pages\/2766\/revisions\/23219"}],"wp:attachment":[{"href":"https:\/\/www.efdb.ch\/en\/wp-json\/wp\/v2\/media?parent=2766"}],"curies":[{"name":"wp","href":"https:\/\/api.w.org\/{rel}","templated":true}]}}