{"id":2764,"date":"2018-03-01T14:14:55","date_gmt":"2018-03-01T13:14:55","guid":{"rendered":"http:\/\/pprspnga.preview.infomaniak.website\/legal-notices\/"},"modified":"2022-03-10T23:13:42","modified_gmt":"2022-03-10T21:13:42","slug":"legal-notices","status":"publish","type":"page","link":"https:\/\/www.efdb.ch\/en\/legal-notices\/","title":{"rendered":"Legal notices"},"content":{"rendered":"<p>[et_pb_section bb_built=&#8221;1&#8243; admin_label=&#8221;section&#8221; _builder_version=&#8221;3.0.47&#8243;][et_pb_row _builder_version=&#8221;3.0.91&#8243;][et_pb_column type=&#8221;4_4&#8243;][et_pb_post_title meta=&#8221;off&#8221; featured_image=&#8221;off&#8221; _builder_version=&#8221;3.0.91&#8243; \/][\/et_pb_column][\/et_pb_row][et_pb_row admin_label=&#8221;row&#8221; _builder_version=&#8221;3.0.47&#8243; background_size=&#8221;initial&#8221; background_position=&#8221;top_left&#8221; background_repeat=&#8221;repeat&#8221;][et_pb_column type=&#8221;4_4&#8243;][et_pb_text admin_label=&#8221;Text&#8221; _builder_version=&#8221;3.0.100&#8243; background_size=&#8221;initial&#8221; background_position=&#8221;top_left&#8221; background_repeat=&#8221;repeat&#8221; background_layout=&#8221;light&#8221;]<\/p><h3>Contact address<\/h3><p>comite@efdb.ch<br \/>Dornacherstrasse 192<br \/>4053 Basel<br \/>Switzerland<\/p><p>&nbsp;<\/p><h3>Exclusion of liability<\/h3><p>The author assumes no guarantee for the accuracy, precision, speed, reliability or completeness of the information.<br \/>The author expressly reserves the right to change, supplement, delete or temporarily or permanently discontinue the publication of parts of the site or the entire offer without special notice.<\/p><p>&nbsp;<\/p><h3>Responsibility for links<\/h3><p>References and links to third-party sites are outside our area of responsibility. We disclaim any responsibility for such sites. Access to and use of such sites is at the user&#8217;s own risk.<\/p><p>&nbsp;<\/p><h3>Data protection<\/h3><p>In accordance with Article 13 of the Swiss Federal Constitution and the data protection provisions of the Swiss Confederation (Data Protection Act, DPA), everyone has the right to the protection of his privacy and to the protection of the misuse of his personal data. We respect these provisions. Personal data is treated with the utmost confidentiality and is neither sold nor passed on to third parties.<\/p><p>Users are informed that when they visit the site, a cookie may automatically be installed on their browser software. A cookie is an element which does not make it possible to identify the user but is used to record information relating to the navigation of this one on the Internet site. The user will be able to deactivate this cookie by means of the parameters appearing within his navigation software.<\/p><p>[\/et_pb_text][\/et_pb_column][\/et_pb_row][\/et_pb_section]<\/p>","protected":false},"excerpt":{"rendered":"<p>Contact address comite@efdb.ch Dornacherstrasse 192 4053 Basel Switzerland &nbsp; Exclusion of liability The author assumes no guarantee for the accuracy, precision, speed, reliability or completeness of the information. The author expressly reserves the right to change, supplement, delete or temporarily or permanently discontinue the publication of parts of the site or the entire offer without [&hellip;]<\/p>\n","protected":false},"author":1,"featured_media":0,"parent":0,"menu_order":0,"comment_status":"closed","ping_status":"open","template":"","meta":{"_et_pb_use_builder":"on","_et_pb_old_content":"","_et_gb_content_width":"","footnotes":""},"class_list":["post-2764","page","type-page","status-publish","hentry"],"yoast_head":"<!-- This site is optimized with the Yoast SEO plugin v27.4 - https:\/\/yoast.com\/product\/yoast-seo-wordpress\/ -->\n<title>Legal notices - EFDB<\/title>\n<meta name=\"robots\" content=\"index, follow, max-snippet:-1, max-image-preview:large, max-video-preview:-1\" \/>\n<link rel=\"canonical\" href=\"https:\/\/www.efdb.ch\/en\/legal-notices\/\" \/>\n<meta property=\"og:locale\" content=\"en_US\" \/>\n<meta property=\"og:type\" content=\"article\" \/>\n<meta property=\"og:title\" content=\"Legal notices - EFDB\" \/>\n<meta property=\"og:description\" content=\"Contact address comite@efdb.ch Dornacherstrasse 192 4053 Basel Switzerland &nbsp; Exclusion of liability The author assumes no guarantee for the accuracy, precision, speed, reliability or completeness of the information. The author expressly reserves the right to change, supplement, delete or temporarily or permanently discontinue the publication of parts of the site or the entire offer without [&hellip;]\" \/>\n<meta property=\"og:url\" content=\"https:\/\/www.efdb.ch\/en\/legal-notices\/\" \/>\n<meta property=\"og:site_name\" content=\"EFDB\" \/>\n<meta property=\"article:modified_time\" content=\"2022-03-10T21:13:42+00:00\" \/>\n<meta name=\"twitter:card\" content=\"summary_large_image\" \/>\n<meta name=\"twitter:label1\" content=\"Est. reading time\" \/>\n\t<meta name=\"twitter:data1\" content=\"2 minutes\" \/>\n<script type=\"application\/ld+json\" class=\"yoast-schema-graph\">{\"@context\":\"https:\\\/\\\/schema.org\",\"@graph\":[{\"@type\":\"WebPage\",\"@id\":\"https:\\\/\\\/www.efdb.ch\\\/en\\\/legal-notices\\\/\",\"url\":\"https:\\\/\\\/www.efdb.ch\\\/en\\\/legal-notices\\\/\",\"name\":\"Legal notices - EFDB\",\"isPartOf\":{\"@id\":\"https:\\\/\\\/www.efdb.ch\\\/en\\\/#website\"},\"datePublished\":\"2018-03-01T13:14:55+00:00\",\"dateModified\":\"2022-03-10T21:13:42+00:00\",\"breadcrumb\":{\"@id\":\"https:\\\/\\\/www.efdb.ch\\\/en\\\/legal-notices\\\/#breadcrumb\"},\"inLanguage\":\"en-US\",\"potentialAction\":[{\"@type\":\"ReadAction\",\"target\":[\"https:\\\/\\\/www.efdb.ch\\\/en\\\/legal-notices\\\/\"]}]},{\"@type\":\"BreadcrumbList\",\"@id\":\"https:\\\/\\\/www.efdb.ch\\\/en\\\/legal-notices\\\/#breadcrumb\",\"itemListElement\":[{\"@type\":\"ListItem\",\"position\":1,\"name\":\"Accueil\",\"item\":\"https:\\\/\\\/www.efdb.ch\\\/en\\\/\"},{\"@type\":\"ListItem\",\"position\":2,\"name\":\"Legal notices\"}]},{\"@type\":\"WebSite\",\"@id\":\"https:\\\/\\\/www.efdb.ch\\\/en\\\/#website\",\"url\":\"https:\\\/\\\/www.efdb.ch\\\/en\\\/\",\"name\":\"EFDB\",\"description\":\"\u00c9cole fran\u00e7aise de B\u00e2le\",\"potentialAction\":[{\"@type\":\"SearchAction\",\"target\":{\"@type\":\"EntryPoint\",\"urlTemplate\":\"https:\\\/\\\/www.efdb.ch\\\/en\\\/?s={search_term_string}\"},\"query-input\":{\"@type\":\"PropertyValueSpecification\",\"valueRequired\":true,\"valueName\":\"search_term_string\"}}],\"inLanguage\":\"en-US\"}]}<\/script>\n<!-- \/ Yoast SEO plugin. -->","yoast_head_json":{"title":"Legal notices - EFDB","robots":{"index":"index","follow":"follow","max-snippet":"max-snippet:-1","max-image-preview":"max-image-preview:large","max-video-preview":"max-video-preview:-1"},"canonical":"https:\/\/www.efdb.ch\/en\/legal-notices\/","og_locale":"en_US","og_type":"article","og_title":"Legal notices - EFDB","og_description":"Contact address comite@efdb.ch Dornacherstrasse 192 4053 Basel Switzerland &nbsp; Exclusion of liability The author assumes no guarantee for the accuracy, precision, speed, reliability or completeness of the information. The author expressly reserves the right to change, supplement, delete or temporarily or permanently discontinue the publication of parts of the site or the entire offer without [&hellip;]","og_url":"https:\/\/www.efdb.ch\/en\/legal-notices\/","og_site_name":"EFDB","article_modified_time":"2022-03-10T21:13:42+00:00","twitter_card":"summary_large_image","twitter_misc":{"Est. reading time":"2 minutes"},"schema":{"@context":"https:\/\/schema.org","@graph":[{"@type":"WebPage","@id":"https:\/\/www.efdb.ch\/en\/legal-notices\/","url":"https:\/\/www.efdb.ch\/en\/legal-notices\/","name":"Legal notices - EFDB","isPartOf":{"@id":"https:\/\/www.efdb.ch\/en\/#website"},"datePublished":"2018-03-01T13:14:55+00:00","dateModified":"2022-03-10T21:13:42+00:00","breadcrumb":{"@id":"https:\/\/www.efdb.ch\/en\/legal-notices\/#breadcrumb"},"inLanguage":"en-US","potentialAction":[{"@type":"ReadAction","target":["https:\/\/www.efdb.ch\/en\/legal-notices\/"]}]},{"@type":"BreadcrumbList","@id":"https:\/\/www.efdb.ch\/en\/legal-notices\/#breadcrumb","itemListElement":[{"@type":"ListItem","position":1,"name":"Accueil","item":"https:\/\/www.efdb.ch\/en\/"},{"@type":"ListItem","position":2,"name":"Legal notices"}]},{"@type":"WebSite","@id":"https:\/\/www.efdb.ch\/en\/#website","url":"https:\/\/www.efdb.ch\/en\/","name":"EFDB","description":"\u00c9cole fran\u00e7aise de B\u00e2le","potentialAction":[{"@type":"SearchAction","target":{"@type":"EntryPoint","urlTemplate":"https:\/\/www.efdb.ch\/en\/?s={search_term_string}"},"query-input":{"@type":"PropertyValueSpecification","valueRequired":true,"valueName":"search_term_string"}}],"inLanguage":"en-US"}]}},"_links":{"self":[{"href":"https:\/\/www.efdb.ch\/en\/wp-json\/wp\/v2\/pages\/2764","targetHints":{"allow":["GET"]}}],"collection":[{"href":"https:\/\/www.efdb.ch\/en\/wp-json\/wp\/v2\/pages"}],"about":[{"href":"https:\/\/www.efdb.ch\/en\/wp-json\/wp\/v2\/types\/page"}],"author":[{"embeddable":true,"href":"https:\/\/www.efdb.ch\/en\/wp-json\/wp\/v2\/users\/1"}],"replies":[{"embeddable":true,"href":"https:\/\/www.efdb.ch\/en\/wp-json\/wp\/v2\/comments?post=2764"}],"version-history":[{"count":9,"href":"https:\/\/www.efdb.ch\/en\/wp-json\/wp\/v2\/pages\/2764\/revisions"}],"predecessor-version":[{"id":13782,"href":"https:\/\/www.efdb.ch\/en\/wp-json\/wp\/v2\/pages\/2764\/revisions\/13782"}],"wp:attachment":[{"href":"https:\/\/www.efdb.ch\/en\/wp-json\/wp\/v2\/media?parent=2764"}],"curies":[{"name":"wp","href":"https:\/\/api.w.org\/{rel}","templated":true}]}}