{"id":2759,"date":"2018-03-01T14:12:46","date_gmt":"2018-03-01T13:12:46","guid":{"rendered":"http:\/\/pprspnga.preview.infomaniak.website\/sitemap\/"},"modified":"2022-12-19T19:32:06","modified_gmt":"2022-12-19T17:32:06","slug":"sitemap","status":"publish","type":"page","link":"https:\/\/www.efdb.ch\/en\/sitemap\/","title":{"rendered":"Sitemap"},"content":{"rendered":"<p><ol id=\"sitemap\"><li class=\"page_item page-item-2050\"><a href=\"https:\/\/www.efdb.ch\/en\/\">Home<\/a><\/li><li class=\"page_item page-item-2565\"><a href=\"https:\/\/www.efdb.ch\/en\/elementary\/\">Elementary school<\/a><\/li><li class=\"page_item page-item-2623\"><a href=\"https:\/\/www.efdb.ch\/en\/preschool\/\">Maternelle<\/a><\/li><li class=\"page_item page-item-15439\"><a href=\"https:\/\/www.efdb.ch\/en\/the-team-2\/\">The team<\/a><\/li><li class=\"page_item page-item-15971\"><a href=\"https:\/\/www.efdb.ch\/en\/calendars\/\">Calendars<\/a><\/li><li class=\"page_item page-item-15984\"><a href=\"https:\/\/www.efdb.ch\/en\/schedules\/\">Schedules<\/a><\/li><li class=\"page_item page-item-14206\"><a href=\"https:\/\/www.efdb.ch\/en\/administrative-forms\/\">Administrative forms<\/a><\/li><li class=\"page_item page-item-2692\"><a href=\"https:\/\/www.efdb.ch\/en\/after-school-elementary\/\">After-school Elementary<\/a><\/li><li class=\"page_item page-item-16012\"><a href=\"https:\/\/www.efdb.ch\/en\/after-school-maternelle\/\">After-school Maternelle<\/a><\/li><li class=\"page_item page-item-14223\"><a href=\"https:\/\/www.efdb.ch\/en\/power-of-attorney\/\">Power of Attorney<\/a><\/li><li class=\"page_item page-item-2714 page_item_has_children\"><a href=\"https:\/\/www.efdb.ch\/en\/school-life\/\">School life<\/a><ul class='children'>\t<li class=\"page_item page-item-2670\"><a href=\"https:\/\/www.efdb.ch\/en\/school-life\/canteen\/\">Canteen<\/a><\/li>\t<li class=\"page_item page-item-2684\"><a href=\"https:\/\/www.efdb.ch\/en\/school-life\/holiday-camp\/\">Holiday camp<\/a><\/li><\/ul><\/li><li class=\"page_item page-item-13983\"><a href=\"https:\/\/www.efdb.ch\/en\/disclaimer\/\">Disclaimer<\/a><\/li><li class=\"page_item page-item-19103\"><a href=\"https:\/\/www.efdb.ch\/en\/legal-notices-2\/\">Legal notices<\/a><\/li><li class=\"page_item page-item-18863\"><a href=\"https:\/\/www.efdb.ch\/en\/news\/\">News<\/a><\/li><li class=\"page_item page-item-15793\"><a href=\"https:\/\/www.efdb.ch\/en\/missions-projects\/\">Missions &#038; Projects<\/a><\/li><li class=\"page_item page-item-2740 page_item_has_children\"><a href=\"https:\/\/www.efdb.ch\/en\/the-school\/\">The school<\/a><ul class='children'>\t<li class=\"page_item page-item-2758\"><a href=\"https:\/\/www.efdb.ch\/en\/the-school\/support-efdb\/\">Support EFDB<\/a><\/li><\/ul><\/li><li class=\"page_item page-item-14516\"><a href=\"https:\/\/www.efdb.ch\/en\/6th-grade\/\">6th grade<\/a><\/li><li class=\"page_item page-item-16311\"><a href=\"https:\/\/www.efdb.ch\/en\/registration\/\">Registration<\/a><\/li><li class=\"page_item page-item-15800\"><a href=\"https:\/\/www.efdb.ch\/en\/supplies\/\">Supplies<\/a><\/li><li class=\"page_item page-item-2759\"><a href=\"https:\/\/www.efdb.ch\/en\/sitemap\/\">Sitemap<\/a><\/li><li class=\"page_item page-item-2764\"><a href=\"https:\/\/www.efdb.ch\/en\/legal-notices\/\">Legal notices<\/a><\/li><li class=\"page_item page-item-9421\"><a href=\"https:\/\/www.efdb.ch\/en\/login-page\/\">Login page<\/a><\/li><li class=\"page_item page-item-2766 page_item_has_children\"><a href=\"https:\/\/www.efdb.ch\/en\/fees-registration\/\">Tuitions<\/a><ul class='children'>\t<li class=\"page_item page-item-2760\"><a href=\"https:\/\/www.efdb.ch\/en\/fees-registration\/contact-form\/\">Contact form<\/a><\/li>\t<li class=\"page_item page-item-2761\"><a href=\"https:\/\/www.efdb.ch\/en\/fees-registration\/registration-request-2\/\">Registration request<\/a><\/li>\t<li class=\"page_item page-item-11999\"><a href=\"https:\/\/www.efdb.ch\/en\/fees-registration\/registration-request\/\">Registration request<\/a><\/li><\/ul><\/li><li class=\"page_item page-item-2520\"><a href=\"https:\/\/www.efdb.ch\/en\/contact-practical-information\/\">Contact<\/a><\/li><li class=\"page_item page-item-14298\"><a href=\"https:\/\/www.efdb.ch\/en\/registration-to-the-holiday-camp\/\">Registration to the Holiday Camp<\/a><\/li><li class=\"page_item page-item-2535\"><a href=\"https:\/\/www.efdb.ch\/en\/petite-bulle-nursery\/\">&#8220;La Petite Bulle&#8221; Daycare<\/a><\/li><li class=\"page_item page-item-19179\"><a href=\"https:\/\/www.efdb.ch\/en\/cookies-policy-eu\/\">Cookies policy (EU)<\/a><\/li><li class=\"page_item page-item-3836\"><a href=\"https:\/\/www.efdb.ch\/en\/family-area\/\">Family area<\/a><\/li><\/ol><\/p>","protected":false},"excerpt":{"rendered":"","protected":false},"author":1,"featured_media":0,"parent":0,"menu_order":0,"comment_status":"closed","ping_status":"closed","template":"","meta":{"_et_pb_use_builder":"","_et_pb_old_content":"","_et_gb_content_width":"","footnotes":""},"class_list":["post-2759","page","type-page","status-publish","hentry"],"yoast_head":"<!-- This site is optimized with the Yoast SEO plugin v27.4 - https:\/\/yoast.com\/product\/yoast-seo-wordpress\/ -->\n<title>Sitemap - EFDB<\/title>\n<meta name=\"robots\" content=\"index, follow, max-snippet:-1, max-image-preview:large, max-video-preview:-1\" \/>\n<link rel=\"canonical\" href=\"https:\/\/www.efdb.ch\/en\/sitemap\/\" \/>\n<meta property=\"og:locale\" content=\"en_US\" \/>\n<meta property=\"og:type\" content=\"article\" \/>\n<meta property=\"og:title\" content=\"Sitemap - EFDB\" \/>\n<meta property=\"og:url\" content=\"https:\/\/www.efdb.ch\/en\/sitemap\/\" \/>\n<meta property=\"og:site_name\" content=\"EFDB\" \/>\n<meta property=\"article:modified_time\" content=\"2022-12-19T17:32:06+00:00\" \/>\n<meta name=\"twitter:card\" content=\"summary_large_image\" \/>\n<script type=\"application\/ld+json\" class=\"yoast-schema-graph\">{\"@context\":\"https:\\\/\\\/schema.org\",\"@graph\":[{\"@type\":\"WebPage\",\"@id\":\"https:\\\/\\\/www.efdb.ch\\\/en\\\/sitemap\\\/\",\"url\":\"https:\\\/\\\/www.efdb.ch\\\/en\\\/sitemap\\\/\",\"name\":\"Sitemap - EFDB\",\"isPartOf\":{\"@id\":\"https:\\\/\\\/www.efdb.ch\\\/en\\\/#website\"},\"datePublished\":\"2018-03-01T13:12:46+00:00\",\"dateModified\":\"2022-12-19T17:32:06+00:00\",\"breadcrumb\":{\"@id\":\"https:\\\/\\\/www.efdb.ch\\\/en\\\/sitemap\\\/#breadcrumb\"},\"inLanguage\":\"en-US\",\"potentialAction\":[{\"@type\":\"ReadAction\",\"target\":[\"https:\\\/\\\/www.efdb.ch\\\/en\\\/sitemap\\\/\"]}]},{\"@type\":\"BreadcrumbList\",\"@id\":\"https:\\\/\\\/www.efdb.ch\\\/en\\\/sitemap\\\/#breadcrumb\",\"itemListElement\":[{\"@type\":\"ListItem\",\"position\":1,\"name\":\"Accueil\",\"item\":\"https:\\\/\\\/www.efdb.ch\\\/en\\\/\"},{\"@type\":\"ListItem\",\"position\":2,\"name\":\"Sitemap\"}]},{\"@type\":\"WebSite\",\"@id\":\"https:\\\/\\\/www.efdb.ch\\\/en\\\/#website\",\"url\":\"https:\\\/\\\/www.efdb.ch\\\/en\\\/\",\"name\":\"EFDB\",\"description\":\"\u00c9cole fran\u00e7aise de B\u00e2le\",\"potentialAction\":[{\"@type\":\"SearchAction\",\"target\":{\"@type\":\"EntryPoint\",\"urlTemplate\":\"https:\\\/\\\/www.efdb.ch\\\/en\\\/?s={search_term_string}\"},\"query-input\":{\"@type\":\"PropertyValueSpecification\",\"valueRequired\":true,\"valueName\":\"search_term_string\"}}],\"inLanguage\":\"en-US\"}]}<\/script>\n<!-- \/ Yoast SEO plugin. -->","yoast_head_json":{"title":"Sitemap - EFDB","robots":{"index":"index","follow":"follow","max-snippet":"max-snippet:-1","max-image-preview":"max-image-preview:large","max-video-preview":"max-video-preview:-1"},"canonical":"https:\/\/www.efdb.ch\/en\/sitemap\/","og_locale":"en_US","og_type":"article","og_title":"Sitemap - EFDB","og_url":"https:\/\/www.efdb.ch\/en\/sitemap\/","og_site_name":"EFDB","article_modified_time":"2022-12-19T17:32:06+00:00","twitter_card":"summary_large_image","schema":{"@context":"https:\/\/schema.org","@graph":[{"@type":"WebPage","@id":"https:\/\/www.efdb.ch\/en\/sitemap\/","url":"https:\/\/www.efdb.ch\/en\/sitemap\/","name":"Sitemap - EFDB","isPartOf":{"@id":"https:\/\/www.efdb.ch\/en\/#website"},"datePublished":"2018-03-01T13:12:46+00:00","dateModified":"2022-12-19T17:32:06+00:00","breadcrumb":{"@id":"https:\/\/www.efdb.ch\/en\/sitemap\/#breadcrumb"},"inLanguage":"en-US","potentialAction":[{"@type":"ReadAction","target":["https:\/\/www.efdb.ch\/en\/sitemap\/"]}]},{"@type":"BreadcrumbList","@id":"https:\/\/www.efdb.ch\/en\/sitemap\/#breadcrumb","itemListElement":[{"@type":"ListItem","position":1,"name":"Accueil","item":"https:\/\/www.efdb.ch\/en\/"},{"@type":"ListItem","position":2,"name":"Sitemap"}]},{"@type":"WebSite","@id":"https:\/\/www.efdb.ch\/en\/#website","url":"https:\/\/www.efdb.ch\/en\/","name":"EFDB","description":"\u00c9cole fran\u00e7aise de B\u00e2le","potentialAction":[{"@type":"SearchAction","target":{"@type":"EntryPoint","urlTemplate":"https:\/\/www.efdb.ch\/en\/?s={search_term_string}"},"query-input":{"@type":"PropertyValueSpecification","valueRequired":true,"valueName":"search_term_string"}}],"inLanguage":"en-US"}]}},"_links":{"self":[{"href":"https:\/\/www.efdb.ch\/en\/wp-json\/wp\/v2\/pages\/2759","targetHints":{"allow":["GET"]}}],"collection":[{"href":"https:\/\/www.efdb.ch\/en\/wp-json\/wp\/v2\/pages"}],"about":[{"href":"https:\/\/www.efdb.ch\/en\/wp-json\/wp\/v2\/types\/page"}],"author":[{"embeddable":true,"href":"https:\/\/www.efdb.ch\/en\/wp-json\/wp\/v2\/users\/1"}],"replies":[{"embeddable":true,"href":"https:\/\/www.efdb.ch\/en\/wp-json\/wp\/v2\/comments?post=2759"}],"version-history":[{"count":1,"href":"https:\/\/www.efdb.ch\/en\/wp-json\/wp\/v2\/pages\/2759\/revisions"}],"predecessor-version":[{"id":13569,"href":"https:\/\/www.efdb.ch\/en\/wp-json\/wp\/v2\/pages\/2759\/revisions\/13569"}],"wp:attachment":[{"href":"https:\/\/www.efdb.ch\/en\/wp-json\/wp\/v2\/media?parent=2759"}],"curies":[{"name":"wp","href":"https:\/\/api.w.org\/{rel}","templated":true}]}}