{"id":2740,"date":"2018-03-01T14:11:42","date_gmt":"2018-03-01T13:11:42","guid":{"rendered":"http:\/\/pprspnga.preview.infomaniak.website\/the-school\/"},"modified":"2025-11-12T00:39:28","modified_gmt":"2025-11-11T22:39:28","slug":"the-school","status":"publish","type":"page","link":"https:\/\/www.efdb.ch\/en\/the-school\/","title":{"rendered":"The school"},"content":{"rendered":"<p>[et_pb_section fb_built=&#8221;1&#8243; fullwidth=&#8221;on&#8221; _builder_version=&#8221;4.16&#8243; global_colors_info=&#8221;{}&#8221;][et_pb_fullwidth_slider admin_label=&#8221;Fullwidth Slider&#8221; _builder_version=&#8221;4.19.4&#8243; custom_padding=&#8221;|||&#8221; custom_padding_tablet=&#8221;|||&#8221; custom_padding_phone=&#8221;|||&#8221; box_shadow_style=&#8221;preset6&#8243; box_shadow_blur=&#8221;10px&#8221; box_shadow_color=&#8221;rgba(0,0,0,0.1)&#8221; global_colors_info=&#8221;{}&#8221; button_text_size__hover_enabled=&#8221;off&#8221; button_one_text_size__hover_enabled=&#8221;off&#8221; button_two_text_size__hover_enabled=&#8221;off&#8221; button_text_color__hover_enabled=&#8221;off&#8221; button_one_text_color__hover_enabled=&#8221;off&#8221; button_two_text_color__hover_enabled=&#8221;off&#8221; button_border_width__hover_enabled=&#8221;off&#8221; button_one_border_width__hover_enabled=&#8221;off&#8221; button_two_border_width__hover_enabled=&#8221;off&#8221; button_border_color__hover_enabled=&#8221;off&#8221; button_one_border_color__hover_enabled=&#8221;off&#8221; button_two_border_color__hover_enabled=&#8221;off&#8221; button_border_radius__hover_enabled=&#8221;off&#8221; button_one_border_radius__hover_enabled=&#8221;off&#8221; button_two_border_radius__hover_enabled=&#8221;off&#8221; button_letter_spacing__hover_enabled=&#8221;off&#8221; button_one_letter_spacing__hover_enabled=&#8221;off&#8221; button_two_letter_spacing__hover_enabled=&#8221;off&#8221; button_bg_color__hover_enabled=&#8221;off&#8221; button_one_bg_color__hover_enabled=&#8221;off&#8221; button_two_bg_color__hover_enabled=&#8221;off&#8221;][et_pb_slide heading=&#8221;L&apos;\u00c9cole Fran\u00e7aise de B\u00e2le &#8221; use_bg_overlay=&#8221;on&#8221; _builder_version=&#8221;4.19.4&#8243; background_color=&#8221;#ffffff&#8221; background_image=&#8221;https:\/\/www.efdb.ch\/wp-content\/uploads\/2019\/10\/DSC6948.jpg&#8221; background_enable_image=&#8221;on&#8221; global_colors_info=&#8221;{}&#8221; button_text_size__hover_enabled=&#8221;off&#8221; button_one_text_size__hover_enabled=&#8221;off&#8221; button_two_text_size__hover_enabled=&#8221;off&#8221; button_text_color__hover_enabled=&#8221;off&#8221; button_one_text_color__hover_enabled=&#8221;off&#8221; button_two_text_color__hover_enabled=&#8221;off&#8221; button_border_width__hover_enabled=&#8221;off&#8221; button_one_border_width__hover_enabled=&#8221;off&#8221; button_two_border_width__hover_enabled=&#8221;off&#8221; button_border_color__hover_enabled=&#8221;off&#8221; button_one_border_color__hover_enabled=&#8221;off&#8221; button_two_border_color__hover_enabled=&#8221;off&#8221; button_border_radius__hover_enabled=&#8221;off&#8221; button_one_border_radius__hover_enabled=&#8221;off&#8221; button_two_border_radius__hover_enabled=&#8221;off&#8221; button_letter_spacing__hover_enabled=&#8221;off&#8221; button_one_letter_spacing__hover_enabled=&#8221;off&#8221; button_two_letter_spacing__hover_enabled=&#8221;off&#8221; button_bg_color__hover_enabled=&#8221;off&#8221; button_one_bg_color__hover_enabled=&#8221;off&#8221; button_two_bg_color__hover_enabled=&#8221;off&#8221; sticky_transition=&#8221;on&#8221;]<\/p><p>Organization, Missions and Projects<\/p><p>[\/et_pb_slide][\/et_pb_fullwidth_slider][\/et_pb_section][et_pb_section fb_built=&#8221;1&#8243; specialty=&#8221;on&#8221; _builder_version=&#8221;4.16&#8243; global_colors_info=&#8221;{}&#8221;][et_pb_column type=&#8221;2_3&#8243; specialty_columns=&#8221;2&#8243; _builder_version=&#8221;4.16&#8243; custom_padding=&#8221;|||&#8221; global_colors_info=&#8221;{}&#8221; parallax__hover=&#8221;off&#8221; parallax_method__hover=&#8221;on&#8221; custom_padding__hover=&#8221;|||&#8221;][et_pb_row_inner admin_label=&#8221;Ligne&#8221; _builder_version=&#8221;4.16&#8243; global_colors_info=&#8221;{}&#8221;][et_pb_column_inner saved_specialty_column_type=&#8221;2_3&#8243; _builder_version=&#8221;4.16&#8243; custom_padding=&#8221;|||&#8221; global_colors_info=&#8221;{}&#8221; parallax__hover=&#8221;off&#8221; parallax_method__hover=&#8221;on&#8221; custom_padding__hover=&#8221;|||&#8221;][et_pb_text admin_label=&#8221;Organisation de l&#8217;\u00e9cole&#8221; _builder_version=&#8221;4.16&#8243; global_colors_info=&#8221;{}&#8221;]<\/p><h2>School organisation<\/h2><p>[\/et_pb_text][et_pb_video src=&#8221;https:\/\/www.youtube.com\/watch?v=Med9H5WBs5s&#8221; _builder_version=&#8221;4.16&#8243; global_colors_info=&#8221;{}&#8221;]<\/p><p>[\/et_pb_video][\/et_pb_column_inner][\/et_pb_row_inner][et_pb_row_inner admin_label=&#8221;Ligne&#8221; _builder_version=&#8221;4.16&#8243; custom_padding=&#8221;37px|||||&#8221; global_colors_info=&#8221;{}&#8221;][et_pb_column_inner saved_specialty_column_type=&#8221;2_3&#8243; _builder_version=&#8221;4.16&#8243; custom_padding=&#8221;|||&#8221; global_colors_info=&#8221;{}&#8221; parallax__hover=&#8221;off&#8221; parallax_method__hover=&#8221;on&#8221; custom_padding__hover=&#8221;|||&#8221;][et_pb_text admin_label=&#8221;Missions et Projets&#8221; _builder_version=&#8221;4.27.4&#8243; hover_enabled=&#8221;0&#8243; global_colors_info=&#8221;{}&#8221; sticky_enabled=&#8221;0&#8243;]<\/p><p><a href=\"https:\/\/www.efdb.ch\/wp-content\/uploads\/2023\/07\/Livret-daccueil-EFDB-FR-2023.07.04.pdf\" rel=\"attachment wp-att-18219\">Welcome booklet &#8211; FR &#8211; 2023.07.04<\/a><\/p><p><\/p><p><a href=\"https:\/\/www.efdb.ch\/wp-content\/uploads\/2023\/07\/Livret-daccueil-EFDB-DE-2023.07.04.pdf\" rel=\"attachment wp-att-18222\">Welcome booklet &#8211; DE &#8211; 2023.07.04<\/a><\/p><p><\/p><p><a href=\"https:\/\/www.efdb.ch\/wp-content\/uploads\/2023\/07\/Livret-daccueil-EFDB-EN-2023.07.04.pdf\" rel=\"attachment wp-att-18225\">Welcome booklet &#8211; EN &#8211; 2023.07.04<\/a><\/p><p><\/p><p>School <a href=\"https:\/\/www.efdb.ch\/wp-content\/uploads\/2023\/12\/Statuts-de-lEFDB-14-12-2023.pdf\" rel=\"attachment wp-att-19200\">Statutes<\/a>\u00a0<\/p><p><\/p><p><a href=\"https:\/\/www.efdb.ch\/wp-content\/uploads\/2025\/11\/Reglement-interieur-EFDB-2025-2026.pdf\" rel=\"attachment wp-att-20850\">School handbook <\/a><\/p><p><\/p><p><a href=\"https:\/\/www.efdb.ch\/wp-content\/uploads\/2024\/01\/EFDB-Lettre-dengagement-parents.pdf\" rel=\"attachment wp-att-19321\">Data protection declaration <\/a> for students and guardians<\/p><p>[\/et_pb_text][\/et_pb_column_inner][\/et_pb_row_inner][\/et_pb_column][et_pb_column type=&#8221;1_3&#8243; _builder_version=&#8221;4.16&#8243; custom_padding=&#8221;|||&#8221; global_colors_info=&#8221;{}&#8221; parallax__hover=&#8221;off&#8221; parallax_method__hover=&#8221;on&#8221; custom_padding__hover=&#8221;|||&#8221;][et_pb_text admin_label=&#8221;EFDB&#8221; _builder_version=&#8221;4.16&#8243; hover_enabled=&#8221;0&#8243; global_colors_info=&#8221;{}&#8221; sticky_enabled=&#8221;0&#8243;]Founded in 1884, Ecole Fran\u00e7aise de B\u00e2le is the only school in the canton approved by the Agence de l&#8217;Enseignement Fran\u00e7ais \u00e0 l&#8217;Etranger (AEFE) and is also controlled by the Basel-Stadt Ministry of Education and the Strasbourg Academy.[\/et_pb_text][et_pb_text admin_label=&#8221;Partenaires&#8221; _builder_version=&#8221;4.16&#8243; global_colors_info=&#8221;{}&#8221;]<\/p><h3>Partnerships<\/h3><ul><li><a href=\"http:\/\/www.aefe.fr\/\" target=\"_blank\" rel=\"noopener\">AEFE<\/a><\/li><li><a href=\"http:\/\/www.education.gouv.fr\/\" target=\"_blank\" rel=\"noopener\">French\u00a0Ministry of National Education<\/a><\/li><li><a href=\"http:\/\/www.ed.bs.ch\/\" target=\"_blank\" rel=\"noopener\">Erziehungsdepartement of Basel-Stadt<\/a><\/li><\/ul><p>[\/et_pb_text][et_pb_image src=&#8221;https:\/\/www.efdb.ch\/wp-content\/uploads\/2021\/09\/delf-goethe-cambridge-combines-1.png&#8221; alt=&#8221;Certifications&#8221; title_text=&#8221;delf goethe cambridge combin\u00e9s&#8221; _builder_version=&#8221;4.16&#8243; _module_preset=&#8221;default&#8221; global_colors_info=&#8221;{}&#8221;][\/et_pb_image][et_pb_image src=&#8221;https:\/\/www.efdb.ch\/wp-content\/uploads\/2021\/09\/certification-efe3d-niveau1.png&#8221; title_text=&#8221;certification-efe3d-niveau1&#8243; _builder_version=&#8221;4.16&#8243; _module_preset=&#8221;default&#8221; global_colors_info=&#8221;{}&#8221;][\/et_pb_image][\/et_pb_column][\/et_pb_section]<\/p>","protected":false},"excerpt":{"rendered":"<p>Organization, Missions and ProjectsSchool organisationWelcome booklet &#8211; FR &#8211; 2023.07.04Welcome booklet &#8211; DE &#8211; 2023.07.04Welcome booklet &#8211; EN &#8211; 2023.07.04School Statutes\u00a0School handbook Data protection declaration for students and guardiansFounded in 1884, Ecole Fran\u00e7aise de B\u00e2le is the only school in the canton approved by the Agence de l&#8217;Enseignement Fran\u00e7ais \u00e0 l&#8217;Etranger (AEFE) and is also [&hellip;]<\/p>\n","protected":false},"author":1,"featured_media":0,"parent":0,"menu_order":0,"comment_status":"closed","ping_status":"closed","template":"","meta":{"_et_pb_use_builder":"on","_et_pb_old_content":"","_et_gb_content_width":"","footnotes":""},"class_list":["post-2740","page","type-page","status-publish","hentry"],"yoast_head":"<!-- This site is optimized with the Yoast SEO plugin v27.4 - https:\/\/yoast.com\/product\/yoast-seo-wordpress\/ -->\n<title>The school - EFDB<\/title>\n<meta name=\"robots\" content=\"index, follow, max-snippet:-1, max-image-preview:large, max-video-preview:-1\" \/>\n<link rel=\"canonical\" href=\"https:\/\/www.efdb.ch\/en\/the-school\/\" \/>\n<meta property=\"og:locale\" content=\"en_US\" \/>\n<meta property=\"og:type\" content=\"article\" \/>\n<meta property=\"og:title\" content=\"The school - EFDB\" \/>\n<meta property=\"og:description\" content=\"Organization, Missions and ProjectsSchool organisationWelcome booklet - FR - 2023.07.04Welcome booklet - DE - 2023.07.04Welcome booklet - EN - 2023.07.04School Statutes\u00a0School handbook Data protection declaration for students and guardiansFounded in 1884, Ecole Fran\u00e7aise de B\u00e2le is the only school in the canton approved by the Agence de l&#039;Enseignement Fran\u00e7ais \u00e0 l&#039;Etranger (AEFE) and is also [&hellip;]\" \/>\n<meta property=\"og:url\" content=\"https:\/\/www.efdb.ch\/en\/the-school\/\" \/>\n<meta property=\"og:site_name\" content=\"EFDB\" \/>\n<meta property=\"article:modified_time\" content=\"2025-11-11T22:39:28+00:00\" \/>\n<meta name=\"twitter:card\" content=\"summary_large_image\" \/>\n<meta name=\"twitter:label1\" content=\"Est. reading time\" \/>\n\t<meta name=\"twitter:data1\" content=\"4 minutes\" \/>\n<script type=\"application\/ld+json\" class=\"yoast-schema-graph\">{\"@context\":\"https:\\\/\\\/schema.org\",\"@graph\":[{\"@type\":\"WebPage\",\"@id\":\"https:\\\/\\\/www.efdb.ch\\\/en\\\/the-school\\\/\",\"url\":\"https:\\\/\\\/www.efdb.ch\\\/en\\\/the-school\\\/\",\"name\":\"The school - EFDB\",\"isPartOf\":{\"@id\":\"https:\\\/\\\/www.efdb.ch\\\/en\\\/#website\"},\"datePublished\":\"2018-03-01T13:11:42+00:00\",\"dateModified\":\"2025-11-11T22:39:28+00:00\",\"breadcrumb\":{\"@id\":\"https:\\\/\\\/www.efdb.ch\\\/en\\\/the-school\\\/#breadcrumb\"},\"inLanguage\":\"en-US\",\"potentialAction\":[{\"@type\":\"ReadAction\",\"target\":[\"https:\\\/\\\/www.efdb.ch\\\/en\\\/the-school\\\/\"]}]},{\"@type\":\"BreadcrumbList\",\"@id\":\"https:\\\/\\\/www.efdb.ch\\\/en\\\/the-school\\\/#breadcrumb\",\"itemListElement\":[{\"@type\":\"ListItem\",\"position\":1,\"name\":\"Accueil\",\"item\":\"https:\\\/\\\/www.efdb.ch\\\/en\\\/\"},{\"@type\":\"ListItem\",\"position\":2,\"name\":\"The school\"}]},{\"@type\":\"WebSite\",\"@id\":\"https:\\\/\\\/www.efdb.ch\\\/en\\\/#website\",\"url\":\"https:\\\/\\\/www.efdb.ch\\\/en\\\/\",\"name\":\"EFDB\",\"description\":\"\u00c9cole fran\u00e7aise de B\u00e2le\",\"potentialAction\":[{\"@type\":\"SearchAction\",\"target\":{\"@type\":\"EntryPoint\",\"urlTemplate\":\"https:\\\/\\\/www.efdb.ch\\\/en\\\/?s={search_term_string}\"},\"query-input\":{\"@type\":\"PropertyValueSpecification\",\"valueRequired\":true,\"valueName\":\"search_term_string\"}}],\"inLanguage\":\"en-US\"}]}<\/script>\n<!-- \/ Yoast SEO plugin. -->","yoast_head_json":{"title":"The school - EFDB","robots":{"index":"index","follow":"follow","max-snippet":"max-snippet:-1","max-image-preview":"max-image-preview:large","max-video-preview":"max-video-preview:-1"},"canonical":"https:\/\/www.efdb.ch\/en\/the-school\/","og_locale":"en_US","og_type":"article","og_title":"The school - EFDB","og_description":"Organization, Missions and ProjectsSchool organisationWelcome booklet - FR - 2023.07.04Welcome booklet - DE - 2023.07.04Welcome booklet - EN - 2023.07.04School Statutes\u00a0School handbook Data protection declaration for students and guardiansFounded in 1884, Ecole Fran\u00e7aise de B\u00e2le is the only school in the canton approved by the Agence de l'Enseignement Fran\u00e7ais \u00e0 l'Etranger (AEFE) and is also [&hellip;]","og_url":"https:\/\/www.efdb.ch\/en\/the-school\/","og_site_name":"EFDB","article_modified_time":"2025-11-11T22:39:28+00:00","twitter_card":"summary_large_image","twitter_misc":{"Est. reading time":"4 minutes"},"schema":{"@context":"https:\/\/schema.org","@graph":[{"@type":"WebPage","@id":"https:\/\/www.efdb.ch\/en\/the-school\/","url":"https:\/\/www.efdb.ch\/en\/the-school\/","name":"The school - EFDB","isPartOf":{"@id":"https:\/\/www.efdb.ch\/en\/#website"},"datePublished":"2018-03-01T13:11:42+00:00","dateModified":"2025-11-11T22:39:28+00:00","breadcrumb":{"@id":"https:\/\/www.efdb.ch\/en\/the-school\/#breadcrumb"},"inLanguage":"en-US","potentialAction":[{"@type":"ReadAction","target":["https:\/\/www.efdb.ch\/en\/the-school\/"]}]},{"@type":"BreadcrumbList","@id":"https:\/\/www.efdb.ch\/en\/the-school\/#breadcrumb","itemListElement":[{"@type":"ListItem","position":1,"name":"Accueil","item":"https:\/\/www.efdb.ch\/en\/"},{"@type":"ListItem","position":2,"name":"The school"}]},{"@type":"WebSite","@id":"https:\/\/www.efdb.ch\/en\/#website","url":"https:\/\/www.efdb.ch\/en\/","name":"EFDB","description":"\u00c9cole fran\u00e7aise de B\u00e2le","potentialAction":[{"@type":"SearchAction","target":{"@type":"EntryPoint","urlTemplate":"https:\/\/www.efdb.ch\/en\/?s={search_term_string}"},"query-input":{"@type":"PropertyValueSpecification","valueRequired":true,"valueName":"search_term_string"}}],"inLanguage":"en-US"}]}},"_links":{"self":[{"href":"https:\/\/www.efdb.ch\/en\/wp-json\/wp\/v2\/pages\/2740","targetHints":{"allow":["GET"]}}],"collection":[{"href":"https:\/\/www.efdb.ch\/en\/wp-json\/wp\/v2\/pages"}],"about":[{"href":"https:\/\/www.efdb.ch\/en\/wp-json\/wp\/v2\/types\/page"}],"author":[{"embeddable":true,"href":"https:\/\/www.efdb.ch\/en\/wp-json\/wp\/v2\/users\/1"}],"replies":[{"embeddable":true,"href":"https:\/\/www.efdb.ch\/en\/wp-json\/wp\/v2\/comments?post=2740"}],"version-history":[{"count":137,"href":"https:\/\/www.efdb.ch\/en\/wp-json\/wp\/v2\/pages\/2740\/revisions"}],"predecessor-version":[{"id":22624,"href":"https:\/\/www.efdb.ch\/en\/wp-json\/wp\/v2\/pages\/2740\/revisions\/22624"}],"wp:attachment":[{"href":"https:\/\/www.efdb.ch\/en\/wp-json\/wp\/v2\/media?parent=2740"}],"curies":[{"name":"wp","href":"https:\/\/api.w.org\/{rel}","templated":true}]}}