{"id":2714,"date":"2018-03-01T12:24:15","date_gmt":"2018-03-01T11:24:15","guid":{"rendered":"http:\/\/pprspnga.preview.infomaniak.website\/school-life\/"},"modified":"2022-12-04T15:43:07","modified_gmt":"2022-12-04T13:43:07","slug":"school-life","status":"publish","type":"page","link":"https:\/\/www.efdb.ch\/en\/school-life\/","title":{"rendered":"School life"},"content":{"rendered":"<p>[et_pb_section fb_built=&#8221;1&#8243; fullwidth=&#8221;on&#8221; _builder_version=&#8221;3.0.47&#8243;][et_pb_fullwidth_slider admin_label=&#8221;Fullwidth Slider&#8221; _builder_version=&#8221;3.0.91&#8243; custom_padding=&#8221;|||&#8221; custom_padding_tablet=&#8221;|||&#8221; custom_padding_phone=&#8221;|||&#8221;][et_pb_slide heading=&#8221;School life&#8221; use_bg_overlay=&#8221;on&#8221; _builder_version=&#8221;3.0.91&#8243; background_image=&#8221;https:\/\/www.efdb.ch\/wp-content\/uploads\/2017\/12\/ban10.jpg&#8221; background_color=&#8221;#ffffff&#8221;]<\/p><p>Subheading<\/p><p>[\/et_pb_slide][\/et_pb_fullwidth_slider][\/et_pb_section][et_pb_section fb_built=&#8221;1&#8243; _builder_version=&#8221;3.0.47&#8243;][\/et_pb_section]<\/p>","protected":false},"excerpt":{"rendered":"<p>Subheading<\/p>\n","protected":false},"author":1,"featured_media":0,"parent":0,"menu_order":0,"comment_status":"closed","ping_status":"closed","template":"","meta":{"_et_pb_use_builder":"on","_et_pb_old_content":"","_et_gb_content_width":"","footnotes":""},"class_list":["post-2714","page","type-page","status-publish","hentry"],"yoast_head":"<!-- This site is optimized with the Yoast SEO plugin v27.4 - https:\/\/yoast.com\/product\/yoast-seo-wordpress\/ -->\n<title>School life - EFDB<\/title>\n<meta name=\"robots\" content=\"index, follow, max-snippet:-1, max-image-preview:large, max-video-preview:-1\" \/>\n<link rel=\"canonical\" href=\"https:\/\/www.efdb.ch\/en\/school-life\/\" \/>\n<meta property=\"og:locale\" content=\"en_US\" \/>\n<meta property=\"og:type\" content=\"article\" \/>\n<meta property=\"og:title\" content=\"School life - EFDB\" \/>\n<meta property=\"og:description\" content=\"Subheading\" \/>\n<meta property=\"og:url\" content=\"https:\/\/www.efdb.ch\/en\/school-life\/\" \/>\n<meta property=\"og:site_name\" content=\"EFDB\" \/>\n<meta property=\"article:modified_time\" content=\"2022-12-04T13:43:07+00:00\" \/>\n<meta name=\"twitter:card\" content=\"summary_large_image\" \/>\n<script type=\"application\/ld+json\" class=\"yoast-schema-graph\">{\"@context\":\"https:\\\/\\\/schema.org\",\"@graph\":[{\"@type\":\"WebPage\",\"@id\":\"https:\\\/\\\/www.efdb.ch\\\/en\\\/school-life\\\/\",\"url\":\"https:\\\/\\\/www.efdb.ch\\\/en\\\/school-life\\\/\",\"name\":\"School life - EFDB\",\"isPartOf\":{\"@id\":\"https:\\\/\\\/www.efdb.ch\\\/en\\\/#website\"},\"datePublished\":\"2018-03-01T11:24:15+00:00\",\"dateModified\":\"2022-12-04T13:43:07+00:00\",\"breadcrumb\":{\"@id\":\"https:\\\/\\\/www.efdb.ch\\\/en\\\/school-life\\\/#breadcrumb\"},\"inLanguage\":\"en-US\",\"potentialAction\":[{\"@type\":\"ReadAction\",\"target\":[\"https:\\\/\\\/www.efdb.ch\\\/en\\\/school-life\\\/\"]}]},{\"@type\":\"BreadcrumbList\",\"@id\":\"https:\\\/\\\/www.efdb.ch\\\/en\\\/school-life\\\/#breadcrumb\",\"itemListElement\":[{\"@type\":\"ListItem\",\"position\":1,\"name\":\"Accueil\",\"item\":\"https:\\\/\\\/www.efdb.ch\\\/en\\\/\"},{\"@type\":\"ListItem\",\"position\":2,\"name\":\"School life\"}]},{\"@type\":\"WebSite\",\"@id\":\"https:\\\/\\\/www.efdb.ch\\\/en\\\/#website\",\"url\":\"https:\\\/\\\/www.efdb.ch\\\/en\\\/\",\"name\":\"EFDB\",\"description\":\"\u00c9cole fran\u00e7aise de B\u00e2le\",\"potentialAction\":[{\"@type\":\"SearchAction\",\"target\":{\"@type\":\"EntryPoint\",\"urlTemplate\":\"https:\\\/\\\/www.efdb.ch\\\/en\\\/?s={search_term_string}\"},\"query-input\":{\"@type\":\"PropertyValueSpecification\",\"valueRequired\":true,\"valueName\":\"search_term_string\"}}],\"inLanguage\":\"en-US\"}]}<\/script>\n<!-- \/ Yoast SEO plugin. -->","yoast_head_json":{"title":"School life - EFDB","robots":{"index":"index","follow":"follow","max-snippet":"max-snippet:-1","max-image-preview":"max-image-preview:large","max-video-preview":"max-video-preview:-1"},"canonical":"https:\/\/www.efdb.ch\/en\/school-life\/","og_locale":"en_US","og_type":"article","og_title":"School life - EFDB","og_description":"Subheading","og_url":"https:\/\/www.efdb.ch\/en\/school-life\/","og_site_name":"EFDB","article_modified_time":"2022-12-04T13:43:07+00:00","twitter_card":"summary_large_image","schema":{"@context":"https:\/\/schema.org","@graph":[{"@type":"WebPage","@id":"https:\/\/www.efdb.ch\/en\/school-life\/","url":"https:\/\/www.efdb.ch\/en\/school-life\/","name":"School life - EFDB","isPartOf":{"@id":"https:\/\/www.efdb.ch\/en\/#website"},"datePublished":"2018-03-01T11:24:15+00:00","dateModified":"2022-12-04T13:43:07+00:00","breadcrumb":{"@id":"https:\/\/www.efdb.ch\/en\/school-life\/#breadcrumb"},"inLanguage":"en-US","potentialAction":[{"@type":"ReadAction","target":["https:\/\/www.efdb.ch\/en\/school-life\/"]}]},{"@type":"BreadcrumbList","@id":"https:\/\/www.efdb.ch\/en\/school-life\/#breadcrumb","itemListElement":[{"@type":"ListItem","position":1,"name":"Accueil","item":"https:\/\/www.efdb.ch\/en\/"},{"@type":"ListItem","position":2,"name":"School life"}]},{"@type":"WebSite","@id":"https:\/\/www.efdb.ch\/en\/#website","url":"https:\/\/www.efdb.ch\/en\/","name":"EFDB","description":"\u00c9cole fran\u00e7aise de B\u00e2le","potentialAction":[{"@type":"SearchAction","target":{"@type":"EntryPoint","urlTemplate":"https:\/\/www.efdb.ch\/en\/?s={search_term_string}"},"query-input":{"@type":"PropertyValueSpecification","valueRequired":true,"valueName":"search_term_string"}}],"inLanguage":"en-US"}]}},"_links":{"self":[{"href":"https:\/\/www.efdb.ch\/en\/wp-json\/wp\/v2\/pages\/2714","targetHints":{"allow":["GET"]}}],"collection":[{"href":"https:\/\/www.efdb.ch\/en\/wp-json\/wp\/v2\/pages"}],"about":[{"href":"https:\/\/www.efdb.ch\/en\/wp-json\/wp\/v2\/types\/page"}],"author":[{"embeddable":true,"href":"https:\/\/www.efdb.ch\/en\/wp-json\/wp\/v2\/users\/1"}],"replies":[{"embeddable":true,"href":"https:\/\/www.efdb.ch\/en\/wp-json\/wp\/v2\/comments?post=2714"}],"version-history":[{"count":9,"href":"https:\/\/www.efdb.ch\/en\/wp-json\/wp\/v2\/pages\/2714\/revisions"}],"predecessor-version":[{"id":16521,"href":"https:\/\/www.efdb.ch\/en\/wp-json\/wp\/v2\/pages\/2714\/revisions\/16521"}],"wp:attachment":[{"href":"https:\/\/www.efdb.ch\/en\/wp-json\/wp\/v2\/media?parent=2714"}],"curies":[{"name":"wp","href":"https:\/\/api.w.org\/{rel}","templated":true}]}}