{"id":2684,"date":"2018-03-01T10:51:53","date_gmt":"2018-03-01T09:51:53","guid":{"rendered":"http:\/\/pprspnga.preview.infomaniak.website\/holiday-camp\/"},"modified":"2026-03-05T12:13:27","modified_gmt":"2026-03-05T10:13:27","slug":"holiday-camp","status":"publish","type":"page","link":"https:\/\/www.efdb.ch\/en\/school-life\/holiday-camp\/","title":{"rendered":"Holiday camp"},"content":{"rendered":"<p>[et_pb_section fb_built=&#8221;1&#8243; fullwidth=&#8221;on&#8221; _builder_version=&#8221;4.16&#8243; global_colors_info=&#8221;{}&#8221;][et_pb_fullwidth_slider admin_label=&#8221;Fullwidth Slider&#8221; _builder_version=&#8221;4.25.2&#8243; custom_padding=&#8221;|||&#8221; global_colors_info=&#8221;{}&#8221; button_text_size__hover_enabled=&#8221;off&#8221; button_one_text_size__hover_enabled=&#8221;off&#8221; button_two_text_size__hover_enabled=&#8221;off&#8221; button_text_color__hover_enabled=&#8221;off&#8221; button_one_text_color__hover_enabled=&#8221;off&#8221; button_two_text_color__hover_enabled=&#8221;off&#8221; button_border_width__hover_enabled=&#8221;off&#8221; button_one_border_width__hover_enabled=&#8221;off&#8221; button_two_border_width__hover_enabled=&#8221;off&#8221; button_border_color__hover_enabled=&#8221;off&#8221; button_one_border_color__hover_enabled=&#8221;off&#8221; button_two_border_color__hover_enabled=&#8221;off&#8221; button_border_radius__hover_enabled=&#8221;off&#8221; button_one_border_radius__hover_enabled=&#8221;off&#8221; button_two_border_radius__hover_enabled=&#8221;off&#8221; button_letter_spacing__hover_enabled=&#8221;off&#8221; button_one_letter_spacing__hover_enabled=&#8221;off&#8221; button_two_letter_spacing__hover_enabled=&#8221;off&#8221; button_bg_color__hover_enabled=&#8221;off&#8221; button_one_bg_color__hover_enabled=&#8221;off&#8221; button_two_bg_color__hover_enabled=&#8221;off&#8221;][et_pb_slide heading=&#8221;Holiday camp&#8221; use_bg_overlay=&#8221;on&#8221; use_text_overlay=&#8221;off&#8221; _builder_version=&#8221;4.25.2&#8243; background_color=&#8221;#ffffff&#8221; background_image=&#8221;https:\/\/www.efdb.ch\/wp-content\/uploads\/2018\/02\/elementaire2.jpg&#8221; background_enable_image=&#8221;on&#8221; button_on_hover=&#8221;on&#8221; global_colors_info=&#8221;{}&#8221; button_text_size__hover_enabled=&#8221;off&#8221; button_one_text_size__hover_enabled=&#8221;off&#8221; button_two_text_size__hover_enabled=&#8221;off&#8221; button_text_color__hover_enabled=&#8221;off&#8221; button_one_text_color__hover_enabled=&#8221;off&#8221; button_two_text_color__hover_enabled=&#8221;off&#8221; button_border_width__hover_enabled=&#8221;off&#8221; button_one_border_width__hover_enabled=&#8221;off&#8221; button_two_border_width__hover_enabled=&#8221;off&#8221; button_border_color__hover_enabled=&#8221;off&#8221; button_one_border_color__hover_enabled=&#8221;off&#8221; button_two_border_color__hover_enabled=&#8221;off&#8221; button_border_radius__hover_enabled=&#8221;off&#8221; button_one_border_radius__hover_enabled=&#8221;off&#8221; button_two_border_radius__hover_enabled=&#8221;off&#8221; button_letter_spacing__hover_enabled=&#8221;off&#8221; button_one_letter_spacing__hover_enabled=&#8221;off&#8221; button_two_letter_spacing__hover_enabled=&#8221;off&#8221; button_bg_color__hover_enabled=&#8221;off&#8221; button_one_bg_color__hover_enabled=&#8221;off&#8221; button_two_bg_color__hover_enabled=&#8221;off&#8221; sticky_transition=&#8221;on&#8221;]<\/p><p>The EFDB holiday camp during school holidays<\/p><p>[\/et_pb_slide][\/et_pb_fullwidth_slider][\/et_pb_section][et_pb_section fb_built=&#8221;1&#8243; _builder_version=&#8221;4.16&#8243; global_colors_info=&#8221;{}&#8221;][et_pb_row _builder_version=&#8221;4.25.2&#8243; global_colors_info=&#8221;{}&#8221;][et_pb_column type=&#8221;4_4&#8243; _builder_version=&#8221;4.16&#8243; custom_padding=&#8221;|||&#8221; global_colors_info=&#8221;{}&#8221; custom_padding__hover=&#8221;|||&#8221;][et_pb_text admin_label=&#8221;Titre&#8221; _builder_version=&#8221;4.27.4&#8243; global_colors_info=&#8221;{}&#8221;]<\/p><h3 style=\"text-align: center;\"><span style=\"color: #0000ff;\"><strong>Yahoo, holidays are here !\u00a0<\/strong><\/span><\/h3><p><\/p><p style=\"text-align: center;\">We&#8217;ll enjoy :<\/p><p><\/p><p style=\"text-align: center;\">moving, exploring, tinkering, singing, discovering, enjoying and laughing!<\/p><p><\/p><h3 style=\"text-align: center;\"><span style=\"color: #0000ff;\"><strong>\u00a0WELCOME TO OUR HOLIDAY CAMP<\/strong><\/span><\/h3><p><\/p><p style=\"text-align: center;\">The Ecole Fran\u00e7aise de B\u00e2le welcomes your children for a joyful, educative program\u00a0 !<\/p><p><\/p><p style=\"text-align: center;\">Our qualified and dynamic team is preparing a program with various activities at the school specially prepared for that, and also in various locations around the Basel area.<\/p><p><\/p><h3 style=\"text-align: center;\"><span style=\"color: #0000ff;\"><strong>\u00a0Our holiday camp is available to children from 3 (born in 2022) to 12, from 7:30 to 18:30 !<\/strong><\/span><\/h3><p>[\/et_pb_text][et_pb_text _builder_version=&#8221;4.27.5&#8243; _module_preset=&#8221;default&#8221; global_colors_info=&#8221;{}&#8221;]<\/p><p>Discover our program for the winter break : <a href=\"https:\/\/www.efdb.ch\/wp-content\/uploads\/2026\/03\/S1-Paques.jpg\">Week 1<\/a> and <a href=\"https:\/\/www.efdb.ch\/wp-content\/uploads\/2026\/03\/S2-Paques.jpg\">Week 2<\/a>.<\/p><p><\/p><p>For children enrolled at the EFDB: you can register <a href=\"https:\/\/efdb.eduka.school\/\">here !<\/a><\/p><p><\/p><p>For children not enrolled at EFDB, please contact the team by email at <a href=\"mailto:centreaere@efdb.ch\">centreaere@efdb.ch<\/a><\/p><p><\/p><p>&nbsp;<\/p><p><\/p><p>&nbsp;<\/p><p>[\/et_pb_text][\/et_pb_column][\/et_pb_row][et_pb_row _builder_version=&#8221;4.16&#8243; global_colors_info=&#8221;{}&#8221;][et_pb_column type=&#8221;4_4&#8243; _builder_version=&#8221;4.16&#8243; custom_padding=&#8221;|||&#8221; global_colors_info=&#8221;{}&#8221; custom_padding__hover=&#8221;|||&#8221;][et_pb_text disabled_on=&#8221;off|off|off&#8221; admin_label=&#8221;Tarifs &#038; inscription&#8221; _builder_version=&#8221;4.27.5&#8243; hover_enabled=&#8221;0&#8243; global_colors_info=&#8221;{}&#8221; sticky_enabled=&#8221;0&#8243;]<\/p><p><strong>Practical information<\/strong>\u00a0:<\/p><p><\/p><p><strong>Drop off<\/strong>\u00a0from 7:30 to 9:30<\/p><p><\/p><p><strong>Pick-up<\/strong>\u00a0from 16:00 to 18:30<\/p><p><\/p><p><strong><u>Where<\/u><\/strong>: at the EFDB<strong> Elementary school <\/strong>(tel 061 311 07 30) &#8211; Engelgasse 103, 4052 Basel<\/p><p><\/p><p><strong><u>How<\/u>:<\/strong>\u00a0with a qualified and dynamic team who will offer an adapted program.<\/p><p><\/p><p style=\"text-align: center;\">\u00a0<\/p><p>[\/et_pb_text][et_pb_text _builder_version=&#8221;4.23.1&#8243; _module_preset=&#8221;default&#8221; hover_enabled=&#8221;0&#8243; global_colors_info=&#8221;{}&#8221; sticky_enabled=&#8221;0&#8243;]<\/p><p><u><strong>Prices, terms and conditions<\/strong><\/u><strong> : <\/strong><span style=\"text-decoration: underline;\"><a href=\"https:\/\/www.efdb.ch\/en\/fees-registration\/\"><strong><span style=\"color: #3366ff; text-decoration: underline;\">https:\/\/www.efdb.ch\/en\/fees-registration\u00a0<\/span><\/strong><\/a><\/span><\/p><p>[\/et_pb_text][\/et_pb_column][\/et_pb_row][\/et_pb_section]<\/p>","protected":false},"excerpt":{"rendered":"<p>The EFDB holiday camp during school holidaysYahoo, holidays are here !\u00a0We&#8217;ll enjoy :moving, exploring, tinkering, singing, discovering, enjoying and laughing!\u00a0WELCOME TO OUR HOLIDAY CAMPThe Ecole Fran\u00e7aise de B\u00e2le welcomes your children for a joyful, educative program\u00a0 !Our qualified and dynamic team is preparing a program with various activities at the school specially prepared for that, [&hellip;]<\/p>\n","protected":false},"author":1,"featured_media":0,"parent":2714,"menu_order":0,"comment_status":"closed","ping_status":"closed","template":"","meta":{"_et_pb_use_builder":"on","_et_pb_old_content":"","_et_gb_content_width":"","footnotes":""},"class_list":["post-2684","page","type-page","status-publish","hentry"],"yoast_head":"<!-- This site is optimized with the Yoast SEO plugin v27.3 - https:\/\/yoast.com\/product\/yoast-seo-wordpress\/ -->\n<title>Holiday camp - EFDB<\/title>\n<meta name=\"robots\" content=\"index, follow, max-snippet:-1, max-image-preview:large, max-video-preview:-1\" \/>\n<link rel=\"canonical\" href=\"https:\/\/www.efdb.ch\/en\/school-life\/holiday-camp\/\" \/>\n<meta property=\"og:locale\" content=\"en_US\" \/>\n<meta property=\"og:type\" content=\"article\" \/>\n<meta property=\"og:title\" content=\"Holiday camp - EFDB\" \/>\n<meta property=\"og:description\" content=\"The EFDB holiday camp during school holidaysYahoo, holidays are here !\u00a0We&#039;ll enjoy :moving, exploring, tinkering, singing, discovering, enjoying and laughing!\u00a0WELCOME TO OUR HOLIDAY CAMPThe Ecole Fran\u00e7aise de B\u00e2le welcomes your children for a joyful, educative program\u00a0 !Our qualified and dynamic team is preparing a program with various activities at the school specially prepared for that, [&hellip;]\" \/>\n<meta property=\"og:url\" content=\"https:\/\/www.efdb.ch\/en\/school-life\/holiday-camp\/\" \/>\n<meta property=\"og:site_name\" content=\"EFDB\" \/>\n<meta property=\"article:modified_time\" content=\"2026-03-05T10:13:27+00:00\" \/>\n<meta name=\"twitter:card\" content=\"summary_large_image\" \/>\n<meta name=\"twitter:label1\" content=\"Est. reading time\" \/>\n\t<meta name=\"twitter:data1\" content=\"1 minute\" \/>\n<script type=\"application\/ld+json\" class=\"yoast-schema-graph\">{\"@context\":\"https:\\\/\\\/schema.org\",\"@graph\":[{\"@type\":\"WebPage\",\"@id\":\"https:\\\/\\\/www.efdb.ch\\\/en\\\/school-life\\\/holiday-camp\\\/\",\"url\":\"https:\\\/\\\/www.efdb.ch\\\/en\\\/school-life\\\/holiday-camp\\\/\",\"name\":\"Holiday camp - EFDB\",\"isPartOf\":{\"@id\":\"https:\\\/\\\/www.efdb.ch\\\/en\\\/#website\"},\"datePublished\":\"2018-03-01T09:51:53+00:00\",\"dateModified\":\"2026-03-05T10:13:27+00:00\",\"breadcrumb\":{\"@id\":\"https:\\\/\\\/www.efdb.ch\\\/en\\\/school-life\\\/holiday-camp\\\/#breadcrumb\"},\"inLanguage\":\"en-US\",\"potentialAction\":[{\"@type\":\"ReadAction\",\"target\":[\"https:\\\/\\\/www.efdb.ch\\\/en\\\/school-life\\\/holiday-camp\\\/\"]}]},{\"@type\":\"BreadcrumbList\",\"@id\":\"https:\\\/\\\/www.efdb.ch\\\/en\\\/school-life\\\/holiday-camp\\\/#breadcrumb\",\"itemListElement\":[{\"@type\":\"ListItem\",\"position\":1,\"name\":\"Accueil\",\"item\":\"https:\\\/\\\/www.efdb.ch\\\/en\\\/\"},{\"@type\":\"ListItem\",\"position\":2,\"name\":\"School life\",\"item\":\"https:\\\/\\\/www.efdb.ch\\\/en\\\/vie-scolaire\\\/\"},{\"@type\":\"ListItem\",\"position\":3,\"name\":\"Holiday camp\"}]},{\"@type\":\"WebSite\",\"@id\":\"https:\\\/\\\/www.efdb.ch\\\/en\\\/#website\",\"url\":\"https:\\\/\\\/www.efdb.ch\\\/en\\\/\",\"name\":\"EFDB\",\"description\":\"\u00c9cole fran\u00e7aise de B\u00e2le\",\"potentialAction\":[{\"@type\":\"SearchAction\",\"target\":{\"@type\":\"EntryPoint\",\"urlTemplate\":\"https:\\\/\\\/www.efdb.ch\\\/en\\\/?s={search_term_string}\"},\"query-input\":{\"@type\":\"PropertyValueSpecification\",\"valueRequired\":true,\"valueName\":\"search_term_string\"}}],\"inLanguage\":\"en-US\"}]}<\/script>\n<!-- \/ Yoast SEO plugin. -->","yoast_head_json":{"title":"Holiday camp - EFDB","robots":{"index":"index","follow":"follow","max-snippet":"max-snippet:-1","max-image-preview":"max-image-preview:large","max-video-preview":"max-video-preview:-1"},"canonical":"https:\/\/www.efdb.ch\/en\/school-life\/holiday-camp\/","og_locale":"en_US","og_type":"article","og_title":"Holiday camp - EFDB","og_description":"The EFDB holiday camp during school holidaysYahoo, holidays are here !\u00a0We'll enjoy :moving, exploring, tinkering, singing, discovering, enjoying and laughing!\u00a0WELCOME TO OUR HOLIDAY CAMPThe Ecole Fran\u00e7aise de B\u00e2le welcomes your children for a joyful, educative program\u00a0 !Our qualified and dynamic team is preparing a program with various activities at the school specially prepared for that, [&hellip;]","og_url":"https:\/\/www.efdb.ch\/en\/school-life\/holiday-camp\/","og_site_name":"EFDB","article_modified_time":"2026-03-05T10:13:27+00:00","twitter_card":"summary_large_image","twitter_misc":{"Est. reading time":"1 minute"},"schema":{"@context":"https:\/\/schema.org","@graph":[{"@type":"WebPage","@id":"https:\/\/www.efdb.ch\/en\/school-life\/holiday-camp\/","url":"https:\/\/www.efdb.ch\/en\/school-life\/holiday-camp\/","name":"Holiday camp - EFDB","isPartOf":{"@id":"https:\/\/www.efdb.ch\/en\/#website"},"datePublished":"2018-03-01T09:51:53+00:00","dateModified":"2026-03-05T10:13:27+00:00","breadcrumb":{"@id":"https:\/\/www.efdb.ch\/en\/school-life\/holiday-camp\/#breadcrumb"},"inLanguage":"en-US","potentialAction":[{"@type":"ReadAction","target":["https:\/\/www.efdb.ch\/en\/school-life\/holiday-camp\/"]}]},{"@type":"BreadcrumbList","@id":"https:\/\/www.efdb.ch\/en\/school-life\/holiday-camp\/#breadcrumb","itemListElement":[{"@type":"ListItem","position":1,"name":"Accueil","item":"https:\/\/www.efdb.ch\/en\/"},{"@type":"ListItem","position":2,"name":"School life","item":"https:\/\/www.efdb.ch\/en\/vie-scolaire\/"},{"@type":"ListItem","position":3,"name":"Holiday camp"}]},{"@type":"WebSite","@id":"https:\/\/www.efdb.ch\/en\/#website","url":"https:\/\/www.efdb.ch\/en\/","name":"EFDB","description":"\u00c9cole fran\u00e7aise de B\u00e2le","potentialAction":[{"@type":"SearchAction","target":{"@type":"EntryPoint","urlTemplate":"https:\/\/www.efdb.ch\/en\/?s={search_term_string}"},"query-input":{"@type":"PropertyValueSpecification","valueRequired":true,"valueName":"search_term_string"}}],"inLanguage":"en-US"}]}},"_links":{"self":[{"href":"https:\/\/www.efdb.ch\/en\/wp-json\/wp\/v2\/pages\/2684","targetHints":{"allow":["GET"]}}],"collection":[{"href":"https:\/\/www.efdb.ch\/en\/wp-json\/wp\/v2\/pages"}],"about":[{"href":"https:\/\/www.efdb.ch\/en\/wp-json\/wp\/v2\/types\/page"}],"author":[{"embeddable":true,"href":"https:\/\/www.efdb.ch\/en\/wp-json\/wp\/v2\/users\/1"}],"replies":[{"embeddable":true,"href":"https:\/\/www.efdb.ch\/en\/wp-json\/wp\/v2\/comments?post=2684"}],"version-history":[{"count":187,"href":"https:\/\/www.efdb.ch\/en\/wp-json\/wp\/v2\/pages\/2684\/revisions"}],"predecessor-version":[{"id":22922,"href":"https:\/\/www.efdb.ch\/en\/wp-json\/wp\/v2\/pages\/2684\/revisions\/22922"}],"up":[{"embeddable":true,"href":"https:\/\/www.efdb.ch\/en\/wp-json\/wp\/v2\/pages\/2714"}],"wp:attachment":[{"href":"https:\/\/www.efdb.ch\/en\/wp-json\/wp\/v2\/media?parent=2684"}],"curies":[{"name":"wp","href":"https:\/\/api.w.org\/{rel}","templated":true}]}}