{"id":2670,"date":"2018-03-01T10:36:33","date_gmt":"2018-03-01T09:36:33","guid":{"rendered":"http:\/\/pprspnga.preview.infomaniak.website\/canteen\/"},"modified":"2025-09-11T00:24:34","modified_gmt":"2025-09-10T22:24:34","slug":"canteen","status":"publish","type":"page","link":"https:\/\/www.efdb.ch\/en\/school-life\/canteen\/","title":{"rendered":"Canteen"},"content":{"rendered":"<p>[et_pb_section fb_built=&#8221;1&#8243; fullwidth=&#8221;on&#8221; _builder_version=&#8221;4.16&#8243; global_colors_info=&#8221;{}&#8221;][et_pb_fullwidth_slider admin_label=&#8221;Fullwidth Slider&#8221; _builder_version=&#8221;4.25.2&#8243; custom_padding=&#8221;|||&#8221; global_colors_info=&#8221;{}&#8221; button_text_size__hover_enabled=&#8221;off&#8221; button_one_text_size__hover_enabled=&#8221;off&#8221; button_two_text_size__hover_enabled=&#8221;off&#8221; button_text_color__hover_enabled=&#8221;off&#8221; button_one_text_color__hover_enabled=&#8221;off&#8221; button_two_text_color__hover_enabled=&#8221;off&#8221; button_border_width__hover_enabled=&#8221;off&#8221; button_one_border_width__hover_enabled=&#8221;off&#8221; button_two_border_width__hover_enabled=&#8221;off&#8221; button_border_color__hover_enabled=&#8221;off&#8221; button_one_border_color__hover_enabled=&#8221;off&#8221; button_two_border_color__hover_enabled=&#8221;off&#8221; button_border_radius__hover_enabled=&#8221;off&#8221; button_one_border_radius__hover_enabled=&#8221;off&#8221; button_two_border_radius__hover_enabled=&#8221;off&#8221; button_letter_spacing__hover_enabled=&#8221;off&#8221; button_one_letter_spacing__hover_enabled=&#8221;off&#8221; button_two_letter_spacing__hover_enabled=&#8221;off&#8221; button_bg_color__hover_enabled=&#8221;off&#8221; button_one_bg_color__hover_enabled=&#8221;off&#8221; button_two_bg_color__hover_enabled=&#8221;off&#8221;][et_pb_slide heading=&#8221;Canteen&#8221; use_bg_overlay=&#8221;on&#8221; use_text_overlay=&#8221;off&#8221; _builder_version=&#8221;4.25.2&#8243; background_color=&#8221;#ffffff&#8221; background_image=&#8221;https:\/\/www.efdb.ch\/wp-content\/uploads\/2024\/09\/Photo-repas-1.jpg&#8221; background_enable_image=&#8221;on&#8221; button_on_hover=&#8221;on&#8221; global_colors_info=&#8221;{}&#8221; button_text_size__hover_enabled=&#8221;off&#8221; button_one_text_size__hover_enabled=&#8221;off&#8221; button_two_text_size__hover_enabled=&#8221;off&#8221; button_text_color__hover_enabled=&#8221;off&#8221; button_one_text_color__hover_enabled=&#8221;off&#8221; button_two_text_color__hover_enabled=&#8221;off&#8221; button_border_width__hover_enabled=&#8221;off&#8221; button_one_border_width__hover_enabled=&#8221;off&#8221; button_two_border_width__hover_enabled=&#8221;off&#8221; button_border_color__hover_enabled=&#8221;off&#8221; button_one_border_color__hover_enabled=&#8221;off&#8221; button_two_border_color__hover_enabled=&#8221;off&#8221; button_border_radius__hover_enabled=&#8221;off&#8221; button_one_border_radius__hover_enabled=&#8221;off&#8221; button_two_border_radius__hover_enabled=&#8221;off&#8221; button_letter_spacing__hover_enabled=&#8221;off&#8221; button_one_letter_spacing__hover_enabled=&#8221;off&#8221; button_two_letter_spacing__hover_enabled=&#8221;off&#8221; button_bg_color__hover_enabled=&#8221;off&#8221; button_one_bg_color__hover_enabled=&#8221;off&#8221; button_two_bg_color__hover_enabled=&#8221;off&#8221; sticky_transition=&#8221;on&#8221;]<\/p><p>Varied, balanced and tasteful meals !<\/p><p>[\/et_pb_slide][\/et_pb_fullwidth_slider][\/et_pb_section][et_pb_section fb_built=&#8221;1&#8243; _builder_version=&#8221;4.16&#8243; custom_padding=&#8221;57px|0px|53px|0px&#8221; global_colors_info=&#8221;{}&#8221;][et_pb_row _builder_version=&#8221;4.16&#8243; background_size=&#8221;initial&#8221; background_position=&#8221;top_left&#8221; background_repeat=&#8221;repeat&#8221; global_colors_info=&#8221;{}&#8221;][et_pb_column type=&#8221;4_4&#8243; _builder_version=&#8221;4.16&#8243; custom_padding=&#8221;|||&#8221; global_colors_info=&#8221;{}&#8221; custom_padding__hover=&#8221;|||&#8221;][et_pb_blog posts_number=&#8221;1&#8243; include_categories=&#8221;16&#8243; show_more=&#8221;on&#8221; show_date=&#8221;off&#8221; show_pagination=&#8221;off&#8221; disabled_on=&#8221;on|on|on&#8221; admin_label=&#8221;Blog &#8211; menu mat&#8221; module_class=&#8221;menu-cantine&#8221; _builder_version=&#8221;4.16&#8243; pagination_font_size_tablet=&#8221;51&#8243; pagination_line_height_tablet=&#8221;2&#8243; disabled=&#8221;on&#8221; global_colors_info=&#8221;{}&#8221;][\/et_pb_blog][et_pb_blog posts_number=&#8221;1&#8243; include_categories=&#8221;42,16&#8243; show_more=&#8221;on&#8221; show_date=&#8221;off&#8221; show_pagination=&#8221;off&#8221; admin_label=&#8221;Blog &#8211; menu elem&#8221; module_class=&#8221;menu-cantine&#8221; _builder_version=&#8221;4.27.0&#8243; pagination_font_size_tablet=&#8221;51&#8243; pagination_line_height_tablet=&#8221;2&#8243; global_colors_info=&#8221;{}&#8221;][\/et_pb_blog][\/et_pb_column][\/et_pb_row][et_pb_row _builder_version=&#8221;4.16&#8243; global_colors_info=&#8221;{}&#8221;][et_pb_column type=&#8221;4_4&#8243; _builder_version=&#8221;4.16&#8243; custom_padding=&#8221;|||&#8221; global_colors_info=&#8221;{}&#8221; custom_padding__hover=&#8221;|||&#8221;][et_pb_text admin_label=&#8221;Texte pr\u00e9sentation&#8221; _builder_version=&#8221;4.27.4&#8243; text_orientation=&#8221;center&#8221; custom_padding=&#8221;||0px|||&#8221; global_colors_info=&#8221;{}&#8221;]<\/p><p>Meals are an integral part of the school&#8217;s educational project. This is an important time during which children develop their learning of taste and benefit from the nutritional intake necessary for their growth. Each meal includes:<\/p><ol><li>Salad, vegetable sticks or soup<\/li><li>A balanced and varied main course<\/li><li>Fruit, cheese or dessert.<\/li><\/ol><p><\/p><p>The menus, prepared by a caterer, are diverse, balanced and adapted to the nutritional needs of children within their age range. Fruits and vegetables are chosen according to the season as much as possible.<\/p><p>[\/et_pb_text][\/et_pb_column][\/et_pb_row][et_pb_row _builder_version=&#8221;4.27.4&#8243; hover_enabled=&#8221;0&#8243; global_colors_info=&#8221;{}&#8221; sticky_enabled=&#8221;0&#8243;][et_pb_column type=&#8221;4_4&#8243; _builder_version=&#8221;4.16&#8243; custom_padding=&#8221;|||&#8221; global_colors_info=&#8221;{}&#8221; custom_padding__hover=&#8221;|||&#8221;][et_pb_text admin_label=&#8221;Texte hygi\u00e8ne&#8221; _builder_version=&#8221;4.27.4&#8243; background_color=&#8221;#FFD7B8&#8243; background_layout=&#8221;dark&#8221; custom_margin=&#8221;||-175px|||&#8221; custom_padding=&#8221;10px|10px|15px|10px||&#8221; custom_padding_tablet=&#8221;&#8221; custom_padding_phone=&#8221;&#8221; custom_padding_last_edited=&#8221;on|desktop&#8221; hover_enabled=&#8221;0&#8243; inline_fonts=&#8221;DM Sans&#8221; global_colors_info=&#8221;{}&#8221; sticky_enabled=&#8221;0&#8243;]<\/p><p style=\"text-align: center;\"><span style=\"color: #000000;\">The meat and bakery products come \u2013 unless otherwise stated \u2013 from Swiss production and carry the <strong data-start=\"555\" data-end=\"574\">Suisse Garantie<\/strong> or <strong data-start=\"578\" data-end=\"593\">Nature Beef<\/strong> label. Around 20% of the vegetables used are <strong data-start=\"639\" data-end=\"650\">organic<\/strong> or <strong data-start=\"654\" data-end=\"667\">IP-Suisse<\/strong> products. For meal preparation, <strong data-start=\"700\" data-end=\"709\">Ryago <\/strong>mainly uses fresh ingredients.<\/span><\/p><p><\/p><p style=\"text-align: center;\"><span style=\"color: #000000;\"><img loading=\"lazy\" decoding=\"async\" class=\"wp-image-22410 alignnone size-medium\" src=\"https:\/\/www.efdb.ch\/wp-content\/uploads\/2025\/09\/Cantine-EFDB-25-200x300.jpg\" alt=\"\" width=\"347\" height=\"521\" \/><\/span><\/p><p><\/p><p style=\"text-align: center;\"><span style=\"color: #000000;\">A particular inclination is brought to the hygiene. The supervisors ensure that children wash their hands before eating. The Basel-Stadt Health Department regularly checks and confirms the cleanliness of our facilities.<\/span><\/p><p>[\/et_pb_text][\/et_pb_column][\/et_pb_row][et_pb_row _builder_version=&#8221;4.16&#8243; global_colors_info=&#8221;{}&#8221;][et_pb_column type=&#8221;4_4&#8243; _builder_version=&#8221;4.16&#8243; custom_padding=&#8221;|||&#8221; global_colors_info=&#8221;{}&#8221; custom_padding__hover=&#8221;|||&#8221;][et_pb_text admin_label=&#8221;Intro tarifs&#8221; _builder_version=&#8221;4.19.1&#8243; global_colors_info=&#8221;{}&#8221;][\/et_pb_text][\/et_pb_column][\/et_pb_row][et_pb_row _builder_version=&#8221;4.16&#8243; custom_padding=&#8221;28px|0px|27px|0px&#8221; global_colors_info=&#8221;{}&#8221;][et_pb_column type=&#8221;4_4&#8243; _builder_version=&#8221;4.16&#8243; custom_padding=&#8221;|||&#8221; global_colors_info=&#8221;{}&#8221; custom_padding__hover=&#8221;|||&#8221;][et_pb_text admin_label=&#8221;Liens t\u00e9l\u00e9chargement tarifs&#8221; _builder_version=&#8221;4.19.1&#8243; text_orientation=&#8221;center&#8221; custom_padding=&#8221;|||30px&#8221; border_color_left=&#8221;#d10a11&#8243; global_colors_info=&#8221;{}&#8221;]<\/p><p>&nbsp;<\/p><p><\/p><p>&nbsp;<\/p><p>[\/et_pb_text][\/et_pb_column][\/et_pb_row][\/et_pb_section][et_pb_section fb_built=&#8221;1&#8243; _builder_version=&#8221;4.16&#8243; background_color=&#8221;#5e89c4&#8243; custom_padding=&#8221;57px|0px|57px|0px&#8221; global_colors_info=&#8221;{}&#8221;][et_pb_row _builder_version=&#8221;4.16&#8243; global_colors_info=&#8221;{}&#8221;][et_pb_column type=&#8221;4_4&#8243; _builder_version=&#8221;4.16&#8243; custom_padding=&#8221;|||&#8221; global_colors_info=&#8221;{}&#8221; custom_padding__hover=&#8221;|||&#8221;][et_pb_text admin_label=&#8221;Titre t\u00e9moignages&#8221; _builder_version=&#8221;4.16&#8243; background_layout=&#8221;dark&#8221; global_colors_info=&#8221;{}&#8221;]<\/p><h2 style=\"text-align: center;\">Testimonials<\/h2><p>&nbsp;[\/et_pb_text][et_pb_slider show_pagination=&#8221;off&#8221; admin_label=&#8221;Diapo t\u00e9moignages&#8221; _builder_version=&#8221;4.16&#8243; custom_margin=&#8221;0px|0px|0px|0px&#8221; custom_padding=&#8221;0px|0px|0px|0px&#8221; animation_style=&#8221;fade&#8221; global_colors_info=&#8221;{}&#8221; button_text_size__hover_enabled=&#8221;off&#8221; button_one_text_size__hover_enabled=&#8221;off&#8221; button_two_text_size__hover_enabled=&#8221;off&#8221; button_text_color__hover_enabled=&#8221;off&#8221; button_one_text_color__hover_enabled=&#8221;off&#8221; button_two_text_color__hover_enabled=&#8221;off&#8221; button_border_width__hover_enabled=&#8221;off&#8221; button_one_border_width__hover_enabled=&#8221;off&#8221; button_two_border_width__hover_enabled=&#8221;off&#8221; button_border_color__hover_enabled=&#8221;off&#8221; button_one_border_color__hover_enabled=&#8221;off&#8221; button_two_border_color__hover_enabled=&#8221;off&#8221; button_border_radius__hover_enabled=&#8221;off&#8221; button_one_border_radius__hover_enabled=&#8221;off&#8221; button_two_border_radius__hover_enabled=&#8221;off&#8221; button_letter_spacing__hover_enabled=&#8221;off&#8221; button_one_letter_spacing__hover_enabled=&#8221;off&#8221; button_two_letter_spacing__hover_enabled=&#8221;off&#8221; button_bg_color__hover_enabled=&#8221;off&#8221; button_one_bg_color__hover_enabled=&#8221;off&#8221; button_two_bg_color__hover_enabled=&#8221;off&#8221;][et_pb_slide use_bg_overlay=&#8221;off&#8221; use_text_overlay=&#8221;off&#8221; _builder_version=&#8221;4.16&#8243; body_font=&#8221;||||||||&#8221; background_color=&#8221;#5e89c4&#8243; global_colors_info=&#8221;{}&#8221; button_text_size__hover_enabled=&#8221;off&#8221; button_one_text_size__hover_enabled=&#8221;off&#8221; button_two_text_size__hover_enabled=&#8221;off&#8221; button_text_color__hover_enabled=&#8221;off&#8221; button_one_text_color__hover_enabled=&#8221;off&#8221; button_two_text_color__hover_enabled=&#8221;off&#8221; button_border_width__hover_enabled=&#8221;off&#8221; button_one_border_width__hover_enabled=&#8221;off&#8221; button_two_border_width__hover_enabled=&#8221;off&#8221; button_border_color__hover_enabled=&#8221;off&#8221; button_one_border_color__hover_enabled=&#8221;off&#8221; button_two_border_color__hover_enabled=&#8221;off&#8221; button_border_radius__hover_enabled=&#8221;off&#8221; button_one_border_radius__hover_enabled=&#8221;off&#8221; button_two_border_radius__hover_enabled=&#8221;off&#8221; button_letter_spacing__hover_enabled=&#8221;off&#8221; button_one_letter_spacing__hover_enabled=&#8221;off&#8221; button_two_letter_spacing__hover_enabled=&#8221;off&#8221; button_bg_color__hover_enabled=&#8221;off&#8221; button_one_bg_color__hover_enabled=&#8221;off&#8221; button_two_bg_color__hover_enabled=&#8221;off&#8221; sticky_transition=&#8221;on&#8221;]<em>&#8220;The meals served in the canteen are a tribute to the French culinary culture with traditional and tasty recipes that children love! My children often tell me about this time of conviviality between noon and two. The menus of the week are balanced and I am serene during the school week as I didn&#8217;t have to worry about picking up my children at school for lunch time. It&#8217;s a real feast and a real time saver.&#8221;<\/em><\/p><p>Parent Testimony[\/et_pb_slide][\/et_pb_slider][\/et_pb_column][\/et_pb_row][\/et_pb_section]<\/p>","protected":false},"excerpt":{"rendered":"<p>Varied, balanced and tasteful meals !Meals are an integral part of the school&#8217;s educational project. This is an important time during which children develop their learning of taste and benefit from the nutritional intake necessary for their growth. Each meal includes:Salad, vegetable sticks or soupA balanced and varied main courseFruit, cheese or dessert.The menus, prepared [&hellip;]<\/p>\n","protected":false},"author":1,"featured_media":0,"parent":2714,"menu_order":0,"comment_status":"closed","ping_status":"closed","template":"","meta":{"_et_pb_use_builder":"on","_et_pb_old_content":"","_et_gb_content_width":"","footnotes":""},"class_list":["post-2670","page","type-page","status-publish","hentry"],"yoast_head":"<!-- This site is optimized with the Yoast SEO plugin v27.3 - https:\/\/yoast.com\/product\/yoast-seo-wordpress\/ -->\n<title>Canteen - EFDB<\/title>\n<meta name=\"robots\" content=\"index, follow, max-snippet:-1, max-image-preview:large, max-video-preview:-1\" \/>\n<link rel=\"canonical\" href=\"https:\/\/www.efdb.ch\/en\/school-life\/canteen\/\" \/>\n<meta property=\"og:locale\" content=\"en_US\" \/>\n<meta property=\"og:type\" content=\"article\" \/>\n<meta property=\"og:title\" content=\"Canteen - EFDB\" \/>\n<meta property=\"og:description\" content=\"Varied, balanced and tasteful meals !Meals are an integral part of the school&#039;s educational project. This is an important time during which children develop their learning of taste and benefit from the nutritional intake necessary for their growth. Each meal includes:Salad, vegetable sticks or soupA balanced and varied main courseFruit, cheese or dessert.The menus, prepared [&hellip;]\" \/>\n<meta property=\"og:url\" content=\"https:\/\/www.efdb.ch\/en\/school-life\/canteen\/\" \/>\n<meta property=\"og:site_name\" content=\"EFDB\" \/>\n<meta property=\"article:modified_time\" content=\"2025-09-10T22:24:34+00:00\" \/>\n<meta property=\"og:image\" content=\"https:\/\/www.efdb.ch\/wp-content\/uploads\/2025\/09\/Cantine-EFDB-25.jpg\" \/>\n\t<meta property=\"og:image:width\" content=\"1024\" \/>\n\t<meta property=\"og:image:height\" content=\"1536\" \/>\n\t<meta property=\"og:image:type\" content=\"image\/jpeg\" \/>\n<meta name=\"twitter:card\" content=\"summary_large_image\" \/>\n<meta name=\"twitter:label1\" content=\"Est. reading time\" \/>\n\t<meta name=\"twitter:data1\" content=\"2 minutes\" \/>\n<script type=\"application\/ld+json\" class=\"yoast-schema-graph\">{\"@context\":\"https:\\\/\\\/schema.org\",\"@graph\":[{\"@type\":\"WebPage\",\"@id\":\"https:\\\/\\\/www.efdb.ch\\\/en\\\/school-life\\\/canteen\\\/\",\"url\":\"https:\\\/\\\/www.efdb.ch\\\/en\\\/school-life\\\/canteen\\\/\",\"name\":\"Canteen - EFDB\",\"isPartOf\":{\"@id\":\"https:\\\/\\\/www.efdb.ch\\\/en\\\/#website\"},\"primaryImageOfPage\":{\"@id\":\"https:\\\/\\\/www.efdb.ch\\\/en\\\/school-life\\\/canteen\\\/#primaryimage\"},\"image\":{\"@id\":\"https:\\\/\\\/www.efdb.ch\\\/en\\\/school-life\\\/canteen\\\/#primaryimage\"},\"thumbnailUrl\":\"https:\\\/\\\/www.efdb.ch\\\/wp-content\\\/uploads\\\/2025\\\/09\\\/Cantine-EFDB-25-200x300.jpg\",\"datePublished\":\"2018-03-01T09:36:33+00:00\",\"dateModified\":\"2025-09-10T22:24:34+00:00\",\"breadcrumb\":{\"@id\":\"https:\\\/\\\/www.efdb.ch\\\/en\\\/school-life\\\/canteen\\\/#breadcrumb\"},\"inLanguage\":\"en-US\",\"potentialAction\":[{\"@type\":\"ReadAction\",\"target\":[\"https:\\\/\\\/www.efdb.ch\\\/en\\\/school-life\\\/canteen\\\/\"]}]},{\"@type\":\"ImageObject\",\"inLanguage\":\"en-US\",\"@id\":\"https:\\\/\\\/www.efdb.ch\\\/en\\\/school-life\\\/canteen\\\/#primaryimage\",\"url\":\"https:\\\/\\\/www.efdb.ch\\\/wp-content\\\/uploads\\\/2025\\\/09\\\/Cantine-EFDB-25-200x300.jpg\",\"contentUrl\":\"https:\\\/\\\/www.efdb.ch\\\/wp-content\\\/uploads\\\/2025\\\/09\\\/Cantine-EFDB-25-200x300.jpg\"},{\"@type\":\"BreadcrumbList\",\"@id\":\"https:\\\/\\\/www.efdb.ch\\\/en\\\/school-life\\\/canteen\\\/#breadcrumb\",\"itemListElement\":[{\"@type\":\"ListItem\",\"position\":1,\"name\":\"Accueil\",\"item\":\"https:\\\/\\\/www.efdb.ch\\\/en\\\/\"},{\"@type\":\"ListItem\",\"position\":2,\"name\":\"School life\",\"item\":\"https:\\\/\\\/www.efdb.ch\\\/en\\\/vie-scolaire\\\/\"},{\"@type\":\"ListItem\",\"position\":3,\"name\":\"Canteen\"}]},{\"@type\":\"WebSite\",\"@id\":\"https:\\\/\\\/www.efdb.ch\\\/en\\\/#website\",\"url\":\"https:\\\/\\\/www.efdb.ch\\\/en\\\/\",\"name\":\"EFDB\",\"description\":\"\u00c9cole fran\u00e7aise de B\u00e2le\",\"potentialAction\":[{\"@type\":\"SearchAction\",\"target\":{\"@type\":\"EntryPoint\",\"urlTemplate\":\"https:\\\/\\\/www.efdb.ch\\\/en\\\/?s={search_term_string}\"},\"query-input\":{\"@type\":\"PropertyValueSpecification\",\"valueRequired\":true,\"valueName\":\"search_term_string\"}}],\"inLanguage\":\"en-US\"}]}<\/script>\n<!-- \/ Yoast SEO plugin. -->","yoast_head_json":{"title":"Canteen - EFDB","robots":{"index":"index","follow":"follow","max-snippet":"max-snippet:-1","max-image-preview":"max-image-preview:large","max-video-preview":"max-video-preview:-1"},"canonical":"https:\/\/www.efdb.ch\/en\/school-life\/canteen\/","og_locale":"en_US","og_type":"article","og_title":"Canteen - EFDB","og_description":"Varied, balanced and tasteful meals !Meals are an integral part of the school's educational project. This is an important time during which children develop their learning of taste and benefit from the nutritional intake necessary for their growth. Each meal includes:Salad, vegetable sticks or soupA balanced and varied main courseFruit, cheese or dessert.The menus, prepared [&hellip;]","og_url":"https:\/\/www.efdb.ch\/en\/school-life\/canteen\/","og_site_name":"EFDB","article_modified_time":"2025-09-10T22:24:34+00:00","og_image":[{"width":1024,"height":1536,"url":"https:\/\/www.efdb.ch\/wp-content\/uploads\/2025\/09\/Cantine-EFDB-25.jpg","type":"image\/jpeg"}],"twitter_card":"summary_large_image","twitter_misc":{"Est. reading time":"2 minutes"},"schema":{"@context":"https:\/\/schema.org","@graph":[{"@type":"WebPage","@id":"https:\/\/www.efdb.ch\/en\/school-life\/canteen\/","url":"https:\/\/www.efdb.ch\/en\/school-life\/canteen\/","name":"Canteen - EFDB","isPartOf":{"@id":"https:\/\/www.efdb.ch\/en\/#website"},"primaryImageOfPage":{"@id":"https:\/\/www.efdb.ch\/en\/school-life\/canteen\/#primaryimage"},"image":{"@id":"https:\/\/www.efdb.ch\/en\/school-life\/canteen\/#primaryimage"},"thumbnailUrl":"https:\/\/www.efdb.ch\/wp-content\/uploads\/2025\/09\/Cantine-EFDB-25-200x300.jpg","datePublished":"2018-03-01T09:36:33+00:00","dateModified":"2025-09-10T22:24:34+00:00","breadcrumb":{"@id":"https:\/\/www.efdb.ch\/en\/school-life\/canteen\/#breadcrumb"},"inLanguage":"en-US","potentialAction":[{"@type":"ReadAction","target":["https:\/\/www.efdb.ch\/en\/school-life\/canteen\/"]}]},{"@type":"ImageObject","inLanguage":"en-US","@id":"https:\/\/www.efdb.ch\/en\/school-life\/canteen\/#primaryimage","url":"https:\/\/www.efdb.ch\/wp-content\/uploads\/2025\/09\/Cantine-EFDB-25-200x300.jpg","contentUrl":"https:\/\/www.efdb.ch\/wp-content\/uploads\/2025\/09\/Cantine-EFDB-25-200x300.jpg"},{"@type":"BreadcrumbList","@id":"https:\/\/www.efdb.ch\/en\/school-life\/canteen\/#breadcrumb","itemListElement":[{"@type":"ListItem","position":1,"name":"Accueil","item":"https:\/\/www.efdb.ch\/en\/"},{"@type":"ListItem","position":2,"name":"School life","item":"https:\/\/www.efdb.ch\/en\/vie-scolaire\/"},{"@type":"ListItem","position":3,"name":"Canteen"}]},{"@type":"WebSite","@id":"https:\/\/www.efdb.ch\/en\/#website","url":"https:\/\/www.efdb.ch\/en\/","name":"EFDB","description":"\u00c9cole fran\u00e7aise de B\u00e2le","potentialAction":[{"@type":"SearchAction","target":{"@type":"EntryPoint","urlTemplate":"https:\/\/www.efdb.ch\/en\/?s={search_term_string}"},"query-input":{"@type":"PropertyValueSpecification","valueRequired":true,"valueName":"search_term_string"}}],"inLanguage":"en-US"}]}},"_links":{"self":[{"href":"https:\/\/www.efdb.ch\/en\/wp-json\/wp\/v2\/pages\/2670","targetHints":{"allow":["GET"]}}],"collection":[{"href":"https:\/\/www.efdb.ch\/en\/wp-json\/wp\/v2\/pages"}],"about":[{"href":"https:\/\/www.efdb.ch\/en\/wp-json\/wp\/v2\/types\/page"}],"author":[{"embeddable":true,"href":"https:\/\/www.efdb.ch\/en\/wp-json\/wp\/v2\/users\/1"}],"replies":[{"embeddable":true,"href":"https:\/\/www.efdb.ch\/en\/wp-json\/wp\/v2\/comments?post=2670"}],"version-history":[{"count":50,"href":"https:\/\/www.efdb.ch\/en\/wp-json\/wp\/v2\/pages\/2670\/revisions"}],"predecessor-version":[{"id":22454,"href":"https:\/\/www.efdb.ch\/en\/wp-json\/wp\/v2\/pages\/2670\/revisions\/22454"}],"up":[{"embeddable":true,"href":"https:\/\/www.efdb.ch\/en\/wp-json\/wp\/v2\/pages\/2714"}],"wp:attachment":[{"href":"https:\/\/www.efdb.ch\/en\/wp-json\/wp\/v2\/media?parent=2670"}],"curies":[{"name":"wp","href":"https:\/\/api.w.org\/{rel}","templated":true}]}}