{"id":2565,"date":"2018-03-01T09:21:42","date_gmt":"2018-03-01T08:21:42","guid":{"rendered":"http:\/\/pprspnga.preview.infomaniak.website\/elementary\/"},"modified":"2025-04-02T19:37:13","modified_gmt":"2025-04-02T17:37:13","slug":"elementary","status":"publish","type":"page","link":"https:\/\/www.efdb.ch\/en\/elementary\/","title":{"rendered":"Elementary school"},"content":{"rendered":"<p>[et_pb_section fb_built=&#8221;1&#8243; fullwidth=&#8221;on&#8221; _builder_version=&#8221;4.16&#8243; global_colors_info=&#8221;{}&#8221;][et_pb_fullwidth_slider admin_label=&#8221;Fullwidth Slider&#8221; _builder_version=&#8221;4.16&#8243; custom_padding=&#8221;|||&#8221; global_colors_info=&#8221;{}&#8221; button_text_size__hover_enabled=&#8221;off&#8221; button_one_text_size__hover_enabled=&#8221;off&#8221; button_two_text_size__hover_enabled=&#8221;off&#8221; button_text_color__hover_enabled=&#8221;off&#8221; button_one_text_color__hover_enabled=&#8221;off&#8221; button_two_text_color__hover_enabled=&#8221;off&#8221; button_border_width__hover_enabled=&#8221;off&#8221; button_one_border_width__hover_enabled=&#8221;off&#8221; button_two_border_width__hover_enabled=&#8221;off&#8221; button_border_color__hover_enabled=&#8221;off&#8221; button_one_border_color__hover_enabled=&#8221;off&#8221; button_two_border_color__hover_enabled=&#8221;off&#8221; button_border_radius__hover_enabled=&#8221;off&#8221; button_one_border_radius__hover_enabled=&#8221;off&#8221; button_two_border_radius__hover_enabled=&#8221;off&#8221; button_letter_spacing__hover_enabled=&#8221;off&#8221; button_one_letter_spacing__hover_enabled=&#8221;off&#8221; button_two_letter_spacing__hover_enabled=&#8221;off&#8221; button_bg_color__hover_enabled=&#8221;off&#8221; button_one_bg_color__hover_enabled=&#8221;off&#8221; button_two_bg_color__hover_enabled=&#8221;off&#8221;][et_pb_slide heading=&#8221;Elementary&#8221; use_bg_overlay=&#8221;on&#8221; use_text_overlay=&#8221;off&#8221; _builder_version=&#8221;4.16&#8243; background_color=&#8221;#ffffff&#8221; background_image=&#8221;https:\/\/www.efdb.ch\/wp-content\/uploads\/2019\/10\/DSC7052-e1572211332974.jpg&#8221; background_enable_image=&#8221;on&#8221; button_on_hover=&#8221;on&#8221; global_colors_info=&#8221;{}&#8221; button_text_size__hover_enabled=&#8221;off&#8221; button_one_text_size__hover_enabled=&#8221;off&#8221; button_two_text_size__hover_enabled=&#8221;off&#8221; button_text_color__hover_enabled=&#8221;off&#8221; button_one_text_color__hover_enabled=&#8221;off&#8221; button_two_text_color__hover_enabled=&#8221;off&#8221; button_border_width__hover_enabled=&#8221;off&#8221; button_one_border_width__hover_enabled=&#8221;off&#8221; button_two_border_width__hover_enabled=&#8221;off&#8221; button_border_color__hover_enabled=&#8221;off&#8221; button_one_border_color__hover_enabled=&#8221;off&#8221; button_two_border_color__hover_enabled=&#8221;off&#8221; button_border_radius__hover_enabled=&#8221;off&#8221; button_one_border_radius__hover_enabled=&#8221;off&#8221; button_two_border_radius__hover_enabled=&#8221;off&#8221; button_letter_spacing__hover_enabled=&#8221;off&#8221; button_one_letter_spacing__hover_enabled=&#8221;off&#8221; button_two_letter_spacing__hover_enabled=&#8221;off&#8221; button_bg_color__hover_enabled=&#8221;off&#8221; button_one_bg_color__hover_enabled=&#8221;off&#8221; button_two_bg_color__hover_enabled=&#8221;off&#8221; sticky_transition=&#8221;on&#8221;]<\/p><div class=\"page\" title=\"Page 6\"><div class=\"layoutArea\"><div class=\"column\">Take into account the diversity and diversity of each student&#8217;s abilities. To develop reasoning, intellectual thinking, observation, observation, experimentation, and creative imagination.<\/div><\/div><\/div><p>[\/et_pb_slide][\/et_pb_fullwidth_slider][\/et_pb_section][et_pb_section fb_built=&#8221;1&#8243; _builder_version=&#8221;4.16&#8243; global_colors_info=&#8221;{}&#8221;][et_pb_row column_structure=&#8221;2_3,1_3&#8243; _builder_version=&#8221;4.16&#8243; global_colors_info=&#8221;{}&#8221;][et_pb_column type=&#8221;2_3&#8243; _builder_version=&#8221;4.16&#8243; custom_padding=&#8221;|||&#8221; global_colors_info=&#8221;{}&#8221; custom_padding__hover=&#8221;|||&#8221;][et_pb_text admin_label=&#8221;Texte pr\u00e9sentation&#8221; _builder_version=&#8221;4.19.4&#8243; global_colors_info=&#8221;{}&#8221;]<\/p><h1>Elementary school at the Ecole Fran\u00e7aise de B\u00e2le<\/h1><p>The elementary section accommodates children between the ages of <strong>6 and 11<\/strong>. 5 levels:<\/p><ul><li><strong>1st grade (6\/7 years old)<\/strong><\/li><li><strong>2nd grade (7\/8 years old)<\/strong><\/li><li><strong>3rd grade (8\/9 years old)<\/strong><\/li><li><strong>4th grade (9\/10 years)<\/strong><\/li><li><strong>5th grade (10\/11 years)<\/strong><\/li><\/ul><p>The duration of the school week for students is 26 hours. The curriculum is in accordance with the official instructions of the <strong>French Ministry of Education<\/strong>. The students follow the last two cycles of the Primary School: <strong>fundamentals<\/strong> and <strong>consolidations<\/strong>.<\/p><blockquote><p><strong>Our Mission<\/strong> <strong>Take into account the diversity and diversity of each student&#8217;s abilities. To develop reasoning, intellectual thinking, observation, observation, experimentation, and creative imagination.\u00a0<\/strong><\/p><\/blockquote><p>[\/et_pb_text][et_pb_tabs admin_label=&#8221;Onglets niveaux de classe&#8221; _builder_version=&#8221;4.27.4&#8243; body_text_align=&#8221;left&#8221; max_width_last_edited=&#8221;off|desktop&#8221; custom_margin=&#8221;|||&#8221; custom_padding=&#8221;20px|20px|20px|20px|false|false&#8221; custom_padding_tablet=&#8221;20px|20px|20px|20px|false|false&#8221; custom_padding_phone=&#8221;20px|20px|20px|20px|false|false&#8221; custom_padding_last_edited=&#8221;on|desktop&#8221; hover_enabled=&#8221;0&#8243; global_colors_info=&#8221;{}&#8221; sticky_enabled=&#8221;0&#8243;][et_pb_tab title=&#8221;1st grade (CP)&#8221; _builder_version=&#8221;4.27.4&#8243; custom_padding=&#8221;|||&#8221; custom_padding_tablet=&#8221;|||&#8221; custom_padding_phone=&#8221;|||&#8221; hover_enabled=&#8221;0&#8243; global_colors_info=&#8221;{}&#8221; sticky_enabled=&#8221;0&#8243;]<\/p><h3>From the 1st grade (CP)<\/h3><p>The 1st grade (French CP) is the first year of the 2nd cycle of fundamentals learning. Children get the foundations to read, write and count. In \u201cQuestioning the world\u201d, they discover the living world and begin to build their marks in time and space.<\/p><h4>In German, up to 10 hours of teaching per week.<\/h4><ul><li>3 hours per week of German lessons<\/li><li>2 hours per week of Non Linguistic lessons<\/li><li>30 min\/week of counting<\/li><li>30 min\/week of cultural discovery (cultural visits and\/or intervention of externa\/l parties for a total time of 2 hours per month)<\/li><li>up to 4 hours of after-school classes in German (Mondays and Wednesdays)<\/li><\/ul><h4>In English, up to 6 hours of teaching per week.<\/h4><ul><li>2 hours per week of English lessons<\/li><li>Up to 4 hours per week of after-school activities in English (Wednesdays and Thursdays)<\/li><\/ul><p>[\/et_pb_tab][et_pb_tab title=&#8221;2nd grade (CE1)&#8221; _builder_version=&#8221;4.27.4&#8243; hover_enabled=&#8221;0&#8243; global_colors_info=&#8221;{}&#8221; sticky_enabled=&#8221;0&#8243;]<\/p><h3>From the 2nd grade (CE1)<\/h3><p>The 2nd grade (French CE1) is the second year of the second cycle running from 1st to 3rd grade. It allows to pursue the learning of the foundations that are reading, writing and counting. In \u201cQuestioning the world\u201d, children learn marks n time and space. In science, they start to observe and handle experiments.<\/p><h4>In German, up to 10 hours of teaching per week.<\/h4><ul><li>3 hours per week of German lessons<\/li><li>2 hours per week of Non Linguistic lessons<\/li><li>30 min\/week of counting<\/li><li>30 min\/week of cultural discovery (cultural visits and\/or intervention of externa\/l parties for a total time of 2 hours per month)<\/li><li>up to 4 hours of after-school classes in German (Mondays and Wednesdays)<\/li><\/ul><h4>In English, up to 6 hours of teaching per week.<\/h4><ul><li>2 hours per week of English lessons<\/li><li>Up to 4 hours per week of after-school activities in English (Wednesdays and Thursdays)<\/li><\/ul><p>[\/et_pb_tab][et_pb_tab title=&#8221;3rd grade (CE2)&#8221; _builder_version=&#8221;4.19.4&#8243; global_colors_info=&#8221;{}&#8221;]<\/p><h3>From the 3rd grade<\/h3><p>The 3rd grade (French CE2) marks the end of the second cycle. It is above all\u00a0 year of consolidation of what was learnt in the previous years. All the 2nd grade teachers contribute to the learning of the foundations of the knowledge, skills and culture.<\/p><h4>In German, up to 10 hours of teaching per week.<\/h4><ul><li>3 hours per week of German lessons<\/li><li>2 hours per week of Non Linguistic lessons<\/li><li>30 min\/week of counting<\/li><li>30 min\/week of cultural discovery (cultural visits and\/or intervention of externa\/l parties for a total time of 2 hours per month)<\/li><li>up to 4 hours of after-school classes in German (Mondays and Wednesdays)<\/li><\/ul><h4>In English, up to 7 hours of teaching per week.<\/h4><ul><li>2 hours per week of English lessons<\/li><li>Up to 5 hours per week of after-school activities in English (Tuesdays, Wednesdays and Thursdays)<\/li><\/ul><p>[\/et_pb_tab][et_pb_tab title=&#8221;4th grade (CM1)&#8221; _builder_version=&#8221;4.19.4&#8243; global_colors_info=&#8221;{}&#8221;]<\/p><h3>From the 4th grade<\/h3><p>The 4th grade (French CM1) is the first year of the consolidation cycle that runs from the 4t to the 6th grade. Students diversify their working methodologies and reinforce their knowledge. In French, the stress is put on spelling and in mathematics, children develop their reasoning through problem solving.<\/p><h4>In German, up to 10 hours of teaching per week.<\/h4><ul><li>3 hours per week of German lessons<\/li><li>2 hours per week of Non Linguistic lessons<\/li><li>30 min\/week of counting<\/li><li>30 min\/week of cultural discovery (cultural visits and\/or intervention of externa\/l parties for a total time of 2 hours per month)<\/li><li>up to 4 hours of after-school classes in German (Mondays and Wednesdays)<\/li><\/ul><h4>In English, up to 7 hours of teaching per week.<\/h4><ul><li>2 hours per week of English lessons<\/li><li>Up to 5 hours per week of after-school activities in English (Tuesdays, Wednesdays and Thursdays)<\/li><\/ul><p>[\/et_pb_tab][et_pb_tab title=&#8221;5th grade (CM2)&#8221; _builder_version=&#8221;4.19.4&#8243; global_colors_info=&#8221;{}&#8221;]<\/p><h3>From the 5th grade<\/h3><p>The 5th grade (French CM2) is the second year of the consolidation cycle (cycle 3). It is the last year before middle school and students learn to gain autonomy, entrepreneur mindset and reinforce their knowledge of more complex concepts. At the end of the 5th grade, students join the best middle school of the Basel border area.<\/p><h4>In German, up to 10 hours of teaching per week.<\/h4><ul><li>3 hours per week of German lessons<\/li><li>2 hours per week of Non Linguistic lessons<\/li><li>30 min\/week of counting<\/li><li>30 min\/week of cultural discovery (cultural visits and\/or intervention of externa\/l parties for a total time of 2 hours per month)<\/li><li>up to 4 hours of after-school classes in German (Mondays and Wednesdays)<\/li><\/ul><h4>In English, up to 7 hours of teaching per week.<\/h4><ul><li>2 hours per week of English lessons<\/li><li>Up to 5 hours per week of after-school activities in English (Tuesdays, Wednesdays and Thursdays)<\/li><\/ul><p>[\/et_pb_tab][\/et_pb_tabs][et_pb_gallery gallery_ids=&#8221;11069,11065,11083,11063,11067,11079,11061,11071,11073&#8243; gallery_captions=&#8221;,,&#8221; fullwidth=&#8221;on&#8221; _builder_version=&#8221;4.16&#8243; pagination_font_size_tablet=&#8221;51&#8243; pagination_line_height_tablet=&#8221;2&#8243; global_colors_info=&#8221;{}&#8221;][\/et_pb_gallery][\/et_pb_column][et_pb_column type=&#8221;1_3&#8243; _builder_version=&#8221;4.16&#8243; custom_padding=&#8221;|||&#8221; global_colors_info=&#8221;{}&#8221; custom_padding__hover=&#8221;|||&#8221;][et_pb_text admin_label=&#8221;Titre dernier article&#8221; _builder_version=&#8221;4.19.0&#8243; global_colors_info=&#8221;{}&#8221;]<\/p><h2>Last posts for the Elementary school<\/p><\/h2><p>[\/et_pb_text][et_pb_blog posts_number=&#8221;2&#8243; include_categories=&#8221;15&#8243; show_more=&#8221;on&#8221; show_pagination=&#8221;off&#8221; _builder_version=&#8221;4.19.0&#8243; global_colors_info=&#8221;{}&#8221;][\/et_pb_blog][\/et_pb_column][\/et_pb_row][\/et_pb_section][et_pb_section fb_built=&#8221;1&#8243; _builder_version=&#8221;4.16&#8243; background_color=&#8221;#d10a11&#8243; global_colors_info=&#8221;{}&#8221;][et_pb_row column_structure=&#8221;1_3,1_3,1_3&#8243; _builder_version=&#8221;4.16&#8243; global_colors_info=&#8221;{}&#8221;][et_pb_column type=&#8221;1_3&#8243; _builder_version=&#8221;4.16&#8243; custom_padding=&#8221;|||&#8221; global_colors_info=&#8221;{}&#8221; custom_padding__hover=&#8221;|||&#8221;][et_pb_blurb title=&#8221;A human-sized school&#8221; image=&#8221;https:\/\/www.efdb.ch\/wp-content\/uploads\/2018\/01\/taille_humaine.png&#8221; _builder_version=&#8221;4.16&#8243; header_level=&#8221;h3&#8243; header_font=&#8221;|700|||||||&#8221; header_font_size=&#8221;24px&#8221; body_font=&#8221;|600|||||||&#8221; text_orientation=&#8221;center&#8221; background_layout=&#8221;dark&#8221; header_font_size_tablet=&#8221;&#8221; header_font_size_phone=&#8221;&#8221; header_font_size_last_edited=&#8221;on|desktop&#8221; global_colors_info=&#8221;{}&#8221;]<\/p><div class=\"page\" title=\"Page 3\"><div class=\"layoutArea\"><div class=\"column\"><div class=\"page\" title=\"Page 6\"><div class=\"layoutArea\">A team composed of 5 teachers approved by the National Education Department and a pedagogical assistant. Proximity and communication between students, parents and teachers Premises in the heart of the Gellert district with an outdoor playground, library and canteen.<\/div><\/div><\/div><\/div><\/div><p>[\/et_pb_blurb][\/et_pb_column][et_pb_column type=&#8221;1_3&#8243; _builder_version=&#8221;4.16&#8243; custom_padding=&#8221;|||&#8221; global_colors_info=&#8221;{}&#8221; custom_padding__hover=&#8221;|||&#8221;][et_pb_blurb title=&#8221;Focus on languages&#8221; image=&#8221;https:\/\/www.efdb.ch\/wp-content\/uploads\/2018\/01\/langue.png&#8221; _builder_version=&#8221;4.16&#8243; header_level=&#8221;h3&#8243; header_font=&#8221;|700|||||||&#8221; header_font_size=&#8221;24px&#8221; body_font=&#8221;|600|||||||&#8221; text_orientation=&#8221;center&#8221; background_layout=&#8221;dark&#8221; header_font_size_tablet=&#8221;&#8221; header_font_size_phone=&#8221;&#8221; header_font_size_last_edited=&#8221;on|desktop&#8221; global_colors_info=&#8221;{}&#8221;]<\/p><div class=\"page\" title=\"Page 3\"><div class=\"layoutArea\"><div class=\"column\"><div class=\"page\" title=\"Page 6\"><div class=\"layoutArea\"><div class=\"column\">From the 1st grade, 6 hours of German and 2 hours of English per week in all classes of the Elementary school. Students are grouped by level of competence Possibility to obtain a certification in German (Goethe Institute), English (Cambridge) and French (FLE) for French-speaking students. Reinforcement of french and support in learning for non-French-speaking and French-speaking students through personalized workshops School workshops in English and German are open to all students, bilingual and not bilingual<\/div><\/div><\/div><\/div><\/div><\/div><p>[\/et_pb_blurb][\/et_pb_column][et_pb_column type=&#8221;1_3&#8243; _builder_version=&#8221;4.16&#8243; custom_padding=&#8221;|||&#8221; global_colors_info=&#8221;{}&#8221; custom_padding__hover=&#8221;|||&#8221;][et_pb_blurb title=&#8221;Educational workshops&#8221; image=&#8221;https:\/\/www.efdb.ch\/wp-content\/uploads\/2018\/01\/pedagogie.png&#8221; _builder_version=&#8221;4.16&#8243; header_level=&#8221;h3&#8243; header_font=&#8221;|700|||||||&#8221; header_font_size=&#8221;24px&#8221; body_font=&#8221;|600|||||||&#8221; text_orientation=&#8221;center&#8221; background_layout=&#8221;dark&#8221; header_font_size_tablet=&#8221;&#8221; header_font_size_phone=&#8221;&#8221; header_font_size_last_edited=&#8221;on|desktop&#8221; global_colors_info=&#8221;{}&#8221;]<\/p><div class=\"page\" title=\"Page 3\"><div class=\"layoutArea\"><div class=\"column\"><div class=\"page\" title=\"Page 6\"><div class=\"layoutArea\"><div class=\"column\">Cultural field trips (museum, exhibition, theatre, concert, according to educational projects) Sports activities (initiation to various activities, endurance training, inter school tournaments&#8230;), nature discovery (orientation day&#8230;) Music: a music teacher intervenes in the classes every week Weekly computer courses<\/div><\/div><\/div><\/div><\/div><\/div><p>[\/et_pb_blurb][\/et_pb_column][\/et_pb_row][\/et_pb_section][et_pb_section fb_built=&#8221;1&#8243; _builder_version=&#8221;4.16&#8243; global_colors_info=&#8221;{}&#8221;][et_pb_row _builder_version=&#8221;4.16&#8243; custom_padding=&#8221;28px|0px|28px|0px&#8221; global_colors_info=&#8221;{}&#8221;][et_pb_column type=&#8221;4_4&#8243; _builder_version=&#8221;4.16&#8243; custom_padding=&#8221;|||&#8221; global_colors_info=&#8221;{}&#8221; custom_padding__hover=&#8221;|||&#8221;][et_pb_cta title=&#8221;More information and registration&#8221; button_url=&#8221;https:\/\/www.efdb.ch\/en\/registration\/&#8221; button_text=&#8221;Discover&#8221; _builder_version=&#8221;4.19.4&#8243; header_font=&#8221;||||||||&#8221; use_background_color=&#8221;off&#8221; custom_button=&#8221;on&#8221; button_text_color=&#8221;#ffffff&#8221; button_font=&#8221;||||||||&#8221; background_layout=&#8221;light&#8221; global_colors_info=&#8221;{}&#8221; button_text_size__hover_enabled=&#8221;off&#8221; button_one_text_size__hover_enabled=&#8221;off&#8221; button_two_text_size__hover_enabled=&#8221;off&#8221; button_text_color__hover_enabled=&#8221;off&#8221; button_one_text_color__hover_enabled=&#8221;off&#8221; button_two_text_color__hover_enabled=&#8221;off&#8221; button_border_width__hover_enabled=&#8221;off&#8221; button_one_border_width__hover_enabled=&#8221;off&#8221; button_two_border_width__hover_enabled=&#8221;off&#8221; button_border_color__hover_enabled=&#8221;off&#8221; button_one_border_color__hover_enabled=&#8221;off&#8221; button_two_border_color__hover_enabled=&#8221;off&#8221; button_border_radius__hover_enabled=&#8221;off&#8221; button_one_border_radius__hover_enabled=&#8221;off&#8221; button_two_border_radius__hover_enabled=&#8221;off&#8221; button_letter_spacing__hover_enabled=&#8221;off&#8221; button_one_letter_spacing__hover_enabled=&#8221;off&#8221; button_two_letter_spacing__hover_enabled=&#8221;off&#8221; button_bg_color__hover_enabled=&#8221;off&#8221; button_one_bg_color__hover_enabled=&#8221;off&#8221; button_two_bg_color__hover_enabled=&#8221;off&#8221;]<\/p><p><strong>What are the registration procedures ?<\/strong><br \/><strong>When are the school holidays at the Ecole Fran\u00e7aise de B\u00e2le ?<\/strong><br \/><strong>How much are the school fees ? And what financial assistance is available ?<\/strong><\/p><p>[\/et_pb_cta][\/et_pb_column][\/et_pb_row][\/et_pb_section]<\/p>","protected":false},"excerpt":{"rendered":"<p>Take into account the diversity and diversity of each student&#8217;s abilities. To develop reasoning, intellectual thinking, observation, observation, experimentation, and creative imagination.Elementary school at the Ecole Fran\u00e7aise de B\u00e2leThe elementary section accommodates children between the ages of 6 and 11. 5 levels:1st grade (6\/7 years old)2nd grade (7\/8 years old)3rd grade (8\/9 years old)4th grade [&hellip;]<\/p>\n","protected":false},"author":1,"featured_media":0,"parent":0,"menu_order":0,"comment_status":"closed","ping_status":"closed","template":"","meta":{"_et_pb_use_builder":"on","_et_pb_old_content":"","_et_gb_content_width":"","footnotes":""},"class_list":["post-2565","page","type-page","status-publish","hentry"],"yoast_head":"<!-- This site is optimized with the Yoast SEO plugin v27.4 - https:\/\/yoast.com\/product\/yoast-seo-wordpress\/ -->\n<title>Elementary school - EFDB<\/title>\n<meta name=\"robots\" content=\"index, follow, max-snippet:-1, max-image-preview:large, max-video-preview:-1\" \/>\n<link rel=\"canonical\" href=\"https:\/\/www.efdb.ch\/en\/elementary\/\" \/>\n<meta property=\"og:locale\" content=\"en_US\" \/>\n<meta property=\"og:type\" content=\"article\" \/>\n<meta property=\"og:title\" content=\"Elementary school - EFDB\" \/>\n<meta property=\"og:description\" content=\"Take into account the diversity and diversity of each student&#039;s abilities. To develop reasoning, intellectual thinking, observation, observation, experimentation, and creative imagination.Elementary school at the Ecole Fran\u00e7aise de B\u00e2leThe elementary section accommodates children between the ages of 6 and 11. 5 levels:1st grade (6\/7 years old)2nd grade (7\/8 years old)3rd grade (8\/9 years old)4th grade [&hellip;]\" \/>\n<meta property=\"og:url\" content=\"https:\/\/www.efdb.ch\/en\/elementary\/\" \/>\n<meta property=\"og:site_name\" content=\"EFDB\" \/>\n<meta property=\"article:modified_time\" content=\"2025-04-02T17:37:13+00:00\" \/>\n<meta name=\"twitter:card\" content=\"summary_large_image\" \/>\n<meta name=\"twitter:label1\" content=\"Est. reading time\" \/>\n\t<meta name=\"twitter:data1\" content=\"8 minutes\" \/>\n<script type=\"application\/ld+json\" class=\"yoast-schema-graph\">{\"@context\":\"https:\\\/\\\/schema.org\",\"@graph\":[{\"@type\":\"WebPage\",\"@id\":\"https:\\\/\\\/www.efdb.ch\\\/en\\\/elementary\\\/\",\"url\":\"https:\\\/\\\/www.efdb.ch\\\/en\\\/elementary\\\/\",\"name\":\"Elementary school - EFDB\",\"isPartOf\":{\"@id\":\"https:\\\/\\\/www.efdb.ch\\\/en\\\/#website\"},\"datePublished\":\"2018-03-01T08:21:42+00:00\",\"dateModified\":\"2025-04-02T17:37:13+00:00\",\"breadcrumb\":{\"@id\":\"https:\\\/\\\/www.efdb.ch\\\/en\\\/elementary\\\/#breadcrumb\"},\"inLanguage\":\"en-US\",\"potentialAction\":[{\"@type\":\"ReadAction\",\"target\":[\"https:\\\/\\\/www.efdb.ch\\\/en\\\/elementary\\\/\"]}]},{\"@type\":\"BreadcrumbList\",\"@id\":\"https:\\\/\\\/www.efdb.ch\\\/en\\\/elementary\\\/#breadcrumb\",\"itemListElement\":[{\"@type\":\"ListItem\",\"position\":1,\"name\":\"Accueil\",\"item\":\"https:\\\/\\\/www.efdb.ch\\\/en\\\/\"},{\"@type\":\"ListItem\",\"position\":2,\"name\":\"Elementary school\"}]},{\"@type\":\"WebSite\",\"@id\":\"https:\\\/\\\/www.efdb.ch\\\/en\\\/#website\",\"url\":\"https:\\\/\\\/www.efdb.ch\\\/en\\\/\",\"name\":\"EFDB\",\"description\":\"\u00c9cole fran\u00e7aise de B\u00e2le\",\"potentialAction\":[{\"@type\":\"SearchAction\",\"target\":{\"@type\":\"EntryPoint\",\"urlTemplate\":\"https:\\\/\\\/www.efdb.ch\\\/en\\\/?s={search_term_string}\"},\"query-input\":{\"@type\":\"PropertyValueSpecification\",\"valueRequired\":true,\"valueName\":\"search_term_string\"}}],\"inLanguage\":\"en-US\"}]}<\/script>\n<!-- \/ Yoast SEO plugin. -->","yoast_head_json":{"title":"Elementary school - EFDB","robots":{"index":"index","follow":"follow","max-snippet":"max-snippet:-1","max-image-preview":"max-image-preview:large","max-video-preview":"max-video-preview:-1"},"canonical":"https:\/\/www.efdb.ch\/en\/elementary\/","og_locale":"en_US","og_type":"article","og_title":"Elementary school - EFDB","og_description":"Take into account the diversity and diversity of each student's abilities. To develop reasoning, intellectual thinking, observation, observation, experimentation, and creative imagination.Elementary school at the Ecole Fran\u00e7aise de B\u00e2leThe elementary section accommodates children between the ages of 6 and 11. 5 levels:1st grade (6\/7 years old)2nd grade (7\/8 years old)3rd grade (8\/9 years old)4th grade [&hellip;]","og_url":"https:\/\/www.efdb.ch\/en\/elementary\/","og_site_name":"EFDB","article_modified_time":"2025-04-02T17:37:13+00:00","twitter_card":"summary_large_image","twitter_misc":{"Est. reading time":"8 minutes"},"schema":{"@context":"https:\/\/schema.org","@graph":[{"@type":"WebPage","@id":"https:\/\/www.efdb.ch\/en\/elementary\/","url":"https:\/\/www.efdb.ch\/en\/elementary\/","name":"Elementary school - EFDB","isPartOf":{"@id":"https:\/\/www.efdb.ch\/en\/#website"},"datePublished":"2018-03-01T08:21:42+00:00","dateModified":"2025-04-02T17:37:13+00:00","breadcrumb":{"@id":"https:\/\/www.efdb.ch\/en\/elementary\/#breadcrumb"},"inLanguage":"en-US","potentialAction":[{"@type":"ReadAction","target":["https:\/\/www.efdb.ch\/en\/elementary\/"]}]},{"@type":"BreadcrumbList","@id":"https:\/\/www.efdb.ch\/en\/elementary\/#breadcrumb","itemListElement":[{"@type":"ListItem","position":1,"name":"Accueil","item":"https:\/\/www.efdb.ch\/en\/"},{"@type":"ListItem","position":2,"name":"Elementary school"}]},{"@type":"WebSite","@id":"https:\/\/www.efdb.ch\/en\/#website","url":"https:\/\/www.efdb.ch\/en\/","name":"EFDB","description":"\u00c9cole fran\u00e7aise de B\u00e2le","potentialAction":[{"@type":"SearchAction","target":{"@type":"EntryPoint","urlTemplate":"https:\/\/www.efdb.ch\/en\/?s={search_term_string}"},"query-input":{"@type":"PropertyValueSpecification","valueRequired":true,"valueName":"search_term_string"}}],"inLanguage":"en-US"}]}},"_links":{"self":[{"href":"https:\/\/www.efdb.ch\/en\/wp-json\/wp\/v2\/pages\/2565","targetHints":{"allow":["GET"]}}],"collection":[{"href":"https:\/\/www.efdb.ch\/en\/wp-json\/wp\/v2\/pages"}],"about":[{"href":"https:\/\/www.efdb.ch\/en\/wp-json\/wp\/v2\/types\/page"}],"author":[{"embeddable":true,"href":"https:\/\/www.efdb.ch\/en\/wp-json\/wp\/v2\/users\/1"}],"replies":[{"embeddable":true,"href":"https:\/\/www.efdb.ch\/en\/wp-json\/wp\/v2\/comments?post=2565"}],"version-history":[{"count":42,"href":"https:\/\/www.efdb.ch\/en\/wp-json\/wp\/v2\/pages\/2565\/revisions"}],"predecessor-version":[{"id":21705,"href":"https:\/\/www.efdb.ch\/en\/wp-json\/wp\/v2\/pages\/2565\/revisions\/21705"}],"wp:attachment":[{"href":"https:\/\/www.efdb.ch\/en\/wp-json\/wp\/v2\/media?parent=2565"}],"curies":[{"name":"wp","href":"https:\/\/api.w.org\/{rel}","templated":true}]}}