{"id":2520,"date":"2018-02-28T16:46:17","date_gmt":"2018-02-28T15:46:17","guid":{"rendered":"http:\/\/pprspnga.preview.infomaniak.website\/contact-practical-information\/"},"modified":"2026-03-31T14:36:29","modified_gmt":"2026-03-31T12:36:29","slug":"contact-practical-information","status":"publish","type":"page","link":"https:\/\/www.efdb.ch\/en\/contact-practical-information\/","title":{"rendered":"Contact"},"content":{"rendered":"<p>[et_pb_section fb_built=&#8221;1&#8243; fullwidth=&#8221;on&#8221; _builder_version=&#8221;4.16&#8243; global_colors_info=&#8221;{}&#8221;][et_pb_fullwidth_map address=&#8221;Dornacherstrasse 192, 4053 Basel, Suisse&#8221; zoom_level=&#8221;13&#8243; address_lat=&#8221;47.544672100193&#8243; address_lng=&#8221;7.5931078999999&#8243; mouse_wheel=&#8221;off&#8221; admin_label=&#8221;Fullwidth Map&#8221; _builder_version=&#8221;4.16&#8243; global_colors_info=&#8221;{}&#8221;][et_pb_map_pin title=&#8221;Daycare and Maternelle section&#8221; pin_address=&#8221;Dornacherstrasse 192, 4053 Basel, Suisse&#8221; pin_address_lat=&#8221;47.540964&#8243; pin_address_lng=&#8221;7.5931078999999&#8243; _builder_version=&#8221;3.0.91&#8243; global_colors_info=&#8221;{}&#8221;]Dornacherstrasse 192 &#8211; CH 4053 Basel<br \/>Tram n\u00b016, Tellplatz stop<br \/>Tram n\u00b015, Tellplatz stop or Bruderholzstrasse stop<br \/>Bus No. 36, bus stop Bruderholzstrasse<br \/>[\/et_pb_map_pin][et_pb_map_pin title=&#8221;Elementary Section&#8221; pin_address=&#8221;Engelgasse 103, 4052 Basel, Suisse&#8221; pin_address_lat=&#8221;47.5477697&#8243; pin_address_lng=&#8221;7.6047556999999&#8243; _builder_version=&#8221;3.0.91&#8243; global_colors_info=&#8221;{}&#8221;]Engelgasse 103 &#8211; 4052 Basel<\/p><p>Tram No. 14, Grellingerstrasse stop<br \/>Tram n\u00b015, Denkmal stop<br \/>Bus No. 37, Hirzbodenweg stop<br \/>[\/et_pb_map_pin][\/et_pb_fullwidth_map][\/et_pb_section][et_pb_section fb_built=&#8221;1&#8243; _builder_version=&#8221;4.16&#8243; custom_padding=&#8221;57px|19px|57px|0px|false|false&#8221; global_colors_info=&#8221;{}&#8221;][et_pb_row column_structure=&#8221;2_3,1_3&#8243; _builder_version=&#8221;4.16&#8243; background_size=&#8221;initial&#8221; background_position=&#8221;top_left&#8221; background_repeat=&#8221;repeat&#8221; global_colors_info=&#8221;{}&#8221;][et_pb_column type=&#8221;2_3&#8243; _builder_version=&#8221;4.16&#8243; custom_padding=&#8221;|||&#8221; global_colors_info=&#8221;{}&#8221; custom_padding__hover=&#8221;|||&#8221;][et_pb_image src=&#8221;https:\/\/www.efdb.ch\/wp-content\/uploads\/2019\/10\/DSC6948.jpg&#8221; force_fullwidth=&#8221;on&#8221; align_tablet=&#8221;center&#8221; align_phone=&#8221;&#8221; align_last_edited=&#8221;on|desktop&#8221; _builder_version=&#8221;4.17.6&#8243; global_colors_info=&#8221;{}&#8221;][\/et_pb_image][et_pb_image src=&#8221;https:\/\/www.efdb.ch\/wp-content\/uploads\/2021\/05\/certifications-efdb.png&#8221; alt=&#8221;Certifications&#8221; title_text=&#8221;certifications-efdb&#8221; _builder_version=&#8221;4.16&#8243; _module_preset=&#8221;default&#8221; global_colors_info=&#8221;{}&#8221;][\/et_pb_image][et_pb_image src=&#8221;https:\/\/www.efdb.ch\/wp-content\/uploads\/2021\/09\/certification-efe3d-niveau1.png&#8221; title_text=&#8221;certification-efe3d-niveau1&#8243; _builder_version=&#8221;4.16&#8243; _module_preset=&#8221;default&#8221; locked=&#8221;off&#8221; global_colors_info=&#8221;{}&#8221;][\/et_pb_image][\/et_pb_column][et_pb_column type=&#8221;1_3&#8243; _builder_version=&#8221;4.16&#8243; custom_padding=&#8221;|||&#8221; global_colors_info=&#8221;{}&#8221; custom_padding__hover=&#8221;|||&#8221;][et_pb_text admin_label=&#8221;Liste contacts&#8221; _builder_version=&#8221;4.27.5&#8243; background_size=&#8221;initial&#8221; background_position=&#8221;top_left&#8221; background_repeat=&#8221;repeat&#8221; hover_enabled=&#8221;0&#8243; global_colors_info=&#8221;{}&#8221; sticky_enabled=&#8221;0&#8243;]<\/p><p><span style=\"font-size: 14px;\"><b>School Principal<\/b><br \/>M. Fr\u00e9d\u00e9ric Fourt<\/span><br \/><span style=\"font-size: 14px;\"><a href=\"mailto:direction@efdb.ch\">direction@efdb.ch <\/a><\/span><\/p><p><\/p><p><span style=\"font-size: 14px;\"><b><strong>Administrative and Extra-Curricular Director <br \/><\/strong><\/b><\/span><span style=\"font-size: 14px;\">Mme Anne-Sophie Ringenbach<b><br \/><\/b><a href=\"mailto:administration@efdb.ch\">administration@efdb.ch<\/a><\/span><\/p><p><\/p><p><span style=\"font-size: 14px;\"><b>Financial Director<\/b><br \/>M. G\u00e9rard Bouele<br \/><a href=\"mailto:compta@efdb.ch\">compta@efdb.ch<\/a><\/span><\/p><p><\/p><p><span style=\"font-size: 14px;\"><strong>Secretariat Elementary School<br \/><\/strong><a href=\"mailto:elementaire@efdb.ch\">elementaire@efdb.ch <\/a>\/ +41\u202f(0)61\u202f311\u202f07\u202f30<\/span><\/p><p><\/p><p><span style=\"font-size: 14px;\"><strong>Secretariat Maternelle<\/strong><br \/><a href=\"mailto:maternelle@efdb.ch\">maternelle@efdb.ch <\/a>\/ +41\u202f(0)61\u202f271\u202f75\u202f72<\/span><\/p><p><\/p><p><span style=\"font-size: 14px;\"><strong>Secretariat Daycare<\/strong><br \/><a href=\"mailto:creche@efdb.ch\">creche@efdb.ch <\/a>\/ +41\u202f(0)61\u202f271\u202f75\u202f72<\/span><\/p><p><\/p><p><span style=\"font-size: 14px;\"><strong style=\"font-size: 14px;\">Management\u00a0<\/strong><b>Committee<\/b><br \/><a style=\"font-size: 14px;\" href=\"mailto:comite@efdb.ch\">comite@efdb.ch<\/a><\/span><\/p><p><\/p><p><span style=\"font-size: 14px;\"><strong>Parents Countil<br \/><\/strong><a href=\"mailto:conseil@efdb.ch\">conseil@efdb.ch<\/a><\/span><\/p><p><\/p><p><span style=\"font-size: 14px;\"><strong>Holiday Camp<br \/><\/strong><a href=\"mailto:centreaere@efdb.ch\">centreaere@efdb.ch<\/a><\/span><\/p><p>[\/et_pb_text][et_pb_button button_url=&#8221;https:\/\/www.efdb.ch\/en\/fees-registration\/contact-form\/&#8221; button_text=&#8221;Contact form&#8221; admin_label=&#8221;Bouton formulaire contact&#8221; _builder_version=&#8221;4.16&#8243; background_layout=&#8221;dark&#8221; global_colors_info=&#8221;{}&#8221; button_text_size__hover_enabled=&#8221;off&#8221; button_one_text_size__hover_enabled=&#8221;off&#8221; button_two_text_size__hover_enabled=&#8221;off&#8221; button_text_color__hover_enabled=&#8221;off&#8221; button_one_text_color__hover_enabled=&#8221;off&#8221; button_two_text_color__hover_enabled=&#8221;off&#8221; button_border_width__hover_enabled=&#8221;off&#8221; button_one_border_width__hover_enabled=&#8221;off&#8221; button_two_border_width__hover_enabled=&#8221;off&#8221; button_border_color__hover_enabled=&#8221;off&#8221; button_one_border_color__hover_enabled=&#8221;off&#8221; button_two_border_color__hover_enabled=&#8221;off&#8221; button_border_radius__hover_enabled=&#8221;off&#8221; button_one_border_radius__hover_enabled=&#8221;off&#8221; button_two_border_radius__hover_enabled=&#8221;off&#8221; button_letter_spacing__hover_enabled=&#8221;off&#8221; button_one_letter_spacing__hover_enabled=&#8221;off&#8221; button_two_letter_spacing__hover_enabled=&#8221;off&#8221; button_bg_color__hover_enabled=&#8221;off&#8221; button_one_bg_color__hover_enabled=&#8221;off&#8221; button_two_bg_color__hover_enabled=&#8221;off&#8221;][\/et_pb_button][\/et_pb_column][\/et_pb_row][\/et_pb_section]<\/p>","protected":false},"excerpt":{"rendered":"<p>Dornacherstrasse 192 &#8211; CH 4053 BaselTram n\u00b016, Tellplatz stopTram n\u00b015, Tellplatz stop or Bruderholzstrasse stopBus No. 36, bus stop Bruderholzstrasse Engelgasse 103 &#8211; 4052 BaselTram No. 14, Grellingerstrasse stopTram n\u00b015, Denkmal stopBus No. 37, Hirzbodenweg stop School PrincipalM. Fr\u00e9d\u00e9ric Fourtdirection@efdb.ch Administrative and Extra-Curricular Director Mme Anne-Sophie Ringenbachadministration@efdb.chFinancial DirectorM. G\u00e9rard Bouelecompta@efdb.chSecretariat Elementary Schoolelementaire@efdb.ch \/ +41\u202f(0)61\u202f311\u202f07\u202f30Secretariat Maternellematernelle@efdb.ch [&hellip;]<\/p>\n","protected":false},"author":1,"featured_media":0,"parent":0,"menu_order":0,"comment_status":"closed","ping_status":"closed","template":"","meta":{"_et_pb_use_builder":"on","_et_pb_old_content":"","_et_gb_content_width":"","footnotes":""},"class_list":["post-2520","page","type-page","status-publish","hentry"],"yoast_head":"<!-- This site is optimized with the Yoast SEO plugin v27.3 - https:\/\/yoast.com\/product\/yoast-seo-wordpress\/ -->\n<title>Contact - EFDB<\/title>\n<meta name=\"robots\" content=\"index, follow, max-snippet:-1, max-image-preview:large, max-video-preview:-1\" \/>\n<link rel=\"canonical\" href=\"https:\/\/www.efdb.ch\/en\/contact-practical-information\/\" \/>\n<meta property=\"og:locale\" content=\"en_US\" \/>\n<meta property=\"og:type\" content=\"article\" \/>\n<meta property=\"og:title\" content=\"Contact - EFDB\" \/>\n<meta property=\"og:description\" content=\"Dornacherstrasse 192 - CH 4053 BaselTram n\u00b016, Tellplatz stopTram n\u00b015, Tellplatz stop or Bruderholzstrasse stopBus No. 36, bus stop Bruderholzstrasse Engelgasse 103 - 4052 BaselTram No. 14, Grellingerstrasse stopTram n\u00b015, Denkmal stopBus No. 37, Hirzbodenweg stop School PrincipalM. Fr\u00e9d\u00e9ric Fourtdirection@efdb.ch Administrative and Extra-Curricular Director Mme Anne-Sophie Ringenbachadministration@efdb.chFinancial DirectorM. G\u00e9rard Bouelecompta@efdb.chSecretariat Elementary Schoolelementaire@efdb.ch \/ +41\u202f(0)61\u202f311\u202f07\u202f30Secretariat Maternellematernelle@efdb.ch [&hellip;]\" \/>\n<meta property=\"og:url\" content=\"https:\/\/www.efdb.ch\/en\/contact-practical-information\/\" \/>\n<meta property=\"og:site_name\" content=\"EFDB\" \/>\n<meta property=\"article:modified_time\" content=\"2026-03-31T12:36:29+00:00\" \/>\n<meta name=\"twitter:card\" content=\"summary_large_image\" \/>\n<meta name=\"twitter:label1\" content=\"Est. reading time\" \/>\n\t<meta name=\"twitter:data1\" content=\"3 minutes\" \/>\n<script type=\"application\/ld+json\" class=\"yoast-schema-graph\">{\"@context\":\"https:\\\/\\\/schema.org\",\"@graph\":[{\"@type\":\"WebPage\",\"@id\":\"https:\\\/\\\/www.efdb.ch\\\/en\\\/contact-practical-information\\\/\",\"url\":\"https:\\\/\\\/www.efdb.ch\\\/en\\\/contact-practical-information\\\/\",\"name\":\"Contact - EFDB\",\"isPartOf\":{\"@id\":\"https:\\\/\\\/www.efdb.ch\\\/en\\\/#website\"},\"datePublished\":\"2018-02-28T15:46:17+00:00\",\"dateModified\":\"2026-03-31T12:36:29+00:00\",\"breadcrumb\":{\"@id\":\"https:\\\/\\\/www.efdb.ch\\\/en\\\/contact-practical-information\\\/#breadcrumb\"},\"inLanguage\":\"en-US\",\"potentialAction\":[{\"@type\":\"ReadAction\",\"target\":[\"https:\\\/\\\/www.efdb.ch\\\/en\\\/contact-practical-information\\\/\"]}]},{\"@type\":\"BreadcrumbList\",\"@id\":\"https:\\\/\\\/www.efdb.ch\\\/en\\\/contact-practical-information\\\/#breadcrumb\",\"itemListElement\":[{\"@type\":\"ListItem\",\"position\":1,\"name\":\"Accueil\",\"item\":\"https:\\\/\\\/www.efdb.ch\\\/en\\\/\"},{\"@type\":\"ListItem\",\"position\":2,\"name\":\"Contact\"}]},{\"@type\":\"WebSite\",\"@id\":\"https:\\\/\\\/www.efdb.ch\\\/en\\\/#website\",\"url\":\"https:\\\/\\\/www.efdb.ch\\\/en\\\/\",\"name\":\"EFDB\",\"description\":\"\u00c9cole fran\u00e7aise de B\u00e2le\",\"potentialAction\":[{\"@type\":\"SearchAction\",\"target\":{\"@type\":\"EntryPoint\",\"urlTemplate\":\"https:\\\/\\\/www.efdb.ch\\\/en\\\/?s={search_term_string}\"},\"query-input\":{\"@type\":\"PropertyValueSpecification\",\"valueRequired\":true,\"valueName\":\"search_term_string\"}}],\"inLanguage\":\"en-US\"}]}<\/script>\n<!-- \/ Yoast SEO plugin. -->","yoast_head_json":{"title":"Contact - EFDB","robots":{"index":"index","follow":"follow","max-snippet":"max-snippet:-1","max-image-preview":"max-image-preview:large","max-video-preview":"max-video-preview:-1"},"canonical":"https:\/\/www.efdb.ch\/en\/contact-practical-information\/","og_locale":"en_US","og_type":"article","og_title":"Contact - EFDB","og_description":"Dornacherstrasse 192 - CH 4053 BaselTram n\u00b016, Tellplatz stopTram n\u00b015, Tellplatz stop or Bruderholzstrasse stopBus No. 36, bus stop Bruderholzstrasse Engelgasse 103 - 4052 BaselTram No. 14, Grellingerstrasse stopTram n\u00b015, Denkmal stopBus No. 37, Hirzbodenweg stop School PrincipalM. Fr\u00e9d\u00e9ric Fourtdirection@efdb.ch Administrative and Extra-Curricular Director Mme Anne-Sophie Ringenbachadministration@efdb.chFinancial DirectorM. G\u00e9rard Bouelecompta@efdb.chSecretariat Elementary Schoolelementaire@efdb.ch \/ +41\u202f(0)61\u202f311\u202f07\u202f30Secretariat Maternellematernelle@efdb.ch [&hellip;]","og_url":"https:\/\/www.efdb.ch\/en\/contact-practical-information\/","og_site_name":"EFDB","article_modified_time":"2026-03-31T12:36:29+00:00","twitter_card":"summary_large_image","twitter_misc":{"Est. reading time":"3 minutes"},"schema":{"@context":"https:\/\/schema.org","@graph":[{"@type":"WebPage","@id":"https:\/\/www.efdb.ch\/en\/contact-practical-information\/","url":"https:\/\/www.efdb.ch\/en\/contact-practical-information\/","name":"Contact - EFDB","isPartOf":{"@id":"https:\/\/www.efdb.ch\/en\/#website"},"datePublished":"2018-02-28T15:46:17+00:00","dateModified":"2026-03-31T12:36:29+00:00","breadcrumb":{"@id":"https:\/\/www.efdb.ch\/en\/contact-practical-information\/#breadcrumb"},"inLanguage":"en-US","potentialAction":[{"@type":"ReadAction","target":["https:\/\/www.efdb.ch\/en\/contact-practical-information\/"]}]},{"@type":"BreadcrumbList","@id":"https:\/\/www.efdb.ch\/en\/contact-practical-information\/#breadcrumb","itemListElement":[{"@type":"ListItem","position":1,"name":"Accueil","item":"https:\/\/www.efdb.ch\/en\/"},{"@type":"ListItem","position":2,"name":"Contact"}]},{"@type":"WebSite","@id":"https:\/\/www.efdb.ch\/en\/#website","url":"https:\/\/www.efdb.ch\/en\/","name":"EFDB","description":"\u00c9cole fran\u00e7aise de B\u00e2le","potentialAction":[{"@type":"SearchAction","target":{"@type":"EntryPoint","urlTemplate":"https:\/\/www.efdb.ch\/en\/?s={search_term_string}"},"query-input":{"@type":"PropertyValueSpecification","valueRequired":true,"valueName":"search_term_string"}}],"inLanguage":"en-US"}]}},"_links":{"self":[{"href":"https:\/\/www.efdb.ch\/en\/wp-json\/wp\/v2\/pages\/2520","targetHints":{"allow":["GET"]}}],"collection":[{"href":"https:\/\/www.efdb.ch\/en\/wp-json\/wp\/v2\/pages"}],"about":[{"href":"https:\/\/www.efdb.ch\/en\/wp-json\/wp\/v2\/types\/page"}],"author":[{"embeddable":true,"href":"https:\/\/www.efdb.ch\/en\/wp-json\/wp\/v2\/users\/1"}],"replies":[{"embeddable":true,"href":"https:\/\/www.efdb.ch\/en\/wp-json\/wp\/v2\/comments?post=2520"}],"version-history":[{"count":54,"href":"https:\/\/www.efdb.ch\/en\/wp-json\/wp\/v2\/pages\/2520\/revisions"}],"predecessor-version":[{"id":23131,"href":"https:\/\/www.efdb.ch\/en\/wp-json\/wp\/v2\/pages\/2520\/revisions\/23131"}],"wp:attachment":[{"href":"https:\/\/www.efdb.ch\/en\/wp-json\/wp\/v2\/media?parent=2520"}],"curies":[{"name":"wp","href":"https:\/\/api.w.org\/{rel}","templated":true}]}}