{"id":15984,"date":"2022-11-21T16:10:49","date_gmt":"2022-11-21T14:10:49","guid":{"rendered":"https:\/\/www.efdb.ch\/?page_id=15984"},"modified":"2025-12-17T18:53:17","modified_gmt":"2025-12-17T16:53:17","slug":"schedules","status":"publish","type":"page","link":"https:\/\/www.efdb.ch\/en\/schedules\/","title":{"rendered":"Schedules"},"content":{"rendered":"<p>[et_pb_section fb_built=&#8221;1&#8243; admin_label=&#8221;section&#8221; _builder_version=&#8221;4.16&#8243; global_colors_info=&#8221;{}&#8221;][et_pb_row _builder_version=&#8221;4.17.6&#8243; _module_preset=&#8221;default&#8221; global_colors_info=&#8221;{}&#8221;][et_pb_column type=&#8221;4_4&#8243; _builder_version=&#8221;4.17.6&#8243; _module_preset=&#8221;default&#8221; global_colors_info=&#8221;{}&#8221;][et_pb_text _builder_version=&#8221;4.19.0&#8243; _module_preset=&#8221;default&#8221; global_colors_info=&#8221;{}&#8221;]<\/p><h1>Schedules<\/h1><p>[\/et_pb_text][\/et_pb_column][\/et_pb_row][et_pb_row admin_label=&#8221;row&#8221; _builder_version=&#8221;4.16&#8243; background_size=&#8221;initial&#8221; background_position=&#8221;top_left&#8221; background_repeat=&#8221;repeat&#8221; global_colors_info=&#8221;{}&#8221;][et_pb_column type=&#8221;4_4&#8243; _builder_version=&#8221;4.16&#8243; custom_padding=&#8221;|||&#8221; global_colors_info=&#8221;{}&#8221; custom_padding__hover=&#8221;|||&#8221;][et_pb_text admin_label=&#8221;Text&#8221; _builder_version=&#8221;4.27.4&#8243; background_size=&#8221;initial&#8221; background_position=&#8221;top_left&#8221; background_repeat=&#8221;repeat&#8221; hover_enabled=&#8221;0&#8243; global_colors_info=&#8221;{}&#8221; sticky_enabled=&#8221;0&#8243;]<\/p><ul><li style=\"list-style-type: none;\"><ul><li><a href=\"https:\/\/www.efdb.ch\/wp-content\/uploads\/2025\/07\/Emploi-du-temps-PS-2025-2026-2.pdf\" rel=\"attachment wp-att-22200\">Schedule &#8220;Petite Section&#8221; 2025-2026<\/a><\/li><li><a href=\"https:\/\/www.efdb.ch\/wp-content\/uploads\/2025\/07\/emploi-du-temps-MS-25-26.pdf\" rel=\"attachment wp-att-22196\">Schedule &#8220;Moyenne Section&#8221; 2025-2026<\/a><\/li><li><a href=\"https:\/\/www.efdb.ch\/wp-content\/uploads\/2025\/12\/Emploi-du-temps-2025-2026-GS.pdf\" rel=\"attachment wp-att-22670\">Schedule &#8220;Grande Section&#8221; 2025-2026\u00a0<\/a><\/li><li><a href=\"https:\/\/www.efdb.ch\/wp-content\/uploads\/2025\/07\/Emploi-du-temps-CP-2025-2026-.pdf\" rel=\"attachment wp-att-22124\">Schedule CP (1st grade) 2025-2026<\/a><\/li><li><a href=\"https:\/\/www.efdb.ch\/wp-content\/uploads\/2025\/07\/Emploi-du-temps-CE1-2025-2026-.pdf\" rel=\"attachment wp-att-22112\">Schedule CE1 (2nd grade) 2025-2026<\/a><\/li><li><a href=\"https:\/\/www.efdb.ch\/wp-content\/uploads\/2025\/07\/Emploi-du-temps-CE2-2025-2026-.pdf\" rel=\"attachment wp-att-22115\">Schedule CE2 (3rd grade) 2025-2026<\/a><\/li><li><a href=\"https:\/\/www.efdb.ch\/wp-content\/uploads\/2025\/07\/Emploi-du-temps-CM1-2025-2026-.pdf\" rel=\"attachment wp-att-22118\">Schedule CM1 (4th grade) 2025-2026<\/a><\/li><li><a href=\"https:\/\/www.efdb.ch\/wp-content\/uploads\/2025\/07\/Emploi-du-temps-CM2-2025-2026-.pdf\" rel=\"attachment wp-att-22121\">Schedule CM2 (5th grade) 2025-2026<\/a><\/li><li><a href=\"https:\/\/www.efdb.ch\/wp-content\/uploads\/2025\/07\/Emploi-du-temps-6eme-2025-2026-.pdf\" rel=\"attachment wp-att-22109\">Schedule 6\u00e8me (6th grade) 2025-2026<\/a><\/li><\/ul><\/li><\/ul><p><\/p><p>&nbsp;<\/p><p>[\/et_pb_text][\/et_pb_column][\/et_pb_row][\/et_pb_section]<\/p>","protected":false},"excerpt":{"rendered":"<p>SchedulesSchedule &#8220;Petite Section&#8221; 2025-2026Schedule &#8220;Moyenne Section&#8221; 2025-2026Schedule &#8220;Grande Section&#8221; 2025-2026\u00a0Schedule CP (1st grade) 2025-2026Schedule CE1 (2nd grade) 2025-2026Schedule CE2 (3rd grade) 2025-2026Schedule CM1 (4th grade) 2025-2026Schedule CM2 (5th grade) 2025-2026Schedule 6\u00e8me (6th grade) 2025-2026&nbsp;<\/p>\n","protected":false},"author":1,"featured_media":0,"parent":0,"menu_order":0,"comment_status":"closed","ping_status":"closed","template":"","meta":{"_et_pb_use_builder":"on","_et_pb_old_content":"","_et_gb_content_width":"","footnotes":""},"class_list":["post-15984","page","type-page","status-publish","hentry"],"yoast_head":"<!-- This site is optimized with the Yoast SEO plugin v27.4 - https:\/\/yoast.com\/product\/yoast-seo-wordpress\/ -->\n<title>Schedules - EFDB<\/title>\n<meta name=\"robots\" content=\"index, follow, max-snippet:-1, max-image-preview:large, max-video-preview:-1\" \/>\n<link rel=\"canonical\" href=\"https:\/\/www.efdb.ch\/en\/schedules\/\" \/>\n<meta property=\"og:locale\" content=\"en_US\" \/>\n<meta property=\"og:type\" content=\"article\" \/>\n<meta property=\"og:title\" content=\"Schedules - EFDB\" \/>\n<meta property=\"og:description\" content=\"SchedulesSchedule &quot;Petite Section&quot; 2025-2026Schedule &quot;Moyenne Section&quot; 2025-2026Schedule &quot;Grande Section&quot; 2025-2026\u00a0Schedule CP (1st grade) 2025-2026Schedule CE1 (2nd grade) 2025-2026Schedule CE2 (3rd grade) 2025-2026Schedule CM1 (4th grade) 2025-2026Schedule CM2 (5th grade) 2025-2026Schedule 6\u00e8me (6th grade) 2025-2026&nbsp;\" \/>\n<meta property=\"og:url\" content=\"https:\/\/www.efdb.ch\/en\/schedules\/\" \/>\n<meta property=\"og:site_name\" content=\"EFDB\" \/>\n<meta property=\"article:modified_time\" content=\"2025-12-17T16:53:17+00:00\" \/>\n<meta name=\"twitter:card\" content=\"summary_large_image\" \/>\n<meta name=\"twitter:label1\" content=\"Est. reading time\" \/>\n\t<meta name=\"twitter:data1\" content=\"1 minute\" \/>\n<script type=\"application\/ld+json\" class=\"yoast-schema-graph\">{\"@context\":\"https:\\\/\\\/schema.org\",\"@graph\":[{\"@type\":\"WebPage\",\"@id\":\"https:\\\/\\\/www.efdb.ch\\\/en\\\/schedules\\\/\",\"url\":\"https:\\\/\\\/www.efdb.ch\\\/en\\\/schedules\\\/\",\"name\":\"Schedules - EFDB\",\"isPartOf\":{\"@id\":\"https:\\\/\\\/www.efdb.ch\\\/en\\\/#website\"},\"datePublished\":\"2022-11-21T14:10:49+00:00\",\"dateModified\":\"2025-12-17T16:53:17+00:00\",\"breadcrumb\":{\"@id\":\"https:\\\/\\\/www.efdb.ch\\\/en\\\/schedules\\\/#breadcrumb\"},\"inLanguage\":\"en-US\",\"potentialAction\":[{\"@type\":\"ReadAction\",\"target\":[\"https:\\\/\\\/www.efdb.ch\\\/en\\\/schedules\\\/\"]}]},{\"@type\":\"BreadcrumbList\",\"@id\":\"https:\\\/\\\/www.efdb.ch\\\/en\\\/schedules\\\/#breadcrumb\",\"itemListElement\":[{\"@type\":\"ListItem\",\"position\":1,\"name\":\"Accueil\",\"item\":\"https:\\\/\\\/www.efdb.ch\\\/en\\\/\"},{\"@type\":\"ListItem\",\"position\":2,\"name\":\"Schedules\"}]},{\"@type\":\"WebSite\",\"@id\":\"https:\\\/\\\/www.efdb.ch\\\/en\\\/#website\",\"url\":\"https:\\\/\\\/www.efdb.ch\\\/en\\\/\",\"name\":\"EFDB\",\"description\":\"\u00c9cole fran\u00e7aise de B\u00e2le\",\"potentialAction\":[{\"@type\":\"SearchAction\",\"target\":{\"@type\":\"EntryPoint\",\"urlTemplate\":\"https:\\\/\\\/www.efdb.ch\\\/en\\\/?s={search_term_string}\"},\"query-input\":{\"@type\":\"PropertyValueSpecification\",\"valueRequired\":true,\"valueName\":\"search_term_string\"}}],\"inLanguage\":\"en-US\"}]}<\/script>\n<!-- \/ Yoast SEO plugin. -->","yoast_head_json":{"title":"Schedules - EFDB","robots":{"index":"index","follow":"follow","max-snippet":"max-snippet:-1","max-image-preview":"max-image-preview:large","max-video-preview":"max-video-preview:-1"},"canonical":"https:\/\/www.efdb.ch\/en\/schedules\/","og_locale":"en_US","og_type":"article","og_title":"Schedules - EFDB","og_description":"SchedulesSchedule \"Petite Section\" 2025-2026Schedule \"Moyenne Section\" 2025-2026Schedule \"Grande Section\" 2025-2026\u00a0Schedule CP (1st grade) 2025-2026Schedule CE1 (2nd grade) 2025-2026Schedule CE2 (3rd grade) 2025-2026Schedule CM1 (4th grade) 2025-2026Schedule CM2 (5th grade) 2025-2026Schedule 6\u00e8me (6th grade) 2025-2026&nbsp;","og_url":"https:\/\/www.efdb.ch\/en\/schedules\/","og_site_name":"EFDB","article_modified_time":"2025-12-17T16:53:17+00:00","twitter_card":"summary_large_image","twitter_misc":{"Est. reading time":"1 minute"},"schema":{"@context":"https:\/\/schema.org","@graph":[{"@type":"WebPage","@id":"https:\/\/www.efdb.ch\/en\/schedules\/","url":"https:\/\/www.efdb.ch\/en\/schedules\/","name":"Schedules - EFDB","isPartOf":{"@id":"https:\/\/www.efdb.ch\/en\/#website"},"datePublished":"2022-11-21T14:10:49+00:00","dateModified":"2025-12-17T16:53:17+00:00","breadcrumb":{"@id":"https:\/\/www.efdb.ch\/en\/schedules\/#breadcrumb"},"inLanguage":"en-US","potentialAction":[{"@type":"ReadAction","target":["https:\/\/www.efdb.ch\/en\/schedules\/"]}]},{"@type":"BreadcrumbList","@id":"https:\/\/www.efdb.ch\/en\/schedules\/#breadcrumb","itemListElement":[{"@type":"ListItem","position":1,"name":"Accueil","item":"https:\/\/www.efdb.ch\/en\/"},{"@type":"ListItem","position":2,"name":"Schedules"}]},{"@type":"WebSite","@id":"https:\/\/www.efdb.ch\/en\/#website","url":"https:\/\/www.efdb.ch\/en\/","name":"EFDB","description":"\u00c9cole fran\u00e7aise de B\u00e2le","potentialAction":[{"@type":"SearchAction","target":{"@type":"EntryPoint","urlTemplate":"https:\/\/www.efdb.ch\/en\/?s={search_term_string}"},"query-input":{"@type":"PropertyValueSpecification","valueRequired":true,"valueName":"search_term_string"}}],"inLanguage":"en-US"}]}},"_links":{"self":[{"href":"https:\/\/www.efdb.ch\/en\/wp-json\/wp\/v2\/pages\/15984","targetHints":{"allow":["GET"]}}],"collection":[{"href":"https:\/\/www.efdb.ch\/en\/wp-json\/wp\/v2\/pages"}],"about":[{"href":"https:\/\/www.efdb.ch\/en\/wp-json\/wp\/v2\/types\/page"}],"author":[{"embeddable":true,"href":"https:\/\/www.efdb.ch\/en\/wp-json\/wp\/v2\/users\/1"}],"replies":[{"embeddable":true,"href":"https:\/\/www.efdb.ch\/en\/wp-json\/wp\/v2\/comments?post=15984"}],"version-history":[{"count":63,"href":"https:\/\/www.efdb.ch\/en\/wp-json\/wp\/v2\/pages\/15984\/revisions"}],"predecessor-version":[{"id":22737,"href":"https:\/\/www.efdb.ch\/en\/wp-json\/wp\/v2\/pages\/15984\/revisions\/22737"}],"wp:attachment":[{"href":"https:\/\/www.efdb.ch\/en\/wp-json\/wp\/v2\/media?parent=15984"}],"curies":[{"name":"wp","href":"https:\/\/api.w.org\/{rel}","templated":true}]}}