{"id":20140,"date":"2024-07-02T18:30:47","date_gmt":"2024-07-02T16:30:47","guid":{"rendered":"https:\/\/www.efdb.ch\/cambridge-anmeldung\/"},"modified":"2024-07-02T18:30:49","modified_gmt":"2024-07-02T16:30:49","slug":"cambridge-anmeldung","status":"publish","type":"page","link":"https:\/\/www.efdb.ch\/de\/cambridge-anmeldung\/","title":{"rendered":"Cambridge-Anmeldung"},"content":{"rendered":"<script type=\"text\/javascript\">var gform;gform||(document.addEventListener(\"gform_main_scripts_loaded\",function(){gform.scriptsLoaded=!0}),document.addEventListener(\"gform\/theme\/scripts_loaded\",function(){gform.themeScriptsLoaded=!0}),window.addEventListener(\"DOMContentLoaded\",function(){gform.domLoaded=!0}),gform={domLoaded:!1,scriptsLoaded:!1,themeScriptsLoaded:!1,isFormEditor:()=>\"function\"==typeof InitializeEditor,callIfLoaded:function(o){return!(!gform.domLoaded||!gform.scriptsLoaded||!gform.themeScriptsLoaded&&!gform.isFormEditor()||(gform.isFormEditor()&&console.warn(\"The use of gform.initializeOnLoaded() is deprecated in the form editor context and will be removed in Gravity Forms 3.1.\"),o(),0))},initializeOnLoaded:function(o){gform.callIfLoaded(o)||(document.addEventListener(\"gform_main_scripts_loaded\",()=>{gform.scriptsLoaded=!0,gform.callIfLoaded(o)}),document.addEventListener(\"gform\/theme\/scripts_loaded\",()=>{gform.themeScriptsLoaded=!0,gform.callIfLoaded(o)}),window.addEventListener(\"DOMContentLoaded\",()=>{gform.domLoaded=!0,gform.callIfLoaded(o)}))},hooks:{action:{},filter:{}},addAction:function(o,r,e,t){gform.addHook(\"action\",o,r,e,t)},addFilter:function(o,r,e,t){gform.addHook(\"filter\",o,r,e,t)},doAction:function(o){gform.doHook(\"action\",o,arguments)},applyFilters:function(o){return gform.doHook(\"filter\",o,arguments)},removeAction:function(o,r){gform.removeHook(\"action\",o,r)},removeFilter:function(o,r,e){gform.removeHook(\"filter\",o,r,e)},addHook:function(o,r,e,t,n){null==gform.hooks[o][r]&&(gform.hooks[o][r]=[]);var d=gform.hooks[o][r];null==n&&(n=r+\"_\"+d.length),gform.hooks[o][r].push({tag:n,callable:e,priority:t=null==t?10:t})},doHook:function(r,o,e){var t;if(e=Array.prototype.slice.call(e,1),null!=gform.hooks[r][o]&&((o=gform.hooks[r][o]).sort(function(o,r){return o.priority-r.priority}),o.forEach(function(o){\"function\"!=typeof(t=o.callable)&&(t=window[t]),\"action\"==r?t.apply(null,e):e[0]=t.apply(null,e)})),\"filter\"==r)return e[0]},removeHook:function(o,r,t,n){var e;null!=gform.hooks[o][r]&&(e=(e=gform.hooks[o][r]).filter(function(o,r,e){return!!(null!=n&&n!=o.tag||null!=t&&t!=o.priority)}),gform.hooks[o][r]=e)}});<\/script>                <div class='gf_browser_gecko gform_wrapper gform_legacy_markup_wrapper gform-theme--no-framework' data-form-theme='legacy' data-form-index='0' id='gform_wrapper_48' >                        <div class='gform_heading'>                            <h3 class=\"gform_title\">Inscription Cambridge - pre A1 - Movers - Flyers<\/h3>                            <p class='gform_description'><\/p>                        <\/div><form method='post' enctype='multipart\/form-data'  id='gform_48'  action='\/de\/wp-json\/wp\/v2\/pages\/20140' data-formid='48' novalidate>  <input type='hidden' class='gforms-pum' value='{\"closepopup\":false,\"closedelay\":0,\"openpopup\":false,\"openpopup_id\":0}' \/>                        <div class='gform-body gform_body'><ul id='gform_fields_48' class='gform_fields top_label form_sublabel_below description_below validation_below'><li id=\"field_48_2\" class=\"gfield gfield--type-name gfield--input-type-name gfield_contains_required field_sublabel_below gfield--no-description field_description_below field_validation_below gfield_visibility_visible\"  data-js-reload=\"field_48_2\" ><label class='gfield_label gform-field-label gfield_label_before_complex' >Je soussign\u00e9(e)<span class=\"gfield_required\"><span class=\"gfield_required gfield_required_asterisk\">*<\/span><\/span><\/label><div class='ginput_complex ginput_container ginput_container--name no_prefix has_first_name no_middle_name has_last_name no_suffix gf_name_has_2 ginput_container_name gform-grid-row' id='input_48_2'>                                                        <span id='input_48_2_3_container' class='name_first gform-grid-col gform-grid-col--size-auto' >                                                    <input type='text' name='input_2.3' id='input_48_2_3' value=''   aria-required='true'     \/>                                                    <label for='input_48_2_3' class='gform-field-label gform-field-label--type-sub '>Vorname<\/label>                                                <\/span>                                                        <span id='input_48_2_6_container' class='name_last gform-grid-col gform-grid-col--size-auto' >                                                    <input type='text' name='input_2.6' id='input_48_2_6' value=''   aria-required='true'     \/>                                                    <label for='input_48_2_6' class='gform-field-label gform-field-label--type-sub '>Nachname<\/label>                                                <\/span>                                                    <\/div><\/li><li id=\"field_48_8\" class=\"gfield gfield--type-email gfield--input-type-email field_sublabel_below gfield--no-description field_description_below field_validation_below gfield_visibility_visible\"  data-js-reload=\"field_48_8\" ><label class='gfield_label gform-field-label' for='input_48_8'>E-mail<\/label><div class='ginput_container ginput_container_email'>                            <input name='input_8' id='input_48_8' type='email' value='' class='medium'     aria-invalid=\"false\"  \/>                        <\/div><\/li><li id=\"field_48_3\" class=\"gfield gfield--type-name gfield--input-type-name gfield_contains_required field_sublabel_below gfield--no-description field_description_below field_validation_below gfield_visibility_visible\"  data-js-reload=\"field_48_3\" ><label class='gfield_label gform-field-label gfield_label_before_complex' >responsable l\u00e9gal de l&#039;enfant<span class=\"gfield_required\"><span class=\"gfield_required gfield_required_asterisk\">*<\/span><\/span><\/label><div class='ginput_complex ginput_container ginput_container--name no_prefix has_first_name no_middle_name has_last_name no_suffix gf_name_has_2 ginput_container_name gform-grid-row' id='input_48_3'>                                                        <span id='input_48_3_3_container' class='name_first gform-grid-col gform-grid-col--size-auto' >                                                    <input type='text' name='input_3.3' id='input_48_3_3' value=''   aria-required='true'     \/>                                                    <label for='input_48_3_3' class='gform-field-label gform-field-label--type-sub '>Vorname<\/label>                                                <\/span>                                                        <span id='input_48_3_6_container' class='name_last gform-grid-col gform-grid-col--size-auto' >                                                    <input type='text' name='input_3.6' id='input_48_3_6' value=''   aria-required='true'     \/>                                                    <label for='input_48_3_6' class='gform-field-label gform-field-label--type-sub '>Nachname<\/label>                                                <\/span>                                                    <\/div><\/li><li id=\"field_48_6\" class=\"gfield gfield--type-date gfield--input-type-date gfield--input-type-datepicker gfield--datepicker-no-icon gfield_contains_required field_sublabel_below gfield--no-description field_description_below field_validation_below gfield_visibility_visible\"  data-js-reload=\"field_48_6\" ><label class='gfield_label gform-field-label' for='input_48_6'>Date de naissance<span class=\"gfield_required\"><span class=\"gfield_required gfield_required_asterisk\">*<\/span><\/span><\/label><div class='ginput_container ginput_container_date'>                            <input name='input_6' id='input_48_6' type='text' value='' class='datepicker gform-datepicker dmy datepicker_no_icon gdatepicker-no-icon'   placeholder='dd\/mm\/yyyy' aria-describedby=\"input_48_6_date_format\" aria-invalid=\"false\" aria-required=\"true\"\/>                            <span id='input_48_6_date_format' class='screen-reader-text'>TT Schr\u00e4gstrich MM Schr\u00e4gstrich JJJJ<\/span>                        <\/div>                        <input type='hidden' id='gforms_calendar_icon_input_48_6' class='gform_hidden' value='https:\/\/www.efdb.ch\/wp-content\/plugins\/gravityforms\/images\/datepicker\/datepicker.svg'\/><\/li><li id=\"field_48_4\" class=\"gfield gfield--type-section gfield--input-type-section gsection field_sublabel_below gfield--no-description field_description_below field_validation_below gfield_visibility_visible\"  data-js-reload=\"field_48_4\" ><h2 class=\"gsection_title\">d\u00e9clare avoir \u00e9t\u00e9 inform\u00e9(e) des modalit\u00e9s de passation de l&#039;examen Cambridge. J&#039;accepte d&#039;inscrire mon enfant susnomm\u00e9(e) \u00e0 cet examen et de r\u00e9gler les frais d&#039;inscription \u00e0 l&#039;Ecole Fran\u00e7aise de B\u00e2le.<\/h2><\/li><li id=\"field_48_5\" class=\"gfield gfield--type-radio gfield--type-choice gfield--input-type-radio gfield_contains_required field_sublabel_below gfield--no-description field_description_below field_validation_below gfield_visibility_visible\"  data-js-reload=\"field_48_5\" ><label class='gfield_label gform-field-label' >Mon enfant se pr\u00e9sentera \u00e0 l&#039;examen:<span class=\"gfield_required\"><span class=\"gfield_required gfield_required_asterisk\">*<\/span><\/span><\/label><div class='ginput_container ginput_container_radio'><ul class='gfield_radio' id='input_48_5'>\t\t\t<li class='gchoice gchoice_48_5_0'>\t\t\t\t<input name='input_5' type='radio' value='Pre A1'  id='choice_48_5_0'    \/>\t\t\t\t<label for='choice_48_5_0' id='label_48_5_0' class='gform-field-label gform-field-label--type-inline'>Pre A1<\/label>\t\t\t<\/li>\t\t\t<li class='gchoice gchoice_48_5_1'>\t\t\t\t<input name='input_5' type='radio' value='A1 Movers'  id='choice_48_5_1'    \/>\t\t\t\t<label for='choice_48_5_1' id='label_48_5_1' class='gform-field-label gform-field-label--type-inline'>A1 Movers<\/label>\t\t\t<\/li>\t\t\t<li class='gchoice gchoice_48_5_2'>\t\t\t\t<input name='input_5' type='radio' value='A2 Flyers'  id='choice_48_5_2'    \/>\t\t\t\t<label for='choice_48_5_2' id='label_48_5_2' class='gform-field-label gform-field-label--type-inline'>A2 Flyers<\/label>\t\t\t<\/li>\t\t\t<li class='gchoice gchoice_48_5_3'>\t\t\t\t<input name='input_5' type='radio' value='Mon enfant ne pr\u00e9sentera pas d&#039;examen cette ann\u00e9e.'  id='choice_48_5_3'    \/>\t\t\t\t<label for='choice_48_5_3' id='label_48_5_3' class='gform-field-label gform-field-label--type-inline'>Mon enfant ne pr\u00e9sentera pas d'examen cette ann\u00e9e.<\/label>\t\t\t<\/li><\/ul><\/div><\/li><li id=\"field_48_7\" class=\"gfield gfield--type-consent gfield--type-choice gfield--input-type-consent gfield_contains_required field_sublabel_below gfield--no-description field_description_below field_validation_below gfield_visibility_visible\"  data-js-reload=\"field_48_7\" ><label class='gfield_label gform-field-label gfield_label_before_complex' >Signature<span class=\"gfield_required\"><span class=\"gfield_required gfield_required_asterisk\">*<\/span><\/span><\/label><div class='ginput_container ginput_container_consent'><input name='input_7.1' id='input_48_7_1' type='checkbox' value='1'   aria-required=\"true\" aria-invalid=\"false\"   \/> <label class=\"gform-field-label gform-field-label--type-inline gfield_consent_label\" for='input_48_7_1' >En cochant cette case, je certifie de l'exactitude des renseignements fournis et je signe ce formulaire de mani\u00e8re \u00e9lectronique.<\/label><input type='hidden' name='input_7.2' value='En cochant cette case, je certifie de l&#039;exactitude des renseignements fournis et je signe ce formulaire de mani\u00e8re \u00e9lectronique.' class='gform_hidden' \/><input type='hidden' name='input_7.3' value='41' class='gform_hidden' \/><\/div><\/li><\/ul><\/div>        <div class='gform-footer gform_footer top_label'> <input type='submit' id='gform_submit_button_48' class='gform_button button' onclick='gform.submission.handleButtonClick(this);' value='Envoyer'  \/>             <input type='hidden' class='gform_hidden' name='gform_submission_method' data-js='gform_submission_method_48' value='postback' \/>            <input type='hidden' class='gform_hidden' name='gform_theme' data-js='gform_theme_48' id='gform_theme_48' value='legacy' \/>            <input type='hidden' class='gform_hidden' name='gform_style_settings' data-js='gform_style_settings_48' id='gform_style_settings_48' value='' \/>            <input type='hidden' class='gform_hidden' name='is_submit_48' value='1' \/>            <input type='hidden' class='gform_hidden' name='gform_submit' value='48' \/>                        <input type='hidden' class='gform_hidden' name='gform_unique_id' value='' \/>            <input type='hidden' class='gform_hidden' name='state_48' value='WyJ7XCI3LjFcIjpcIjI3MzUzMjQ1YTNkM2ViNjc1NGFhYTNiNWM4ZDEwY2VmXCIsXCI3LjJcIjpcIjRlMjc0NGM2NzY4MTQ5NzZlMDhkYzcwNmEyMzBjNmQ1XCIsXCI3LjNcIjpcIjI0YjhlM2Q3MzQ4ODYzZTlhODE4OGQyYmNkNWI5MmYwXCJ9IiwiZmFmNmNlMThjMzlmMDc3ZTY3OGY4NWM3NmE0OTA3MTkiXQ==' \/>            <input type='hidden' autocomplete='off' class='gform_hidden' name='gform_target_page_number_48' id='gform_target_page_number_48' value='0' \/>            <input type='hidden' autocomplete='off' class='gform_hidden' name='gform_source_page_number_48' id='gform_source_page_number_48' value='1' \/>            <input type='hidden' name='gform_field_values' value='' \/>                    <\/div>                        <p style=\"display: none !important;\" class=\"akismet-fields-container\" data-prefix=\"ak_\"><label>&#916;<textarea name=\"ak_hp_textarea\" cols=\"45\" rows=\"8\" maxlength=\"100\"><\/textarea><\/label><input type=\"hidden\" id=\"ak_js_1\" name=\"ak_js\" value=\"128\"\/><script type=\"text\/javascript\">\/* <![CDATA[ *\/document.getElementById( \"ak_js_1\" ).setAttribute( \"value\", ( new Date() ).getTime() );\/* ]]> *\/<\/script><\/p><\/form>                        <\/div><script type=\"text\/javascript\">\/* <![CDATA[ *\/ gform.initializeOnLoaded( function() {gformInitSpinner( 48, 'https:\/\/www.efdb.ch\/wp-content\/plugins\/gravityforms\/images\/spinner.svg', true );jQuery('#gform_ajax_frame_48').on('load',function(){var contents = jQuery(this).contents().find('*').html();var is_postback = contents.indexOf('GF_AJAX_POSTBACK') >= 0;if(!is_postback){return;}var form_content = jQuery(this).contents().find('#gform_wrapper_48');var is_confirmation = jQuery(this).contents().find('#gform_confirmation_wrapper_48').length > 0;var is_redirect = contents.indexOf('gformRedirect(){') >= 0;var is_form = form_content.length > 0 && ! is_redirect && ! is_confirmation;var mt = parseInt(jQuery('html').css('margin-top'), 10) + parseInt(jQuery('body').css('margin-top'), 10) + 100;if(is_form){jQuery('#gform_wrapper_48').html(form_content.html());if(form_content.hasClass('gform_validation_error')){jQuery('#gform_wrapper_48').addClass('gform_validation_error');} else {jQuery('#gform_wrapper_48').removeClass('gform_validation_error');}setTimeout( function() { \/* delay the scroll by 50 milliseconds to fix a bug in chrome *\/  }, 50 );if(window['gformInitDatepicker']) {gformInitDatepicker();}if(window['gformInitPriceFields']) {gformInitPriceFields();}var current_page = jQuery('#gform_source_page_number_48').val();gformInitSpinner( 48, 'https:\/\/www.efdb.ch\/wp-content\/plugins\/gravityforms\/images\/spinner.svg', true );jQuery(document).trigger('gform_page_loaded', [48, current_page]);window['gf_submitting_48'] = false;}else if(!is_redirect){var confirmation_content = jQuery(this).contents().find('.GF_AJAX_POSTBACK').html();if(!confirmation_content){confirmation_content = contents;}jQuery('#gform_wrapper_48').replaceWith(confirmation_content);jQuery(document).trigger('gform_confirmation_loaded', [48]);window['gf_submitting_48'] = false;wp.a11y.speak(jQuery('#gform_confirmation_message_48').text());}else{jQuery('#gform_48').append(contents);if(window['gformRedirect']) {gformRedirect();}}jQuery(document).trigger(\"gform_pre_post_render\", [{ formId: \"48\", currentPage: \"current_page\", abort: function() { this.preventDefault(); } }]);                if (event && event.defaultPrevented) {                return;         }        const gformWrapperDiv = document.getElementById( \"gform_wrapper_48\" );        if ( gformWrapperDiv ) {            const visibilitySpan = document.createElement( \"span\" );            visibilitySpan.id = \"gform_visibility_test_48\";            gformWrapperDiv.insertAdjacentElement( \"afterend\", visibilitySpan );        }        const visibilityTestDiv = document.getElementById( \"gform_visibility_test_48\" );        let postRenderFired = false;                function triggerPostRender() {            if ( postRenderFired ) {                return;            }            postRenderFired = true;            jQuery( document ).trigger( 'gform_post_render', [48, current_page] );            gform.utils.trigger( { event: 'gform\/postRender', native: false, data: { formId: 48, currentPage: current_page } } );            gform.utils.trigger( { event: 'gform\/post_render', native: false, data: { formId: 48, currentPage: current_page } } );            if ( visibilityTestDiv ) {                visibilityTestDiv.parentNode.removeChild( visibilityTestDiv );            }        }        function debounce( func, wait, immediate ) {            var timeout;            return function() {                var context = this, args = arguments;                var later = function() {                    timeout = null;                    if ( !immediate ) func.apply( context, args );                };                var callNow = immediate && !timeout;                clearTimeout( timeout );                timeout = setTimeout( later, wait );                if ( callNow ) func.apply( context, args );            };        }        const debouncedTriggerPostRender = debounce( function() {            triggerPostRender();        }, 200 );        if ( visibilityTestDiv && visibilityTestDiv.offsetParent === null ) {            const observer = new MutationObserver( ( mutations ) => {                mutations.forEach( ( mutation ) => {                    if ( mutation.type === 'attributes' && visibilityTestDiv.offsetParent !== null ) {                        debouncedTriggerPostRender();                        observer.disconnect();                    }                });            });            observer.observe( document.body, {                attributes: true,                childList: false,                subtree: true,                attributeFilter: [ 'style', 'class' ],            });        } else {            triggerPostRender();        }    } );} ); \/* ]]> *\/<\/script>","protected":false},"excerpt":{"rendered":"","protected":false},"author":3,"featured_media":0,"parent":0,"menu_order":0,"comment_status":"closed","ping_status":"closed","template":"","meta":{"_et_pb_use_builder":"","_et_pb_old_content":"","_et_gb_content_width":"","footnotes":""},"class_list":["post-20140","page","type-page","status-publish","hentry"],"yoast_head":"<!-- This site is optimized with the Yoast SEO plugin v27.4 - https:\/\/yoast.com\/product\/yoast-seo-wordpress\/ -->\n<title>Cambridge-Anmeldung - EFDB<\/title>\n<meta name=\"robots\" content=\"index, follow, max-snippet:-1, max-image-preview:large, max-video-preview:-1\" \/>\n<link rel=\"canonical\" href=\"https:\/\/www.efdb.ch\/de\/cambridge-anmeldung\/\" \/>\n<meta property=\"og:locale\" content=\"de_DE\" \/>\n<meta property=\"og:type\" content=\"article\" \/>\n<meta property=\"og:title\" content=\"Cambridge-Anmeldung - EFDB\" \/>\n<meta property=\"og:url\" content=\"https:\/\/www.efdb.ch\/de\/cambridge-anmeldung\/\" \/>\n<meta property=\"og:site_name\" content=\"EFDB\" \/>\n<meta property=\"article:modified_time\" content=\"2024-07-02T16:30:49+00:00\" \/>\n<meta name=\"twitter:card\" content=\"summary_large_image\" \/>\n<script type=\"application\/ld+json\" class=\"yoast-schema-graph\">{\"@context\":\"https:\\\/\\\/schema.org\",\"@graph\":[{\"@type\":\"WebPage\",\"@id\":\"https:\\\/\\\/www.efdb.ch\\\/de\\\/cambridge-anmeldung\\\/\",\"url\":\"https:\\\/\\\/www.efdb.ch\\\/de\\\/cambridge-anmeldung\\\/\",\"name\":\"Cambridge-Anmeldung - EFDB\",\"isPartOf\":{\"@id\":\"https:\\\/\\\/www.efdb.ch\\\/de\\\/#website\"},\"datePublished\":\"2024-07-02T16:30:47+00:00\",\"dateModified\":\"2024-07-02T16:30:49+00:00\",\"breadcrumb\":{\"@id\":\"https:\\\/\\\/www.efdb.ch\\\/de\\\/cambridge-anmeldung\\\/#breadcrumb\"},\"inLanguage\":\"de\",\"potentialAction\":[{\"@type\":\"ReadAction\",\"target\":[\"https:\\\/\\\/www.efdb.ch\\\/de\\\/cambridge-anmeldung\\\/\"]}]},{\"@type\":\"BreadcrumbList\",\"@id\":\"https:\\\/\\\/www.efdb.ch\\\/de\\\/cambridge-anmeldung\\\/#breadcrumb\",\"itemListElement\":[{\"@type\":\"ListItem\",\"position\":1,\"name\":\"Accueil\",\"item\":\"https:\\\/\\\/www.efdb.ch\\\/de\\\/\"},{\"@type\":\"ListItem\",\"position\":2,\"name\":\"Cambridge-Anmeldung\"}]},{\"@type\":\"WebSite\",\"@id\":\"https:\\\/\\\/www.efdb.ch\\\/de\\\/#website\",\"url\":\"https:\\\/\\\/www.efdb.ch\\\/de\\\/\",\"name\":\"EFDB\",\"description\":\"\u00c9cole fran\u00e7aise de B\u00e2le\",\"potentialAction\":[{\"@type\":\"SearchAction\",\"target\":{\"@type\":\"EntryPoint\",\"urlTemplate\":\"https:\\\/\\\/www.efdb.ch\\\/de\\\/?s={search_term_string}\"},\"query-input\":{\"@type\":\"PropertyValueSpecification\",\"valueRequired\":true,\"valueName\":\"search_term_string\"}}],\"inLanguage\":\"de\"}]}<\/script>\n<!-- \/ Yoast SEO plugin. -->","yoast_head_json":{"title":"Cambridge-Anmeldung - EFDB","robots":{"index":"index","follow":"follow","max-snippet":"max-snippet:-1","max-image-preview":"max-image-preview:large","max-video-preview":"max-video-preview:-1"},"canonical":"https:\/\/www.efdb.ch\/de\/cambridge-anmeldung\/","og_locale":"de_DE","og_type":"article","og_title":"Cambridge-Anmeldung - EFDB","og_url":"https:\/\/www.efdb.ch\/de\/cambridge-anmeldung\/","og_site_name":"EFDB","article_modified_time":"2024-07-02T16:30:49+00:00","twitter_card":"summary_large_image","schema":{"@context":"https:\/\/schema.org","@graph":[{"@type":"WebPage","@id":"https:\/\/www.efdb.ch\/de\/cambridge-anmeldung\/","url":"https:\/\/www.efdb.ch\/de\/cambridge-anmeldung\/","name":"Cambridge-Anmeldung - EFDB","isPartOf":{"@id":"https:\/\/www.efdb.ch\/de\/#website"},"datePublished":"2024-07-02T16:30:47+00:00","dateModified":"2024-07-02T16:30:49+00:00","breadcrumb":{"@id":"https:\/\/www.efdb.ch\/de\/cambridge-anmeldung\/#breadcrumb"},"inLanguage":"de","potentialAction":[{"@type":"ReadAction","target":["https:\/\/www.efdb.ch\/de\/cambridge-anmeldung\/"]}]},{"@type":"BreadcrumbList","@id":"https:\/\/www.efdb.ch\/de\/cambridge-anmeldung\/#breadcrumb","itemListElement":[{"@type":"ListItem","position":1,"name":"Accueil","item":"https:\/\/www.efdb.ch\/de\/"},{"@type":"ListItem","position":2,"name":"Cambridge-Anmeldung"}]},{"@type":"WebSite","@id":"https:\/\/www.efdb.ch\/de\/#website","url":"https:\/\/www.efdb.ch\/de\/","name":"EFDB","description":"\u00c9cole fran\u00e7aise de B\u00e2le","potentialAction":[{"@type":"SearchAction","target":{"@type":"EntryPoint","urlTemplate":"https:\/\/www.efdb.ch\/de\/?s={search_term_string}"},"query-input":{"@type":"PropertyValueSpecification","valueRequired":true,"valueName":"search_term_string"}}],"inLanguage":"de"}]}},"_links":{"self":[{"href":"https:\/\/www.efdb.ch\/de\/wp-json\/wp\/v2\/pages\/20140","targetHints":{"allow":["GET"]}}],"collection":[{"href":"https:\/\/www.efdb.ch\/de\/wp-json\/wp\/v2\/pages"}],"about":[{"href":"https:\/\/www.efdb.ch\/de\/wp-json\/wp\/v2\/types\/page"}],"author":[{"embeddable":true,"href":"https:\/\/www.efdb.ch\/de\/wp-json\/wp\/v2\/users\/3"}],"replies":[{"embeddable":true,"href":"https:\/\/www.efdb.ch\/de\/wp-json\/wp\/v2\/comments?post=20140"}],"version-history":[{"count":1,"href":"https:\/\/www.efdb.ch\/de\/wp-json\/wp\/v2\/pages\/20140\/revisions"}],"predecessor-version":[{"id":20141,"href":"https:\/\/www.efdb.ch\/de\/wp-json\/wp\/v2\/pages\/20140\/revisions\/20141"}],"wp:attachment":[{"href":"https:\/\/www.efdb.ch\/de\/wp-json\/wp\/v2\/media?parent=20140"}],"curies":[{"name":"wp","href":"https:\/\/api.w.org\/{rel}","templated":true}]}}