{"id":20136,"date":"2024-07-02T18:28:55","date_gmt":"2024-07-02T16:28:55","guid":{"rendered":"https:\/\/www.efdb.ch\/inscription-periscolaire-2023-24\/"},"modified":"2024-07-02T18:28:57","modified_gmt":"2024-07-02T16:28:57","slug":"inscription-periscolaire-2023-24","status":"publish","type":"page","link":"https:\/\/www.efdb.ch\/de\/inscription-periscolaire-2023-24\/","title":{"rendered":"Inscription p\u00e9riscolaire 2023-24"},"content":{"rendered":"<p>Les inscriptions aux activit\u00e9s p\u00e9riscolaires en ligne ont \u00e9t\u00e9 cl\u00f4tur\u00e9es le 24 Juin 2023. Vous devez maintenant vous adresser directement au secr\u00e9tariat (Anne-Sophie Ringenbach: elementaire@efdb.ch pour l'\u00e9l\u00e9mentaire, Caroline Klein: maternelle@efdb.ch pour la maternelle).<\/p>","protected":false},"excerpt":{"rendered":"","protected":false},"author":3,"featured_media":0,"parent":0,"menu_order":0,"comment_status":"closed","ping_status":"closed","template":"","meta":{"_et_pb_use_builder":"","_et_pb_old_content":"","_et_gb_content_width":"","footnotes":""},"class_list":["post-20136","page","type-page","status-publish","hentry"],"yoast_head":"<!-- This site is optimized with the Yoast SEO plugin v27.4 - https:\/\/yoast.com\/product\/yoast-seo-wordpress\/ -->\n<title>Inscription p\u00e9riscolaire 2023-24 - EFDB<\/title>\n<meta name=\"robots\" content=\"index, follow, max-snippet:-1, max-image-preview:large, max-video-preview:-1\" \/>\n<link rel=\"canonical\" href=\"https:\/\/www.efdb.ch\/de\/inscription-periscolaire-2023-24\/\" \/>\n<meta property=\"og:locale\" content=\"de_DE\" \/>\n<meta property=\"og:type\" content=\"article\" \/>\n<meta property=\"og:title\" content=\"Inscription p\u00e9riscolaire 2023-24 - EFDB\" \/>\n<meta property=\"og:url\" content=\"https:\/\/www.efdb.ch\/de\/inscription-periscolaire-2023-24\/\" \/>\n<meta property=\"og:site_name\" content=\"EFDB\" \/>\n<meta property=\"article:modified_time\" content=\"2024-07-02T16:28:57+00:00\" \/>\n<meta name=\"twitter:card\" content=\"summary_large_image\" \/>\n<script type=\"application\/ld+json\" class=\"yoast-schema-graph\">{\"@context\":\"https:\\\/\\\/schema.org\",\"@graph\":[{\"@type\":\"WebPage\",\"@id\":\"https:\\\/\\\/www.efdb.ch\\\/de\\\/inscription-periscolaire-2023-24\\\/\",\"url\":\"https:\\\/\\\/www.efdb.ch\\\/de\\\/inscription-periscolaire-2023-24\\\/\",\"name\":\"Inscription p\u00e9riscolaire 2023-24 - EFDB\",\"isPartOf\":{\"@id\":\"https:\\\/\\\/www.efdb.ch\\\/de\\\/#website\"},\"datePublished\":\"2024-07-02T16:28:55+00:00\",\"dateModified\":\"2024-07-02T16:28:57+00:00\",\"breadcrumb\":{\"@id\":\"https:\\\/\\\/www.efdb.ch\\\/de\\\/inscription-periscolaire-2023-24\\\/#breadcrumb\"},\"inLanguage\":\"de\",\"potentialAction\":[{\"@type\":\"ReadAction\",\"target\":[\"https:\\\/\\\/www.efdb.ch\\\/de\\\/inscription-periscolaire-2023-24\\\/\"]}]},{\"@type\":\"BreadcrumbList\",\"@id\":\"https:\\\/\\\/www.efdb.ch\\\/de\\\/inscription-periscolaire-2023-24\\\/#breadcrumb\",\"itemListElement\":[{\"@type\":\"ListItem\",\"position\":1,\"name\":\"Accueil\",\"item\":\"https:\\\/\\\/www.efdb.ch\\\/de\\\/\"},{\"@type\":\"ListItem\",\"position\":2,\"name\":\"Inscription p\u00e9riscolaire 2023-24\"}]},{\"@type\":\"WebSite\",\"@id\":\"https:\\\/\\\/www.efdb.ch\\\/de\\\/#website\",\"url\":\"https:\\\/\\\/www.efdb.ch\\\/de\\\/\",\"name\":\"EFDB\",\"description\":\"\u00c9cole fran\u00e7aise de B\u00e2le\",\"potentialAction\":[{\"@type\":\"SearchAction\",\"target\":{\"@type\":\"EntryPoint\",\"urlTemplate\":\"https:\\\/\\\/www.efdb.ch\\\/de\\\/?s={search_term_string}\"},\"query-input\":{\"@type\":\"PropertyValueSpecification\",\"valueRequired\":true,\"valueName\":\"search_term_string\"}}],\"inLanguage\":\"de\"}]}<\/script>\n<!-- \/ Yoast SEO plugin. -->","yoast_head_json":{"title":"Inscription p\u00e9riscolaire 2023-24 - EFDB","robots":{"index":"index","follow":"follow","max-snippet":"max-snippet:-1","max-image-preview":"max-image-preview:large","max-video-preview":"max-video-preview:-1"},"canonical":"https:\/\/www.efdb.ch\/de\/inscription-periscolaire-2023-24\/","og_locale":"de_DE","og_type":"article","og_title":"Inscription p\u00e9riscolaire 2023-24 - EFDB","og_url":"https:\/\/www.efdb.ch\/de\/inscription-periscolaire-2023-24\/","og_site_name":"EFDB","article_modified_time":"2024-07-02T16:28:57+00:00","twitter_card":"summary_large_image","schema":{"@context":"https:\/\/schema.org","@graph":[{"@type":"WebPage","@id":"https:\/\/www.efdb.ch\/de\/inscription-periscolaire-2023-24\/","url":"https:\/\/www.efdb.ch\/de\/inscription-periscolaire-2023-24\/","name":"Inscription p\u00e9riscolaire 2023-24 - EFDB","isPartOf":{"@id":"https:\/\/www.efdb.ch\/de\/#website"},"datePublished":"2024-07-02T16:28:55+00:00","dateModified":"2024-07-02T16:28:57+00:00","breadcrumb":{"@id":"https:\/\/www.efdb.ch\/de\/inscription-periscolaire-2023-24\/#breadcrumb"},"inLanguage":"de","potentialAction":[{"@type":"ReadAction","target":["https:\/\/www.efdb.ch\/de\/inscription-periscolaire-2023-24\/"]}]},{"@type":"BreadcrumbList","@id":"https:\/\/www.efdb.ch\/de\/inscription-periscolaire-2023-24\/#breadcrumb","itemListElement":[{"@type":"ListItem","position":1,"name":"Accueil","item":"https:\/\/www.efdb.ch\/de\/"},{"@type":"ListItem","position":2,"name":"Inscription p\u00e9riscolaire 2023-24"}]},{"@type":"WebSite","@id":"https:\/\/www.efdb.ch\/de\/#website","url":"https:\/\/www.efdb.ch\/de\/","name":"EFDB","description":"\u00c9cole fran\u00e7aise de B\u00e2le","potentialAction":[{"@type":"SearchAction","target":{"@type":"EntryPoint","urlTemplate":"https:\/\/www.efdb.ch\/de\/?s={search_term_string}"},"query-input":{"@type":"PropertyValueSpecification","valueRequired":true,"valueName":"search_term_string"}}],"inLanguage":"de"}]}},"_links":{"self":[{"href":"https:\/\/www.efdb.ch\/de\/wp-json\/wp\/v2\/pages\/20136","targetHints":{"allow":["GET"]}}],"collection":[{"href":"https:\/\/www.efdb.ch\/de\/wp-json\/wp\/v2\/pages"}],"about":[{"href":"https:\/\/www.efdb.ch\/de\/wp-json\/wp\/v2\/types\/page"}],"author":[{"embeddable":true,"href":"https:\/\/www.efdb.ch\/de\/wp-json\/wp\/v2\/users\/3"}],"replies":[{"embeddable":true,"href":"https:\/\/www.efdb.ch\/de\/wp-json\/wp\/v2\/comments?post=20136"}],"version-history":[{"count":1,"href":"https:\/\/www.efdb.ch\/de\/wp-json\/wp\/v2\/pages\/20136\/revisions"}],"predecessor-version":[{"id":20137,"href":"https:\/\/www.efdb.ch\/de\/wp-json\/wp\/v2\/pages\/20136\/revisions\/20137"}],"wp:attachment":[{"href":"https:\/\/www.efdb.ch\/de\/wp-json\/wp\/v2\/media?parent=20136"}],"curies":[{"name":"wp","href":"https:\/\/api.w.org\/{rel}","templated":true}]}}