{"id":20134,"date":"2024-07-02T18:28:20","date_gmt":"2024-07-02T16:28:20","guid":{"rendered":"https:\/\/www.efdb.ch\/autorisation-aux-activites-pedagogiques-complementaires\/"},"modified":"2024-09-03T21:49:51","modified_gmt":"2024-09-03T19:49:51","slug":"autorisation-aux-activites-pedagogiques-complementaires","status":"publish","type":"page","link":"https:\/\/www.efdb.ch\/de\/autorisation-aux-activites-pedagogiques-complementaires\/","title":{"rendered":"Autorisation aux Activit\u00e9s P\u00e9dagogiques Compl\u00e9mentaires"},"content":{"rendered":"<script type=\"text\/javascript\">var gform;gform||(document.addEventListener(\"gform_main_scripts_loaded\",function(){gform.scriptsLoaded=!0}),document.addEventListener(\"gform\/theme\/scripts_loaded\",function(){gform.themeScriptsLoaded=!0}),window.addEventListener(\"DOMContentLoaded\",function(){gform.domLoaded=!0}),gform={domLoaded:!1,scriptsLoaded:!1,themeScriptsLoaded:!1,isFormEditor:()=>\"function\"==typeof InitializeEditor,callIfLoaded:function(o){return!(!gform.domLoaded||!gform.scriptsLoaded||!gform.themeScriptsLoaded&&!gform.isFormEditor()||(gform.isFormEditor()&&console.warn(\"The use of gform.initializeOnLoaded() is deprecated in the form editor context and will be removed in Gravity Forms 3.1.\"),o(),0))},initializeOnLoaded:function(o){gform.callIfLoaded(o)||(document.addEventListener(\"gform_main_scripts_loaded\",()=>{gform.scriptsLoaded=!0,gform.callIfLoaded(o)}),document.addEventListener(\"gform\/theme\/scripts_loaded\",()=>{gform.themeScriptsLoaded=!0,gform.callIfLoaded(o)}),window.addEventListener(\"DOMContentLoaded\",()=>{gform.domLoaded=!0,gform.callIfLoaded(o)}))},hooks:{action:{},filter:{}},addAction:function(o,r,e,t){gform.addHook(\"action\",o,r,e,t)},addFilter:function(o,r,e,t){gform.addHook(\"filter\",o,r,e,t)},doAction:function(o){gform.doHook(\"action\",o,arguments)},applyFilters:function(o){return gform.doHook(\"filter\",o,arguments)},removeAction:function(o,r){gform.removeHook(\"action\",o,r)},removeFilter:function(o,r,e){gform.removeHook(\"filter\",o,r,e)},addHook:function(o,r,e,t,n){null==gform.hooks[o][r]&&(gform.hooks[o][r]=[]);var d=gform.hooks[o][r];null==n&&(n=r+\"_\"+d.length),gform.hooks[o][r].push({tag:n,callable:e,priority:t=null==t?10:t})},doHook:function(r,o,e){var t;if(e=Array.prototype.slice.call(e,1),null!=gform.hooks[r][o]&&((o=gform.hooks[r][o]).sort(function(o,r){return o.priority-r.priority}),o.forEach(function(o){\"function\"!=typeof(t=o.callable)&&(t=window[t]),\"action\"==r?t.apply(null,e):e[0]=t.apply(null,e)})),\"filter\"==r)return e[0]},removeHook:function(o,r,t,n){var e;null!=gform.hooks[o][r]&&(e=(e=gform.hooks[o][r]).filter(function(o,r,e){return!!(null!=n&&n!=o.tag||null!=t&&t!=o.priority)}),gform.hooks[o][r]=e)}});<\/script>                <div class='gf_browser_gecko gform_wrapper gravity-theme gform-theme--no-framework' data-form-theme='gravity-theme' data-form-index='0' id='gform_wrapper_42' >                        <div class='gform_heading'>                            <h2 class=\"gform_title\">APC 2025- 2026<\/h2>                            <p class='gform_description'><\/p>                        <\/div><form method='post' enctype='multipart\/form-data'  id='gform_42'  action='\/de\/wp-json\/wp\/v2\/pages\/20134' data-formid='42' novalidate>  <input type='hidden' class='gforms-pum' value='{\"closepopup\":false,\"closedelay\":0,\"openpopup\":false,\"openpopup_id\":0}' \/>                        <div class='gform-body gform_body'><div id='gform_fields_42' class='gform_fields top_label form_sublabel_below description_below validation_below'><div id=\"field_42_3\" class=\"gfield gfield--type-section gfield--input-type-section gsection field_sublabel_below gfield--has-description field_description_below field_validation_below gfield_visibility_visible\"  data-js-reload=\"field_42_3\" ><h3 class=\"gsection_title\"><\/h3><div class='gsection_description' id='gfield_description_42_3'>Les activit\u00e9s p\u00e9dagogiques compl\u00e9mentaires (APC) vont d\u00e9buter. Ce dispositif est bas\u00e9 sur le volontariat. A l\u2019\u00e9cole, les APC se d\u00e9rouleront deux jours dans la semaine, de 11h30 \u00e0 12h00. Cette aide ne sera efficace que si une collaboration tripartie \u00e9l\u00e8ve - enseignant - parents est mise en place.<\/div><\/div><fieldset id=\"field_42_5\" class=\"gfield gfield--type-name gfield--input-type-name gfield--width-full gfield_contains_required field_sublabel_below gfield--no-description field_description_below field_validation_below gfield_visibility_visible\"  data-js-reload=\"field_42_5\" ><legend class='gfield_label gform-field-label gfield_label_before_complex' >Enfant concern\u00e9:<span class=\"gfield_required\"><span class=\"gfield_required gfield_required_text\">(erforderlich)<\/span><\/span><\/legend><div class='ginput_complex ginput_container ginput_container--name no_prefix has_first_name no_middle_name has_last_name no_suffix gf_name_has_2 ginput_container_name gform-grid-row' id='input_42_5'>                                                        <span id='input_42_5_3_container' class='name_first gform-grid-col gform-grid-col--size-auto' >                                                    <input type='text' name='input_5.3' id='input_42_5_3' value=''   aria-required='true'     \/>                                                    <label for='input_42_5_3' class='gform-field-label gform-field-label--type-sub '>Vorname<\/label>                                                <\/span>                                                        <span id='input_42_5_6_container' class='name_last gform-grid-col gform-grid-col--size-auto' >                                                    <input type='text' name='input_5.6' id='input_42_5_6' value=''   aria-required='true'     \/>                                                    <label for='input_42_5_6' class='gform-field-label gform-field-label--type-sub '>Nachname<\/label>                                                <\/span>                                                    <\/div><\/fieldset><div id=\"field_42_6\" class=\"gfield gfield--type-select gfield--input-type-select gfield--width-full gfield_contains_required field_sublabel_below gfield--no-description field_description_below field_validation_below gfield_visibility_visible\"  data-js-reload=\"field_42_6\" ><label class='gfield_label gform-field-label' for='input_42_6'>en classe de<span class=\"gfield_required\"><span class=\"gfield_required gfield_required_text\">(erforderlich)<\/span><\/span><\/label><div class='ginput_container ginput_container_select'><select name='input_6' id='input_42_6' class='large gfield_select'    aria-required=\"true\" aria-invalid=\"false\" ><option value='CP' >CP<\/option><option value='CE1' >CE1<\/option><option value='CE2' >CE2<\/option><option value='CM1' >CM1<\/option><option value='CM2' >CM2<\/option><option value='6eme' >6eme<\/option><\/select><\/div><\/div><fieldset id=\"field_42_7\" class=\"gfield gfield--type-radio gfield--type-choice gfield--input-type-radio gfield--width-full gfield_contains_required field_sublabel_below gfield--no-description field_description_below hidden_label field_validation_below gfield_visibility_visible\"  data-js-reload=\"field_42_7\" ><legend class='gfield_label gform-field-label' >Autorisation<span class=\"gfield_required\"><span class=\"gfield_required gfield_required_text\">(erforderlich)<\/span><\/span><\/legend><div class='ginput_container ginput_container_radio'><div class='gfield_radio' id='input_42_7'>\t\t\t<div class='gchoice gchoice_42_7_0'>\t\t\t\t\t<input class='gfield-choice-input' name='input_7' type='radio' value='J&#039;autorise mon enfant \u00e0 participer aux APC quand l\u2019enseignant le jugera n\u00e9cessaire.'  id='choice_42_7_0' onchange='gformToggleRadioOther( this )'    \/>\t\t\t\t\t<label for='choice_42_7_0' id='label_42_7_0' class='gform-field-label gform-field-label--type-inline'>J'autorise mon enfant \u00e0 participer aux APC quand l\u2019enseignant le jugera n\u00e9cessaire.<\/label>\t\t\t<\/div>\t\t\t<div class='gchoice gchoice_42_7_1'>\t\t\t\t\t<input class='gfield-choice-input' name='input_7' type='radio' value='Je n&#039;autorise pas mon enfant \u00e0 participer aux APC.'  id='choice_42_7_1' onchange='gformToggleRadioOther( this )'    \/>\t\t\t\t\t<label for='choice_42_7_1' id='label_42_7_1' class='gform-field-label gform-field-label--type-inline'>Je n'autorise pas mon enfant \u00e0 participer aux APC.<\/label>\t\t\t<\/div><\/div><\/div><\/fieldset><div id=\"field_42_9\" class=\"gfield gfield--type-email gfield--input-type-email gfield--width-full gfield_contains_required field_sublabel_below gfield--no-description field_description_below field_validation_below gfield_visibility_visible\"  data-js-reload=\"field_42_9\" ><label class='gfield_label gform-field-label' for='input_42_9'>E-mail de contact du parent<span class=\"gfield_required\"><span class=\"gfield_required gfield_required_text\">(erforderlich)<\/span><\/span><\/label><div class='ginput_container ginput_container_email'>                            <input name='input_9' id='input_42_9' type='email' value='' class='large'    aria-required=\"true\" aria-invalid=\"false\"  \/>                        <\/div><\/div><fieldset id=\"field_42_8\" class=\"gfield gfield--type-consent gfield--type-choice gfield--input-type-consent gfield--width-full gfield_contains_required field_sublabel_below gfield--no-description field_description_below field_validation_below gfield_visibility_visible\"  data-js-reload=\"field_42_8\" ><legend class='gfield_label gform-field-label gfield_label_before_complex' >Signature<span class=\"gfield_required\"><span class=\"gfield_required gfield_required_text\">(erforderlich)<\/span><\/span><\/legend><div class='ginput_container ginput_container_consent'><input name='input_8.1' id='input_42_8_1' type='checkbox' value='1'   aria-required=\"true\" aria-invalid=\"false\"   \/> <label class=\"gform-field-label gform-field-label--type-inline gfield_consent_label\" for='input_42_8_1' >En cochant cette case, je signe ce formulaire de mani\u00e8re \u00e9lectronique.<\/label><input type='hidden' name='input_8.2' value='En cochant cette case, je signe ce formulaire de mani\u00e8re \u00e9lectronique.' class='gform_hidden' \/><input type='hidden' name='input_8.3' value='36' class='gform_hidden' \/><\/div><\/fieldset><\/div><\/div>        <div class='gform-footer gform_footer top_label'> <input type='submit' id='gform_submit_button_42' class='gform_button button' onclick='gform.submission.handleButtonClick(this);' value='Envoyer'  \/>             <input type='hidden' class='gform_hidden' name='gform_submission_method' data-js='gform_submission_method_42' value='postback' \/>            <input type='hidden' class='gform_hidden' name='gform_theme' data-js='gform_theme_42' id='gform_theme_42' value='gravity-theme' \/>            <input type='hidden' class='gform_hidden' name='gform_style_settings' data-js='gform_style_settings_42' id='gform_style_settings_42' value='' \/>            <input type='hidden' class='gform_hidden' name='is_submit_42' value='1' \/>            <input type='hidden' class='gform_hidden' name='gform_submit' value='42' \/>                        <input type='hidden' class='gform_hidden' name='gform_unique_id' value='' \/>            <input type='hidden' class='gform_hidden' name='state_42' value='WyJ7XCI2XCI6W1wiNzhhZjBmMjA3Y2E1NzM0NDYxYTNkNzU1YWYxNmQyZTBcIixcIjEzNGQ4Y2FmZDBkZDRhOTFiMmNjZWVmOGQ2OGJlMTVjXCIsXCJiODg0ZTE5MmI5ODk5MWFhZDlhYWQ2NjcyYThmMzNiNlwiLFwiOTRjNDRhZTZmOWJiODU0ZjEwMDU1NDRmMDIwYjhiMWNcIixcIjMwMmY0YmNjMTI4MWVjNTJkOWM0MWU0NTQ5OTcyNWE5XCIsXCJmNDk0ZWMxYzliZTJkYWI0Zjc2YTRmMWYxOWMyOTJmMVwiXSxcIjdcIjpbXCJhZTBmYzcyODM0M2M3YmQ5ODM0MmRmNmNjNjJjMGRjNlwiLFwiNTQ2MDYzODc0N2UwZGQ3YzNlMmMwYmJlNDQyZDFiNTJcIl0sXCI4LjFcIjpcIjI3MzUzMjQ1YTNkM2ViNjc1NGFhYTNiNWM4ZDEwY2VmXCIsXCI4LjJcIjpcIjUwZDQwYjBiYmE1MzZlNWY5ZmQ4MmM0ZTFmM2Q4OGVlXCIsXCI4LjNcIjpcIjEwNzM0NDVjN2ExMWQ2OWU4MDczNjAwNjEzNjdjZThjXCJ9IiwiZTE0NjViMWUyYjZlNTA4MzMwNWJmYTQwYzgwNzMyNTkiXQ==' \/>            <input type='hidden' autocomplete='off' class='gform_hidden' name='gform_target_page_number_42' id='gform_target_page_number_42' value='0' \/>            <input type='hidden' autocomplete='off' class='gform_hidden' name='gform_source_page_number_42' id='gform_source_page_number_42' value='1' \/>            <input type='hidden' name='gform_field_values' value='' \/>                    <\/div>                        <p style=\"display: none !important;\" class=\"akismet-fields-container\" data-prefix=\"ak_\"><label>&#916;<textarea name=\"ak_hp_textarea\" cols=\"45\" rows=\"8\" maxlength=\"100\"><\/textarea><\/label><input type=\"hidden\" id=\"ak_js_1\" name=\"ak_js\" value=\"47\"\/><script type=\"text\/javascript\">\/* <![CDATA[ *\/document.getElementById( \"ak_js_1\" ).setAttribute( \"value\", ( new Date() ).getTime() );\/* ]]> *\/<\/script><\/p><\/form>                        <\/div><script type=\"text\/javascript\">\/* <![CDATA[ *\/ gform.initializeOnLoaded( function() {gformInitSpinner( 42, 'https:\/\/www.efdb.ch\/wp-content\/plugins\/gravityforms\/images\/spinner.svg', true );jQuery('#gform_ajax_frame_42').on('load',function(){var contents = jQuery(this).contents().find('*').html();var is_postback = contents.indexOf('GF_AJAX_POSTBACK') >= 0;if(!is_postback){return;}var form_content = jQuery(this).contents().find('#gform_wrapper_42');var is_confirmation = jQuery(this).contents().find('#gform_confirmation_wrapper_42').length > 0;var is_redirect = contents.indexOf('gformRedirect(){') >= 0;var is_form = form_content.length > 0 && ! is_redirect && ! is_confirmation;var mt = parseInt(jQuery('html').css('margin-top'), 10) + parseInt(jQuery('body').css('margin-top'), 10) + 100;if(is_form){jQuery('#gform_wrapper_42').html(form_content.html());if(form_content.hasClass('gform_validation_error')){jQuery('#gform_wrapper_42').addClass('gform_validation_error');} else {jQuery('#gform_wrapper_42').removeClass('gform_validation_error');}setTimeout( function() { \/* delay the scroll by 50 milliseconds to fix a bug in chrome *\/  }, 50 );if(window['gformInitDatepicker']) {gformInitDatepicker();}if(window['gformInitPriceFields']) {gformInitPriceFields();}var current_page = jQuery('#gform_source_page_number_42').val();gformInitSpinner( 42, 'https:\/\/www.efdb.ch\/wp-content\/plugins\/gravityforms\/images\/spinner.svg', true );jQuery(document).trigger('gform_page_loaded', [42, current_page]);window['gf_submitting_42'] = false;}else if(!is_redirect){var confirmation_content = jQuery(this).contents().find('.GF_AJAX_POSTBACK').html();if(!confirmation_content){confirmation_content = contents;}jQuery('#gform_wrapper_42').replaceWith(confirmation_content);jQuery(document).trigger('gform_confirmation_loaded', [42]);window['gf_submitting_42'] = false;wp.a11y.speak(jQuery('#gform_confirmation_message_42').text());}else{jQuery('#gform_42').append(contents);if(window['gformRedirect']) {gformRedirect();}}jQuery(document).trigger(\"gform_pre_post_render\", [{ formId: \"42\", currentPage: \"current_page\", abort: function() { this.preventDefault(); } }]);                if (event && event.defaultPrevented) {                return;         }        const gformWrapperDiv = document.getElementById( \"gform_wrapper_42\" );        if ( gformWrapperDiv ) {            const visibilitySpan = document.createElement( \"span\" );            visibilitySpan.id = \"gform_visibility_test_42\";            gformWrapperDiv.insertAdjacentElement( \"afterend\", visibilitySpan );        }        const visibilityTestDiv = document.getElementById( \"gform_visibility_test_42\" );        let postRenderFired = false;                function triggerPostRender() {            if ( postRenderFired ) {                return;            }            postRenderFired = true;            jQuery( document ).trigger( 'gform_post_render', [42, current_page] );            gform.utils.trigger( { event: 'gform\/postRender', native: false, data: { formId: 42, currentPage: current_page } } );            gform.utils.trigger( { event: 'gform\/post_render', native: false, data: { formId: 42, currentPage: current_page } } );            if ( visibilityTestDiv ) {                visibilityTestDiv.parentNode.removeChild( visibilityTestDiv );            }        }        function debounce( func, wait, immediate ) {            var timeout;            return function() {                var context = this, args = arguments;                var later = function() {                    timeout = null;                    if ( !immediate ) func.apply( context, args );                };                var callNow = immediate && !timeout;                clearTimeout( timeout );                timeout = setTimeout( later, wait );                if ( callNow ) func.apply( context, args );            };        }        const debouncedTriggerPostRender = debounce( function() {            triggerPostRender();        }, 200 );        if ( visibilityTestDiv && visibilityTestDiv.offsetParent === null ) {            const observer = new MutationObserver( ( mutations ) => {                mutations.forEach( ( mutation ) => {                    if ( mutation.type === 'attributes' && visibilityTestDiv.offsetParent !== null ) {                        debouncedTriggerPostRender();                        observer.disconnect();                    }                });            });            observer.observe( document.body, {                attributes: true,                childList: false,                subtree: true,                attributeFilter: [ 'style', 'class' ],            });        } else {            triggerPostRender();        }    } );} ); \/* ]]> *\/<\/script>","protected":false},"excerpt":{"rendered":"","protected":false},"author":3,"featured_media":0,"parent":0,"menu_order":0,"comment_status":"closed","ping_status":"closed","template":"","meta":{"_et_pb_use_builder":"","_et_pb_old_content":"","_et_gb_content_width":"","footnotes":""},"class_list":["post-20134","page","type-page","status-publish","hentry"],"yoast_head":"<!-- This site is optimized with the Yoast SEO plugin v27.4 - https:\/\/yoast.com\/product\/yoast-seo-wordpress\/ -->\n<title>Autorisation aux Activit\u00e9s P\u00e9dagogiques Compl\u00e9mentaires - EFDB<\/title>\n<meta name=\"robots\" content=\"index, follow, max-snippet:-1, max-image-preview:large, max-video-preview:-1\" \/>\n<link rel=\"canonical\" href=\"https:\/\/www.efdb.ch\/de\/autorisation-aux-activites-pedagogiques-complementaires\/\" \/>\n<meta property=\"og:locale\" content=\"de_DE\" \/>\n<meta property=\"og:type\" content=\"article\" \/>\n<meta property=\"og:title\" content=\"Autorisation aux Activit\u00e9s P\u00e9dagogiques Compl\u00e9mentaires - EFDB\" \/>\n<meta property=\"og:url\" content=\"https:\/\/www.efdb.ch\/de\/autorisation-aux-activites-pedagogiques-complementaires\/\" \/>\n<meta property=\"og:site_name\" content=\"EFDB\" \/>\n<meta property=\"article:modified_time\" content=\"2024-09-03T19:49:51+00:00\" \/>\n<meta name=\"twitter:card\" content=\"summary_large_image\" \/>\n<script type=\"application\/ld+json\" class=\"yoast-schema-graph\">{\"@context\":\"https:\\\/\\\/schema.org\",\"@graph\":[{\"@type\":\"WebPage\",\"@id\":\"https:\\\/\\\/www.efdb.ch\\\/de\\\/autorisation-aux-activites-pedagogiques-complementaires\\\/\",\"url\":\"https:\\\/\\\/www.efdb.ch\\\/de\\\/autorisation-aux-activites-pedagogiques-complementaires\\\/\",\"name\":\"Autorisation aux Activit\u00e9s P\u00e9dagogiques Compl\u00e9mentaires - EFDB\",\"isPartOf\":{\"@id\":\"https:\\\/\\\/www.efdb.ch\\\/de\\\/#website\"},\"datePublished\":\"2024-07-02T16:28:20+00:00\",\"dateModified\":\"2024-09-03T19:49:51+00:00\",\"breadcrumb\":{\"@id\":\"https:\\\/\\\/www.efdb.ch\\\/de\\\/autorisation-aux-activites-pedagogiques-complementaires\\\/#breadcrumb\"},\"inLanguage\":\"de\",\"potentialAction\":[{\"@type\":\"ReadAction\",\"target\":[\"https:\\\/\\\/www.efdb.ch\\\/de\\\/autorisation-aux-activites-pedagogiques-complementaires\\\/\"]}]},{\"@type\":\"BreadcrumbList\",\"@id\":\"https:\\\/\\\/www.efdb.ch\\\/de\\\/autorisation-aux-activites-pedagogiques-complementaires\\\/#breadcrumb\",\"itemListElement\":[{\"@type\":\"ListItem\",\"position\":1,\"name\":\"Accueil\",\"item\":\"https:\\\/\\\/www.efdb.ch\\\/de\\\/\"},{\"@type\":\"ListItem\",\"position\":2,\"name\":\"Autorisation aux Activit\u00e9s P\u00e9dagogiques Compl\u00e9mentaires\"}]},{\"@type\":\"WebSite\",\"@id\":\"https:\\\/\\\/www.efdb.ch\\\/de\\\/#website\",\"url\":\"https:\\\/\\\/www.efdb.ch\\\/de\\\/\",\"name\":\"EFDB\",\"description\":\"\u00c9cole fran\u00e7aise de B\u00e2le\",\"potentialAction\":[{\"@type\":\"SearchAction\",\"target\":{\"@type\":\"EntryPoint\",\"urlTemplate\":\"https:\\\/\\\/www.efdb.ch\\\/de\\\/?s={search_term_string}\"},\"query-input\":{\"@type\":\"PropertyValueSpecification\",\"valueRequired\":true,\"valueName\":\"search_term_string\"}}],\"inLanguage\":\"de\"}]}<\/script>\n<!-- \/ Yoast SEO plugin. -->","yoast_head_json":{"title":"Autorisation aux Activit\u00e9s P\u00e9dagogiques Compl\u00e9mentaires - EFDB","robots":{"index":"index","follow":"follow","max-snippet":"max-snippet:-1","max-image-preview":"max-image-preview:large","max-video-preview":"max-video-preview:-1"},"canonical":"https:\/\/www.efdb.ch\/de\/autorisation-aux-activites-pedagogiques-complementaires\/","og_locale":"de_DE","og_type":"article","og_title":"Autorisation aux Activit\u00e9s P\u00e9dagogiques Compl\u00e9mentaires - EFDB","og_url":"https:\/\/www.efdb.ch\/de\/autorisation-aux-activites-pedagogiques-complementaires\/","og_site_name":"EFDB","article_modified_time":"2024-09-03T19:49:51+00:00","twitter_card":"summary_large_image","schema":{"@context":"https:\/\/schema.org","@graph":[{"@type":"WebPage","@id":"https:\/\/www.efdb.ch\/de\/autorisation-aux-activites-pedagogiques-complementaires\/","url":"https:\/\/www.efdb.ch\/de\/autorisation-aux-activites-pedagogiques-complementaires\/","name":"Autorisation aux Activit\u00e9s P\u00e9dagogiques Compl\u00e9mentaires - EFDB","isPartOf":{"@id":"https:\/\/www.efdb.ch\/de\/#website"},"datePublished":"2024-07-02T16:28:20+00:00","dateModified":"2024-09-03T19:49:51+00:00","breadcrumb":{"@id":"https:\/\/www.efdb.ch\/de\/autorisation-aux-activites-pedagogiques-complementaires\/#breadcrumb"},"inLanguage":"de","potentialAction":[{"@type":"ReadAction","target":["https:\/\/www.efdb.ch\/de\/autorisation-aux-activites-pedagogiques-complementaires\/"]}]},{"@type":"BreadcrumbList","@id":"https:\/\/www.efdb.ch\/de\/autorisation-aux-activites-pedagogiques-complementaires\/#breadcrumb","itemListElement":[{"@type":"ListItem","position":1,"name":"Accueil","item":"https:\/\/www.efdb.ch\/de\/"},{"@type":"ListItem","position":2,"name":"Autorisation aux Activit\u00e9s P\u00e9dagogiques Compl\u00e9mentaires"}]},{"@type":"WebSite","@id":"https:\/\/www.efdb.ch\/de\/#website","url":"https:\/\/www.efdb.ch\/de\/","name":"EFDB","description":"\u00c9cole fran\u00e7aise de B\u00e2le","potentialAction":[{"@type":"SearchAction","target":{"@type":"EntryPoint","urlTemplate":"https:\/\/www.efdb.ch\/de\/?s={search_term_string}"},"query-input":{"@type":"PropertyValueSpecification","valueRequired":true,"valueName":"search_term_string"}}],"inLanguage":"de"}]}},"_links":{"self":[{"href":"https:\/\/www.efdb.ch\/de\/wp-json\/wp\/v2\/pages\/20134","targetHints":{"allow":["GET"]}}],"collection":[{"href":"https:\/\/www.efdb.ch\/de\/wp-json\/wp\/v2\/pages"}],"about":[{"href":"https:\/\/www.efdb.ch\/de\/wp-json\/wp\/v2\/types\/page"}],"author":[{"embeddable":true,"href":"https:\/\/www.efdb.ch\/de\/wp-json\/wp\/v2\/users\/3"}],"replies":[{"embeddable":true,"href":"https:\/\/www.efdb.ch\/de\/wp-json\/wp\/v2\/comments?post=20134"}],"version-history":[{"count":1,"href":"https:\/\/www.efdb.ch\/de\/wp-json\/wp\/v2\/pages\/20134\/revisions"}],"predecessor-version":[{"id":20135,"href":"https:\/\/www.efdb.ch\/de\/wp-json\/wp\/v2\/pages\/20134\/revisions\/20135"}],"wp:attachment":[{"href":"https:\/\/www.efdb.ch\/de\/wp-json\/wp\/v2\/media?parent=20134"}],"curies":[{"name":"wp","href":"https:\/\/api.w.org\/{rel}","templated":true}]}}