{"id":15983,"date":"2022-11-21T16:27:10","date_gmt":"2022-11-21T14:27:10","guid":{"rendered":"https:\/\/www.efdb.ch\/?page_id=15983"},"modified":"2025-12-17T18:50:45","modified_gmt":"2025-12-17T16:50:45","slug":"zeitplane","status":"publish","type":"page","link":"https:\/\/www.efdb.ch\/de\/zeitplane\/","title":{"rendered":"Stundenpl\u00e4ne"},"content":{"rendered":"<p>[et_pb_section fb_built=&#8220;1&#8243; admin_label=&#8220;section&#8220; _builder_version=&#8220;4.16&#8243; global_colors_info=&#8220;{}&#8220;][et_pb_row _builder_version=&#8220;4.17.6&#8243; _module_preset=&#8220;default&#8220; global_colors_info=&#8220;{}&#8220;][et_pb_column type=&#8220;4_4&#8243; _builder_version=&#8220;4.17.6&#8243; _module_preset=&#8220;default&#8220; global_colors_info=&#8220;{}&#8220;][et_pb_text _builder_version=&#8220;4.19.0&#8243; _module_preset=&#8220;default&#8220; global_colors_info=&#8220;{}&#8220;]<\/p><h1>Stundenpl\u00e4ne<\/h1><p>[\/et_pb_text][\/et_pb_column][\/et_pb_row][et_pb_row admin_label=&#8220;row&#8220; _builder_version=&#8220;4.16&#8243; background_size=&#8220;initial&#8220; background_position=&#8220;top_left&#8220; background_repeat=&#8220;repeat&#8220; global_colors_info=&#8220;{}&#8220;][et_pb_column type=&#8220;4_4&#8243; _builder_version=&#8220;4.16&#8243; custom_padding=&#8220;|||&#8220; global_colors_info=&#8220;{}&#8220; custom_padding__hover=&#8220;|||&#8220;][et_pb_text admin_label=&#8220;Text&#8220; _builder_version=&#8220;4.27.4&#8243; background_size=&#8220;initial&#8220; background_position=&#8220;top_left&#8220; background_repeat=&#8220;repeat&#8220; hover_enabled=&#8220;0&#8243; global_colors_info=&#8220;{}&#8220; sticky_enabled=&#8220;0&#8243;]<\/p><ul><li><a href=\"https:\/\/www.efdb.ch\/wp-content\/uploads\/2025\/07\/Emploi-du-temps-PS-2025-2026-2.pdf\" rel=\"attachment wp-att-22200\">Stundenplan Petite Section 2025-2026 <\/a><\/li><li><a href=\"https:\/\/www.efdb.ch\/wp-content\/uploads\/2025\/07\/emploi-du-temps-MS-25-26.pdf\" rel=\"attachment wp-att-22196\">Stundenplan Moyenne Section 2025-2026<\/a><\/li><li><a href=\"https:\/\/www.efdb.ch\/wp-content\/uploads\/2025\/12\/Emploi-du-temps-2025-2026-GS.pdf\" rel=\"attachment wp-att-22670\">Stundenplan Grande Section 2025-2026\u00a0<\/a><\/li><\/ul><ul><li><a href=\"https:\/\/www.efdb.ch\/wp-content\/uploads\/2025\/07\/Emploi-du-temps-CP-2025-2026-.pdf\" rel=\"attachment wp-att-22124\">Stundenplan 1. Klasse 2025-2026<\/a><\/li><li><a href=\"https:\/\/www.efdb.ch\/wp-content\/uploads\/2025\/07\/Emploi-du-temps-CE1-2025-2026-.pdf\" rel=\"attachment wp-att-22112\">Stundenplan 2. Klasse 2025-2026<\/a><\/li><li><a href=\"https:\/\/www.efdb.ch\/wp-content\/uploads\/2025\/07\/Emploi-du-temps-CE2-2025-2026-.pdf\" rel=\"attachment wp-att-22115\">Stundenplan 3. Klasse 2025-2026<\/a><\/li><li><a href=\"https:\/\/www.efdb.ch\/wp-content\/uploads\/2025\/07\/Emploi-du-temps-CM1-2025-2026-.pdf\" rel=\"attachment wp-att-22118\">Stundenplan 4. Klasse 2025-2026<\/a><\/li><li><a href=\"https:\/\/www.efdb.ch\/wp-content\/uploads\/2025\/07\/Emploi-du-temps-CM2-2025-2026-.pdf\" rel=\"attachment wp-att-22121\">Stundenplan 5. Klasse 2025-2026<\/a><\/li><li><a href=\"https:\/\/www.efdb.ch\/wp-content\/uploads\/2025\/07\/Emploi-du-temps-6eme-2025-2026-.pdf\" rel=\"attachment wp-att-22109\">Stundenplan 6. Klasse 2025-2026<\/a><\/li><\/ul><p>[\/et_pb_text][\/et_pb_column][\/et_pb_row][\/et_pb_section]<\/p>","protected":false},"excerpt":{"rendered":"<p>Stundenpl\u00e4neStundenplan Petite Section 2025-2026 Stundenplan Moyenne Section 2025-2026Stundenplan Grande Section 2025-2026\u00a0Stundenplan 1. Klasse 2025-2026Stundenplan 2. Klasse 2025-2026Stundenplan 3. Klasse 2025-2026Stundenplan 4. Klasse 2025-2026Stundenplan 5. Klasse 2025-2026Stundenplan 6. Klasse 2025-2026<\/p>\n","protected":false},"author":1,"featured_media":0,"parent":0,"menu_order":0,"comment_status":"closed","ping_status":"closed","template":"","meta":{"_et_pb_use_builder":"on","_et_pb_old_content":"","_et_gb_content_width":"","footnotes":""},"class_list":["post-15983","page","type-page","status-publish","hentry"],"yoast_head":"<!-- This site is optimized with the Yoast SEO plugin v27.4 - https:\/\/yoast.com\/product\/yoast-seo-wordpress\/ -->\n<title>Stundenpl\u00e4ne - EFDB<\/title>\n<meta name=\"robots\" content=\"index, follow, max-snippet:-1, max-image-preview:large, max-video-preview:-1\" \/>\n<link rel=\"canonical\" href=\"https:\/\/www.efdb.ch\/de\/zeitplane\/\" \/>\n<meta property=\"og:locale\" content=\"de_DE\" \/>\n<meta property=\"og:type\" content=\"article\" \/>\n<meta property=\"og:title\" content=\"Stundenpl\u00e4ne - EFDB\" \/>\n<meta property=\"og:description\" content=\"Stundenpl\u00e4neStundenplan Petite Section 2025-2026 Stundenplan Moyenne Section 2025-2026Stundenplan Grande Section 2025-2026\u00a0Stundenplan 1. Klasse 2025-2026Stundenplan 2. Klasse 2025-2026Stundenplan 3. Klasse 2025-2026Stundenplan 4. Klasse 2025-2026Stundenplan 5. Klasse 2025-2026Stundenplan 6. Klasse 2025-2026\" \/>\n<meta property=\"og:url\" content=\"https:\/\/www.efdb.ch\/de\/zeitplane\/\" \/>\n<meta property=\"og:site_name\" content=\"EFDB\" \/>\n<meta property=\"article:modified_time\" content=\"2025-12-17T16:50:45+00:00\" \/>\n<meta name=\"twitter:card\" content=\"summary_large_image\" \/>\n<meta name=\"twitter:label1\" content=\"Gesch\u00e4tzte Lesezeit\" \/>\n\t<meta name=\"twitter:data1\" content=\"1\u00a0Minute\" \/>\n<script type=\"application\/ld+json\" class=\"yoast-schema-graph\">{\"@context\":\"https:\\\/\\\/schema.org\",\"@graph\":[{\"@type\":\"WebPage\",\"@id\":\"https:\\\/\\\/www.efdb.ch\\\/de\\\/zeitplane\\\/\",\"url\":\"https:\\\/\\\/www.efdb.ch\\\/de\\\/zeitplane\\\/\",\"name\":\"Stundenpl\u00e4ne - EFDB\",\"isPartOf\":{\"@id\":\"https:\\\/\\\/www.efdb.ch\\\/de\\\/#website\"},\"datePublished\":\"2022-11-21T14:27:10+00:00\",\"dateModified\":\"2025-12-17T16:50:45+00:00\",\"breadcrumb\":{\"@id\":\"https:\\\/\\\/www.efdb.ch\\\/de\\\/zeitplane\\\/#breadcrumb\"},\"inLanguage\":\"de\",\"potentialAction\":[{\"@type\":\"ReadAction\",\"target\":[\"https:\\\/\\\/www.efdb.ch\\\/de\\\/zeitplane\\\/\"]}]},{\"@type\":\"BreadcrumbList\",\"@id\":\"https:\\\/\\\/www.efdb.ch\\\/de\\\/zeitplane\\\/#breadcrumb\",\"itemListElement\":[{\"@type\":\"ListItem\",\"position\":1,\"name\":\"Accueil\",\"item\":\"https:\\\/\\\/www.efdb.ch\\\/de\\\/\"},{\"@type\":\"ListItem\",\"position\":2,\"name\":\"Stundenpl\u00e4ne\"}]},{\"@type\":\"WebSite\",\"@id\":\"https:\\\/\\\/www.efdb.ch\\\/de\\\/#website\",\"url\":\"https:\\\/\\\/www.efdb.ch\\\/de\\\/\",\"name\":\"EFDB\",\"description\":\"\u00c9cole fran\u00e7aise de B\u00e2le\",\"potentialAction\":[{\"@type\":\"SearchAction\",\"target\":{\"@type\":\"EntryPoint\",\"urlTemplate\":\"https:\\\/\\\/www.efdb.ch\\\/de\\\/?s={search_term_string}\"},\"query-input\":{\"@type\":\"PropertyValueSpecification\",\"valueRequired\":true,\"valueName\":\"search_term_string\"}}],\"inLanguage\":\"de\"}]}<\/script>\n<!-- \/ Yoast SEO plugin. -->","yoast_head_json":{"title":"Stundenpl\u00e4ne - EFDB","robots":{"index":"index","follow":"follow","max-snippet":"max-snippet:-1","max-image-preview":"max-image-preview:large","max-video-preview":"max-video-preview:-1"},"canonical":"https:\/\/www.efdb.ch\/de\/zeitplane\/","og_locale":"de_DE","og_type":"article","og_title":"Stundenpl\u00e4ne - EFDB","og_description":"Stundenpl\u00e4neStundenplan Petite Section 2025-2026 Stundenplan Moyenne Section 2025-2026Stundenplan Grande Section 2025-2026\u00a0Stundenplan 1. Klasse 2025-2026Stundenplan 2. Klasse 2025-2026Stundenplan 3. Klasse 2025-2026Stundenplan 4. Klasse 2025-2026Stundenplan 5. Klasse 2025-2026Stundenplan 6. Klasse 2025-2026","og_url":"https:\/\/www.efdb.ch\/de\/zeitplane\/","og_site_name":"EFDB","article_modified_time":"2025-12-17T16:50:45+00:00","twitter_card":"summary_large_image","twitter_misc":{"Gesch\u00e4tzte Lesezeit":"1\u00a0Minute"},"schema":{"@context":"https:\/\/schema.org","@graph":[{"@type":"WebPage","@id":"https:\/\/www.efdb.ch\/de\/zeitplane\/","url":"https:\/\/www.efdb.ch\/de\/zeitplane\/","name":"Stundenpl\u00e4ne - EFDB","isPartOf":{"@id":"https:\/\/www.efdb.ch\/de\/#website"},"datePublished":"2022-11-21T14:27:10+00:00","dateModified":"2025-12-17T16:50:45+00:00","breadcrumb":{"@id":"https:\/\/www.efdb.ch\/de\/zeitplane\/#breadcrumb"},"inLanguage":"de","potentialAction":[{"@type":"ReadAction","target":["https:\/\/www.efdb.ch\/de\/zeitplane\/"]}]},{"@type":"BreadcrumbList","@id":"https:\/\/www.efdb.ch\/de\/zeitplane\/#breadcrumb","itemListElement":[{"@type":"ListItem","position":1,"name":"Accueil","item":"https:\/\/www.efdb.ch\/de\/"},{"@type":"ListItem","position":2,"name":"Stundenpl\u00e4ne"}]},{"@type":"WebSite","@id":"https:\/\/www.efdb.ch\/de\/#website","url":"https:\/\/www.efdb.ch\/de\/","name":"EFDB","description":"\u00c9cole fran\u00e7aise de B\u00e2le","potentialAction":[{"@type":"SearchAction","target":{"@type":"EntryPoint","urlTemplate":"https:\/\/www.efdb.ch\/de\/?s={search_term_string}"},"query-input":{"@type":"PropertyValueSpecification","valueRequired":true,"valueName":"search_term_string"}}],"inLanguage":"de"}]}},"_links":{"self":[{"href":"https:\/\/www.efdb.ch\/de\/wp-json\/wp\/v2\/pages\/15983","targetHints":{"allow":["GET"]}}],"collection":[{"href":"https:\/\/www.efdb.ch\/de\/wp-json\/wp\/v2\/pages"}],"about":[{"href":"https:\/\/www.efdb.ch\/de\/wp-json\/wp\/v2\/types\/page"}],"author":[{"embeddable":true,"href":"https:\/\/www.efdb.ch\/de\/wp-json\/wp\/v2\/users\/1"}],"replies":[{"embeddable":true,"href":"https:\/\/www.efdb.ch\/de\/wp-json\/wp\/v2\/comments?post=15983"}],"version-history":[{"count":90,"href":"https:\/\/www.efdb.ch\/de\/wp-json\/wp\/v2\/pages\/15983\/revisions"}],"predecessor-version":[{"id":22732,"href":"https:\/\/www.efdb.ch\/de\/wp-json\/wp\/v2\/pages\/15983\/revisions\/22732"}],"wp:attachment":[{"href":"https:\/\/www.efdb.ch\/de\/wp-json\/wp\/v2\/media?parent=15983"}],"curies":[{"name":"wp","href":"https:\/\/api.w.org\/{rel}","templated":true}]}}