{"id":15085,"date":"2022-07-27T18:23:25","date_gmt":"2022-07-27T16:23:25","guid":{"rendered":"https:\/\/www.efdb.ch\/die-mannschaft\/"},"modified":"2026-01-06T13:52:52","modified_gmt":"2026-01-06T11:52:52","slug":"team-und-organisation-2","status":"publish","type":"page","link":"https:\/\/www.efdb.ch\/de\/team-und-organisation-2\/","title":{"rendered":"Team und Organisation"},"content":{"rendered":"<p>[et_pb_section fb_built=&#8220;1&#8243; fullwidth=&#8220;on&#8220; _builder_version=&#8220;4.16&#8243; global_colors_info=&#8220;{}&#8220;][et_pb_fullwidth_slider admin_label=&#8220;Fullwidth Slider&#8220; _builder_version=&#8220;4.19.4&#8243; custom_padding=&#8220;|||&#8220; custom_padding_tablet=&#8220;|||&#8220; custom_padding_phone=&#8220;|||&#8220; box_shadow_style=&#8220;preset6&#8243; box_shadow_blur=&#8220;10px&#8220; box_shadow_color=&#8220;rgba(0,0,0,0.1)&#8220; global_colors_info=&#8220;{}&#8220; button_text_size__hover_enabled=&#8220;off&#8220; button_one_text_size__hover_enabled=&#8220;off&#8220; button_two_text_size__hover_enabled=&#8220;off&#8220; button_text_color__hover_enabled=&#8220;off&#8220; button_one_text_color__hover_enabled=&#8220;off&#8220; button_two_text_color__hover_enabled=&#8220;off&#8220; button_border_width__hover_enabled=&#8220;off&#8220; button_one_border_width__hover_enabled=&#8220;off&#8220; button_two_border_width__hover_enabled=&#8220;off&#8220; button_border_color__hover_enabled=&#8220;off&#8220; button_one_border_color__hover_enabled=&#8220;off&#8220; button_two_border_color__hover_enabled=&#8220;off&#8220; button_border_radius__hover_enabled=&#8220;off&#8220; button_one_border_radius__hover_enabled=&#8220;off&#8220; button_two_border_radius__hover_enabled=&#8220;off&#8220; button_letter_spacing__hover_enabled=&#8220;off&#8220; button_one_letter_spacing__hover_enabled=&#8220;off&#8220; button_two_letter_spacing__hover_enabled=&#8220;off&#8220; button_bg_color__hover_enabled=&#8220;off&#8220; button_one_bg_color__hover_enabled=&#8220;off&#8220; button_two_bg_color__hover_enabled=&#8220;off&#8220;][et_pb_slide heading=&#8220;Team und Organisation&#8220; use_bg_overlay=&#8220;on&#8220; _builder_version=&#8220;4.19.4&#8243; background_color=&#8220;#ffffff&#8220; background_image=&#8220;https:\/\/www.efdb.ch\/wp-content\/uploads\/2019\/10\/DSC6948-e1572210682222.jpg&#8220; background_enable_image=&#8220;on&#8220; global_colors_info=&#8220;{}&#8220; button_text_size__hover_enabled=&#8220;off&#8220; button_one_text_size__hover_enabled=&#8220;off&#8220; button_two_text_size__hover_enabled=&#8220;off&#8220; button_text_color__hover_enabled=&#8220;off&#8220; button_one_text_color__hover_enabled=&#8220;off&#8220; button_two_text_color__hover_enabled=&#8220;off&#8220; button_border_width__hover_enabled=&#8220;off&#8220; button_one_border_width__hover_enabled=&#8220;off&#8220; button_two_border_width__hover_enabled=&#8220;off&#8220; button_border_color__hover_enabled=&#8220;off&#8220; button_one_border_color__hover_enabled=&#8220;off&#8220; button_two_border_color__hover_enabled=&#8220;off&#8220; button_border_radius__hover_enabled=&#8220;off&#8220; button_one_border_radius__hover_enabled=&#8220;off&#8220; button_two_border_radius__hover_enabled=&#8220;off&#8220; button_letter_spacing__hover_enabled=&#8220;off&#8220; button_one_letter_spacing__hover_enabled=&#8220;off&#8220; button_two_letter_spacing__hover_enabled=&#8220;off&#8220; button_bg_color__hover_enabled=&#8220;off&#8220; button_one_bg_color__hover_enabled=&#8220;off&#8220; button_two_bg_color__hover_enabled=&#8220;off&#8220; sticky_transition=&#8220;on&#8220;]<\/p><p>der \u00c9cole Fran\u00e7aise de B\u00e2le<\/p><p>[\/et_pb_slide][\/et_pb_fullwidth_slider][\/et_pb_section][et_pb_section fb_built=&#8220;1&#8243; specialty=&#8220;on&#8220; _builder_version=&#8220;4.16&#8243; global_colors_info=&#8220;{}&#8220;][et_pb_column type=&#8220;2_3&#8243; specialty_columns=&#8220;2&#8243; _builder_version=&#8220;4.16&#8243; custom_padding=&#8220;|||&#8220; global_colors_info=&#8220;{}&#8220; parallax__hover=&#8220;off&#8220; parallax_method__hover=&#8220;on&#8220; custom_padding__hover=&#8220;|||&#8220;][et_pb_row_inner admin_label=&#8220;Ligne&#8220; _builder_version=&#8220;4.16&#8243; global_colors_info=&#8220;{}&#8220;][et_pb_column_inner saved_specialty_column_type=&#8220;2_3&#8243; _builder_version=&#8220;4.16&#8243; custom_padding=&#8220;|||&#8220; global_colors_info=&#8220;{}&#8220; parallax__hover=&#8220;off&#8220; parallax_method__hover=&#8220;on&#8220; custom_padding__hover=&#8220;|||&#8220;][et_pb_text admin_label=&#8220;Organigramme&#8220; _builder_version=&#8220;4.27.4&#8243; hover_enabled=&#8220;0&#8243; global_colors_info=&#8220;{}&#8220; sticky_enabled=&#8220;0&#8243;]<\/p><h2>Organigramm<\/h2><p><\/p><p><a href=\"https:\/\/www.efdb.ch\/wp-content\/uploads\/2025\/12\/2025.12.15-Organigramme-EFDB.pdf\" rel=\"attachment wp-att-22739\">Organigramm EFDB<\/a><\/p><p>[\/et_pb_text][et_pb_accordion _builder_version=&#8220;4.27.4&#8243; body_text_color=&#8220;#233B51&#8243; body_ul_position=&#8220;inside&#8220; background_color=&#8220;#ffffff&#8220; hover_enabled=&#8220;0&#8243; global_colors_info=&#8220;{}&#8220; sticky_enabled=&#8220;0&#8243;][et_pb_accordion_item title=&#8220;Direktion &#038; Verwaltung&#8220; open=&#8220;on&#8220; icon_color=&#8220;#d10a11&#8243; _builder_version=&#8220;4.21.0&#8243; custom_margin=&#8220;||0px|&#8220; custom_margin_tablet=&#8220;||0px|&#8220; custom_margin_phone=&#8220;||0px|&#8220; border_width_bottom=&#8220;0px&#8220; global_colors_info=&#8220;{}&#8220;]<\/p><ul><li><strong>Schuldirektor : <\/strong>Fr\u00e9d\u00e9ric FOURT<\/li><li><strong>Administrative und ausserschulische Direktorin : <\/strong>Anne-Sophie RINGENBACH<\/li><li><strong>Finanzdirektor : <\/strong>G\u00e9rard BOUELE<\/li><li><strong>Assistentin der administrativen und ausserschulischen Direktorin &#8211; Kindergarten : <\/strong>Caroline KLEIN<\/li><li><strong>P\u00e4dagogische Assistentin und Assistentin der administrativen und ausserschulischen Direktorin &#8211; Primarschule : <\/strong>Oc\u00e9ane DERBISZ<\/li><li><strong>Assistentin der administrativen und ausserschulischen Direktorin &#8211; Primarschule : <\/strong>Justine VEIDIG<\/li><\/ul><p>[\/et_pb_accordion_item][et_pb_accordion_item title=&#8220;Kinderkrippe&#8220; icon_color=&#8220;#d10a11&#8243; _builder_version=&#8220;4.27.4&#8243; custom_margin=&#8220;||0px|&#8220; custom_margin_tablet=&#8220;0px|||&#8220; custom_margin_phone=&#8220;0px|||&#8220; hover_enabled=&#8220;0&#8243; border_width_bottom=&#8220;0px&#8220; global_colors_info=&#8220;{}&#8220; open=&#8220;off&#8220; sticky_enabled=&#8220;0&#8243;]<\/p><p><strong>Leiterin der Kinderkrippe:<\/strong><\/p><ul><li>Laura GEISS<\/li><\/ul><p><\/p><p><strong>Erzieherinnen:<\/strong><\/p><ul><li>Anna\u00eblle BAY<\/li><li>Laura GEISS<\/li><\/ul><p><\/p><p><strong>Kindergartenassistentinnen:<\/strong><\/p><ul><li>Camille AUBLE<\/li><li>Sandra GASSER<\/li><li>Morgane TIRELLI<\/li><li>Sabine VAISSEAU<\/li><\/ul><p><\/p><p><strong>Kinderbetreuungsassistentin:<\/strong><\/p><ul><li>Jacqueline RUCHTY<\/li><\/ul><p><\/p><p><strong>Musiklehrerin:<\/strong><\/p><ul><li>Aurore BREUILLOT<\/li><\/ul><p>[\/et_pb_accordion_item][et_pb_accordion_item title=&#8220;Kindergarten&#8220; icon_color=&#8220;#d10a11&#8243; _builder_version=&#8220;4.27.4&#8243; custom_margin=&#8220;||0px|&#8220; custom_margin_tablet=&#8220;||0px|&#8220; custom_margin_phone=&#8220;||0px|&#8220; hover_enabled=&#8220;0&#8243; border_width_bottom=&#8220;0px&#8220; global_colors_info=&#8220;{}&#8220; open=&#8220;off&#8220; sticky_enabled=&#8220;0&#8243;]<\/p><p><strong>Lehrer\/innen &amp; Kindergartenassistenten\/innen:<\/strong><\/p><ul><li><strong>Petite section<\/strong><ul><li>Sophie JENN<\/li><li>Julie SCHWARZROCK<\/li><li>Laurence BENOIT<\/li><\/ul><\/li><li><strong>Moyenne section<\/strong><ul><li>C\u00e9line KERN<\/li><li>Julie SCHWARZROCK<\/li><li>Jean-Pierre PESSOTTO<\/li><\/ul><\/li><li><strong>Grande section<\/strong><ul><li>Eliette CUCHE<\/li><li>Tania WEISS<\/li><\/ul><\/li><\/ul><p><\/p><p><strong>Deutschlehrerinnen:<\/strong><\/p><ul><li>Laura GEISS<\/li><li>Amira GHANNAM<\/li><\/ul><p><\/p><p><strong>Musiklehrerin:<\/strong><\/p><ul><li>Aurore BREUILLOT<\/li><\/ul><p><\/p><p><strong>Aufsicht, Kantine und Wartung:<\/strong><\/p><ul><li>V\u00e9ronique BENADDI<\/li><li>Salom\u00e9 MENU<\/li><\/ul><p>[\/et_pb_accordion_item][et_pb_accordion_item title=&#8220;Primarschule \/ 6. Klasse&#8220; icon_color=&#8220;#d10a11&#8243; _builder_version=&#8220;4.27.4&#8243; custom_margin=&#8220;||0px|&#8220; custom_margin_tablet=&#8220;||0px|&#8220; custom_margin_phone=&#8220;||0px|&#8220; hover_enabled=&#8220;0&#8243; border_width_bottom=&#8220;0px&#8220; global_colors_info=&#8220;{}&#8220; open=&#8220;off&#8220; sticky_enabled=&#8220;0&#8243;]<\/p><p><strong>Lehrer\/innen:<\/strong><\/p><ul><li><strong>1. Klasse (CP): <\/strong>Marc SCHNEIDER<\/li><li><strong>2. Klasse (CE1): <\/strong>Ana\u00efs SUTTER<\/li><li><strong>3. Klasse (CE2): <\/strong>Val\u00e9rie MULLER<\/li><li><strong>4. Klasse (CM1): <\/strong>Anne ZUSSY<\/li><li><strong>5. Klasse (CM2): <\/strong>Anna FANINGER<\/li><li><strong>6. Klasse (6\u00e8me): <\/strong>Klassenlehrer, Fr\u00e9d\u00e9ric FOURT<\/li><\/ul><p><\/p><p><strong>Deutschlehrer\/innen:<\/strong><\/p><ul><li>Antje GHANNAM<\/li><li>Val\u00e9rie MULLER<\/li><li>M\u00e9lanie NIGLIS<\/li><li>Elisabeth REINGRUBER<\/li><li>Marc SCHNEIDER<\/li><\/ul><p><\/p><p><strong>Englischlehrerinnen:<\/strong><\/p><ul><li>Hajnalka MOGGS<\/li><li>Sheena PRUNTY<\/li><\/ul><p><\/p><p><strong>Musiklehrerin:<\/strong><\/p><ul><li>Aurore BREUILLOT<\/li><\/ul><p><\/p><p><strong>Kantinenaufsicht:<\/strong><\/p><ul><li>Sabrina BOUZANA<\/li><li>Julie FOHR<\/li><li>Claudia GIRALDO<\/li><li>Am\u00e9lie MULLER<\/li><li>M\u00e9lanie NIGLIS<\/li><li>Justine VEIDIG<\/li><\/ul><p>[\/et_pb_accordion_item][et_pb_accordion_item title=&#8220;Vorstand, gew\u00e4hlt am 15. Dezember 2025&#8243; icon_color=&#8220;#d10a11&#8243; _builder_version=&#8220;4.27.4&#8243; custom_margin=&#8220;||0px|&#8220; custom_margin_tablet=&#8220;||0px|&#8220; custom_margin_phone=&#8220;||0px|&#8220; hover_enabled=&#8220;0&#8243; border_width_bottom=&#8220;0px&#8220; global_colors_info=&#8220;{}&#8220; open=&#8220;off&#8220; sticky_enabled=&#8220;0&#8243;]<\/p><ul><li><strong>Pr\u00e4sidentin: <\/strong>Sonia REGENASS<\/li><li><strong>Vizepr\u00e4sident: <\/strong>Antoine FRAN\u00c7OIS<\/li><li><strong>Schatzmeisterin: <\/strong>Constance TUFFET<\/li><li><strong>Sekret\u00e4rin: <\/strong>Laurie HEINRICH<\/li><li><strong>Mitglieder: <\/strong>Diane BEAUVAIS, Am\u00e9lie BIGORGNE, Karim MELLITI<\/li><li><strong>Vertreter des Elternrats:<\/strong> David DAUMAS<\/li><li><strong>Mitglieder von Amts wegen: <\/strong><ul><li>Laurent ALBERTI, Consul G\u00e9n\u00e9ral de France \u00e0 Z\u00fcrich<\/li><li>Fran\u00e7ois COURANT, Conseiller de Coop\u00e9ration et d\u2019Action Culturelle<\/li><li>Fabrice BARTHELEMY, Inspecteur d\u2019Acad\u00e9mie, Directeur des Services D\u00e9partementaux de l\u2019Education Nationale du Haut-Rhin<\/li><\/ul><\/li><\/ul><p>[\/et_pb_accordion_item][et_pb_accordion_item title=&#8220;Elternrat, gew\u00e4hlt am 10. Oktober 2025&#8243; icon_color=&#8220;#d10a11&#8243; _builder_version=&#8220;4.27.4&#8243; global_colors_info=&#8220;{}&#8220; open=&#8220;off&#8220;]<\/p><p><strong>Vertreter des Elternrats :<\/strong><\/p><ul><li>David DAUMAS<\/li><\/ul><p><\/p><p><strong>Mitglieder des Elternrats :<\/strong><\/p><ul><li>Manon FRANCOIS<\/li><li>Raphael LE BOURSICAUD<\/li><li>Vincent NIPPEL<\/li><\/ul><p>[\/et_pb_accordion_item][\/et_pb_accordion][\/et_pb_column_inner][\/et_pb_row_inner][\/et_pb_column][et_pb_column type=&#8220;1_3&#8243; _builder_version=&#8220;4.16&#8243; custom_padding=&#8220;|||&#8220; global_colors_info=&#8220;{}&#8220; parallax__hover=&#8220;off&#8220; parallax_method__hover=&#8220;on&#8220; custom_padding__hover=&#8220;|||&#8220;][et_pb_text admin_label=&#8220;EFDB&#8220; _builder_version=&#8220;4.19.4&#8243; global_colors_info=&#8220;{}&#8220;]<\/p><p>Die \u00c9cole Fran\u00e7aise de B\u00e2le wurde 1884 gegr\u00fcndet, als einzige von der AEFE (Agentur f\u00fcr das franz\u00f6sische Auslandsschulwesen) amtlich anerkannte Schule der Nordwestschweiz. Sie steht ebenfalls unter der Aufsicht des ED (Erziehungsdepartement) Basel-Stadt und der Acad\u00e9mie de Strasbourg (Schulaufsichtsbeh\u00f6rde der D\u00e9partements Bas-Rhin und Haut-Rhin).<\/p><p>[\/et_pb_text][et_pb_text admin_label=&#8220;Partenaires&#8220; _builder_version=&#8220;4.16&#8243; global_colors_info=&#8220;{}&#8220;]<\/p><p>&nbsp;<\/p><ul><li><a href=\"https:\/\/www.aefe.fr\/\" target=\"_blank\" rel=\"noopener noreferrer\">Agentur f\u00fcr das franz\u00f6sische Auslandsschulwesen (AEFE)<\/a><\/li><li><a href=\"https:\/\/www.education.gouv.fr\/\" target=\"_blank\" rel=\"noopener noreferrer\">Franz\u00f6sisches Bildungsministerium (MEN)<\/a><\/li><li><a href=\"https:\/\/www.ed.bs.ch\/\" target=\"_blank\" rel=\"noopener noreferrer\">Erziehungsdepartement Basel-Stadt (ED Basel-Stadt)<\/a><\/li><\/ul><p>[\/et_pb_text][et_pb_image src=&#8220;https:\/\/www.efdb.ch\/wp-content\/uploads\/2021\/09\/delf-goethe-cambridge-combines-1.png&#8220; alt=&#8220;Zertifizierung&#8220; title_text=&#8220;delf goethe cambridge combin\u00e9s&#8220; _builder_version=&#8220;4.16&#8243; _module_preset=&#8220;default&#8220; global_colors_info=&#8220;{}&#8220;][\/et_pb_image][et_pb_image src=&#8220;https:\/\/www.efdb.ch\/wp-content\/uploads\/2021\/09\/certification-efe3d-niveau1.png&#8220; title_text=&#8220;Zertifizierung-efe3d-level1&#8243; _builder_version=&#8220;4.16&#8243; _module_preset=&#8220;default&#8220; global_colors_info=&#8220;{}&#8220;][\/et_pb_image][\/et_pb_column][\/et_pb_section]<\/p>","protected":false},"excerpt":{"rendered":"<p>der \u00c9cole Fran\u00e7aise de B\u00e2leOrganigrammOrganigramm EFDBSchuldirektor : Fr\u00e9d\u00e9ric FOURTAdministrative und ausserschulische Direktorin : Anne-Sophie RINGENBACHFinanzdirektor : G\u00e9rard BOUELEAssistentin der administrativen und ausserschulischen Direktorin &#8211; Kindergarten : Caroline KLEINP\u00e4dagogische Assistentin und Assistentin der administrativen und ausserschulischen Direktorin &#8211; Primarschule : Oc\u00e9ane DERBISZAssistentin der administrativen und ausserschulischen Direktorin &#8211; Primarschule : Justine VEIDIGLeiterin der Kinderkrippe:Laura GEISSErzieherinnen:Anna\u00eblle BAYLaura [&hellip;]<\/p>\n","protected":false},"author":1,"featured_media":0,"parent":0,"menu_order":0,"comment_status":"closed","ping_status":"closed","template":"","meta":{"_et_pb_use_builder":"on","_et_pb_old_content":"","_et_gb_content_width":"","footnotes":""},"class_list":["post-15085","page","type-page","status-publish","hentry"],"yoast_head":"<!-- This site is optimized with the Yoast SEO plugin v27.4 - https:\/\/yoast.com\/product\/yoast-seo-wordpress\/ -->\n<title>Team und Organisation - EFDB<\/title>\n<meta name=\"robots\" content=\"index, follow, max-snippet:-1, max-image-preview:large, max-video-preview:-1\" \/>\n<link rel=\"canonical\" href=\"https:\/\/www.efdb.ch\/de\/team-und-organisation-2\/\" \/>\n<meta property=\"og:locale\" content=\"de_DE\" \/>\n<meta property=\"og:type\" content=\"article\" \/>\n<meta property=\"og:title\" content=\"Team und Organisation - EFDB\" \/>\n<meta property=\"og:description\" content=\"der \u00c9cole Fran\u00e7aise de B\u00e2leOrganigrammOrganigramm EFDBSchuldirektor : Fr\u00e9d\u00e9ric FOURTAdministrative und ausserschulische Direktorin : Anne-Sophie RINGENBACHFinanzdirektor : G\u00e9rard BOUELEAssistentin der administrativen und ausserschulischen Direktorin - Kindergarten : Caroline KLEINP\u00e4dagogische Assistentin und Assistentin der administrativen und ausserschulischen Direktorin - Primarschule : Oc\u00e9ane DERBISZAssistentin der administrativen und ausserschulischen Direktorin - Primarschule : Justine VEIDIGLeiterin der Kinderkrippe:Laura GEISSErzieherinnen:Anna\u00eblle BAYLaura [&hellip;]\" \/>\n<meta property=\"og:url\" content=\"https:\/\/www.efdb.ch\/de\/team-und-organisation-2\/\" \/>\n<meta property=\"og:site_name\" content=\"EFDB\" \/>\n<meta property=\"article:modified_time\" content=\"2026-01-06T11:52:52+00:00\" \/>\n<meta name=\"twitter:card\" content=\"summary_large_image\" \/>\n<meta name=\"twitter:label1\" content=\"Gesch\u00e4tzte Lesezeit\" \/>\n\t<meta name=\"twitter:data1\" content=\"4\u00a0Minuten\" \/>\n<script type=\"application\/ld+json\" class=\"yoast-schema-graph\">{\"@context\":\"https:\\\/\\\/schema.org\",\"@graph\":[{\"@type\":\"WebPage\",\"@id\":\"https:\\\/\\\/www.efdb.ch\\\/de\\\/team-und-organisation-2\\\/\",\"url\":\"https:\\\/\\\/www.efdb.ch\\\/de\\\/team-und-organisation-2\\\/\",\"name\":\"Team und Organisation - EFDB\",\"isPartOf\":{\"@id\":\"https:\\\/\\\/www.efdb.ch\\\/de\\\/#website\"},\"datePublished\":\"2022-07-27T16:23:25+00:00\",\"dateModified\":\"2026-01-06T11:52:52+00:00\",\"breadcrumb\":{\"@id\":\"https:\\\/\\\/www.efdb.ch\\\/de\\\/team-und-organisation-2\\\/#breadcrumb\"},\"inLanguage\":\"de\",\"potentialAction\":[{\"@type\":\"ReadAction\",\"target\":[\"https:\\\/\\\/www.efdb.ch\\\/de\\\/team-und-organisation-2\\\/\"]}]},{\"@type\":\"BreadcrumbList\",\"@id\":\"https:\\\/\\\/www.efdb.ch\\\/de\\\/team-und-organisation-2\\\/#breadcrumb\",\"itemListElement\":[{\"@type\":\"ListItem\",\"position\":1,\"name\":\"Accueil\",\"item\":\"https:\\\/\\\/www.efdb.ch\\\/de\\\/\"},{\"@type\":\"ListItem\",\"position\":2,\"name\":\"Team und Organisation\"}]},{\"@type\":\"WebSite\",\"@id\":\"https:\\\/\\\/www.efdb.ch\\\/de\\\/#website\",\"url\":\"https:\\\/\\\/www.efdb.ch\\\/de\\\/\",\"name\":\"EFDB\",\"description\":\"\u00c9cole fran\u00e7aise de B\u00e2le\",\"potentialAction\":[{\"@type\":\"SearchAction\",\"target\":{\"@type\":\"EntryPoint\",\"urlTemplate\":\"https:\\\/\\\/www.efdb.ch\\\/de\\\/?s={search_term_string}\"},\"query-input\":{\"@type\":\"PropertyValueSpecification\",\"valueRequired\":true,\"valueName\":\"search_term_string\"}}],\"inLanguage\":\"de\"}]}<\/script>\n<!-- \/ Yoast SEO plugin. -->","yoast_head_json":{"title":"Team und Organisation - EFDB","robots":{"index":"index","follow":"follow","max-snippet":"max-snippet:-1","max-image-preview":"max-image-preview:large","max-video-preview":"max-video-preview:-1"},"canonical":"https:\/\/www.efdb.ch\/de\/team-und-organisation-2\/","og_locale":"de_DE","og_type":"article","og_title":"Team und Organisation - EFDB","og_description":"der \u00c9cole Fran\u00e7aise de B\u00e2leOrganigrammOrganigramm EFDBSchuldirektor : Fr\u00e9d\u00e9ric FOURTAdministrative und ausserschulische Direktorin : Anne-Sophie RINGENBACHFinanzdirektor : G\u00e9rard BOUELEAssistentin der administrativen und ausserschulischen Direktorin - Kindergarten : Caroline KLEINP\u00e4dagogische Assistentin und Assistentin der administrativen und ausserschulischen Direktorin - Primarschule : Oc\u00e9ane DERBISZAssistentin der administrativen und ausserschulischen Direktorin - Primarschule : Justine VEIDIGLeiterin der Kinderkrippe:Laura GEISSErzieherinnen:Anna\u00eblle BAYLaura [&hellip;]","og_url":"https:\/\/www.efdb.ch\/de\/team-und-organisation-2\/","og_site_name":"EFDB","article_modified_time":"2026-01-06T11:52:52+00:00","twitter_card":"summary_large_image","twitter_misc":{"Gesch\u00e4tzte Lesezeit":"4\u00a0Minuten"},"schema":{"@context":"https:\/\/schema.org","@graph":[{"@type":"WebPage","@id":"https:\/\/www.efdb.ch\/de\/team-und-organisation-2\/","url":"https:\/\/www.efdb.ch\/de\/team-und-organisation-2\/","name":"Team und Organisation - EFDB","isPartOf":{"@id":"https:\/\/www.efdb.ch\/de\/#website"},"datePublished":"2022-07-27T16:23:25+00:00","dateModified":"2026-01-06T11:52:52+00:00","breadcrumb":{"@id":"https:\/\/www.efdb.ch\/de\/team-und-organisation-2\/#breadcrumb"},"inLanguage":"de","potentialAction":[{"@type":"ReadAction","target":["https:\/\/www.efdb.ch\/de\/team-und-organisation-2\/"]}]},{"@type":"BreadcrumbList","@id":"https:\/\/www.efdb.ch\/de\/team-und-organisation-2\/#breadcrumb","itemListElement":[{"@type":"ListItem","position":1,"name":"Accueil","item":"https:\/\/www.efdb.ch\/de\/"},{"@type":"ListItem","position":2,"name":"Team und Organisation"}]},{"@type":"WebSite","@id":"https:\/\/www.efdb.ch\/de\/#website","url":"https:\/\/www.efdb.ch\/de\/","name":"EFDB","description":"\u00c9cole fran\u00e7aise de B\u00e2le","potentialAction":[{"@type":"SearchAction","target":{"@type":"EntryPoint","urlTemplate":"https:\/\/www.efdb.ch\/de\/?s={search_term_string}"},"query-input":{"@type":"PropertyValueSpecification","valueRequired":true,"valueName":"search_term_string"}}],"inLanguage":"de"}]}},"_links":{"self":[{"href":"https:\/\/www.efdb.ch\/de\/wp-json\/wp\/v2\/pages\/15085","targetHints":{"allow":["GET"]}}],"collection":[{"href":"https:\/\/www.efdb.ch\/de\/wp-json\/wp\/v2\/pages"}],"about":[{"href":"https:\/\/www.efdb.ch\/de\/wp-json\/wp\/v2\/types\/page"}],"author":[{"embeddable":true,"href":"https:\/\/www.efdb.ch\/de\/wp-json\/wp\/v2\/users\/1"}],"replies":[{"embeddable":true,"href":"https:\/\/www.efdb.ch\/de\/wp-json\/wp\/v2\/comments?post=15085"}],"version-history":[{"count":252,"href":"https:\/\/www.efdb.ch\/de\/wp-json\/wp\/v2\/pages\/15085\/revisions"}],"predecessor-version":[{"id":22808,"href":"https:\/\/www.efdb.ch\/de\/wp-json\/wp\/v2\/pages\/15085\/revisions\/22808"}],"wp:attachment":[{"href":"https:\/\/www.efdb.ch\/de\/wp-json\/wp\/v2\/media?parent=15085"}],"curies":[{"name":"wp","href":"https:\/\/api.w.org\/{rel}","templated":true}]}}