{"id":15056,"date":"2022-07-27T17:44:50","date_gmt":"2022-07-27T15:44:50","guid":{"rendered":"https:\/\/www.efdb.ch\/schulleben\/verschiedene-dokumente\/"},"modified":"2025-07-03T23:14:10","modified_gmt":"2025-07-03T21:14:10","slug":"schulmaterial","status":"publish","type":"page","link":"https:\/\/www.efdb.ch\/de\/schulmaterial\/","title":{"rendered":"Schulmaterial"},"content":{"rendered":"<p>[et_pb_section fb_built=&#8220;1&#8243; admin_label=&#8220;section&#8220; _builder_version=&#8220;4.16&#8243; global_colors_info=&#8220;{}&#8220;][et_pb_row _builder_version=&#8220;4.17.6&#8243; _module_preset=&#8220;default&#8220; global_colors_info=&#8220;{}&#8220;][et_pb_column type=&#8220;4_4&#8243; _builder_version=&#8220;4.17.6&#8243; _module_preset=&#8220;default&#8220; global_colors_info=&#8220;{}&#8220;][et_pb_text _builder_version=&#8220;4.19.0&#8243; _module_preset=&#8220;default&#8220; global_colors_info=&#8220;{}&#8220;]<\/p><h1>Schulmaterial<\/h1><p>[\/et_pb_text][\/et_pb_column][\/et_pb_row][et_pb_row admin_label=&#8220;row&#8220; _builder_version=&#8220;4.16&#8243; background_size=&#8220;initial&#8220; background_position=&#8220;top_left&#8220; background_repeat=&#8220;repeat&#8220; global_colors_info=&#8220;{}&#8220;][et_pb_column type=&#8220;4_4&#8243; _builder_version=&#8220;4.16&#8243; custom_padding=&#8220;|||&#8220; global_colors_info=&#8220;{}&#8220; custom_padding__hover=&#8220;|||&#8220;][et_pb_text admin_label=&#8220;Text&#8220; _builder_version=&#8220;4.27.4&#8243; background_size=&#8220;initial&#8220; background_position=&#8220;top_left&#8220; background_repeat=&#8220;repeat&#8220; hover_enabled=&#8220;0&#8243; global_colors_info=&#8220;{}&#8220; sticky_enabled=&#8220;0&#8243;]<\/p><p><strong>Schulmaterial:<\/strong><\/p><ul><li><a href=\"https:\/\/www.efdb.ch\/wp-content\/uploads\/2025\/07\/Fournitures-Petits-2025-2026.pdf\" rel=\"attachment wp-att-22191\">Petite section 2025-2026<\/a><\/li><li><a href=\"https:\/\/www.efdb.ch\/wp-content\/uploads\/2025\/07\/Fournitures-Moyens-2025-2026.pdf\" rel=\"attachment wp-att-22188\">Moyenne section 2025-2026<\/a><\/li><li><a href=\"https:\/\/www.efdb.ch\/wp-content\/uploads\/2025\/07\/Fournitures-Grands-2025-2026.pdf\" rel=\"attachment wp-att-22185\">Grande section 2025-2026<\/a><\/li><li><a href=\"https:\/\/www.efdb.ch\/wp-content\/uploads\/2025\/07\/CP-EFDB-2025-2026-Liste-de-fournitures-scolaires-.pdf\" rel=\"attachment wp-att-22078\">1. Klasse 2025-2026<\/a><\/li><li><a href=\"https:\/\/www.efdb.ch\/wp-content\/uploads\/2025\/07\/CE1-EFDB-2025-2026-Liste-de-fournitures-scolaires-.pdf\" rel=\"attachment wp-att-22081\">2. Klasse 2025-2026<\/a><\/li><li><a href=\"https:\/\/www.efdb.ch\/wp-content\/uploads\/2025\/07\/CE2-EFDB-2025-2026-Liste-de-fournitures-scolaires-.pdf\" rel=\"attachment wp-att-22084\">3. Klasse 2025-2026<\/a><\/li><li><a href=\"https:\/\/www.efdb.ch\/wp-content\/uploads\/2025\/07\/CM1-CM2-6e-EFDB-2025-2026-Liste-de-fournitures-scolaires-CM1-CM2-6e-EFDB.pdf\" rel=\"attachment wp-att-22087\">4. &#8211; 6. Klasse 2025-2026<\/a><\/li><\/ul><p>[\/et_pb_text][\/et_pb_column][\/et_pb_row][\/et_pb_section]<\/p>","protected":false},"excerpt":{"rendered":"<p>SchulmaterialSchulmaterial:Petite section 2025-2026Moyenne section 2025-2026Grande section 2025-20261. Klasse 2025-20262. Klasse 2025-20263. Klasse 2025-20264. &#8211; 6. Klasse 2025-2026<\/p>\n","protected":false},"author":2,"featured_media":0,"parent":0,"menu_order":0,"comment_status":"closed","ping_status":"closed","template":"","meta":{"_et_pb_use_builder":"on","_et_pb_old_content":"","_et_gb_content_width":"","footnotes":""},"class_list":["post-15056","page","type-page","status-publish","hentry"],"yoast_head":"<!-- This site is optimized with the Yoast SEO plugin v27.4 - https:\/\/yoast.com\/product\/yoast-seo-wordpress\/ -->\n<title>Schulmaterial - EFDB<\/title>\n<meta name=\"robots\" content=\"index, follow, max-snippet:-1, max-image-preview:large, max-video-preview:-1\" \/>\n<link rel=\"canonical\" href=\"https:\/\/www.efdb.ch\/de\/schulmaterial\/\" \/>\n<meta property=\"og:locale\" content=\"de_DE\" \/>\n<meta property=\"og:type\" content=\"article\" \/>\n<meta property=\"og:title\" content=\"Schulmaterial - EFDB\" \/>\n<meta property=\"og:description\" content=\"SchulmaterialSchulmaterial:Petite section 2025-2026Moyenne section 2025-2026Grande section 2025-20261. Klasse 2025-20262. Klasse 2025-20263. Klasse 2025-20264. - 6. Klasse 2025-2026\" \/>\n<meta property=\"og:url\" content=\"https:\/\/www.efdb.ch\/de\/schulmaterial\/\" \/>\n<meta property=\"og:site_name\" content=\"EFDB\" \/>\n<meta property=\"article:modified_time\" content=\"2025-07-03T21:14:10+00:00\" \/>\n<meta name=\"twitter:card\" content=\"summary_large_image\" \/>\n<meta name=\"twitter:label1\" content=\"Gesch\u00e4tzte Lesezeit\" \/>\n\t<meta name=\"twitter:data1\" content=\"1\u00a0Minute\" \/>\n<script type=\"application\/ld+json\" class=\"yoast-schema-graph\">{\"@context\":\"https:\\\/\\\/schema.org\",\"@graph\":[{\"@type\":\"WebPage\",\"@id\":\"https:\\\/\\\/www.efdb.ch\\\/de\\\/schulmaterial\\\/\",\"url\":\"https:\\\/\\\/www.efdb.ch\\\/de\\\/schulmaterial\\\/\",\"name\":\"Schulmaterial - EFDB\",\"isPartOf\":{\"@id\":\"https:\\\/\\\/www.efdb.ch\\\/de\\\/#website\"},\"datePublished\":\"2022-07-27T15:44:50+00:00\",\"dateModified\":\"2025-07-03T21:14:10+00:00\",\"breadcrumb\":{\"@id\":\"https:\\\/\\\/www.efdb.ch\\\/de\\\/schulmaterial\\\/#breadcrumb\"},\"inLanguage\":\"de\",\"potentialAction\":[{\"@type\":\"ReadAction\",\"target\":[\"https:\\\/\\\/www.efdb.ch\\\/de\\\/schulmaterial\\\/\"]}]},{\"@type\":\"BreadcrumbList\",\"@id\":\"https:\\\/\\\/www.efdb.ch\\\/de\\\/schulmaterial\\\/#breadcrumb\",\"itemListElement\":[{\"@type\":\"ListItem\",\"position\":1,\"name\":\"Accueil\",\"item\":\"https:\\\/\\\/www.efdb.ch\\\/de\\\/\"},{\"@type\":\"ListItem\",\"position\":2,\"name\":\"Schulmaterial\"}]},{\"@type\":\"WebSite\",\"@id\":\"https:\\\/\\\/www.efdb.ch\\\/de\\\/#website\",\"url\":\"https:\\\/\\\/www.efdb.ch\\\/de\\\/\",\"name\":\"EFDB\",\"description\":\"\u00c9cole fran\u00e7aise de B\u00e2le\",\"potentialAction\":[{\"@type\":\"SearchAction\",\"target\":{\"@type\":\"EntryPoint\",\"urlTemplate\":\"https:\\\/\\\/www.efdb.ch\\\/de\\\/?s={search_term_string}\"},\"query-input\":{\"@type\":\"PropertyValueSpecification\",\"valueRequired\":true,\"valueName\":\"search_term_string\"}}],\"inLanguage\":\"de\"}]}<\/script>\n<!-- \/ Yoast SEO plugin. -->","yoast_head_json":{"title":"Schulmaterial - EFDB","robots":{"index":"index","follow":"follow","max-snippet":"max-snippet:-1","max-image-preview":"max-image-preview:large","max-video-preview":"max-video-preview:-1"},"canonical":"https:\/\/www.efdb.ch\/de\/schulmaterial\/","og_locale":"de_DE","og_type":"article","og_title":"Schulmaterial - EFDB","og_description":"SchulmaterialSchulmaterial:Petite section 2025-2026Moyenne section 2025-2026Grande section 2025-20261. Klasse 2025-20262. Klasse 2025-20263. Klasse 2025-20264. - 6. Klasse 2025-2026","og_url":"https:\/\/www.efdb.ch\/de\/schulmaterial\/","og_site_name":"EFDB","article_modified_time":"2025-07-03T21:14:10+00:00","twitter_card":"summary_large_image","twitter_misc":{"Gesch\u00e4tzte Lesezeit":"1\u00a0Minute"},"schema":{"@context":"https:\/\/schema.org","@graph":[{"@type":"WebPage","@id":"https:\/\/www.efdb.ch\/de\/schulmaterial\/","url":"https:\/\/www.efdb.ch\/de\/schulmaterial\/","name":"Schulmaterial - EFDB","isPartOf":{"@id":"https:\/\/www.efdb.ch\/de\/#website"},"datePublished":"2022-07-27T15:44:50+00:00","dateModified":"2025-07-03T21:14:10+00:00","breadcrumb":{"@id":"https:\/\/www.efdb.ch\/de\/schulmaterial\/#breadcrumb"},"inLanguage":"de","potentialAction":[{"@type":"ReadAction","target":["https:\/\/www.efdb.ch\/de\/schulmaterial\/"]}]},{"@type":"BreadcrumbList","@id":"https:\/\/www.efdb.ch\/de\/schulmaterial\/#breadcrumb","itemListElement":[{"@type":"ListItem","position":1,"name":"Accueil","item":"https:\/\/www.efdb.ch\/de\/"},{"@type":"ListItem","position":2,"name":"Schulmaterial"}]},{"@type":"WebSite","@id":"https:\/\/www.efdb.ch\/de\/#website","url":"https:\/\/www.efdb.ch\/de\/","name":"EFDB","description":"\u00c9cole fran\u00e7aise de B\u00e2le","potentialAction":[{"@type":"SearchAction","target":{"@type":"EntryPoint","urlTemplate":"https:\/\/www.efdb.ch\/de\/?s={search_term_string}"},"query-input":{"@type":"PropertyValueSpecification","valueRequired":true,"valueName":"search_term_string"}}],"inLanguage":"de"}]}},"_links":{"self":[{"href":"https:\/\/www.efdb.ch\/de\/wp-json\/wp\/v2\/pages\/15056","targetHints":{"allow":["GET"]}}],"collection":[{"href":"https:\/\/www.efdb.ch\/de\/wp-json\/wp\/v2\/pages"}],"about":[{"href":"https:\/\/www.efdb.ch\/de\/wp-json\/wp\/v2\/types\/page"}],"author":[{"embeddable":true,"href":"https:\/\/www.efdb.ch\/de\/wp-json\/wp\/v2\/users\/2"}],"replies":[{"embeddable":true,"href":"https:\/\/www.efdb.ch\/de\/wp-json\/wp\/v2\/comments?post=15056"}],"version-history":[{"count":65,"href":"https:\/\/www.efdb.ch\/de\/wp-json\/wp\/v2\/pages\/15056\/revisions"}],"predecessor-version":[{"id":22208,"href":"https:\/\/www.efdb.ch\/de\/wp-json\/wp\/v2\/pages\/15056\/revisions\/22208"}],"wp:attachment":[{"href":"https:\/\/www.efdb.ch\/de\/wp-json\/wp\/v2\/media?parent=15056"}],"curies":[{"name":"wp","href":"https:\/\/api.w.org\/{rel}","templated":true}]}}