{"id":14985,"date":"2022-07-19T14:23:25","date_gmt":"2022-07-19T12:23:25","guid":{"rendered":"https:\/\/www.efdb.ch\/rechtliche-hinweise\/"},"modified":"2024-07-02T18:24:07","modified_gmt":"2024-07-02T16:24:07","slug":"rechtliche-hinweise","status":"publish","type":"page","link":"https:\/\/www.efdb.ch\/de\/rechtliche-hinweise\/","title":{"rendered":"Rechtliche Hinweise"},"content":{"rendered":"<p>[et_pb_section fb_built=&#8220;1&#8243; admin_label=&#8220;section&#8220; _builder_version=&#8220;4.16&#8243; global_colors_info=&#8220;{}&#8220;][et_pb_row _builder_version=&#8220;4.16&#8243; global_colors_info=&#8220;{}&#8220;][et_pb_column type=&#8220;4_4&#8243; _builder_version=&#8220;4.16&#8243; custom_padding=&#8220;|||&#8220; global_colors_info=&#8220;{}&#8220; custom_padding__hover=&#8220;|||&#8220;][et_pb_post_title meta=&#8220;off&#8220; featured_image=&#8220;off&#8220; _builder_version=&#8220;4.16&#8243; global_colors_info=&#8220;{}&#8220;][\/et_pb_post_title][\/et_pb_column][\/et_pb_row][et_pb_row admin_label=&#8220;row&#8220; _builder_version=&#8220;4.16&#8243; background_size=&#8220;initial&#8220; background_position=&#8220;top_left&#8220; background_repeat=&#8220;repeat&#8220; global_colors_info=&#8220;{}&#8220;][et_pb_column type=&#8220;4_4&#8243; _builder_version=&#8220;4.16&#8243; custom_padding=&#8220;|||&#8220; global_colors_info=&#8220;{}&#8220; custom_padding__hover=&#8220;|||&#8220;][et_pb_text admin_label=&#8220;Text&#8220; _builder_version=&#8220;4.23.1&#8243; background_size=&#8220;initial&#8220; background_position=&#8220;top_left&#8220; background_repeat=&#8220;repeat&#8220; hover_enabled=&#8220;0&#8243; global_colors_info=&#8220;{}&#8220; sticky_enabled=&#8220;0&#8243;]<\/p><h3>Editeur du Site<\/h3><p>Ecole fran\u00e7aise de B\u00e2le<br \/>Engelgasse 103<br \/>4052 Basel &#8211; Suisse<\/p><h3>Contact<\/h3><p>T\u00e9l. : +41 61 311 07 30<br \/>Email:\u00a0<a href=\"mailto:direction@efdb.ch\u00a0\">direction@efdb.ch\u00a0<\/a><\/p><h3>R\u00e9alisation du site internet<\/h3><p>Le site internet www.efdb.ch est d\u00e9velopp\u00e9 par Tack-Tack \u2013 <a href=\"https:\/\/www.tack-tack.fr\" target=\"_blank\" rel=\"noopener\">www.tack-tack.fr<\/a><\/p><h3>Exclusion de la responsabilit\u00e9<\/h3><p>L&#8217;auteur n\u2019assume aucune garantie quant \u00e0 l&#8217;exactitude, la pr\u00e9cision, la rapidit\u00e9, la fiabilit\u00e9 ou l&#8217;exhaustivit\u00e9 des informations.<br \/>L&#8217;auteur se r\u00e9serve express\u00e9ment le droit de modifier, de compl\u00e9ter, de supprimer ou d\u2019interrompre temporairement ou d\u00e9finitivement la publication de parties du site ou de l\u2019ensemble de l&#8217;offre sans avertissement particulier.<\/p><h3>Responsabilit\u00e9 quant aux liens<\/h3><p>Notre offre comprend des liens vers des sites tiers externes. Nous n\u2019avons aucune influence sur le contenu de ces sites, nous ne pouvons donc pas garantir ces contenus. Les fournisseurs ou les administrateurs de sites Web li\u00e9s sont toujours responsables de leurs propres contenus.<\/p><h3>Droits d\u2019auteur<\/h3><p>Les contenus et compilations publi\u00e9s sur ces sites par les fournisseurs sont soumis aux lois suisses sur les droits d\u2019auteur. La reproduction, l\u2019\u00e9dition, la distribution ainsi que l\u2019utilisation de toute sorte en dehors de la port\u00e9e de la loi sur les droits d\u2019auteur n\u00e9cessitent une autorisation \u00e9crite de l\u2019auteur. Les t\u00e9l\u00e9chargements et les copies de ces sites Web sont autoris\u00e9s pour un usage priv\u00e9 uniquement.<br \/>L\u2019utilisation commerciale de nos contenus sans l\u2019autorisation de l\u2019auteur est interdite.<\/p><p>Les lois de copyright des tiers sont respect\u00e9es tant que le contenu de ces sites ne provient pas du fournisseur. Les contributions de tiers sur ce site sont indiqu\u00e9es comme telles. Cependant, si vous remarquez des violations de la loi sur les droits d\u2019auteur, veuillez nous en informer. Ces contenus seront supprim\u00e9s imm\u00e9diatement.<\/p><p>[\/et_pb_text][\/et_pb_column][\/et_pb_row][\/et_pb_section]<\/p>","protected":false},"excerpt":{"rendered":"<p>Editeur du Site Ecole fran\u00e7aise de B\u00e2leEngelgasse 1034052 Basel &#8211; Suisse Contact T\u00e9l. : +41 61 311 07 30Email:\u00a0direction@efdb.ch\u00a0 R\u00e9alisation du site internet Le site internet www.efdb.ch est d\u00e9velopp\u00e9 par Tack-Tack \u2013 www.tack-tack.fr Exclusion de la responsabilit\u00e9 L&#8217;auteur n\u2019assume aucune garantie quant \u00e0 l&#8217;exactitude, la pr\u00e9cision, la rapidit\u00e9, la fiabilit\u00e9 ou l&#8217;exhaustivit\u00e9 des informations.L&#8217;auteur se [&hellip;]<\/p>\n","protected":false},"author":1,"featured_media":0,"parent":0,"menu_order":0,"comment_status":"closed","ping_status":"open","template":"","meta":{"_et_pb_use_builder":"on","_et_pb_old_content":"","_et_gb_content_width":"","footnotes":""},"class_list":["post-14985","page","type-page","status-publish","hentry"],"yoast_head":"<!-- This site is optimized with the Yoast SEO plugin v27.4 - https:\/\/yoast.com\/product\/yoast-seo-wordpress\/ -->\n<title>Rechtliche Hinweise - EFDB<\/title>\n<meta name=\"robots\" content=\"index, follow, max-snippet:-1, max-image-preview:large, max-video-preview:-1\" \/>\n<link rel=\"canonical\" href=\"https:\/\/www.efdb.ch\/de\/rechtliche-hinweise\/\" \/>\n<meta property=\"og:locale\" content=\"de_DE\" \/>\n<meta property=\"og:type\" content=\"article\" \/>\n<meta property=\"og:title\" content=\"Rechtliche Hinweise - EFDB\" \/>\n<meta property=\"og:description\" content=\"Editeur du Site Ecole fran\u00e7aise de B\u00e2leEngelgasse 1034052 Basel - Suisse Contact T\u00e9l. : +41 61 311 07 30Email:\u00a0direction@efdb.ch\u00a0 R\u00e9alisation du site internet Le site internet www.efdb.ch est d\u00e9velopp\u00e9 par Tack-Tack \u2013 www.tack-tack.fr Exclusion de la responsabilit\u00e9 L&#039;auteur n\u2019assume aucune garantie quant \u00e0 l&#039;exactitude, la pr\u00e9cision, la rapidit\u00e9, la fiabilit\u00e9 ou l&#039;exhaustivit\u00e9 des informations.L&#039;auteur se [&hellip;]\" \/>\n<meta property=\"og:url\" content=\"https:\/\/www.efdb.ch\/de\/rechtliche-hinweise\/\" \/>\n<meta property=\"og:site_name\" content=\"EFDB\" \/>\n<meta property=\"article:modified_time\" content=\"2024-07-02T16:24:07+00:00\" \/>\n<meta name=\"twitter:card\" content=\"summary_large_image\" \/>\n<meta name=\"twitter:label1\" content=\"Gesch\u00e4tzte Lesezeit\" \/>\n\t<meta name=\"twitter:data1\" content=\"2\u00a0Minuten\" \/>\n<script type=\"application\/ld+json\" class=\"yoast-schema-graph\">{\"@context\":\"https:\\\/\\\/schema.org\",\"@graph\":[{\"@type\":\"WebPage\",\"@id\":\"https:\\\/\\\/www.efdb.ch\\\/de\\\/rechtliche-hinweise\\\/\",\"url\":\"https:\\\/\\\/www.efdb.ch\\\/de\\\/rechtliche-hinweise\\\/\",\"name\":\"Rechtliche Hinweise - EFDB\",\"isPartOf\":{\"@id\":\"https:\\\/\\\/www.efdb.ch\\\/de\\\/#website\"},\"datePublished\":\"2022-07-19T12:23:25+00:00\",\"dateModified\":\"2024-07-02T16:24:07+00:00\",\"breadcrumb\":{\"@id\":\"https:\\\/\\\/www.efdb.ch\\\/de\\\/rechtliche-hinweise\\\/#breadcrumb\"},\"inLanguage\":\"de\",\"potentialAction\":[{\"@type\":\"ReadAction\",\"target\":[\"https:\\\/\\\/www.efdb.ch\\\/de\\\/rechtliche-hinweise\\\/\"]}]},{\"@type\":\"BreadcrumbList\",\"@id\":\"https:\\\/\\\/www.efdb.ch\\\/de\\\/rechtliche-hinweise\\\/#breadcrumb\",\"itemListElement\":[{\"@type\":\"ListItem\",\"position\":1,\"name\":\"Accueil\",\"item\":\"https:\\\/\\\/www.efdb.ch\\\/de\\\/\"},{\"@type\":\"ListItem\",\"position\":2,\"name\":\"Rechtliche Hinweise\"}]},{\"@type\":\"WebSite\",\"@id\":\"https:\\\/\\\/www.efdb.ch\\\/de\\\/#website\",\"url\":\"https:\\\/\\\/www.efdb.ch\\\/de\\\/\",\"name\":\"EFDB\",\"description\":\"\u00c9cole fran\u00e7aise de B\u00e2le\",\"potentialAction\":[{\"@type\":\"SearchAction\",\"target\":{\"@type\":\"EntryPoint\",\"urlTemplate\":\"https:\\\/\\\/www.efdb.ch\\\/de\\\/?s={search_term_string}\"},\"query-input\":{\"@type\":\"PropertyValueSpecification\",\"valueRequired\":true,\"valueName\":\"search_term_string\"}}],\"inLanguage\":\"de\"}]}<\/script>\n<!-- \/ Yoast SEO plugin. -->","yoast_head_json":{"title":"Rechtliche Hinweise - EFDB","robots":{"index":"index","follow":"follow","max-snippet":"max-snippet:-1","max-image-preview":"max-image-preview:large","max-video-preview":"max-video-preview:-1"},"canonical":"https:\/\/www.efdb.ch\/de\/rechtliche-hinweise\/","og_locale":"de_DE","og_type":"article","og_title":"Rechtliche Hinweise - EFDB","og_description":"Editeur du Site Ecole fran\u00e7aise de B\u00e2leEngelgasse 1034052 Basel - Suisse Contact T\u00e9l. : +41 61 311 07 30Email:\u00a0direction@efdb.ch\u00a0 R\u00e9alisation du site internet Le site internet www.efdb.ch est d\u00e9velopp\u00e9 par Tack-Tack \u2013 www.tack-tack.fr Exclusion de la responsabilit\u00e9 L'auteur n\u2019assume aucune garantie quant \u00e0 l'exactitude, la pr\u00e9cision, la rapidit\u00e9, la fiabilit\u00e9 ou l'exhaustivit\u00e9 des informations.L'auteur se [&hellip;]","og_url":"https:\/\/www.efdb.ch\/de\/rechtliche-hinweise\/","og_site_name":"EFDB","article_modified_time":"2024-07-02T16:24:07+00:00","twitter_card":"summary_large_image","twitter_misc":{"Gesch\u00e4tzte Lesezeit":"2\u00a0Minuten"},"schema":{"@context":"https:\/\/schema.org","@graph":[{"@type":"WebPage","@id":"https:\/\/www.efdb.ch\/de\/rechtliche-hinweise\/","url":"https:\/\/www.efdb.ch\/de\/rechtliche-hinweise\/","name":"Rechtliche Hinweise - EFDB","isPartOf":{"@id":"https:\/\/www.efdb.ch\/de\/#website"},"datePublished":"2022-07-19T12:23:25+00:00","dateModified":"2024-07-02T16:24:07+00:00","breadcrumb":{"@id":"https:\/\/www.efdb.ch\/de\/rechtliche-hinweise\/#breadcrumb"},"inLanguage":"de","potentialAction":[{"@type":"ReadAction","target":["https:\/\/www.efdb.ch\/de\/rechtliche-hinweise\/"]}]},{"@type":"BreadcrumbList","@id":"https:\/\/www.efdb.ch\/de\/rechtliche-hinweise\/#breadcrumb","itemListElement":[{"@type":"ListItem","position":1,"name":"Accueil","item":"https:\/\/www.efdb.ch\/de\/"},{"@type":"ListItem","position":2,"name":"Rechtliche Hinweise"}]},{"@type":"WebSite","@id":"https:\/\/www.efdb.ch\/de\/#website","url":"https:\/\/www.efdb.ch\/de\/","name":"EFDB","description":"\u00c9cole fran\u00e7aise de B\u00e2le","potentialAction":[{"@type":"SearchAction","target":{"@type":"EntryPoint","urlTemplate":"https:\/\/www.efdb.ch\/de\/?s={search_term_string}"},"query-input":{"@type":"PropertyValueSpecification","valueRequired":true,"valueName":"search_term_string"}}],"inLanguage":"de"}]}},"_links":{"self":[{"href":"https:\/\/www.efdb.ch\/de\/wp-json\/wp\/v2\/pages\/14985","targetHints":{"allow":["GET"]}}],"collection":[{"href":"https:\/\/www.efdb.ch\/de\/wp-json\/wp\/v2\/pages"}],"about":[{"href":"https:\/\/www.efdb.ch\/de\/wp-json\/wp\/v2\/types\/page"}],"author":[{"embeddable":true,"href":"https:\/\/www.efdb.ch\/de\/wp-json\/wp\/v2\/users\/1"}],"replies":[{"embeddable":true,"href":"https:\/\/www.efdb.ch\/de\/wp-json\/wp\/v2\/comments?post=14985"}],"version-history":[{"count":14,"href":"https:\/\/www.efdb.ch\/de\/wp-json\/wp\/v2\/pages\/14985\/revisions"}],"predecessor-version":[{"id":20127,"href":"https:\/\/www.efdb.ch\/de\/wp-json\/wp\/v2\/pages\/14985\/revisions\/20127"}],"wp:attachment":[{"href":"https:\/\/www.efdb.ch\/de\/wp-json\/wp\/v2\/media?parent=14985"}],"curies":[{"name":"wp","href":"https:\/\/api.w.org\/{rel}","templated":true}]}}