{"id":14515,"date":"2022-07-27T18:13:08","date_gmt":"2022-07-27T16:13:08","guid":{"rendered":"https:\/\/www.efdb.ch\/?page_id=14515"},"modified":"2025-04-01T08:34:38","modified_gmt":"2025-04-01T06:34:38","slug":"6-klasse","status":"publish","type":"page","link":"https:\/\/www.efdb.ch\/de\/6-klasse\/","title":{"rendered":"6. Klasse"},"content":{"rendered":"<p>[et_pb_section fb_built=&#8220;1&#8243; fullwidth=&#8220;on&#8220; _builder_version=&#8220;4.16&#8243; global_colors_info=&#8220;{}&#8220;][et_pb_fullwidth_slider admin_label=&#8220;Fullwidth Slider&#8220; _builder_version=&#8220;4.27.4&#8243; custom_padding=&#8220;|||&#8220; hover_enabled=&#8220;0&#8243; global_colors_info=&#8220;{}&#8220; button_text_size__hover_enabled=&#8220;off&#8220; button_one_text_size__hover_enabled=&#8220;off&#8220; button_two_text_size__hover_enabled=&#8220;off&#8220; button_text_color__hover_enabled=&#8220;off&#8220; button_one_text_color__hover_enabled=&#8220;off&#8220; button_two_text_color__hover_enabled=&#8220;off&#8220; button_border_width__hover_enabled=&#8220;off&#8220; button_one_border_width__hover_enabled=&#8220;off&#8220; button_two_border_width__hover_enabled=&#8220;off&#8220; button_border_color__hover_enabled=&#8220;off&#8220; button_one_border_color__hover_enabled=&#8220;off&#8220; button_two_border_color__hover_enabled=&#8220;off&#8220; button_border_radius__hover_enabled=&#8220;off&#8220; button_one_border_radius__hover_enabled=&#8220;off&#8220; button_two_border_radius__hover_enabled=&#8220;off&#8220; button_letter_spacing__hover_enabled=&#8220;off&#8220; button_one_letter_spacing__hover_enabled=&#8220;off&#8220; button_two_letter_spacing__hover_enabled=&#8220;off&#8220; button_bg_color__hover_enabled=&#8220;off&#8220; button_one_bg_color__hover_enabled=&#8220;off&#8220; button_two_bg_color__hover_enabled=&#8220;off&#8220; sticky_enabled=&#8220;0&#8243;][et_pb_slide heading=&#8220;6. Klasse&#8220; use_bg_overlay=&#8220;on&#8220; use_text_overlay=&#8220;off&#8220; _builder_version=&#8220;4.27.4&#8243; background_color=&#8220;#ffffff&#8220; background_image=&#8220;https:\/\/www.efdb.ch\/wp-content\/uploads\/2019\/10\/DSC7052-e1572211332974.jpg&#8220; background_enable_image=&#8220;on&#8220; button_on_hover=&#8220;on&#8220; hover_enabled=&#8220;0&#8243; global_colors_info=&#8220;{}&#8220; button_text_size__hover_enabled=&#8220;off&#8220; button_one_text_size__hover_enabled=&#8220;off&#8220; button_two_text_size__hover_enabled=&#8220;off&#8220; button_text_color__hover_enabled=&#8220;off&#8220; button_one_text_color__hover_enabled=&#8220;off&#8220; button_two_text_color__hover_enabled=&#8220;off&#8220; button_border_width__hover_enabled=&#8220;off&#8220; button_one_border_width__hover_enabled=&#8220;off&#8220; button_two_border_width__hover_enabled=&#8220;off&#8220; button_border_color__hover_enabled=&#8220;off&#8220; button_one_border_color__hover_enabled=&#8220;off&#8220; button_two_border_color__hover_enabled=&#8220;off&#8220; button_border_radius__hover_enabled=&#8220;off&#8220; button_one_border_radius__hover_enabled=&#8220;off&#8220; button_two_border_radius__hover_enabled=&#8220;off&#8220; button_letter_spacing__hover_enabled=&#8220;off&#8220; button_one_letter_spacing__hover_enabled=&#8220;off&#8220; button_two_letter_spacing__hover_enabled=&#8220;off&#8220; button_bg_color__hover_enabled=&#8220;off&#8220; button_one_bg_color__hover_enabled=&#8220;off&#8220; button_two_bg_color__hover_enabled=&#8220;off&#8220; sticky_transition=&#8220;on&#8220; sticky_enabled=&#8220;0&#8243;]<\/p><div class=\"page\" title=\"Page 6\"><div class=\"layoutArea\"><div class=\"column\">Entwicklung des logischen und strategischen Denkens, F\u00f6rderung des Urteilsverm\u00f6gens, der Beobachtungsgabe, der Experimentierfreude und der kreativen Vorstellungskraft. Vertiefung der einzelnen F\u00e4cher. Sich eine gewisse Gr\u00fcndlichkeit aneignen.<\/div><\/div><\/div><p>[\/et_pb_slide][\/et_pb_fullwidth_slider][\/et_pb_section][et_pb_section fb_built=&#8220;1&#8243; _builder_version=&#8220;4.16&#8243; global_colors_info=&#8220;{}&#8220;][et_pb_row column_structure=&#8220;2_3,1_3&#8243; _builder_version=&#8220;4.16&#8243; global_colors_info=&#8220;{}&#8220;][et_pb_column type=&#8220;2_3&#8243; _builder_version=&#8220;4.16&#8243; custom_padding=&#8220;|||&#8220; global_colors_info=&#8220;{}&#8220; custom_padding__hover=&#8220;|||&#8220;][et_pb_text _builder_version=&#8220;4.27.4&#8243; _module_preset=&#8220;default&#8220; global_colors_info=&#8220;{}&#8220;]<\/p><h2>Die 6. Klasse der \u00c9cole Fran\u00e7aise de B\u00e2le<\/h2><p>Unsere 6. Klasse wurde zu Beginn des Schuljahres 2020 er\u00f6ffnet. Sie ist <strong>vom franz\u00f6sischen Bildungsministerium und der AEFE anerkannt:<\/strong> Sie bietet den offiziellen franz\u00f6sischen Lehrplan an und <strong>garantiert ihren Sch\u00fclerinnen und Sch\u00fclern die Fortsetzung ihrer Ausbildung an jedem \u00f6ffentlichen Coll\u00e8ge (Sekundarschule) in Frankreich und weltweit innerhalb des AEFE-Netzwerks.<\/strong><\/p><p>Seit 2021-2022 ist unsere 6. Klasse <strong>auch vom Erziehungsdepartement der Stadt Basel anerkannt<\/strong>, was bedeutet, dass ab dem Schuljahr 2022 jede Sch\u00fclerin und jeder Sch\u00fcler unserer 6. Klasse direkt in das \u00f6ffentliche Basler Sekundarschulsystem eintreten kann, ohne eine Aufnahmepr\u00fcfung ablegen zu m\u00fcssen.<\/p><p><strong>P\u00c4DAGOGIK<\/strong><\/p><p>Die 6. Klasse ist das letzte Jahr des 3. Zyklus, des Konsolidierungszyklus, der mit der 4. Klasse in der Grundschule begonnen hat.<\/p><p>Von nun an wird jede Unterrichtsstunde von einem Fachlehrer unterrichtet. Die Themen werden vertieft und es wird eine gr\u00f6ssere Disziplin verlangt.<\/p><p>Die unterrichteten F\u00e4cher sind:<\/p><ul><li>Franz\u00f6sisch<\/li><li>Mathematik<\/li><li>Geschichte<\/li><li>Geografie<\/li><li>Naturwissenschaften<\/li><li>Sport<\/li><li>Deutsch<\/li><li>Englisch<\/li><li>Kunst<\/li><li>Musik<\/li><\/ul><p>F\u00fcr insgesamt 7 Stunden pro Woche wird Deutsch w\u00e4hrend des Sprachunterrichts gelehrt und F\u00e4cher wie Geografie, Naturwissenschaften und Geschichte werden auf Deutsch unterrichtet (DNL = Discipline non linguistique). Somit ist die EFDB ist als \u201einternationale Sektion\u201c in Deutsch anerkannt.<\/p><p>Auf Englisch werden ebenfalls, f\u00fcr insgesamt 4 Stunden, diverse F\u00e4cher unterrichtet.<\/p><p>Zoom auf\u00a0<a href=\"https:\/\/www.efdb.ch\/wp-content\/uploads\/2022\/05\/Les-sections-internationales.pdf\" rel=\"attachment wp-att-14569\">die internationalen Sektionen<\/a><\/p><p>Im Schulsystem des Kanton Basel-Stadt geh\u00f6rt die 6. Klasse noch zur Grundschule. Unsere Sch\u00fclerinnen und Sch\u00fcler, die die 6. Klasse der EFDB besucht haben, k\u00f6nnen direkt in das erste Jahr der Sekundarschule in Basel \u00fcbertreten. Der Notendurchschnitt entscheidet \u00fcber die A-, E- oder P-Ausrichtung, die dem Schweizer Sekundarschulsystem eigen ist.<\/p><p>Zoom auf das\u00a0<a href=\"https:\/\/www.efdb.ch\/wp-content\/uploads\/2022\/05\/Systeme-scolaire-Suisse.pdf\" rel=\"attachment wp-att-14560\">Schulsystem in Basel<\/a><\/p><p>[\/et_pb_text][\/et_pb_column][et_pb_column type=&#8220;1_3&#8243; _builder_version=&#8220;4.16&#8243; custom_padding=&#8220;|||&#8220; global_colors_info=&#8220;{}&#8220; custom_padding__hover=&#8220;|||&#8220;][et_pb_text admin_label=&#8220;Titre dernier article&#8220; _builder_version=&#8220;4.19.0&#8243; custom_margin=&#8220;||14px|||&#8220; global_colors_info=&#8220;{}&#8220;]<\/p><h2><strong>Neueste Artikel der Primarschule und 6. Klasse<\/strong><\/h2><p>[\/et_pb_text][et_pb_blog posts_number=&#8220;2&#8243; include_categories=&#8220;15&#8243; show_more=&#8220;on&#8220; show_pagination=&#8220;off&#8220; _builder_version=&#8220;4.19.0&#8243; global_colors_info=&#8220;{}&#8220;][\/et_pb_blog][\/et_pb_column][\/et_pb_row][\/et_pb_section][et_pb_section fb_built=&#8220;1&#8243; _builder_version=&#8220;4.16&#8243; background_color=&#8220;#d10a11&#8243; global_colors_info=&#8220;{}&#8220;][et_pb_row column_structure=&#8220;1_3,1_3,1_3&#8243; _builder_version=&#8220;4.16&#8243; global_colors_info=&#8220;{}&#8220;][et_pb_column type=&#8220;1_3&#8243; _builder_version=&#8220;4.16&#8243; custom_padding=&#8220;|||&#8220; global_colors_info=&#8220;{}&#8220; custom_padding__hover=&#8220;|||&#8220;][et_pb_blurb title=&#8220;Eine Schule in \u00fcberschaubarer Gr\u00f6sse&#8220; image=&#8220;https:\/\/www.efdb.ch\/wp-content\/uploads\/2018\/01\/taille_humaine.png&#8220; _builder_version=&#8220;4.19.4&#8243; header_level=&#8220;h3&#8243; header_font=&#8220;|700|||||||&#8220; header_font_size=&#8220;24px&#8220; body_font=&#8220;|600|||||||&#8220; text_orientation=&#8220;center&#8220; background_layout=&#8220;dark&#8220; header_font_size_tablet=&#8220;&#8220; header_font_size_phone=&#8220;&#8220; header_font_size_last_edited=&#8220;on|desktop&#8220; global_colors_info=&#8220;{}&#8220;]<\/p><p>Ein Team bestehend aus 5 staatlich gepr\u00fcften Lehrerinnen\/Lehrern des franz\u00f6sischen Bildungsministeriums und einer p\u00e4dagogischen Assistentin. <\/p><p>N\u00e4he und Kommunikation zwischen Lernenden,\u00a0Eltern und Lehrerinnen\/Lehrern. <\/p><p>R\u00e4umlichkeiten im Herzen des Gellertquartiers mit Platz zum Spielen im Freien, einer Bibliothek und einer Kantine.<\/p><p>[\/et_pb_blurb][\/et_pb_column][et_pb_column type=&#8220;1_3&#8243; _builder_version=&#8220;4.16&#8243; custom_padding=&#8220;|||&#8220; global_colors_info=&#8220;{}&#8220; custom_padding__hover=&#8220;|||&#8220;][et_pb_blurb title=&#8220;Schwerpunkt Sprachen&#8220; image=&#8220;https:\/\/www.efdb.ch\/wp-content\/uploads\/2018\/01\/langue.png&#8220; _builder_version=&#8220;4.16&#8243; header_level=&#8220;h3&#8243; header_font=&#8220;|700|||||||&#8220; header_font_size=&#8220;24px&#8220; body_font=&#8220;|600|||||||&#8220; text_orientation=&#8220;center&#8220; background_layout=&#8220;dark&#8220; header_font_size_tablet=&#8220;&#8220; header_font_size_phone=&#8220;&#8220; header_font_size_last_edited=&#8220;on|desktop&#8220; global_colors_info=&#8220;{}&#8220;]<\/p><p>Ab der 1.Klasse, mindestens 6 Stunden Deutsch und 2 Stunden Englisch pro Woche in allen Klassen der Primarschule.\u00a0Die Sch\u00fcler werden ihrem Sprachniveau entsprechend in Gruppen aufgeteilt.<\/p><p>M\u00f6glichkeit ein Sprachdiplom f\u00fcr Deutsch (Goethe Institut), Englisch (Cambridge) und Franz\u00f6sisch (DELF) zu erlangen.<\/p><p>Festigung der franz\u00f6sischen Sprache und Lernbegleitung f\u00fcr alle Kinder in personalisierten Lernwerkst\u00e4tten (APC: activit\u00e9s p\u00e9dagogiques compl\u00e9mentaires).<\/p><p>Deutschwerkst\u00e4tte (4h) und Englischwerkst\u00e4tte (5h) stehen allen Kindern im Rahmen der Freizeitaktivit\u00e4ten offen.<\/p><p>[\/et_pb_blurb][\/et_pb_column][et_pb_column type=&#8220;1_3&#8243; _builder_version=&#8220;4.16&#8243; custom_padding=&#8220;|||&#8220; global_colors_info=&#8220;{}&#8220; custom_padding__hover=&#8220;|||&#8220;][et_pb_blurb title=&#8220;P\u00e4dagogische Werkst\u00e4tten&#8220; image=&#8220;https:\/\/www.efdb.ch\/wp-content\/uploads\/2018\/01\/pedagogie.png&#8220; _builder_version=&#8220;4.16&#8243; header_level=&#8220;h3&#8243; header_font=&#8220;|700|||||||&#8220; header_font_size=&#8220;24px&#8220; body_font=&#8220;|600|||||||&#8220; text_orientation=&#8220;center&#8220; background_layout=&#8220;dark&#8220; header_font_size_tablet=&#8220;&#8220; header_font_size_phone=&#8220;&#8220; header_font_size_last_edited=&#8220;on|desktop&#8220; global_colors_info=&#8220;{}&#8220;]<\/p><p>Kulturelle Aktivit\u00e4ten (je nach P\u00e4dagogischem Projekt: Museum, Theater, Konzert, usw.).<\/p><p>Sport (Einf\u00fchrung in verschiedene Sportarten, Ausdauer, Turniere mit anderen Schulen, usw.), Natur entdecken (z.B. Orientierungslauf).<\/p><p>Musik: w\u00f6chentlich erhalten die Kinder von einer Musikp\u00e4dagogin Musikunterricht.<\/p><p>W\u00f6chentlicher Informatikunterricht \/ Verwendung von iPads im Unterricht.<\/p><p>[\/et_pb_blurb][\/et_pb_column][\/et_pb_row][\/et_pb_section][et_pb_section fb_built=&#8220;1&#8243; _builder_version=&#8220;4.16&#8243; global_colors_info=&#8220;{}&#8220;][et_pb_row _builder_version=&#8220;4.16&#8243; custom_padding=&#8220;28px|0px|28px|0px&#8220; global_colors_info=&#8220;{}&#8220;][et_pb_column type=&#8220;4_4&#8243; _builder_version=&#8220;4.16&#8243; custom_padding=&#8220;|||&#8220; global_colors_info=&#8220;{}&#8220; custom_padding__hover=&#8220;|||&#8220;][et_pb_cta title=&#8220;Sie w\u00fcnschen weitere Informationen oder wollen Ihr Kind anmelden?&#8220; button_url=&#8220;https:\/\/www.efdb.ch\/de\/anmeldung\/&#8220; button_text=&#8220;Erfahren Sie mehr dazu hier&#8220; _builder_version=&#8220;4.22.1&#8243; header_font=&#8220;||||||||&#8220; use_background_color=&#8220;off&#8220; custom_button=&#8220;on&#8220; button_text_color=&#8220;#ffffff&#8220; button_font=&#8220;||||||||&#8220; background_layout=&#8220;light&#8220; global_colors_info=&#8220;{}&#8220; button_text_size__hover_enabled=&#8220;off&#8220; button_one_text_size__hover_enabled=&#8220;off&#8220; button_two_text_size__hover_enabled=&#8220;off&#8220; button_text_color__hover_enabled=&#8220;off&#8220; button_one_text_color__hover_enabled=&#8220;off&#8220; button_two_text_color__hover_enabled=&#8220;off&#8220; button_border_width__hover_enabled=&#8220;off&#8220; button_one_border_width__hover_enabled=&#8220;off&#8220; button_two_border_width__hover_enabled=&#8220;off&#8220; button_border_color__hover_enabled=&#8220;off&#8220; button_one_border_color__hover_enabled=&#8220;off&#8220; button_two_border_color__hover_enabled=&#8220;off&#8220; button_border_radius__hover_enabled=&#8220;off&#8220; button_one_border_radius__hover_enabled=&#8220;off&#8220; button_two_border_radius__hover_enabled=&#8220;off&#8220; button_letter_spacing__hover_enabled=&#8220;off&#8220; button_one_letter_spacing__hover_enabled=&#8220;off&#8220; button_two_letter_spacing__hover_enabled=&#8220;off&#8220; button_bg_color__hover_enabled=&#8220;off&#8220; button_one_bg_color__hover_enabled=&#8220;off&#8220; button_two_bg_color__hover_enabled=&#8220;off&#8220;]<\/p><p><strong>Welche Schritte sind f\u00fcr die Anmeldung erforderlich?<\/strong> <br \/><strong>Wie sieht der Schulkalender der \u00c9cole Fran\u00e7aise de B\u00e2le aus?<\/strong> <br \/><strong>Wie hoch ist das Schulgeld (Einschreibegeb\u00fchr)? Und welche finanziellen Hilfen gibt es?<\/strong><\/p><p>[\/et_pb_cta][\/et_pb_column][\/et_pb_row][\/et_pb_section]<\/p>","protected":false},"excerpt":{"rendered":"<p>Entwicklung des logischen und strategischen Denkens, F\u00f6rderung des Urteilsverm\u00f6gens, der Beobachtungsgabe, der Experimentierfreude und der kreativen Vorstellungskraft. Vertiefung der einzelnen F\u00e4cher. Sich eine gewisse Gr\u00fcndlichkeit aneignen.Die 6. Klasse der \u00c9cole Fran\u00e7aise de B\u00e2leUnsere 6. Klasse wurde zu Beginn des Schuljahres 2020 er\u00f6ffnet. Sie ist vom franz\u00f6sischen Bildungsministerium und der AEFE anerkannt: Sie bietet den offiziellen [&hellip;]<\/p>\n","protected":false},"author":1,"featured_media":0,"parent":0,"menu_order":0,"comment_status":"closed","ping_status":"closed","template":"","meta":{"_et_pb_use_builder":"on","_et_pb_old_content":"","_et_gb_content_width":"","footnotes":""},"class_list":["post-14515","page","type-page","status-publish","hentry"],"yoast_head":"<!-- This site is optimized with the Yoast SEO plugin v27.4 - https:\/\/yoast.com\/product\/yoast-seo-wordpress\/ -->\n<title>6. Klasse - EFDB<\/title>\n<meta name=\"robots\" content=\"index, follow, max-snippet:-1, max-image-preview:large, max-video-preview:-1\" \/>\n<link rel=\"canonical\" href=\"https:\/\/www.efdb.ch\/de\/6-klasse\/\" \/>\n<meta property=\"og:locale\" content=\"de_DE\" \/>\n<meta property=\"og:type\" content=\"article\" \/>\n<meta property=\"og:title\" content=\"6. Klasse - EFDB\" \/>\n<meta property=\"og:description\" content=\"Entwicklung des logischen und strategischen Denkens, F\u00f6rderung des Urteilsverm\u00f6gens, der Beobachtungsgabe, der Experimentierfreude und der kreativen Vorstellungskraft. Vertiefung der einzelnen F\u00e4cher. Sich eine gewisse Gr\u00fcndlichkeit aneignen.Die 6. Klasse der \u00c9cole Fran\u00e7aise de B\u00e2leUnsere 6. Klasse wurde zu Beginn des Schuljahres 2020 er\u00f6ffnet. Sie ist vom franz\u00f6sischen Bildungsministerium und der AEFE anerkannt: Sie bietet den offiziellen [&hellip;]\" \/>\n<meta property=\"og:url\" content=\"https:\/\/www.efdb.ch\/de\/6-klasse\/\" \/>\n<meta property=\"og:site_name\" content=\"EFDB\" \/>\n<meta property=\"article:modified_time\" content=\"2025-04-01T06:34:38+00:00\" \/>\n<meta name=\"twitter:card\" content=\"summary_large_image\" \/>\n<meta name=\"twitter:label1\" content=\"Gesch\u00e4tzte Lesezeit\" \/>\n\t<meta name=\"twitter:data1\" content=\"4\u00a0Minuten\" \/>\n<script type=\"application\/ld+json\" class=\"yoast-schema-graph\">{\"@context\":\"https:\\\/\\\/schema.org\",\"@graph\":[{\"@type\":\"WebPage\",\"@id\":\"https:\\\/\\\/www.efdb.ch\\\/de\\\/6-klasse\\\/\",\"url\":\"https:\\\/\\\/www.efdb.ch\\\/de\\\/6-klasse\\\/\",\"name\":\"6. Klasse - EFDB\",\"isPartOf\":{\"@id\":\"https:\\\/\\\/www.efdb.ch\\\/de\\\/#website\"},\"datePublished\":\"2022-07-27T16:13:08+00:00\",\"dateModified\":\"2025-04-01T06:34:38+00:00\",\"breadcrumb\":{\"@id\":\"https:\\\/\\\/www.efdb.ch\\\/de\\\/6-klasse\\\/#breadcrumb\"},\"inLanguage\":\"de\",\"potentialAction\":[{\"@type\":\"ReadAction\",\"target\":[\"https:\\\/\\\/www.efdb.ch\\\/de\\\/6-klasse\\\/\"]}]},{\"@type\":\"BreadcrumbList\",\"@id\":\"https:\\\/\\\/www.efdb.ch\\\/de\\\/6-klasse\\\/#breadcrumb\",\"itemListElement\":[{\"@type\":\"ListItem\",\"position\":1,\"name\":\"Accueil\",\"item\":\"https:\\\/\\\/www.efdb.ch\\\/de\\\/\"},{\"@type\":\"ListItem\",\"position\":2,\"name\":\"6. Klasse\"}]},{\"@type\":\"WebSite\",\"@id\":\"https:\\\/\\\/www.efdb.ch\\\/de\\\/#website\",\"url\":\"https:\\\/\\\/www.efdb.ch\\\/de\\\/\",\"name\":\"EFDB\",\"description\":\"\u00c9cole fran\u00e7aise de B\u00e2le\",\"potentialAction\":[{\"@type\":\"SearchAction\",\"target\":{\"@type\":\"EntryPoint\",\"urlTemplate\":\"https:\\\/\\\/www.efdb.ch\\\/de\\\/?s={search_term_string}\"},\"query-input\":{\"@type\":\"PropertyValueSpecification\",\"valueRequired\":true,\"valueName\":\"search_term_string\"}}],\"inLanguage\":\"de\"}]}<\/script>\n<!-- \/ Yoast SEO plugin. -->","yoast_head_json":{"title":"6. Klasse - EFDB","robots":{"index":"index","follow":"follow","max-snippet":"max-snippet:-1","max-image-preview":"max-image-preview:large","max-video-preview":"max-video-preview:-1"},"canonical":"https:\/\/www.efdb.ch\/de\/6-klasse\/","og_locale":"de_DE","og_type":"article","og_title":"6. Klasse - EFDB","og_description":"Entwicklung des logischen und strategischen Denkens, F\u00f6rderung des Urteilsverm\u00f6gens, der Beobachtungsgabe, der Experimentierfreude und der kreativen Vorstellungskraft. Vertiefung der einzelnen F\u00e4cher. Sich eine gewisse Gr\u00fcndlichkeit aneignen.Die 6. Klasse der \u00c9cole Fran\u00e7aise de B\u00e2leUnsere 6. Klasse wurde zu Beginn des Schuljahres 2020 er\u00f6ffnet. Sie ist vom franz\u00f6sischen Bildungsministerium und der AEFE anerkannt: Sie bietet den offiziellen [&hellip;]","og_url":"https:\/\/www.efdb.ch\/de\/6-klasse\/","og_site_name":"EFDB","article_modified_time":"2025-04-01T06:34:38+00:00","twitter_card":"summary_large_image","twitter_misc":{"Gesch\u00e4tzte Lesezeit":"4\u00a0Minuten"},"schema":{"@context":"https:\/\/schema.org","@graph":[{"@type":"WebPage","@id":"https:\/\/www.efdb.ch\/de\/6-klasse\/","url":"https:\/\/www.efdb.ch\/de\/6-klasse\/","name":"6. Klasse - EFDB","isPartOf":{"@id":"https:\/\/www.efdb.ch\/de\/#website"},"datePublished":"2022-07-27T16:13:08+00:00","dateModified":"2025-04-01T06:34:38+00:00","breadcrumb":{"@id":"https:\/\/www.efdb.ch\/de\/6-klasse\/#breadcrumb"},"inLanguage":"de","potentialAction":[{"@type":"ReadAction","target":["https:\/\/www.efdb.ch\/de\/6-klasse\/"]}]},{"@type":"BreadcrumbList","@id":"https:\/\/www.efdb.ch\/de\/6-klasse\/#breadcrumb","itemListElement":[{"@type":"ListItem","position":1,"name":"Accueil","item":"https:\/\/www.efdb.ch\/de\/"},{"@type":"ListItem","position":2,"name":"6. Klasse"}]},{"@type":"WebSite","@id":"https:\/\/www.efdb.ch\/de\/#website","url":"https:\/\/www.efdb.ch\/de\/","name":"EFDB","description":"\u00c9cole fran\u00e7aise de B\u00e2le","potentialAction":[{"@type":"SearchAction","target":{"@type":"EntryPoint","urlTemplate":"https:\/\/www.efdb.ch\/de\/?s={search_term_string}"},"query-input":{"@type":"PropertyValueSpecification","valueRequired":true,"valueName":"search_term_string"}}],"inLanguage":"de"}]}},"_links":{"self":[{"href":"https:\/\/www.efdb.ch\/de\/wp-json\/wp\/v2\/pages\/14515","targetHints":{"allow":["GET"]}}],"collection":[{"href":"https:\/\/www.efdb.ch\/de\/wp-json\/wp\/v2\/pages"}],"about":[{"href":"https:\/\/www.efdb.ch\/de\/wp-json\/wp\/v2\/types\/page"}],"author":[{"embeddable":true,"href":"https:\/\/www.efdb.ch\/de\/wp-json\/wp\/v2\/users\/1"}],"replies":[{"embeddable":true,"href":"https:\/\/www.efdb.ch\/de\/wp-json\/wp\/v2\/comments?post=14515"}],"version-history":[{"count":55,"href":"https:\/\/www.efdb.ch\/de\/wp-json\/wp\/v2\/pages\/14515\/revisions"}],"predecessor-version":[{"id":21553,"href":"https:\/\/www.efdb.ch\/de\/wp-json\/wp\/v2\/pages\/14515\/revisions\/21553"}],"wp:attachment":[{"href":"https:\/\/www.efdb.ch\/de\/wp-json\/wp\/v2\/media?parent=14515"}],"curies":[{"name":"wp","href":"https:\/\/api.w.org\/{rel}","templated":true}]}}