{"id":14207,"date":"2022-04-06T16:27:48","date_gmt":"2022-04-06T14:27:48","guid":{"rendered":"https:\/\/www.efdb.ch\/formulaires-adminsitratifs\/"},"modified":"2026-03-30T23:45:14","modified_gmt":"2026-03-30T21:45:14","slug":"administrative-formulare","status":"publish","type":"page","link":"https:\/\/www.efdb.ch\/de\/administrative-formulare\/","title":{"rendered":"Administrative Formulare"},"content":{"rendered":"<p>[et_pb_section fb_built=&#8220;1&#8243; admin_label=&#8220;section&#8220; _builder_version=&#8220;4.16&#8243; global_colors_info=&#8220;{}&#8220;][et_pb_row admin_label=&#8220;row&#8220; _builder_version=&#8220;4.16&#8243; background_size=&#8220;initial&#8220; background_position=&#8220;top_left&#8220; background_repeat=&#8220;repeat&#8220; global_colors_info=&#8220;{}&#8220;][et_pb_column type=&#8220;4_4&#8243; _builder_version=&#8220;4.16&#8243; custom_padding=&#8220;|||&#8220; global_colors_info=&#8220;{}&#8220; custom_padding__hover=&#8220;|||&#8220;][et_pb_text admin_label=&#8220;Text&#8220; _builder_version=&#8220;4.27.5&#8243; background_size=&#8220;initial&#8220; background_position=&#8220;top_left&#8220; background_repeat=&#8220;repeat&#8220; hover_enabled=&#8220;0&#8243; global_colors_info=&#8220;{}&#8220; sticky_enabled=&#8220;0&#8243;]<\/p><p><strong>Spezifische Formulare f\u00fcr die \u00c9cole Fran\u00e7aise de B\u00e2le<\/strong><\/p><p><\/p><ul><li><a href=\"https:\/\/www.efdb.ch\/wp-content\/uploads\/2022\/03\/Formulaire-de-procuration.pdf\">Beantragung einer Vollmacht (PDF-Formular)<\/a><\/li><li><a href=\"https:\/\/www.efdb.ch\/wp-content\/uploads\/2022\/03\/Decharge-de-responsabilite-annuelle.pdf\">J\u00e4hrliche Haftungsfreistellung (PDF-Formular)<\/a><\/li><li><a href=\"https:\/\/www.efdb.ch\/wp-content\/uploads\/2022\/03\/decharge-de-responsabilite.pdf\">Einmalige Haftungsfreistellung (PDF-Formular)<\/a>,<\/li><\/ul><p><\/p><p><strong>Externe Formulare:<\/strong><\/p><p><\/p><ul><li><a href=\"https:\/\/www.efdb.ch\/wp-content\/uploads\/2026\/03\/Urlaubsgesuch_EFDB.pdf\" rel=\"attachment wp-att-23046\">Urlaubsgesuch<\/a><\/li><li><a href=\"https:\/\/www.efdb.ch\/wp-content\/uploads\/2025\/03\/Formulaire-de-demande-bourses-scolaires-2025-2026.doc\" rel=\"attachment wp-att-21473\">Antragsformular f\u00fcr ein Schulstipendium 2025-2026<\/a> (weitere Informationen finden Sie unter: <a href=\"https:\/\/www.efdb.ch\/wp-content\/uploads\/2025\/03\/Justificatifs-a-fournir-bourses-scolaires-2025-2026.doc\" rel=\"attachment wp-att-21476\">Liste der einzureichende Belege 2025-2026<\/a>)<\/li><li><a href=\"https:\/\/www.efdb.ch\/wp-content\/uploads\/2018\/06\/cerfa_15646-01-autorisation-sortie-territoire.pdf\">Ausreisegenehmigung<\/a><\/li><\/ul><p>[\/et_pb_text][\/et_pb_column][\/et_pb_row][\/et_pb_section]<\/p>","protected":false},"excerpt":{"rendered":"<p>Spezifische Formulare f\u00fcr die \u00c9cole Fran\u00e7aise de B\u00e2le Beantragung einer Vollmacht (PDF-Formular) J\u00e4hrliche Haftungsfreistellung (PDF-Formular) Einmalige Haftungsfreistellung (PDF-Formular), Externe Formulare: Urlaubsgesuch Antragsformular f\u00fcr ein Schulstipendium 2025-2026 (weitere Informationen finden Sie unter: Liste der einzureichende Belege 2025-2026) Ausreisegenehmigung<\/p>\n","protected":false},"author":1,"featured_media":0,"parent":0,"menu_order":0,"comment_status":"closed","ping_status":"closed","template":"","meta":{"_et_pb_use_builder":"on","_et_pb_old_content":"","_et_gb_content_width":"","footnotes":""},"class_list":["post-14207","page","type-page","status-publish","hentry"],"yoast_head":"<!-- This site is optimized with the Yoast SEO plugin v27.3 - https:\/\/yoast.com\/product\/yoast-seo-wordpress\/ -->\n<title>Administrative Formulare - EFDB<\/title>\n<meta name=\"robots\" content=\"index, follow, max-snippet:-1, max-image-preview:large, max-video-preview:-1\" \/>\n<link rel=\"canonical\" href=\"https:\/\/www.efdb.ch\/de\/administrative-formulare\/\" \/>\n<meta property=\"og:locale\" content=\"de_DE\" \/>\n<meta property=\"og:type\" content=\"article\" \/>\n<meta property=\"og:title\" content=\"Administrative Formulare - EFDB\" \/>\n<meta property=\"og:description\" content=\"Spezifische Formulare f\u00fcr die \u00c9cole Fran\u00e7aise de B\u00e2le Beantragung einer Vollmacht (PDF-Formular) J\u00e4hrliche Haftungsfreistellung (PDF-Formular) Einmalige Haftungsfreistellung (PDF-Formular), Externe Formulare: Urlaubsgesuch Antragsformular f\u00fcr ein Schulstipendium 2025-2026 (weitere Informationen finden Sie unter: Liste der einzureichende Belege 2025-2026) Ausreisegenehmigung\" \/>\n<meta property=\"og:url\" content=\"https:\/\/www.efdb.ch\/de\/administrative-formulare\/\" \/>\n<meta property=\"og:site_name\" content=\"EFDB\" \/>\n<meta property=\"article:modified_time\" content=\"2026-03-30T21:45:14+00:00\" \/>\n<meta name=\"twitter:card\" content=\"summary_large_image\" \/>\n<meta name=\"twitter:label1\" content=\"Gesch\u00e4tzte Lesezeit\" \/>\n\t<meta name=\"twitter:data1\" content=\"1\u00a0Minute\" \/>\n<script type=\"application\/ld+json\" class=\"yoast-schema-graph\">{\"@context\":\"https:\\\/\\\/schema.org\",\"@graph\":[{\"@type\":\"WebPage\",\"@id\":\"https:\\\/\\\/www.efdb.ch\\\/de\\\/administrative-formulare\\\/\",\"url\":\"https:\\\/\\\/www.efdb.ch\\\/de\\\/administrative-formulare\\\/\",\"name\":\"Administrative Formulare - EFDB\",\"isPartOf\":{\"@id\":\"https:\\\/\\\/www.efdb.ch\\\/de\\\/#website\"},\"datePublished\":\"2022-04-06T14:27:48+00:00\",\"dateModified\":\"2026-03-30T21:45:14+00:00\",\"breadcrumb\":{\"@id\":\"https:\\\/\\\/www.efdb.ch\\\/de\\\/administrative-formulare\\\/#breadcrumb\"},\"inLanguage\":\"de\",\"potentialAction\":[{\"@type\":\"ReadAction\",\"target\":[\"https:\\\/\\\/www.efdb.ch\\\/de\\\/administrative-formulare\\\/\"]}]},{\"@type\":\"BreadcrumbList\",\"@id\":\"https:\\\/\\\/www.efdb.ch\\\/de\\\/administrative-formulare\\\/#breadcrumb\",\"itemListElement\":[{\"@type\":\"ListItem\",\"position\":1,\"name\":\"Accueil\",\"item\":\"https:\\\/\\\/www.efdb.ch\\\/de\\\/\"},{\"@type\":\"ListItem\",\"position\":2,\"name\":\"Administrative Formulare\"}]},{\"@type\":\"WebSite\",\"@id\":\"https:\\\/\\\/www.efdb.ch\\\/de\\\/#website\",\"url\":\"https:\\\/\\\/www.efdb.ch\\\/de\\\/\",\"name\":\"EFDB\",\"description\":\"\u00c9cole fran\u00e7aise de B\u00e2le\",\"potentialAction\":[{\"@type\":\"SearchAction\",\"target\":{\"@type\":\"EntryPoint\",\"urlTemplate\":\"https:\\\/\\\/www.efdb.ch\\\/de\\\/?s={search_term_string}\"},\"query-input\":{\"@type\":\"PropertyValueSpecification\",\"valueRequired\":true,\"valueName\":\"search_term_string\"}}],\"inLanguage\":\"de\"}]}<\/script>\n<!-- \/ Yoast SEO plugin. -->","yoast_head_json":{"title":"Administrative Formulare - EFDB","robots":{"index":"index","follow":"follow","max-snippet":"max-snippet:-1","max-image-preview":"max-image-preview:large","max-video-preview":"max-video-preview:-1"},"canonical":"https:\/\/www.efdb.ch\/de\/administrative-formulare\/","og_locale":"de_DE","og_type":"article","og_title":"Administrative Formulare - EFDB","og_description":"Spezifische Formulare f\u00fcr die \u00c9cole Fran\u00e7aise de B\u00e2le Beantragung einer Vollmacht (PDF-Formular) J\u00e4hrliche Haftungsfreistellung (PDF-Formular) Einmalige Haftungsfreistellung (PDF-Formular), Externe Formulare: Urlaubsgesuch Antragsformular f\u00fcr ein Schulstipendium 2025-2026 (weitere Informationen finden Sie unter: Liste der einzureichende Belege 2025-2026) Ausreisegenehmigung","og_url":"https:\/\/www.efdb.ch\/de\/administrative-formulare\/","og_site_name":"EFDB","article_modified_time":"2026-03-30T21:45:14+00:00","twitter_card":"summary_large_image","twitter_misc":{"Gesch\u00e4tzte Lesezeit":"1\u00a0Minute"},"schema":{"@context":"https:\/\/schema.org","@graph":[{"@type":"WebPage","@id":"https:\/\/www.efdb.ch\/de\/administrative-formulare\/","url":"https:\/\/www.efdb.ch\/de\/administrative-formulare\/","name":"Administrative Formulare - EFDB","isPartOf":{"@id":"https:\/\/www.efdb.ch\/de\/#website"},"datePublished":"2022-04-06T14:27:48+00:00","dateModified":"2026-03-30T21:45:14+00:00","breadcrumb":{"@id":"https:\/\/www.efdb.ch\/de\/administrative-formulare\/#breadcrumb"},"inLanguage":"de","potentialAction":[{"@type":"ReadAction","target":["https:\/\/www.efdb.ch\/de\/administrative-formulare\/"]}]},{"@type":"BreadcrumbList","@id":"https:\/\/www.efdb.ch\/de\/administrative-formulare\/#breadcrumb","itemListElement":[{"@type":"ListItem","position":1,"name":"Accueil","item":"https:\/\/www.efdb.ch\/de\/"},{"@type":"ListItem","position":2,"name":"Administrative Formulare"}]},{"@type":"WebSite","@id":"https:\/\/www.efdb.ch\/de\/#website","url":"https:\/\/www.efdb.ch\/de\/","name":"EFDB","description":"\u00c9cole fran\u00e7aise de B\u00e2le","potentialAction":[{"@type":"SearchAction","target":{"@type":"EntryPoint","urlTemplate":"https:\/\/www.efdb.ch\/de\/?s={search_term_string}"},"query-input":{"@type":"PropertyValueSpecification","valueRequired":true,"valueName":"search_term_string"}}],"inLanguage":"de"}]}},"_links":{"self":[{"href":"https:\/\/www.efdb.ch\/de\/wp-json\/wp\/v2\/pages\/14207","targetHints":{"allow":["GET"]}}],"collection":[{"href":"https:\/\/www.efdb.ch\/de\/wp-json\/wp\/v2\/pages"}],"about":[{"href":"https:\/\/www.efdb.ch\/de\/wp-json\/wp\/v2\/types\/page"}],"author":[{"embeddable":true,"href":"https:\/\/www.efdb.ch\/de\/wp-json\/wp\/v2\/users\/1"}],"replies":[{"embeddable":true,"href":"https:\/\/www.efdb.ch\/de\/wp-json\/wp\/v2\/comments?post=14207"}],"version-history":[{"count":46,"href":"https:\/\/www.efdb.ch\/de\/wp-json\/wp\/v2\/pages\/14207\/revisions"}],"predecessor-version":[{"id":23072,"href":"https:\/\/www.efdb.ch\/de\/wp-json\/wp\/v2\/pages\/14207\/revisions\/23072"}],"wp:attachment":[{"href":"https:\/\/www.efdb.ch\/de\/wp-json\/wp\/v2\/media?parent=14207"}],"curies":[{"name":"wp","href":"https:\/\/api.w.org\/{rel}","templated":true}]}}