{"id":11455,"date":"2020-02-17T15:57:09","date_gmt":"2020-02-17T14:57:09","guid":{"rendered":"https:\/\/www.efdb.ch\/schulgeld-und-einschreibegebuehr\/"},"modified":"2026-04-13T14:00:49","modified_gmt":"2026-04-13T12:00:49","slug":"gebuhren-und-anmeldung","status":"publish","type":"page","link":"https:\/\/www.efdb.ch\/de\/gebuhren-und-anmeldung\/","title":{"rendered":"Geb\u00fchren"},"content":{"rendered":"<p>[et_pb_section fb_built=&#8220;1&#8243; fullwidth=&#8220;on&#8220; _builder_version=&#8220;4.16&#8243; global_colors_info=&#8220;{}&#8220;][et_pb_fullwidth_slider admin_label=&#8220;Fullwidth Slider&#8220; _builder_version=&#8220;4.20.2&#8243; custom_padding=&#8220;|||&#8220; custom_padding_tablet=&#8220;|||&#8220; custom_padding_phone=&#8220;|||&#8220; box_shadow_style=&#8220;preset6&#8243; box_shadow_blur=&#8220;10px&#8220; box_shadow_color=&#8220;rgba(0,0,0,0.1)&#8220; global_colors_info=&#8220;{}&#8220; button_text_size__hover_enabled=&#8220;off&#8220; button_one_text_size__hover_enabled=&#8220;off&#8220; button_two_text_size__hover_enabled=&#8220;off&#8220; button_text_color__hover_enabled=&#8220;off&#8220; button_one_text_color__hover_enabled=&#8220;off&#8220; button_two_text_color__hover_enabled=&#8220;off&#8220; button_border_width__hover_enabled=&#8220;off&#8220; button_one_border_width__hover_enabled=&#8220;off&#8220; button_two_border_width__hover_enabled=&#8220;off&#8220; button_border_color__hover_enabled=&#8220;off&#8220; button_one_border_color__hover_enabled=&#8220;off&#8220; button_two_border_color__hover_enabled=&#8220;off&#8220; button_border_radius__hover_enabled=&#8220;off&#8220; button_one_border_radius__hover_enabled=&#8220;off&#8220; button_two_border_radius__hover_enabled=&#8220;off&#8220; button_letter_spacing__hover_enabled=&#8220;off&#8220; button_one_letter_spacing__hover_enabled=&#8220;off&#8220; button_two_letter_spacing__hover_enabled=&#8220;off&#8220; button_bg_color__hover_enabled=&#8220;off&#8220; button_one_bg_color__hover_enabled=&#8220;off&#8220; button_two_bg_color__hover_enabled=&#8220;off&#8220;][et_pb_slide heading=&#8220;Geb\u00fchren&#8220; use_bg_overlay=&#8220;on&#8220; _builder_version=&#8220;4.20.2&#8243; background_color=&#8220;#ffffff&#8220; background_image=&#8220;https:\/\/www.efdb.ch\/wp-content\/uploads\/2019\/10\/DSC6948.jpg&#8220; background_enable_image=&#8220;on&#8220; global_colors_info=&#8220;{}&#8220; button_text_size__hover_enabled=&#8220;off&#8220; button_one_text_size__hover_enabled=&#8220;off&#8220; button_two_text_size__hover_enabled=&#8220;off&#8220; button_text_color__hover_enabled=&#8220;off&#8220; button_one_text_color__hover_enabled=&#8220;off&#8220; button_two_text_color__hover_enabled=&#8220;off&#8220; button_border_width__hover_enabled=&#8220;off&#8220; button_one_border_width__hover_enabled=&#8220;off&#8220; button_two_border_width__hover_enabled=&#8220;off&#8220; button_border_color__hover_enabled=&#8220;off&#8220; button_one_border_color__hover_enabled=&#8220;off&#8220; button_two_border_color__hover_enabled=&#8220;off&#8220; button_border_radius__hover_enabled=&#8220;off&#8220; button_one_border_radius__hover_enabled=&#8220;off&#8220; button_two_border_radius__hover_enabled=&#8220;off&#8220; button_letter_spacing__hover_enabled=&#8220;off&#8220; button_one_letter_spacing__hover_enabled=&#8220;off&#8220; button_two_letter_spacing__hover_enabled=&#8220;off&#8220; button_bg_color__hover_enabled=&#8220;off&#8220; button_one_bg_color__hover_enabled=&#8220;off&#8220; button_two_bg_color__hover_enabled=&#8220;off&#8220; sticky_transition=&#8220;on&#8220;][\/et_pb_slide][\/et_pb_fullwidth_slider][\/et_pb_section][et_pb_section fb_built=&#8220;1&#8243; _builder_version=&#8220;4.16&#8243; custom_padding=&#8220;57px|0px|57px|0px&#8220; global_colors_info=&#8220;{}&#8220;][et_pb_row _builder_version=&#8220;4.16&#8243; custom_margin=&#8220;|auto|-87px|auto||&#8220; global_colors_info=&#8220;{}&#8220;][et_pb_column type=&#8220;4_4&#8243; _builder_version=&#8220;4.16&#8243; custom_padding=&#8220;|||&#8220; global_colors_info=&#8220;{}&#8220; custom_padding__hover=&#8220;|||&#8220;][et_pb_text admin_label=&#8220;Texte intro tarifs&#8220; _builder_version=&#8220;4.19.0&#8243; global_colors_info=&#8220;{}&#8220;]<\/p><h2 style=\"text-align: center;\">Anmeldegeb\u00fchr<\/h2><p><\/p><p style=\"text-align: center;\">F\u00fcr die erste Anmeldung betr\u00e4gt die Anmeldegeb\u00fchr CHF 500.<\/p><p>[\/et_pb_text][et_pb_text admin_label=&#8220;Texte intro tarifs&#8220; _builder_version=&#8220;4.27.2&#8243; min_height=&#8220;108.8px&#8220; custom_margin=&#8220;||-58px|||&#8220; global_colors_info=&#8220;{}&#8220;][\/et_pb_text][et_pb_text admin_label=&#8220;Texte intro tarifs&#8220; _builder_version=&#8220;4.27.2&#8243; global_colors_info=&#8220;{}&#8220;]<\/p><h2 style=\"text-align: center;\">Geb\u00fchren und allgemeine Gesch\u00e4ftsbedingungen<\/h2><p>[\/et_pb_text][\/et_pb_column][\/et_pb_row][et_pb_row column_structure=&#8220;1_3,1_3,1_3&#8243; _builder_version=&#8220;4.16&#8243; min_height=&#8220;798.9px&#8220; custom_margin=&#8220;35px|auto||auto||&#8220; global_colors_info=&#8220;{}&#8220;][et_pb_column type=&#8220;1_3&#8243; _builder_version=&#8220;4.16&#8243; custom_padding=&#8220;|||&#8220; global_colors_info=&#8220;{}&#8220; custom_padding__hover=&#8220;|||&#8220;][et_pb_text _builder_version=&#8220;4.27.4&#8243; global_colors_info=&#8220;{}&#8220;]<\/p><h3>Cr\u00e8che<\/h3><p><\/p><ul><li><strong><a href=\"https:\/\/www.efdb.ch\/wp-content\/uploads\/2024\/12\/Creche-2025-26.pdf\" rel=\"attachment wp-att-20992\">2025-26<\/a><\/strong><\/li><\/ul><p>[\/et_pb_text][et_pb_button button_url=&#8220;@ET-DC@eyJkeW5hbWljIjp0cnVlLCJjb250ZW50IjoicG9zdF9saW5rX3VybF9wYWdlIiwic2V0dGluZ3MiOnsicG9zdF9pZCI6IjE2MzA5In19@&#8220; button_text=&#8220;Anmeldung&#8220; _builder_version=&#8220;4.19.1&#8243; _dynamic_attributes=&#8220;button_url&#8220; _module_preset=&#8220;default&#8220; global_colors_info=&#8220;{}&#8220;][\/et_pb_button][\/et_pb_column][et_pb_column type=&#8220;1_3&#8243; _builder_version=&#8220;4.16&#8243; custom_padding=&#8220;|||&#8220; global_colors_info=&#8220;{}&#8220; custom_padding__hover=&#8220;|||&#8220;][et_pb_text _builder_version=&#8220;4.27.5&#8243; global_colors_info=&#8220;{}&#8220;]<\/p><h3>Kindergarten, Primarschule und \u00a0 \u00a0 \u00a0 \u00a06. Klasse<\/h3><p><\/p><ul><li><strong><a href=\"https:\/\/www.efdb.ch\/wp-content\/uploads\/2025\/09\/Ecolages-EM-et-EP-2025-26.pdf\" rel=\"attachment wp-att-22305\">2025-26<\/a><\/strong><\/li><li><a href=\"https:\/\/www.efdb.ch\/wp-content\/uploads\/2025\/12\/Ecolages-EM-et-EP-Tarifs-et-Conditions-Generales-2026-27.pdf\" rel=\"attachment wp-att-22675\"><strong>2026-27<\/strong><\/a><\/li><\/ul><p>[\/et_pb_text][et_pb_button button_url=&#8220;@ET-DC@eyJkeW5hbWljIjp0cnVlLCJjb250ZW50IjoicG9zdF9saW5rX3VybF9wYWdlIiwic2V0dGluZ3MiOnsicG9zdF9pZCI6IjE2MzA5In19@&#8220; button_text=&#8220;Anmeldung&#8220; _builder_version=&#8220;4.19.1&#8243; _dynamic_attributes=&#8220;button_url&#8220; _module_preset=&#8220;default&#8220; global_colors_info=&#8220;{}&#8220;][\/et_pb_button][\/et_pb_column][et_pb_column type=&#8220;1_3&#8243; _builder_version=&#8220;4.16&#8243; custom_padding=&#8220;|||&#8220; global_colors_info=&#8220;{}&#8220; custom_padding__hover=&#8220;|||&#8220;][et_pb_text _builder_version=&#8220;4.27.5&#8243; text_font=&#8220;||||||||&#8220; header_font=&#8220;||||||||&#8220; hover_enabled=&#8220;0&#8243; global_colors_info=&#8220;{}&#8220; sticky_enabled=&#8220;0&#8243;]<\/p><h3>Kantine<\/h3><p><\/p><ul><li><strong><a href=\"https:\/\/www.efdb.ch\/wp-content\/uploads\/2025\/07\/Cantine-Tarifs-et-Conditions-Generales-2025-26-1.pdf\" rel=\"attachment wp-att-22171\">2025-26<\/a><\/strong><\/li><li><strong><a href=\"https:\/\/www.efdb.ch\/wp-content\/uploads\/2025\/12\/Cantine-Tarifs-et-Conditions-Generales-2026-27.pdf\" rel=\"attachment wp-att-22678\">2026-27<\/a><\/strong><\/li><\/ul><p><\/p><h3><span style=\"color: #333333; font-size: 22px;\">Freizeitaktivit\u00e4ten und Nachmittagsbetreuung &#8211; Kindergarten<\/span><\/h3><p><\/p><ul><li><strong><a href=\"https:\/\/www.efdb.ch\/wp-content\/uploads\/2025\/04\/Periscolaire-EM-Tarifs-et-Conditions-Generales-2025-26.pdf\" rel=\"attachment wp-att-21695\">2025-26<\/a><\/strong><\/li><li><a href=\"https:\/\/www.efdb.ch\/wp-content\/uploads\/2026\/03\/Periscolaire-EM-Tarifs-et-Conditions-Generales-2026-27.pdf\" rel=\"attachment wp-att-23102\"><strong>2026-27<\/strong><\/a><\/li><\/ul><p><\/p><h3>Freizeitaktivit\u00e4ten und Nachmittagsbetreuung &#8211; Primarschule und 6. Klasse<\/h3><p><\/p><ul><li><strong><a href=\"https:\/\/www.efdb.ch\/wp-content\/uploads\/2025\/04\/Periscolaire-EP-Tarifs-et-Conditions-Generales-2025-26.pdf\" rel=\"attachment wp-att-21692\">2025-26<\/a><\/strong><\/li><li><strong><a href=\"https:\/\/www.efdb.ch\/wp-content\/uploads\/2026\/04\/Periscolaire-EP-Tarifs-et-Conditions-Generales-2026-27-1.pdf\" rel=\"attachment wp-att-23203\">2026-27<\/a><\/strong><\/li><\/ul><p><\/p><h3>Feriencamp<\/h3><p><\/p><ul><li><strong><a href=\"https:\/\/www.efdb.ch\/wp-content\/uploads\/2024\/12\/Centres-aeres-2025-26.pdf\" rel=\"attachment wp-att-20989\">2025-26<\/a><\/strong><\/li><li><strong><a href=\"https:\/\/www.efdb.ch\/wp-content\/uploads\/2025\/12\/Centres-Aeres-Tarifs-et-Conditions-Generales-2026-27.pdf\" rel=\"attachment wp-att-22687\">2026-27<\/a><\/strong><\/li><\/ul><p>[\/et_pb_text][\/et_pb_column][\/et_pb_row][et_pb_row _builder_version=&#8220;4.16&#8243; global_colors_info=&#8220;{}&#8220;][et_pb_column type=&#8220;4_4&#8243; _builder_version=&#8220;4.16&#8243; global_colors_info=&#8220;{}&#8220;][et_pb_text _builder_version=&#8220;4.19.0&#8243; global_colors_info=&#8220;{}&#8220;][\/et_pb_text][\/et_pb_column][\/et_pb_row][et_pb_row _builder_version=&#8220;4.16&#8243; global_colors_info=&#8220;{}&#8220;][et_pb_column type=&#8220;4_4&#8243; _builder_version=&#8220;4.16&#8243; custom_padding=&#8220;|||&#8220; global_colors_info=&#8220;{}&#8220; custom_padding__hover=&#8220;|||&#8220;][et_pb_text admin_label=&#8220;Conditions particuli\u00e8res&#8220; _builder_version=&#8220;4.19.4&#8243; global_colors_info=&#8220;{}&#8220;]<\/p><p style=\"text-align: center;\">\u00a0<\/p><p><\/p><p style=\"text-align: center;\"><strong>Spezielle Bedingungen<\/strong><\/p><p><\/p><p style=\"text-align: center;\">Wir bieten Familien mit zwei oder mehreren Kindern eine Erm\u00e4ssigung der Schulgeb\u00fchren (Kinderkrippe, Kindergarten, Primarschule und 6. Klasse):<\/p><p><\/p><p style=\"text-align: center;\">10% f\u00fcr das zweite Kind und 15 % ab dem dritten Kind.<\/p><p><\/p><p style=\"text-align: center;\">\u00a0<\/p><p>[\/et_pb_text][\/et_pb_column][\/et_pb_row][\/et_pb_section][et_pb_section fb_built=&#8220;1&#8243; _builder_version=&#8220;4.16&#8243; background_color=&#8220;#5e89c4&#8243; custom_padding=&#8220;57px|0px|57px|0px&#8220; global_colors_info=&#8220;{}&#8220;][et_pb_row column_structure=&#8220;1_2,1_2&#8243; _builder_version=&#8220;4.16&#8243; global_colors_info=&#8220;{}&#8220;][et_pb_column type=&#8220;1_2&#8243; _builder_version=&#8220;4.16&#8243; custom_padding=&#8220;|||&#8220; global_colors_info=&#8220;{}&#8220; custom_padding__hover=&#8220;|||&#8220;][et_pb_blurb title=&#8220;Unternehmenstarif&#8220; admin_label=&#8220;Tarification Corporate&#8220; _builder_version=&#8220;4.16&#8243; header_level=&#8220;h3&#8243; header_font=&#8220;|700|||||||&#8220; header_font_size=&#8220;24px&#8220; body_font=&#8220;|600|||||||&#8220; text_orientation=&#8220;center&#8220; background_layout=&#8220;dark&#8220; header_font_size_tablet=&#8220;&#8220; header_font_size_phone=&#8220;&#8220; header_font_size_last_edited=&#8220;on|desktop&#8220; global_colors_info=&#8220;{}&#8220;]<\/p><p>F\u00fcr Familien, deren Arbeitgeber die Schulgeb\u00fchren \u00fcbernimmt. Der Unternehmenstarif beinhaltet das gesamte Angebot an Aktivit\u00e4ten: Montag bis Freitag von 8h00 bis 18h30. Die Kantine ist davon ausgenommen und wird extra verrechnet.<\/p><p>[\/et_pb_blurb][\/et_pb_column][et_pb_column type=&#8220;1_2&#8243; _builder_version=&#8220;4.16&#8243; custom_padding=&#8220;|||&#8220; global_colors_info=&#8220;{}&#8220; custom_padding__hover=&#8220;|||&#8220;][et_pb_blurb title=&#8220;Stipendium der AEFE&#8220; admin_label=&#8220;Bourse AEFE&#8220; _builder_version=&#8220;4.16&#8243; header_level=&#8220;h3&#8243; header_font=&#8220;|700|||||||&#8220; header_font_size=&#8220;24px&#8220; body_font=&#8220;|600|||||||&#8220; text_orientation=&#8220;center&#8220; background_layout=&#8220;dark&#8220; header_font_size_tablet=&#8220;&#8220; header_font_size_phone=&#8220;&#8220; header_font_size_last_edited=&#8220;on|desktop&#8220; global_colors_info=&#8220;{}&#8220;]<\/p><p>F\u00fcr in der Schweiz lebende franz\u00f6sische Kinder. Der Stipendienantrag l\u00e4uft \u00fcber das franz\u00f6sische Konsulat in Z\u00fcrich und richtet sich nach dem Einkommen. Auskunft und Unterlagen sind bei der Stelle f\u00fcr Stipendien des\u00a0 Franz\u00f6sischen Generalkonsulats Z\u00fcrich zu beantragen.<\/p><p>[\/et_pb_blurb][\/et_pb_column][\/et_pb_row][\/et_pb_section][et_pb_section fb_built=&#8220;1&#8243; _builder_version=&#8220;4.16&#8243; background_color=&#8220;#ffffff&#8220; global_colors_info=&#8220;{}&#8220;][et_pb_row _builder_version=&#8220;4.16&#8243; custom_padding=&#8220;28px|0px|28px|0px&#8220; global_colors_info=&#8220;{}&#8220;][et_pb_column type=&#8220;4_4&#8243; _builder_version=&#8220;4.16&#8243; custom_padding=&#8220;|||&#8220; global_colors_info=&#8220;{}&#8220; custom_padding__hover=&#8220;|||&#8220;][\/et_pb_column][\/et_pb_row][\/et_pb_section]<\/p>","protected":false},"excerpt":{"rendered":"<p>Anmeldegeb\u00fchrF\u00fcr die erste Anmeldung betr\u00e4gt die Anmeldegeb\u00fchr CHF 500.Geb\u00fchren und allgemeine Gesch\u00e4ftsbedingungenCr\u00e8che 2025-26 Kindergarten, Primarschule und \u00a0 \u00a0 \u00a0 \u00a06. Klasse 2025-26 2026-27 Kantine 2025-26 2026-27 Freizeitaktivit\u00e4ten und Nachmittagsbetreuung &#8211; Kindergarten 2025-26 2026-27 Freizeitaktivit\u00e4ten und Nachmittagsbetreuung &#8211; Primarschule und 6. Klasse 2025-26 2026-27 Feriencamp 2025-26 2026-27 \u00a0Spezielle BedingungenWir bieten Familien mit zwei oder mehreren Kindern [&hellip;]<\/p>\n","protected":false},"author":1,"featured_media":0,"parent":0,"menu_order":0,"comment_status":"closed","ping_status":"closed","template":"","meta":{"_et_pb_use_builder":"on","_et_pb_old_content":"","_et_gb_content_width":"","footnotes":""},"class_list":["post-11455","page","type-page","status-publish","hentry"],"yoast_head":"<!-- This site is optimized with the Yoast SEO plugin v27.4 - https:\/\/yoast.com\/product\/yoast-seo-wordpress\/ -->\n<title>Geb\u00fchren - EFDB<\/title>\n<meta name=\"robots\" content=\"index, follow, max-snippet:-1, max-image-preview:large, max-video-preview:-1\" \/>\n<link rel=\"canonical\" href=\"https:\/\/www.efdb.ch\/de\/gebuhren-und-anmeldung\/\" \/>\n<meta property=\"og:locale\" content=\"de_DE\" \/>\n<meta property=\"og:type\" content=\"article\" \/>\n<meta property=\"og:title\" content=\"Geb\u00fchren - EFDB\" \/>\n<meta property=\"og:description\" content=\"Anmeldegeb\u00fchrF\u00fcr die erste Anmeldung betr\u00e4gt die Anmeldegeb\u00fchr CHF 500.Geb\u00fchren und allgemeine Gesch\u00e4ftsbedingungenCr\u00e8che 2025-26 Kindergarten, Primarschule und \u00a0 \u00a0 \u00a0 \u00a06. Klasse 2025-26 2026-27 Kantine 2025-26 2026-27 Freizeitaktivit\u00e4ten und Nachmittagsbetreuung - Kindergarten 2025-26 2026-27 Freizeitaktivit\u00e4ten und Nachmittagsbetreuung - Primarschule und 6. Klasse 2025-26 2026-27 Feriencamp 2025-26 2026-27 \u00a0Spezielle BedingungenWir bieten Familien mit zwei oder mehreren Kindern [&hellip;]\" \/>\n<meta property=\"og:url\" content=\"https:\/\/www.efdb.ch\/de\/gebuhren-und-anmeldung\/\" \/>\n<meta property=\"og:site_name\" content=\"EFDB\" \/>\n<meta property=\"article:modified_time\" content=\"2026-04-13T12:00:49+00:00\" \/>\n<meta name=\"twitter:card\" content=\"summary_large_image\" \/>\n<meta name=\"twitter:label1\" content=\"Gesch\u00e4tzte Lesezeit\" \/>\n\t<meta name=\"twitter:data1\" content=\"4\u00a0Minuten\" \/>\n<script type=\"application\/ld+json\" class=\"yoast-schema-graph\">{\"@context\":\"https:\\\/\\\/schema.org\",\"@graph\":[{\"@type\":\"WebPage\",\"@id\":\"https:\\\/\\\/www.efdb.ch\\\/de\\\/gebuhren-und-anmeldung\\\/\",\"url\":\"https:\\\/\\\/www.efdb.ch\\\/de\\\/gebuhren-und-anmeldung\\\/\",\"name\":\"Geb\u00fchren - EFDB\",\"isPartOf\":{\"@id\":\"https:\\\/\\\/www.efdb.ch\\\/de\\\/#website\"},\"datePublished\":\"2020-02-17T14:57:09+00:00\",\"dateModified\":\"2026-04-13T12:00:49+00:00\",\"breadcrumb\":{\"@id\":\"https:\\\/\\\/www.efdb.ch\\\/de\\\/gebuhren-und-anmeldung\\\/#breadcrumb\"},\"inLanguage\":\"de\",\"potentialAction\":[{\"@type\":\"ReadAction\",\"target\":[\"https:\\\/\\\/www.efdb.ch\\\/de\\\/gebuhren-und-anmeldung\\\/\"]}]},{\"@type\":\"BreadcrumbList\",\"@id\":\"https:\\\/\\\/www.efdb.ch\\\/de\\\/gebuhren-und-anmeldung\\\/#breadcrumb\",\"itemListElement\":[{\"@type\":\"ListItem\",\"position\":1,\"name\":\"Accueil\",\"item\":\"https:\\\/\\\/www.efdb.ch\\\/de\\\/\"},{\"@type\":\"ListItem\",\"position\":2,\"name\":\"Geb\u00fchren\"}]},{\"@type\":\"WebSite\",\"@id\":\"https:\\\/\\\/www.efdb.ch\\\/de\\\/#website\",\"url\":\"https:\\\/\\\/www.efdb.ch\\\/de\\\/\",\"name\":\"EFDB\",\"description\":\"\u00c9cole fran\u00e7aise de B\u00e2le\",\"potentialAction\":[{\"@type\":\"SearchAction\",\"target\":{\"@type\":\"EntryPoint\",\"urlTemplate\":\"https:\\\/\\\/www.efdb.ch\\\/de\\\/?s={search_term_string}\"},\"query-input\":{\"@type\":\"PropertyValueSpecification\",\"valueRequired\":true,\"valueName\":\"search_term_string\"}}],\"inLanguage\":\"de\"}]}<\/script>\n<!-- \/ Yoast SEO plugin. -->","yoast_head_json":{"title":"Geb\u00fchren - EFDB","robots":{"index":"index","follow":"follow","max-snippet":"max-snippet:-1","max-image-preview":"max-image-preview:large","max-video-preview":"max-video-preview:-1"},"canonical":"https:\/\/www.efdb.ch\/de\/gebuhren-und-anmeldung\/","og_locale":"de_DE","og_type":"article","og_title":"Geb\u00fchren - EFDB","og_description":"Anmeldegeb\u00fchrF\u00fcr die erste Anmeldung betr\u00e4gt die Anmeldegeb\u00fchr CHF 500.Geb\u00fchren und allgemeine Gesch\u00e4ftsbedingungenCr\u00e8che 2025-26 Kindergarten, Primarschule und \u00a0 \u00a0 \u00a0 \u00a06. Klasse 2025-26 2026-27 Kantine 2025-26 2026-27 Freizeitaktivit\u00e4ten und Nachmittagsbetreuung - Kindergarten 2025-26 2026-27 Freizeitaktivit\u00e4ten und Nachmittagsbetreuung - Primarschule und 6. Klasse 2025-26 2026-27 Feriencamp 2025-26 2026-27 \u00a0Spezielle BedingungenWir bieten Familien mit zwei oder mehreren Kindern [&hellip;]","og_url":"https:\/\/www.efdb.ch\/de\/gebuhren-und-anmeldung\/","og_site_name":"EFDB","article_modified_time":"2026-04-13T12:00:49+00:00","twitter_card":"summary_large_image","twitter_misc":{"Gesch\u00e4tzte Lesezeit":"4\u00a0Minuten"},"schema":{"@context":"https:\/\/schema.org","@graph":[{"@type":"WebPage","@id":"https:\/\/www.efdb.ch\/de\/gebuhren-und-anmeldung\/","url":"https:\/\/www.efdb.ch\/de\/gebuhren-und-anmeldung\/","name":"Geb\u00fchren - EFDB","isPartOf":{"@id":"https:\/\/www.efdb.ch\/de\/#website"},"datePublished":"2020-02-17T14:57:09+00:00","dateModified":"2026-04-13T12:00:49+00:00","breadcrumb":{"@id":"https:\/\/www.efdb.ch\/de\/gebuhren-und-anmeldung\/#breadcrumb"},"inLanguage":"de","potentialAction":[{"@type":"ReadAction","target":["https:\/\/www.efdb.ch\/de\/gebuhren-und-anmeldung\/"]}]},{"@type":"BreadcrumbList","@id":"https:\/\/www.efdb.ch\/de\/gebuhren-und-anmeldung\/#breadcrumb","itemListElement":[{"@type":"ListItem","position":1,"name":"Accueil","item":"https:\/\/www.efdb.ch\/de\/"},{"@type":"ListItem","position":2,"name":"Geb\u00fchren"}]},{"@type":"WebSite","@id":"https:\/\/www.efdb.ch\/de\/#website","url":"https:\/\/www.efdb.ch\/de\/","name":"EFDB","description":"\u00c9cole fran\u00e7aise de B\u00e2le","potentialAction":[{"@type":"SearchAction","target":{"@type":"EntryPoint","urlTemplate":"https:\/\/www.efdb.ch\/de\/?s={search_term_string}"},"query-input":{"@type":"PropertyValueSpecification","valueRequired":true,"valueName":"search_term_string"}}],"inLanguage":"de"}]}},"_links":{"self":[{"href":"https:\/\/www.efdb.ch\/de\/wp-json\/wp\/v2\/pages\/11455","targetHints":{"allow":["GET"]}}],"collection":[{"href":"https:\/\/www.efdb.ch\/de\/wp-json\/wp\/v2\/pages"}],"about":[{"href":"https:\/\/www.efdb.ch\/de\/wp-json\/wp\/v2\/types\/page"}],"author":[{"embeddable":true,"href":"https:\/\/www.efdb.ch\/de\/wp-json\/wp\/v2\/users\/1"}],"replies":[{"embeddable":true,"href":"https:\/\/www.efdb.ch\/de\/wp-json\/wp\/v2\/comments?post=11455"}],"version-history":[{"count":411,"href":"https:\/\/www.efdb.ch\/de\/wp-json\/wp\/v2\/pages\/11455\/revisions"}],"predecessor-version":[{"id":23214,"href":"https:\/\/www.efdb.ch\/de\/wp-json\/wp\/v2\/pages\/11455\/revisions\/23214"}],"wp:attachment":[{"href":"https:\/\/www.efdb.ch\/de\/wp-json\/wp\/v2\/media?parent=11455"}],"curies":[{"name":"wp","href":"https:\/\/api.w.org\/{rel}","templated":true}]}}