{"id":11454,"date":"2020-02-17T15:44:23","date_gmt":"2020-02-17T14:44:23","guid":{"rendered":"https:\/\/www.efdb.ch\/karte-der-website\/"},"modified":"2023-02-09T15:17:55","modified_gmt":"2023-02-09T13:17:55","slug":"karte-der-website","status":"publish","type":"page","link":"https:\/\/www.efdb.ch\/de\/karte-der-website\/","title":{"rendered":"Sitemap"},"content":{"rendered":"<p><ol id=\"sitemap\"><li class=\"page_item page-item-2052\"><a href=\"https:\/\/www.efdb.ch\/de\/\">Willkommen<\/a><\/li><li class=\"page_item page-item-11322 page_item_has_children\"><a href=\"https:\/\/www.efdb.ch\/de\/schulleben\/\">Schulleben<\/a><ul class='children'>\t<li class=\"page_item page-item-11326\"><a href=\"https:\/\/www.efdb.ch\/de\/schulleben\/kantine\/\">Kantine<\/a><\/li>\t<li class=\"page_item page-item-11336\"><a href=\"https:\/\/www.efdb.ch\/de\/schulleben\/feriencamp\/\">Feriencamp<\/a><\/li><\/ul><\/li><li class=\"page_item page-item-11338\"><a href=\"https:\/\/www.efdb.ch\/de\/infos-kontakt\/\">Kontakte<\/a><\/li><li class=\"page_item page-item-15970\"><a href=\"https:\/\/www.efdb.ch\/de\/kalender\/\">Kalender<\/a><\/li><li class=\"page_item page-item-15983\"><a href=\"https:\/\/www.efdb.ch\/de\/zeitplane\/\">Stundenpl\u00e4ne<\/a><\/li><li class=\"page_item page-item-14207\"><a href=\"https:\/\/www.efdb.ch\/de\/administrative-formulare\/\">Administrative Formulare<\/a><\/li><li class=\"page_item page-item-11397 page_item_has_children\"><a href=\"https:\/\/www.efdb.ch\/de\/ueber-uns\/\">\u00dcber uns<\/a><ul class='children'>\t<li class=\"page_item page-item-11438\"><a href=\"https:\/\/www.efdb.ch\/de\/ueber-uns\/unterstuetzung-der-efdb\/\">Unterst\u00fctzen Sie die EFDB<\/a><\/li><\/ul><\/li><li class=\"page_item page-item-20103\"><a href=\"https:\/\/www.efdb.ch\/de\/anmeldung-goethe\/\">Anmeldung Goethe<\/a><\/li><li class=\"page_item page-item-14985\"><a href=\"https:\/\/www.efdb.ch\/de\/rechtliche-hinweise\/\">Rechtliche Hinweise<\/a><\/li><li class=\"page_item page-item-20105\"><a href=\"https:\/\/www.efdb.ch\/de\/lesenacht\/\">Lesenacht<\/a><\/li><li class=\"page_item page-item-11402\"><a href=\"https:\/\/www.efdb.ch\/de\/bereich-familie\/\">Familienbereich<\/a><\/li><li class=\"page_item page-item-16011\"><a href=\"https:\/\/www.efdb.ch\/de\/freizeitaktivitaeten-kindergarten\/\">Freizeitaktivit\u00e4ten &amp; Nachmittagsbetreuung Kindergarten<\/a><\/li><li class=\"page_item page-item-20107\"><a href=\"https:\/\/www.efdb.ch\/de\/zufriedenheitsumfrage-zum-feriencamp\/\">ZUFRIEDENHEITSUMFRAGE ZUM FERIENCAMP<\/a><\/li><li class=\"page_item page-item-20114\"><a href=\"https:\/\/www.efdb.ch\/de\/autorisation-de-sortie-ce2\/\">Autorisation de sortie CE2<\/a><\/li><li class=\"page_item page-item-14230\"><a href=\"https:\/\/www.efdb.ch\/de\/vollmacht\/\">Vollmacht<\/a><\/li><li class=\"page_item page-item-11415\"><a href=\"https:\/\/www.efdb.ch\/de\/kinderkrippe\/\">Kinderkrippe &#8222;La Petite Bulle&#8220;<\/a><\/li><li class=\"page_item page-item-14234\"><a href=\"https:\/\/www.efdb.ch\/de\/haftungsausschluss\/\">Haftungsfreistellung<\/a><\/li><li class=\"page_item page-item-11419\"><a href=\"https:\/\/www.efdb.ch\/de\/primarschule-2\/\">Primarschule<\/a><\/li><li class=\"page_item page-item-19102\"><a href=\"https:\/\/www.efdb.ch\/de\/rechtliche-hinweise-2\/\">Rechtliche Hinweise<\/a><\/li><li class=\"page_item page-item-20382\"><a href=\"https:\/\/www.efdb.ch\/de\/autorisation-aux-activites-pedagogiques-complementaires-2\/\">Autorisation aux Activit\u00e9s P\u00e9dagogiques Compl\u00e9mentaires<\/a><\/li><li class=\"page_item page-item-11427\"><a href=\"https:\/\/www.efdb.ch\/de\/kindergarten\/\">Kindergarten<\/a><\/li><li class=\"page_item page-item-20134\"><a href=\"https:\/\/www.efdb.ch\/de\/autorisation-aux-activites-pedagogiques-complementaires\/\">Autorisation aux Activit\u00e9s P\u00e9dagogiques Compl\u00e9mentaires<\/a><\/li><li class=\"page_item page-item-20136\"><a href=\"https:\/\/www.efdb.ch\/de\/inscription-periscolaire-2023-24\/\">Inscription p\u00e9riscolaire 2023-24<\/a><\/li><li class=\"page_item page-item-20138\"><a href=\"https:\/\/www.efdb.ch\/de\/inscription-delf\/\">DELF-Anmeldung<\/a><\/li><li class=\"page_item page-item-20140\"><a href=\"https:\/\/www.efdb.ch\/de\/cambridge-anmeldung\/\">Cambridge-Anmeldung<\/a><\/li><li class=\"page_item page-item-20142\"><a href=\"https:\/\/www.efdb.ch\/de\/autorisation-exterieure\/\">Autorisation exterieure<\/a><\/li><li class=\"page_item page-item-16303\"><a href=\"https:\/\/www.efdb.ch\/de\/anmeldeformular-fuer-feriencamp\/\">Anmeldeformular f\u00fcr Feriencamp<\/a><\/li><li class=\"page_item page-item-14515\"><a href=\"https:\/\/www.efdb.ch\/de\/6-klasse\/\">6. Klasse<\/a><\/li><li class=\"page_item page-item-18869\"><a href=\"https:\/\/www.efdb.ch\/de\/news\/\">News<\/a><\/li><li class=\"page_item page-item-16310\"><a href=\"https:\/\/www.efdb.ch\/de\/anmeldung\/\">Anmeldung<\/a><\/li><li class=\"page_item page-item-11448\"><a href=\"https:\/\/www.efdb.ch\/de\/login-seite\/\">Login Seite<\/a><\/li><li class=\"page_item page-item-11454\"><a href=\"https:\/\/www.efdb.ch\/de\/karte-der-website\/\">Sitemap<\/a><\/li><li class=\"page_item page-item-11455 page_item_has_children\"><a href=\"https:\/\/www.efdb.ch\/de\/gebuhren-und-anmeldung\/\">Geb\u00fchren<\/a><ul class='children'>\t<li class=\"page_item page-item-11463\"><a href=\"https:\/\/www.efdb.ch\/de\/gebuhren-und-anmeldung\/kontaktformular\/\">Kontaktformular<\/a><\/li>\t<li class=\"page_item page-item-11465\"><a href=\"https:\/\/www.efdb.ch\/de\/gebuhren-und-anmeldung\/antrag-auf-einschreibung-2\/\">Anmeldung<\/a><\/li>\t<li class=\"page_item page-item-11998\"><a href=\"https:\/\/www.efdb.ch\/de\/gebuhren-und-anmeldung\/antrag-auf-einschreibung\/\">Anmeldung f\u00fcr Erwachsene \/ EFDB-externe Kinder<\/a><\/li><\/ul><\/li><li class=\"page_item page-item-15056\"><a href=\"https:\/\/www.efdb.ch\/de\/schulmaterial\/\">Schulmaterial<\/a><\/li><li class=\"page_item page-item-11501\"><a href=\"https:\/\/www.efdb.ch\/de\/freizeitaktivitaeten-primarschule\/\">Freizeitaktivit\u00e4ten &amp; Nachmittagsbetreuung &#8211; 1. bis 6. Klasse<\/a><\/li><li class=\"page_item page-item-15085\"><a href=\"https:\/\/www.efdb.ch\/de\/team-und-organisation-2\/\">Team und Organisation<\/a><\/li><li class=\"page_item page-item-19183\"><a href=\"https:\/\/www.efdb.ch\/de\/cookie-richtlinie-eu\/\">Cookie-Richtlinie (EU)<\/a><\/li><li class=\"page_item page-item-15099\"><a href=\"https:\/\/www.efdb.ch\/de\/netzwerk-und-projekte\/\">Netzwerk und Projekte<\/a><\/li><\/ol><\/p>","protected":false},"excerpt":{"rendered":"","protected":false},"author":1,"featured_media":0,"parent":0,"menu_order":0,"comment_status":"closed","ping_status":"closed","template":"","meta":{"_et_pb_use_builder":"","_et_pb_old_content":"","_et_gb_content_width":"","footnotes":""},"class_list":["post-11454","page","type-page","status-publish","hentry"],"yoast_head":"<!-- This site is optimized with the Yoast SEO plugin v27.4 - https:\/\/yoast.com\/product\/yoast-seo-wordpress\/ -->\n<title>Sitemap - EFDB<\/title>\n<meta name=\"robots\" content=\"index, follow, max-snippet:-1, max-image-preview:large, max-video-preview:-1\" \/>\n<link rel=\"canonical\" href=\"https:\/\/www.efdb.ch\/de\/karte-der-website\/\" \/>\n<meta property=\"og:locale\" content=\"de_DE\" \/>\n<meta property=\"og:type\" content=\"article\" \/>\n<meta property=\"og:title\" content=\"Sitemap - EFDB\" \/>\n<meta property=\"og:url\" content=\"https:\/\/www.efdb.ch\/de\/karte-der-website\/\" \/>\n<meta property=\"og:site_name\" content=\"EFDB\" \/>\n<meta property=\"article:modified_time\" content=\"2023-02-09T13:17:55+00:00\" \/>\n<meta name=\"twitter:card\" content=\"summary_large_image\" \/>\n<script type=\"application\/ld+json\" class=\"yoast-schema-graph\">{\"@context\":\"https:\\\/\\\/schema.org\",\"@graph\":[{\"@type\":\"WebPage\",\"@id\":\"https:\\\/\\\/www.efdb.ch\\\/de\\\/karte-der-website\\\/\",\"url\":\"https:\\\/\\\/www.efdb.ch\\\/de\\\/karte-der-website\\\/\",\"name\":\"Sitemap - EFDB\",\"isPartOf\":{\"@id\":\"https:\\\/\\\/www.efdb.ch\\\/de\\\/#website\"},\"datePublished\":\"2020-02-17T14:44:23+00:00\",\"dateModified\":\"2023-02-09T13:17:55+00:00\",\"breadcrumb\":{\"@id\":\"https:\\\/\\\/www.efdb.ch\\\/de\\\/karte-der-website\\\/#breadcrumb\"},\"inLanguage\":\"de\",\"potentialAction\":[{\"@type\":\"ReadAction\",\"target\":[\"https:\\\/\\\/www.efdb.ch\\\/de\\\/karte-der-website\\\/\"]}]},{\"@type\":\"BreadcrumbList\",\"@id\":\"https:\\\/\\\/www.efdb.ch\\\/de\\\/karte-der-website\\\/#breadcrumb\",\"itemListElement\":[{\"@type\":\"ListItem\",\"position\":1,\"name\":\"Accueil\",\"item\":\"https:\\\/\\\/www.efdb.ch\\\/de\\\/\"},{\"@type\":\"ListItem\",\"position\":2,\"name\":\"Sitemap\"}]},{\"@type\":\"WebSite\",\"@id\":\"https:\\\/\\\/www.efdb.ch\\\/de\\\/#website\",\"url\":\"https:\\\/\\\/www.efdb.ch\\\/de\\\/\",\"name\":\"EFDB\",\"description\":\"\u00c9cole fran\u00e7aise de B\u00e2le\",\"potentialAction\":[{\"@type\":\"SearchAction\",\"target\":{\"@type\":\"EntryPoint\",\"urlTemplate\":\"https:\\\/\\\/www.efdb.ch\\\/de\\\/?s={search_term_string}\"},\"query-input\":{\"@type\":\"PropertyValueSpecification\",\"valueRequired\":true,\"valueName\":\"search_term_string\"}}],\"inLanguage\":\"de\"}]}<\/script>\n<!-- \/ Yoast SEO plugin. -->","yoast_head_json":{"title":"Sitemap - EFDB","robots":{"index":"index","follow":"follow","max-snippet":"max-snippet:-1","max-image-preview":"max-image-preview:large","max-video-preview":"max-video-preview:-1"},"canonical":"https:\/\/www.efdb.ch\/de\/karte-der-website\/","og_locale":"de_DE","og_type":"article","og_title":"Sitemap - EFDB","og_url":"https:\/\/www.efdb.ch\/de\/karte-der-website\/","og_site_name":"EFDB","article_modified_time":"2023-02-09T13:17:55+00:00","twitter_card":"summary_large_image","schema":{"@context":"https:\/\/schema.org","@graph":[{"@type":"WebPage","@id":"https:\/\/www.efdb.ch\/de\/karte-der-website\/","url":"https:\/\/www.efdb.ch\/de\/karte-der-website\/","name":"Sitemap - EFDB","isPartOf":{"@id":"https:\/\/www.efdb.ch\/de\/#website"},"datePublished":"2020-02-17T14:44:23+00:00","dateModified":"2023-02-09T13:17:55+00:00","breadcrumb":{"@id":"https:\/\/www.efdb.ch\/de\/karte-der-website\/#breadcrumb"},"inLanguage":"de","potentialAction":[{"@type":"ReadAction","target":["https:\/\/www.efdb.ch\/de\/karte-der-website\/"]}]},{"@type":"BreadcrumbList","@id":"https:\/\/www.efdb.ch\/de\/karte-der-website\/#breadcrumb","itemListElement":[{"@type":"ListItem","position":1,"name":"Accueil","item":"https:\/\/www.efdb.ch\/de\/"},{"@type":"ListItem","position":2,"name":"Sitemap"}]},{"@type":"WebSite","@id":"https:\/\/www.efdb.ch\/de\/#website","url":"https:\/\/www.efdb.ch\/de\/","name":"EFDB","description":"\u00c9cole fran\u00e7aise de B\u00e2le","potentialAction":[{"@type":"SearchAction","target":{"@type":"EntryPoint","urlTemplate":"https:\/\/www.efdb.ch\/de\/?s={search_term_string}"},"query-input":{"@type":"PropertyValueSpecification","valueRequired":true,"valueName":"search_term_string"}}],"inLanguage":"de"}]}},"_links":{"self":[{"href":"https:\/\/www.efdb.ch\/de\/wp-json\/wp\/v2\/pages\/11454","targetHints":{"allow":["GET"]}}],"collection":[{"href":"https:\/\/www.efdb.ch\/de\/wp-json\/wp\/v2\/pages"}],"about":[{"href":"https:\/\/www.efdb.ch\/de\/wp-json\/wp\/v2\/types\/page"}],"author":[{"embeddable":true,"href":"https:\/\/www.efdb.ch\/de\/wp-json\/wp\/v2\/users\/1"}],"replies":[{"embeddable":true,"href":"https:\/\/www.efdb.ch\/de\/wp-json\/wp\/v2\/comments?post=11454"}],"version-history":[{"count":1,"href":"https:\/\/www.efdb.ch\/de\/wp-json\/wp\/v2\/pages\/11454\/revisions"}],"predecessor-version":[{"id":14069,"href":"https:\/\/www.efdb.ch\/de\/wp-json\/wp\/v2\/pages\/11454\/revisions\/14069"}],"wp:attachment":[{"href":"https:\/\/www.efdb.ch\/de\/wp-json\/wp\/v2\/media?parent=11454"}],"curies":[{"name":"wp","href":"https:\/\/api.w.org\/{rel}","templated":true}]}}