{"id":11448,"date":"2020-02-17T15:38:17","date_gmt":"2020-02-17T14:38:17","guid":{"rendered":"https:\/\/www.efdb.ch\/login-seite\/"},"modified":"2022-07-18T23:55:18","modified_gmt":"2022-07-18T21:55:18","slug":"login-seite","status":"publish","type":"page","link":"https:\/\/www.efdb.ch\/de\/login-seite\/","title":{"rendered":"Login Seite"},"content":{"rendered":"<p>[et_pb_section fb_built=&#8220;1&#8243; admin_label=&#8220;section&#8220; _builder_version=&#8220;4.16&#8243; custom_padding=&#8220;99px|0px|0|0px|false|false&#8220; global_colors_info=&#8220;{}&#8220;][et_pb_row admin_label=&#8220;row&#8220; _builder_version=&#8220;4.16&#8243; background_size=&#8220;initial&#8220; background_position=&#8220;top_left&#8220; background_repeat=&#8220;repeat&#8220; global_colors_info=&#8220;{}&#8220;][et_pb_column type=&#8220;4_4&#8243; _builder_version=&#8220;4.16&#8243; custom_padding=&#8220;|||&#8220; global_colors_info=&#8220;{}&#8220; custom_padding__hover=&#8220;|||&#8220;][et_pb_text admin_label=&#8220;Text&#8220; _builder_version=&#8220;4.16&#8243; background_size=&#8220;initial&#8220; background_position=&#8220;top_left&#8220; background_repeat=&#8220;repeat&#8220; global_colors_info=&#8220;{}&#8220;]\t\t\t\t\t&nbsp;<\/p><h2>Anmeldung zum Familienbereich<\/h2><p>[\/et_pb_text][\/et_pb_column][\/et_pb_row][\/et_pb_section][et_pb_section fb_built=&#8220;1&#8243; _builder_version=&#8220;4.16&#8243; custom_padding=&#8220;0|0px|90px|0px|false|false&#8220; global_colors_info=&#8220;{}&#8220;][et_pb_row _builder_version=&#8220;4.16&#8243; global_colors_info=&#8220;{}&#8220;][et_pb_column type=&#8220;4_4&#8243; _builder_version=&#8220;4.16&#8243; custom_padding=&#8220;|||&#8220; global_colors_info=&#8220;{}&#8220; custom_padding__hover=&#8220;|||&#8220;][et_pb_login title=&#8220;Familienbereich&#8220; _builder_version=&#8220;4.16&#8243; background_color=&#8220;rgba(112,111,111,0.09)&#8220; custom_button=&#8220;on&#8220; button_text_color=&#8220;#ffffff&#8220; button_bg_color=&#8220;#d10a11&#8243; button_font=&#8220;||||||||&#8220; background_layout=&#8220;light&#8220; global_colors_info=&#8220;{}&#8220;]Nehmen Sie Ihre Anmeldungen und\/oder Wiederanmeldungen \u00fcber Ihren Familienbereich vor. Hier finden Sie alle f\u00fcr die\u00a0Wiederanmeldeantr\u00e4ge an der \u00c9cole Fran\u00e7aise de B\u00e2le notwendigen pers\u00f6nlichen Daten Ihres Kindes oder Ihre Kinder und k\u00f6nnen die Abwicklung Ihrer Antr\u00e4ge verfolgen.[\/et_pb_login][\/et_pb_column][\/et_pb_row][\/et_pb_section]<\/p>","protected":false},"excerpt":{"rendered":"<p>&nbsp; Anmeldung zum FamilienbereichNehmen Sie Ihre Anmeldungen und\/oder Wiederanmeldungen \u00fcber Ihren Familienbereich vor. Hier finden Sie alle f\u00fcr die\u00a0Wiederanmeldeantr\u00e4ge an der \u00c9cole Fran\u00e7aise de B\u00e2le notwendigen pers\u00f6nlichen Daten Ihres Kindes oder Ihre Kinder und k\u00f6nnen die Abwicklung Ihrer Antr\u00e4ge verfolgen.<\/p>\n","protected":false},"author":1,"featured_media":0,"parent":0,"menu_order":0,"comment_status":"closed","ping_status":"closed","template":"login.php","meta":{"_et_pb_use_builder":"on","_et_pb_old_content":"","_et_gb_content_width":"","footnotes":""},"class_list":["post-11448","page","type-page","status-publish","hentry"],"yoast_head":"<!-- This site is optimized with the Yoast SEO plugin v27.4 - https:\/\/yoast.com\/product\/yoast-seo-wordpress\/ -->\n<title>Login Seite - EFDB<\/title>\n<meta name=\"robots\" content=\"index, follow, max-snippet:-1, max-image-preview:large, max-video-preview:-1\" \/>\n<link rel=\"canonical\" href=\"https:\/\/www.efdb.ch\/de\/login-seite\/\" \/>\n<meta property=\"og:locale\" content=\"de_DE\" \/>\n<meta property=\"og:type\" content=\"article\" \/>\n<meta property=\"og:title\" content=\"Login Seite - EFDB\" \/>\n<meta property=\"og:description\" content=\"&nbsp; Anmeldung zum FamilienbereichNehmen Sie Ihre Anmeldungen und\/oder Wiederanmeldungen \u00fcber Ihren Familienbereich vor. Hier finden Sie alle f\u00fcr die\u00a0Wiederanmeldeantr\u00e4ge an der \u00c9cole Fran\u00e7aise de B\u00e2le notwendigen pers\u00f6nlichen Daten Ihres Kindes oder Ihre Kinder und k\u00f6nnen die Abwicklung Ihrer Antr\u00e4ge verfolgen.\" \/>\n<meta property=\"og:url\" content=\"https:\/\/www.efdb.ch\/de\/login-seite\/\" \/>\n<meta property=\"og:site_name\" content=\"EFDB\" \/>\n<meta property=\"article:modified_time\" content=\"2022-07-18T21:55:18+00:00\" \/>\n<meta name=\"twitter:card\" content=\"summary_large_image\" \/>\n<meta name=\"twitter:label1\" content=\"Gesch\u00e4tzte Lesezeit\" \/>\n\t<meta name=\"twitter:data1\" content=\"1\u00a0Minute\" \/>\n<script type=\"application\/ld+json\" class=\"yoast-schema-graph\">{\"@context\":\"https:\\\/\\\/schema.org\",\"@graph\":[{\"@type\":\"WebPage\",\"@id\":\"https:\\\/\\\/www.efdb.ch\\\/de\\\/login-seite\\\/\",\"url\":\"https:\\\/\\\/www.efdb.ch\\\/de\\\/login-seite\\\/\",\"name\":\"Login Seite - EFDB\",\"isPartOf\":{\"@id\":\"https:\\\/\\\/www.efdb.ch\\\/de\\\/#website\"},\"datePublished\":\"2020-02-17T14:38:17+00:00\",\"dateModified\":\"2022-07-18T21:55:18+00:00\",\"breadcrumb\":{\"@id\":\"https:\\\/\\\/www.efdb.ch\\\/de\\\/login-seite\\\/#breadcrumb\"},\"inLanguage\":\"de\",\"potentialAction\":[{\"@type\":\"ReadAction\",\"target\":[\"https:\\\/\\\/www.efdb.ch\\\/de\\\/login-seite\\\/\"]}]},{\"@type\":\"BreadcrumbList\",\"@id\":\"https:\\\/\\\/www.efdb.ch\\\/de\\\/login-seite\\\/#breadcrumb\",\"itemListElement\":[{\"@type\":\"ListItem\",\"position\":1,\"name\":\"Accueil\",\"item\":\"https:\\\/\\\/www.efdb.ch\\\/de\\\/\"},{\"@type\":\"ListItem\",\"position\":2,\"name\":\"Login Seite\"}]},{\"@type\":\"WebSite\",\"@id\":\"https:\\\/\\\/www.efdb.ch\\\/de\\\/#website\",\"url\":\"https:\\\/\\\/www.efdb.ch\\\/de\\\/\",\"name\":\"EFDB\",\"description\":\"\u00c9cole fran\u00e7aise de B\u00e2le\",\"potentialAction\":[{\"@type\":\"SearchAction\",\"target\":{\"@type\":\"EntryPoint\",\"urlTemplate\":\"https:\\\/\\\/www.efdb.ch\\\/de\\\/?s={search_term_string}\"},\"query-input\":{\"@type\":\"PropertyValueSpecification\",\"valueRequired\":true,\"valueName\":\"search_term_string\"}}],\"inLanguage\":\"de\"}]}<\/script>\n<!-- \/ Yoast SEO plugin. -->","yoast_head_json":{"title":"Login Seite - EFDB","robots":{"index":"index","follow":"follow","max-snippet":"max-snippet:-1","max-image-preview":"max-image-preview:large","max-video-preview":"max-video-preview:-1"},"canonical":"https:\/\/www.efdb.ch\/de\/login-seite\/","og_locale":"de_DE","og_type":"article","og_title":"Login Seite - EFDB","og_description":"&nbsp; Anmeldung zum FamilienbereichNehmen Sie Ihre Anmeldungen und\/oder Wiederanmeldungen \u00fcber Ihren Familienbereich vor. Hier finden Sie alle f\u00fcr die\u00a0Wiederanmeldeantr\u00e4ge an der \u00c9cole Fran\u00e7aise de B\u00e2le notwendigen pers\u00f6nlichen Daten Ihres Kindes oder Ihre Kinder und k\u00f6nnen die Abwicklung Ihrer Antr\u00e4ge verfolgen.","og_url":"https:\/\/www.efdb.ch\/de\/login-seite\/","og_site_name":"EFDB","article_modified_time":"2022-07-18T21:55:18+00:00","twitter_card":"summary_large_image","twitter_misc":{"Gesch\u00e4tzte Lesezeit":"1\u00a0Minute"},"schema":{"@context":"https:\/\/schema.org","@graph":[{"@type":"WebPage","@id":"https:\/\/www.efdb.ch\/de\/login-seite\/","url":"https:\/\/www.efdb.ch\/de\/login-seite\/","name":"Login Seite - EFDB","isPartOf":{"@id":"https:\/\/www.efdb.ch\/de\/#website"},"datePublished":"2020-02-17T14:38:17+00:00","dateModified":"2022-07-18T21:55:18+00:00","breadcrumb":{"@id":"https:\/\/www.efdb.ch\/de\/login-seite\/#breadcrumb"},"inLanguage":"de","potentialAction":[{"@type":"ReadAction","target":["https:\/\/www.efdb.ch\/de\/login-seite\/"]}]},{"@type":"BreadcrumbList","@id":"https:\/\/www.efdb.ch\/de\/login-seite\/#breadcrumb","itemListElement":[{"@type":"ListItem","position":1,"name":"Accueil","item":"https:\/\/www.efdb.ch\/de\/"},{"@type":"ListItem","position":2,"name":"Login Seite"}]},{"@type":"WebSite","@id":"https:\/\/www.efdb.ch\/de\/#website","url":"https:\/\/www.efdb.ch\/de\/","name":"EFDB","description":"\u00c9cole fran\u00e7aise de B\u00e2le","potentialAction":[{"@type":"SearchAction","target":{"@type":"EntryPoint","urlTemplate":"https:\/\/www.efdb.ch\/de\/?s={search_term_string}"},"query-input":{"@type":"PropertyValueSpecification","valueRequired":true,"valueName":"search_term_string"}}],"inLanguage":"de"}]}},"_links":{"self":[{"href":"https:\/\/www.efdb.ch\/de\/wp-json\/wp\/v2\/pages\/11448","targetHints":{"allow":["GET"]}}],"collection":[{"href":"https:\/\/www.efdb.ch\/de\/wp-json\/wp\/v2\/pages"}],"about":[{"href":"https:\/\/www.efdb.ch\/de\/wp-json\/wp\/v2\/types\/page"}],"author":[{"embeddable":true,"href":"https:\/\/www.efdb.ch\/de\/wp-json\/wp\/v2\/users\/1"}],"replies":[{"embeddable":true,"href":"https:\/\/www.efdb.ch\/de\/wp-json\/wp\/v2\/comments?post=11448"}],"version-history":[{"count":16,"href":"https:\/\/www.efdb.ch\/de\/wp-json\/wp\/v2\/pages\/11448\/revisions"}],"predecessor-version":[{"id":14965,"href":"https:\/\/www.efdb.ch\/de\/wp-json\/wp\/v2\/pages\/11448\/revisions\/14965"}],"wp:attachment":[{"href":"https:\/\/www.efdb.ch\/de\/wp-json\/wp\/v2\/media?parent=11448"}],"curies":[{"name":"wp","href":"https:\/\/api.w.org\/{rel}","templated":true}]}}