{"id":11427,"date":"2020-02-17T15:11:18","date_gmt":"2020-02-17T14:11:18","guid":{"rendered":"https:\/\/www.efdb.ch\/kindergarten\/"},"modified":"2024-04-05T16:40:47","modified_gmt":"2024-04-05T14:40:47","slug":"kindergarten","status":"publish","type":"page","link":"https:\/\/www.efdb.ch\/de\/kindergarten\/","title":{"rendered":"Kindergarten"},"content":{"rendered":"<p>[et_pb_section fb_built=&#8220;1&#8243; fullwidth=&#8220;on&#8220; _builder_version=&#8220;4.16&#8243; global_colors_info=&#8220;{}&#8220;][et_pb_fullwidth_slider admin_label=&#8220;Fullwidth Slider&#8220; _builder_version=&#8220;4.16&#8243; custom_padding=&#8220;|||&#8220; custom_padding_tablet=&#8220;|||&#8220; custom_padding_phone=&#8220;|||&#8220; box_shadow_style=&#8220;preset6&#8243; box_shadow_blur=&#8220;10px&#8220; box_shadow_color=&#8220;rgba(0,0,0,0.1)&#8220; global_colors_info=&#8220;{}&#8220; button_text_size__hover_enabled=&#8220;off&#8220; button_one_text_size__hover_enabled=&#8220;off&#8220; button_two_text_size__hover_enabled=&#8220;off&#8220; button_text_color__hover_enabled=&#8220;off&#8220; button_one_text_color__hover_enabled=&#8220;off&#8220; button_two_text_color__hover_enabled=&#8220;off&#8220; button_border_width__hover_enabled=&#8220;off&#8220; button_one_border_width__hover_enabled=&#8220;off&#8220; button_two_border_width__hover_enabled=&#8220;off&#8220; button_border_color__hover_enabled=&#8220;off&#8220; button_one_border_color__hover_enabled=&#8220;off&#8220; button_two_border_color__hover_enabled=&#8220;off&#8220; button_border_radius__hover_enabled=&#8220;off&#8220; button_one_border_radius__hover_enabled=&#8220;off&#8220; button_two_border_radius__hover_enabled=&#8220;off&#8220; button_letter_spacing__hover_enabled=&#8220;off&#8220; button_one_letter_spacing__hover_enabled=&#8220;off&#8220; button_two_letter_spacing__hover_enabled=&#8220;off&#8220; button_bg_color__hover_enabled=&#8220;off&#8220; button_one_bg_color__hover_enabled=&#8220;off&#8220; button_two_bg_color__hover_enabled=&#8220;off&#8220;][et_pb_slide heading=&#8220;Der Kindergarten&#8220; use_bg_overlay=&#8220;on&#8220; _builder_version=&#8220;4.16&#8243; background_color=&#8220;#ffffff&#8220; background_image=&#8220;https:\/\/www.efdb.ch\/wp-content\/uploads\/2019\/10\/DSC6753-1-e1572209399106.jpg&#8220; background_enable_image=&#8220;on&#8220; global_colors_info=&#8220;{}&#8220; button_text_size__hover_enabled=&#8220;off&#8220; button_one_text_size__hover_enabled=&#8220;off&#8220; button_two_text_size__hover_enabled=&#8220;off&#8220; button_text_color__hover_enabled=&#8220;off&#8220; button_one_text_color__hover_enabled=&#8220;off&#8220; button_two_text_color__hover_enabled=&#8220;off&#8220; button_border_width__hover_enabled=&#8220;off&#8220; button_one_border_width__hover_enabled=&#8220;off&#8220; button_two_border_width__hover_enabled=&#8220;off&#8220; button_border_color__hover_enabled=&#8220;off&#8220; button_one_border_color__hover_enabled=&#8220;off&#8220; button_two_border_color__hover_enabled=&#8220;off&#8220; button_border_radius__hover_enabled=&#8220;off&#8220; button_one_border_radius__hover_enabled=&#8220;off&#8220; button_two_border_radius__hover_enabled=&#8220;off&#8220; button_letter_spacing__hover_enabled=&#8220;off&#8220; button_one_letter_spacing__hover_enabled=&#8220;off&#8220; button_two_letter_spacing__hover_enabled=&#8220;off&#8220; button_bg_color__hover_enabled=&#8220;off&#8220; button_one_bg_color__hover_enabled=&#8220;off&#8220; button_two_bg_color__hover_enabled=&#8220;off&#8220; sticky_transition=&#8220;on&#8220;]<\/p><p><span style=\"font-size: 18px\"> Jedem Kind dabei helfen, selbst\u00e4ndig zu werden und sich F\u00e4higkeiten und Fertigkeiten f\u00fcr den \u00dcbertritt in die Primarschule anzueignen.<\/span><\/p><div class=\"layoutArea\"><div class=\"column\">\u00a0<\/div><\/div><p>[\/et_pb_slide][\/et_pb_fullwidth_slider][\/et_pb_section][et_pb_section fb_built=&#8220;1&#8243; _builder_version=&#8220;4.16&#8243; global_colors_info=&#8220;{}&#8220;][et_pb_row column_structure=&#8220;2_3,1_3&#8243; _builder_version=&#8220;4.16&#8243; custom_padding=&#8220;31px|||||&#8220; global_colors_info=&#8220;{}&#8220;][et_pb_column type=&#8220;2_3&#8243; _builder_version=&#8220;4.16&#8243; custom_padding=&#8220;|||&#8220; global_colors_info=&#8220;{}&#8220; custom_padding__hover=&#8220;|||&#8220;][et_pb_text admin_label=&#8220;Texte pr\u00e9sentation&#8220; _builder_version=&#8220;4.19.4&#8243; global_colors_info=&#8220;{}&#8220;]<\/p><h1 style=\"font-weight: 400\">Der Kindergarten der \u00c9cole Fran\u00e7aise de B\u00e2le<\/h1><p style=\"font-weight: 400\">Der Kindergarten heisst Kinder im Alter zwischen <strong>3 und 6 Jahren<\/strong> willkommen:<\/p><p style=\"font-weight: 400\"><strong>3 Stufen:<\/strong><\/p><ul style=\"font-weight: 400\"><li>Petite section (Kinder ab 3 Jahren)<\/li><li>Moyenne section (Kinder ab 4 Jahren)<\/li><li>Grande section (Kinder ab 5 Jahren)<\/li><\/ul><p style=\"font-weight: 400\">Die Schulwoche der Sch\u00fcler\/innen ist auf 24 Stunden festgelegt. Der Lehrplan entspricht den offiziellen Anweisungen des franz\u00f6sischen Bildungsministeriums. (<strong>Ministe\u0300re Fran\u00e7<\/strong><strong>ais de l\u2019Education)<\/strong>.<\/p><p style=\"font-weight: 400\">Bei der Umsetzung des Lehrplans werden die Entwicklungsstufen und der<strong>\u00a0Entwicklungsrhythmus<\/strong>\u00a0<strong>des Kindes<\/strong>\u00a0ber\u00fccksichtigt.<\/p><blockquote><p><strong>UNSERE MISSION:<\/strong><\/p><p><strong style=\"font-size: 14px\"><strong>Jedem Kind dabei helfen, selbst\u00e4ndig zu werden und sich F\u00e4higkeiten und Fertigkeiten f\u00fcr den \u00dcbertritt in die Primarschule anzueignen.<\/strong><\/strong><\/p><\/blockquote><div class=\"page\" title=\"Page 3\"><div class=\"layoutArea\"><div class=\"column\"><ul style=\"font-weight: 400\"><li>Sich die Sprache aneignen<\/li><li>Die Schrift entdecken<\/li><li>Schulreife erlangen<\/li><li>Die Welt entdecken<\/li><\/ul><\/div><\/div><\/div><p>[\/et_pb_text][et_pb_gallery gallery_ids=&#8220;10979,10981,10985,10983,10989,10993,11123,10995,10975,10977,11126,10987,10959&#8243; gallery_captions=&#8220;,,,,&#8220; fullwidth=&#8220;on&#8220; _builder_version=&#8220;4.16&#8243; pagination_font_size_tablet=&#8220;51&#8243; pagination_line_height_tablet=&#8220;2&#8243; global_colors_info=&#8220;{}&#8220;][\/et_pb_gallery][\/et_pb_column][et_pb_column type=&#8220;1_3&#8243; _builder_version=&#8220;4.16&#8243; custom_padding=&#8220;|||&#8220; global_colors_info=&#8220;{}&#8220; custom_padding__hover=&#8220;|||&#8220;][et_pb_text admin_label=&#8220;Titre dernier article&#8220; _builder_version=&#8220;4.19.0&#8243; min_height=&#8220;57px&#8220; global_colors_info=&#8220;{}&#8220;]<\/p><h2><strong><br \/>Neueste Artikel\u00a0des Kindergartens<\/strong><\/h2><p>[\/et_pb_text][et_pb_blog posts_number=&#8220;2&#8243; include_categories=&#8220;14&#8243; show_more=&#8220;on&#8220; show_pagination=&#8220;off&#8220; _builder_version=&#8220;4.19.0&#8243; custom_margin=&#8220;-19px|||||&#8220; global_colors_info=&#8220;{}&#8220;][\/et_pb_blog][\/et_pb_column][\/et_pb_row][\/et_pb_section][et_pb_section fb_built=&#8220;1&#8243; _builder_version=&#8220;4.16&#8243; background_color=&#8220;#d10a11&#8243; global_colors_info=&#8220;{}&#8220;][et_pb_row column_structure=&#8220;1_3,1_3,1_3&#8243; _builder_version=&#8220;4.16&#8243; global_colors_info=&#8220;{}&#8220;][et_pb_column type=&#8220;1_3&#8243; _builder_version=&#8220;4.16&#8243; custom_padding=&#8220;|||&#8220; global_colors_info=&#8220;{}&#8220; custom_padding__hover=&#8220;|||&#8220;][et_pb_blurb title=&#8220;Schwerpunkt Sprachen&#8220; image=&#8220;https:\/\/www.efdb.ch\/wp-content\/uploads\/2018\/01\/langue.png&#8220; _builder_version=&#8220;4.16&#8243; header_level=&#8220;h3&#8243; header_font=&#8220;|700|||||||&#8220; header_font_size=&#8220;24px&#8220; body_font=&#8220;|600|||||||&#8220; text_orientation=&#8220;center&#8220; background_layout=&#8220;dark&#8220; header_font_size_tablet=&#8220;&#8220; header_font_size_phone=&#8220;&#8220; header_font_size_last_edited=&#8220;on|desktop&#8220; global_colors_info=&#8220;{}&#8220;]<\/p><p>F\u00fcnf Stunden Deutsch werden ab der &#8222;Petite section&#8220; im Rahmen der Schulzeit unterrichtet (Kinder ab 3 Jahren).<\/p><p>Festigung der franz\u00f6sischen Sprache (Lesewerkstatt, Lieder, Sprachspiele).<\/p><p>Englisch- und Deutschwerkst\u00e4tte stehen allen Kindern in der Nachmittagsbetreuung offen.<\/p><p>[\/et_pb_blurb][\/et_pb_column][et_pb_column type=&#8220;1_3&#8243; _builder_version=&#8220;4.16&#8243; custom_padding=&#8220;|||&#8220; global_colors_info=&#8220;{}&#8220; custom_padding__hover=&#8220;|||&#8220;][et_pb_blurb title=&#8220;P\u00e4dagogische Werkst\u00e4tten&#8220; image=&#8220;https:\/\/www.efdb.ch\/wp-content\/uploads\/2018\/01\/pedagogie.png&#8220; _builder_version=&#8220;4.16&#8243; header_level=&#8220;h3&#8243; header_font=&#8220;|700|||||||&#8220; header_font_size=&#8220;24px&#8220; body_font=&#8220;|600|||||||&#8220; text_orientation=&#8220;center&#8220; background_layout=&#8220;dark&#8220; header_font_size_tablet=&#8220;&#8220; header_font_size_phone=&#8220;&#8220; header_font_size_last_edited=&#8220;on|desktop&#8220; global_colors_info=&#8220;{}&#8220;]<\/p><p>Ausfl\u00fcge mit kulturellem Ziel &amp; Ausfl\u00fcge in die Natur.<\/p><p>Sport (in einer nahe gelegenen Sporthalle, im &#8222;Spielfeld&#8220; und\/oder im Bewegungsraum der Schule).<\/p><p>Musik: W\u00f6chentlich erhalten die Kinder von einer Musikp\u00e4dagogin Musikunterricht.<\/p><p>Einf\u00fchrung in die Informatik f\u00fcr die Kinder der &#8222;Grande section&#8220; (Kinder ab 5 Jahren).<\/p><p>[\/et_pb_blurb][\/et_pb_column][et_pb_column type=&#8220;1_3&#8243; _builder_version=&#8220;4.16&#8243; custom_padding=&#8220;|||&#8220; global_colors_info=&#8220;{}&#8220; custom_padding__hover=&#8220;|||&#8220;][et_pb_blurb title=&#8220;Eine Schule mit \u00fcberschaubarer Gr\u00f6sse&#8220; image=&#8220;https:\/\/www.efdb.ch\/wp-content\/uploads\/2018\/01\/taille_humaine.png&#8220; _builder_version=&#8220;4.16&#8243; header_level=&#8220;h3&#8243; header_font=&#8220;|700|||||||&#8220; header_font_size=&#8220;24px&#8220; body_font=&#8220;|600|||||||&#8220; text_orientation=&#8220;center&#8220; background_layout=&#8220;dark&#8220; header_font_size_tablet=&#8220;&#8220; header_font_size_phone=&#8220;&#8220; header_font_size_last_edited=&#8220;on|desktop&#8220; global_colors_info=&#8220;{}&#8220;]<\/p><div class=\"page\" title=\"Page 3\"><div class=\"layoutArea\"><div class=\"column\">Ein Team von Lehrerinnen\/Lehrern, die von der &#8222;Education Nationale&#8220; zugelassen sind und von Kindergartenassistenten\/innen unterst\u00fctzt werden.<\/div><div>\u00a0<\/div><div class=\"column\">N\u00e4he und Kommunikation zwischen Lernenden, Eltern und Lehrerinnen\/Lehrern.<\/div><div>\u00a0<\/div><div class=\"column\">Die R\u00e4umlichkeiten im Herzen des Gundeldinger Feldes bieten nebst den Klassenzimmern\u00a0einen Ruheraum, eine Kantine und Platz zum Spielen im Freien und im Innenbereich.<\/div><\/div><\/div><p>[\/et_pb_blurb][\/et_pb_column][\/et_pb_row][\/et_pb_section][et_pb_section fb_built=&#8220;1&#8243; _builder_version=&#8220;4.16&#8243; global_colors_info=&#8220;{}&#8220;][et_pb_row _builder_version=&#8220;4.16&#8243; custom_padding=&#8220;28px|0px|28px|0px&#8220; global_colors_info=&#8220;{}&#8220;][et_pb_column type=&#8220;4_4&#8243; _builder_version=&#8220;4.16&#8243; custom_padding=&#8220;|||&#8220; global_colors_info=&#8220;{}&#8220; custom_padding__hover=&#8220;|||&#8220;][et_pb_cta title=&#8220;Sie w\u00fcnschen weitere Informationen oder wollen Ihr Kind anmelden?&#8220; button_url=&#8220;https:\/\/www.efdb.ch\/de\/anmeldung\/&#8220; button_text=&#8220;Erfahren Sie mehr dazu hier&#8220; _builder_version=&#8220;4.19.4&#8243; header_font=&#8220;||||||||&#8220; use_background_color=&#8220;off&#8220; custom_button=&#8220;on&#8220; button_text_color=&#8220;#ffffff&#8220; button_font=&#8220;||||||||&#8220; background_layout=&#8220;light&#8220; global_colors_info=&#8220;{}&#8220; button_text_size__hover_enabled=&#8220;off&#8220; button_one_text_size__hover_enabled=&#8220;off&#8220; button_two_text_size__hover_enabled=&#8220;off&#8220; button_text_color__hover_enabled=&#8220;off&#8220; button_one_text_color__hover_enabled=&#8220;off&#8220; button_two_text_color__hover_enabled=&#8220;off&#8220; button_border_width__hover_enabled=&#8220;off&#8220; button_one_border_width__hover_enabled=&#8220;off&#8220; button_two_border_width__hover_enabled=&#8220;off&#8220; button_border_color__hover_enabled=&#8220;off&#8220; button_one_border_color__hover_enabled=&#8220;off&#8220; button_two_border_color__hover_enabled=&#8220;off&#8220; button_border_radius__hover_enabled=&#8220;off&#8220; button_one_border_radius__hover_enabled=&#8220;off&#8220; button_two_border_radius__hover_enabled=&#8220;off&#8220; button_letter_spacing__hover_enabled=&#8220;off&#8220; button_one_letter_spacing__hover_enabled=&#8220;off&#8220; button_two_letter_spacing__hover_enabled=&#8220;off&#8220; button_bg_color__hover_enabled=&#8220;off&#8220; button_one_bg_color__hover_enabled=&#8220;off&#8220; button_two_bg_color__hover_enabled=&#8220;off&#8220;]<\/p><p><strong>Welche Schritte sind f\u00fcr die Anmeldung erforderlich?<\/strong> <br \/><strong>Wie sieht der Schulkalender der \u00c9cole Fran\u00e7aise de B\u00e2le aus?<\/strong> <br \/><strong>Wie hoch ist das Schulgeld (Einschreibegeb\u00fchr)? Und welche finanziellen Hilfen gibt es?<\/strong><\/p><p>[\/et_pb_cta][\/et_pb_column][\/et_pb_row][\/et_pb_section]<\/p>","protected":false},"excerpt":{"rendered":"<p>Jedem Kind dabei helfen, selbst\u00e4ndig zu werden und sich F\u00e4higkeiten und Fertigkeiten f\u00fcr den \u00dcbertritt in die Primarschule anzueignen.\u00a0Der Kindergarten der \u00c9cole Fran\u00e7aise de B\u00e2leDer Kindergarten heisst Kinder im Alter zwischen 3 und 6 Jahren willkommen:3 Stufen:Petite section (Kinder ab 3 Jahren)Moyenne section (Kinder ab 4 Jahren)Grande section (Kinder ab 5 Jahren)Die Schulwoche der Sch\u00fcler\/innen [&hellip;]<\/p>\n","protected":false},"author":1,"featured_media":0,"parent":0,"menu_order":0,"comment_status":"closed","ping_status":"closed","template":"","meta":{"_et_pb_use_builder":"on","_et_pb_old_content":"","_et_gb_content_width":"","footnotes":""},"class_list":["post-11427","page","type-page","status-publish","hentry"],"yoast_head":"<!-- This site is optimized with the Yoast SEO plugin v27.4 - https:\/\/yoast.com\/product\/yoast-seo-wordpress\/ -->\n<title>Kindergarten - EFDB<\/title>\n<meta name=\"robots\" content=\"index, follow, max-snippet:-1, max-image-preview:large, max-video-preview:-1\" \/>\n<link rel=\"canonical\" href=\"https:\/\/www.efdb.ch\/de\/kindergarten\/\" \/>\n<meta property=\"og:locale\" content=\"de_DE\" \/>\n<meta property=\"og:type\" content=\"article\" \/>\n<meta property=\"og:title\" content=\"Kindergarten - EFDB\" \/>\n<meta property=\"og:description\" content=\"Jedem Kind dabei helfen, selbst\u00e4ndig zu werden und sich F\u00e4higkeiten und Fertigkeiten f\u00fcr den \u00dcbertritt in die Primarschule anzueignen.\u00a0Der Kindergarten der \u00c9cole Fran\u00e7aise de B\u00e2leDer Kindergarten heisst Kinder im Alter zwischen 3 und 6 Jahren willkommen:3 Stufen:Petite section (Kinder ab 3 Jahren)Moyenne section (Kinder ab 4 Jahren)Grande section (Kinder ab 5 Jahren)Die Schulwoche der Sch\u00fcler\/innen [&hellip;]\" \/>\n<meta property=\"og:url\" content=\"https:\/\/www.efdb.ch\/de\/kindergarten\/\" \/>\n<meta property=\"og:site_name\" content=\"EFDB\" \/>\n<meta property=\"article:modified_time\" content=\"2024-04-05T14:40:47+00:00\" \/>\n<meta name=\"twitter:card\" content=\"summary_large_image\" \/>\n<meta name=\"twitter:label1\" content=\"Gesch\u00e4tzte Lesezeit\" \/>\n\t<meta name=\"twitter:data1\" content=\"5\u00a0Minuten\" \/>\n<script type=\"application\/ld+json\" class=\"yoast-schema-graph\">{\"@context\":\"https:\\\/\\\/schema.org\",\"@graph\":[{\"@type\":\"WebPage\",\"@id\":\"https:\\\/\\\/www.efdb.ch\\\/de\\\/kindergarten\\\/\",\"url\":\"https:\\\/\\\/www.efdb.ch\\\/de\\\/kindergarten\\\/\",\"name\":\"Kindergarten - EFDB\",\"isPartOf\":{\"@id\":\"https:\\\/\\\/www.efdb.ch\\\/de\\\/#website\"},\"datePublished\":\"2020-02-17T14:11:18+00:00\",\"dateModified\":\"2024-04-05T14:40:47+00:00\",\"breadcrumb\":{\"@id\":\"https:\\\/\\\/www.efdb.ch\\\/de\\\/kindergarten\\\/#breadcrumb\"},\"inLanguage\":\"de\",\"potentialAction\":[{\"@type\":\"ReadAction\",\"target\":[\"https:\\\/\\\/www.efdb.ch\\\/de\\\/kindergarten\\\/\"]}]},{\"@type\":\"BreadcrumbList\",\"@id\":\"https:\\\/\\\/www.efdb.ch\\\/de\\\/kindergarten\\\/#breadcrumb\",\"itemListElement\":[{\"@type\":\"ListItem\",\"position\":1,\"name\":\"Accueil\",\"item\":\"https:\\\/\\\/www.efdb.ch\\\/de\\\/\"},{\"@type\":\"ListItem\",\"position\":2,\"name\":\"Kindergarten\"}]},{\"@type\":\"WebSite\",\"@id\":\"https:\\\/\\\/www.efdb.ch\\\/de\\\/#website\",\"url\":\"https:\\\/\\\/www.efdb.ch\\\/de\\\/\",\"name\":\"EFDB\",\"description\":\"\u00c9cole fran\u00e7aise de B\u00e2le\",\"potentialAction\":[{\"@type\":\"SearchAction\",\"target\":{\"@type\":\"EntryPoint\",\"urlTemplate\":\"https:\\\/\\\/www.efdb.ch\\\/de\\\/?s={search_term_string}\"},\"query-input\":{\"@type\":\"PropertyValueSpecification\",\"valueRequired\":true,\"valueName\":\"search_term_string\"}}],\"inLanguage\":\"de\"}]}<\/script>\n<!-- \/ Yoast SEO plugin. -->","yoast_head_json":{"title":"Kindergarten - EFDB","robots":{"index":"index","follow":"follow","max-snippet":"max-snippet:-1","max-image-preview":"max-image-preview:large","max-video-preview":"max-video-preview:-1"},"canonical":"https:\/\/www.efdb.ch\/de\/kindergarten\/","og_locale":"de_DE","og_type":"article","og_title":"Kindergarten - EFDB","og_description":"Jedem Kind dabei helfen, selbst\u00e4ndig zu werden und sich F\u00e4higkeiten und Fertigkeiten f\u00fcr den \u00dcbertritt in die Primarschule anzueignen.\u00a0Der Kindergarten der \u00c9cole Fran\u00e7aise de B\u00e2leDer Kindergarten heisst Kinder im Alter zwischen 3 und 6 Jahren willkommen:3 Stufen:Petite section (Kinder ab 3 Jahren)Moyenne section (Kinder ab 4 Jahren)Grande section (Kinder ab 5 Jahren)Die Schulwoche der Sch\u00fcler\/innen [&hellip;]","og_url":"https:\/\/www.efdb.ch\/de\/kindergarten\/","og_site_name":"EFDB","article_modified_time":"2024-04-05T14:40:47+00:00","twitter_card":"summary_large_image","twitter_misc":{"Gesch\u00e4tzte Lesezeit":"5\u00a0Minuten"},"schema":{"@context":"https:\/\/schema.org","@graph":[{"@type":"WebPage","@id":"https:\/\/www.efdb.ch\/de\/kindergarten\/","url":"https:\/\/www.efdb.ch\/de\/kindergarten\/","name":"Kindergarten - EFDB","isPartOf":{"@id":"https:\/\/www.efdb.ch\/de\/#website"},"datePublished":"2020-02-17T14:11:18+00:00","dateModified":"2024-04-05T14:40:47+00:00","breadcrumb":{"@id":"https:\/\/www.efdb.ch\/de\/kindergarten\/#breadcrumb"},"inLanguage":"de","potentialAction":[{"@type":"ReadAction","target":["https:\/\/www.efdb.ch\/de\/kindergarten\/"]}]},{"@type":"BreadcrumbList","@id":"https:\/\/www.efdb.ch\/de\/kindergarten\/#breadcrumb","itemListElement":[{"@type":"ListItem","position":1,"name":"Accueil","item":"https:\/\/www.efdb.ch\/de\/"},{"@type":"ListItem","position":2,"name":"Kindergarten"}]},{"@type":"WebSite","@id":"https:\/\/www.efdb.ch\/de\/#website","url":"https:\/\/www.efdb.ch\/de\/","name":"EFDB","description":"\u00c9cole fran\u00e7aise de B\u00e2le","potentialAction":[{"@type":"SearchAction","target":{"@type":"EntryPoint","urlTemplate":"https:\/\/www.efdb.ch\/de\/?s={search_term_string}"},"query-input":{"@type":"PropertyValueSpecification","valueRequired":true,"valueName":"search_term_string"}}],"inLanguage":"de"}]}},"_links":{"self":[{"href":"https:\/\/www.efdb.ch\/de\/wp-json\/wp\/v2\/pages\/11427","targetHints":{"allow":["GET"]}}],"collection":[{"href":"https:\/\/www.efdb.ch\/de\/wp-json\/wp\/v2\/pages"}],"about":[{"href":"https:\/\/www.efdb.ch\/de\/wp-json\/wp\/v2\/types\/page"}],"author":[{"embeddable":true,"href":"https:\/\/www.efdb.ch\/de\/wp-json\/wp\/v2\/users\/1"}],"replies":[{"embeddable":true,"href":"https:\/\/www.efdb.ch\/de\/wp-json\/wp\/v2\/comments?post=11427"}],"version-history":[{"count":116,"href":"https:\/\/www.efdb.ch\/de\/wp-json\/wp\/v2\/pages\/11427\/revisions"}],"predecessor-version":[{"id":19718,"href":"https:\/\/www.efdb.ch\/de\/wp-json\/wp\/v2\/pages\/11427\/revisions\/19718"}],"wp:attachment":[{"href":"https:\/\/www.efdb.ch\/de\/wp-json\/wp\/v2\/media?parent=11427"}],"curies":[{"name":"wp","href":"https:\/\/api.w.org\/{rel}","templated":true}]}}