{"id":11419,"date":"2020-02-17T15:08:40","date_gmt":"2020-02-17T14:08:40","guid":{"rendered":"https:\/\/www.efdb.ch\/primarschule\/"},"modified":"2025-04-01T08:36:46","modified_gmt":"2025-04-01T06:36:46","slug":"primarschule-2","status":"publish","type":"page","link":"https:\/\/www.efdb.ch\/de\/primarschule-2\/","title":{"rendered":"Primarschule"},"content":{"rendered":"<p>[et_pb_section fb_built=&#8220;1&#8243; fullwidth=&#8220;on&#8220; _builder_version=&#8220;4.16&#8243; global_colors_info=&#8220;{}&#8220;][et_pb_fullwidth_slider admin_label=&#8220;Fullwidth Slider&#8220; _builder_version=&#8220;4.16&#8243; custom_padding=&#8220;|||&#8220; global_colors_info=&#8220;{}&#8220; button_text_size__hover_enabled=&#8220;off&#8220; button_one_text_size__hover_enabled=&#8220;off&#8220; button_two_text_size__hover_enabled=&#8220;off&#8220; button_text_color__hover_enabled=&#8220;off&#8220; button_one_text_color__hover_enabled=&#8220;off&#8220; button_two_text_color__hover_enabled=&#8220;off&#8220; button_border_width__hover_enabled=&#8220;off&#8220; button_one_border_width__hover_enabled=&#8220;off&#8220; button_two_border_width__hover_enabled=&#8220;off&#8220; button_border_color__hover_enabled=&#8220;off&#8220; button_one_border_color__hover_enabled=&#8220;off&#8220; button_two_border_color__hover_enabled=&#8220;off&#8220; button_border_radius__hover_enabled=&#8220;off&#8220; button_one_border_radius__hover_enabled=&#8220;off&#8220; button_two_border_radius__hover_enabled=&#8220;off&#8220; button_letter_spacing__hover_enabled=&#8220;off&#8220; button_one_letter_spacing__hover_enabled=&#8220;off&#8220; button_two_letter_spacing__hover_enabled=&#8220;off&#8220; button_bg_color__hover_enabled=&#8220;off&#8220; button_one_bg_color__hover_enabled=&#8220;off&#8220; button_two_bg_color__hover_enabled=&#8220;off&#8220;][et_pb_slide heading=&#8220;Primarschule&#8220; use_bg_overlay=&#8220;on&#8220; use_text_overlay=&#8220;off&#8220; _builder_version=&#8220;4.16&#8243; background_color=&#8220;#ffffff&#8220; background_image=&#8220;https:\/\/www.efdb.ch\/wp-content\/uploads\/2019\/10\/DSC7052-e1572211332974.jpg&#8220; background_enable_image=&#8220;on&#8220; button_on_hover=&#8220;on&#8220; global_colors_info=&#8220;{}&#8220; button_text_size__hover_enabled=&#8220;off&#8220; button_one_text_size__hover_enabled=&#8220;off&#8220; button_two_text_size__hover_enabled=&#8220;off&#8220; button_text_color__hover_enabled=&#8220;off&#8220; button_one_text_color__hover_enabled=&#8220;off&#8220; button_two_text_color__hover_enabled=&#8220;off&#8220; button_border_width__hover_enabled=&#8220;off&#8220; button_one_border_width__hover_enabled=&#8220;off&#8220; button_two_border_width__hover_enabled=&#8220;off&#8220; button_border_color__hover_enabled=&#8220;off&#8220; button_one_border_color__hover_enabled=&#8220;off&#8220; button_two_border_color__hover_enabled=&#8220;off&#8220; button_border_radius__hover_enabled=&#8220;off&#8220; button_one_border_radius__hover_enabled=&#8220;off&#8220; button_two_border_radius__hover_enabled=&#8220;off&#8220; button_letter_spacing__hover_enabled=&#8220;off&#8220; button_one_letter_spacing__hover_enabled=&#8220;off&#8220; button_two_letter_spacing__hover_enabled=&#8220;off&#8220; button_bg_color__hover_enabled=&#8220;off&#8220; button_one_bg_color__hover_enabled=&#8220;off&#8220; button_two_bg_color__hover_enabled=&#8220;off&#8220; sticky_transition=&#8220;on&#8220;]<\/p><div class=\"page\" title=\"Page 6\"><div class=\"layoutArea\"><div class=\"column\"><p>R\u00fccksichtnahme auf die vielf\u00e4ltigen und unterschiedlichen F\u00e4higkeiten aller Sch\u00fclerinnen und Sch\u00fcler. F\u00f6rderung des logischen und strategischen Denkens, der Beobachtungsgabe, der Lust am Experimentieren sowie der Kreativit\u00e4t und der Fantasie.<\/p><\/div><\/div><\/div><p>[\/et_pb_slide][\/et_pb_fullwidth_slider][\/et_pb_section][et_pb_section fb_built=&#8220;1&#8243; _builder_version=&#8220;4.16&#8243; global_colors_info=&#8220;{}&#8220;][et_pb_row column_structure=&#8220;2_3,1_3&#8243; _builder_version=&#8220;4.16&#8243; global_colors_info=&#8220;{}&#8220;][et_pb_column type=&#8220;2_3&#8243; _builder_version=&#8220;4.16&#8243; custom_padding=&#8220;|||&#8220; global_colors_info=&#8220;{}&#8220; custom_padding__hover=&#8220;|||&#8220;][et_pb_text admin_label=&#8220;Texte pr\u00e9sentation&#8220; _builder_version=&#8220;4.19.4&#8243; global_colors_info=&#8220;{}&#8220;]<\/p><h1>Die Primarschule der \u00c9cole Fran\u00e7aise de B\u00e2le<\/h1><div class=\"page\" title=\"Page 6\"><div class=\"layoutArea\"><div class=\"column\">Die Primarschule heisst Kinder <strong>von 6 bis 11 Jahren<\/strong> willkommen. <\/p><p>5 Stufen:<\/p><ul><li><strong> Cours Pr\u00e9paratoire (1. Klasse\u00a0: 6\/7 Jahre) <\/strong><\/li><li><strong> Cours El\u00e9mentaire 1 (2. Klasse\u00a0: 7\/8 Jahre) <\/strong><\/li><li><strong> Cours El\u00e9mentaire 2 (3. Klasse\u00a0: 8\/9 Jahre) <\/strong><\/li><li><strong> Cours Moyen 1 (4. Klasse\u00a0: 9\/10 Jahre) <\/strong><\/li><li><strong>Cours Moyen 2 (5. Klasse\u00a0: 10\/11 Jahre) <\/strong><\/li><\/ul><p>Die Dauer der Schulwoche ist auf 26 Stunden festgelegt. Das Lehrprogramm entspricht den offiziellen Anweisungen des franz\u00f6sischen Bildungsministeriums (<strong>Ministe\u0300re Franc\u0327ais de l\u2019Education Nationale<\/strong>).<\/p><div class=\"page\" title=\"Page 7\"><div class=\"section\"><div class=\"layoutArea\"><div>\u00a0<\/div><div class=\"column\">Die Schu\u0308ler\/innen folgen den beiden letzten Zyklen der Grundschule, dem Grundlagen- und dem Konsolidierungszyklus.<\/div><\/div><\/div><\/div><div class=\"page\" title=\"Page 6\"><div class=\"layoutArea\"><div class=\"column\"><blockquote><p><strong>UNSERE MISSION R\u00fccksichtnahme auf die vielf\u00e4ltigen und unterschiedlichen F\u00e4higkeiten aller Sch\u00fclerinnen und Sch\u00fcler. F\u00f6rderung des logischen und strategischen Denkens, der Beobachtungsgabe, der Lust am Experimentieren sowie der Kreativit\u00e4t und der Fantasie. <\/strong><\/p><\/blockquote><\/div><\/div><\/div><\/div><\/div><\/div><p>[\/et_pb_text][et_pb_tabs admin_label=&#8220;Onglets niveaux de classe&#8220; _builder_version=&#8220;4.27.4&#8243; body_text_align=&#8220;left&#8220; max_width_last_edited=&#8220;off|desktop&#8220; custom_margin=&#8220;|||&#8220; custom_padding=&#8220;20px|20px|20px|20px|false|false&#8220; custom_padding_tablet=&#8220;20px|20px|20px|20px|false|false&#8220; custom_padding_phone=&#8220;20px|20px|20px|20px|false|false&#8220; custom_padding_last_edited=&#8220;on|desktop&#8220; hover_enabled=&#8220;0&#8243; global_colors_info=&#8220;{}&#8220; sticky_enabled=&#8220;0&#8243;][et_pb_tab title=&#8220;1. Klasse (CP)&#8220; _builder_version=&#8220;4.27.4&#8243; custom_padding=&#8220;|||&#8220; custom_padding_tablet=&#8220;|||&#8220; custom_padding_phone=&#8220;|||&#8220; hover_enabled=&#8220;0&#8243; global_colors_info=&#8220;{}&#8220; sticky_enabled=&#8220;0&#8243;]<\/p><h3>Ab der 1. Klasse (CP)<\/h3><p>Die f\u00fcnfte Klasse ist das zweite Jahr des Konsolidierungszyklus bzw. des Zyklus 3, der von der vierten bis zur sechsten Klasse (6 \u00e8me) geht. Es ist das letzte Jahr vor dem \u00dcbertritt ins Coll\u00e8ge (Sekundarschule). Nach der 5. Klasse werden die Sch\u00fcler in den besten Schulen der Dreil\u00e4nderregion aufgenommen.<\/p><h4>Bis zu 10 Stunden Deutsch pro Woche wie folgt:<\/h4><ul><li>3h \/ Woche Deutschunterricht<\/li><li>2h \/ Woche Fachunterricht auf Deutsch (DNL: Discipline non linguistique)<\/li><li>30 min \/ Woche Zahlenlehre<\/li><li>30 min \/ Woche \u201ekulturelles Entdecken\u201c (Besuch eines Museums und \/ oder eine Fachperson kommt in die Schule, 2h insgesamt pro Monat)<\/li><li>bis zu 4h \/ Woche Deutschunterricht w\u00e4hrend der\u00a0Freizeitaktivit\u00e4ten (Montag und Mittwoch)<\/li><\/ul><h4>Bis zu 6 Stunden Englisch pro Woche wie folgt:<\/h4><ul><li>2h \/ Woche Englischunterricht<\/li><li>bis zu 4h \/ Woche Englischunterricht w\u00e4hrend der Freizeitaktivit\u00e4ten (Mittwoch und Donnerstag)<\/li><\/ul><p>[\/et_pb_tab][et_pb_tab title=&#8220;2. Klasse (CE1)&#8220; _builder_version=&#8220;4.27.4&#8243; hover_enabled=&#8220;0&#8243; global_colors_info=&#8220;{}&#8220; sticky_enabled=&#8220;0&#8243;]<\/p><h3>Ab der 2. Klasse (CE1)<\/h3><p>Die 2. Klasse (Cours El\u00e9mentare 1\/ CE1) ist das zweite Jahr des zweiten Lernzyklus. Das Kind erweitert seine Grundkenntnisse im Lesen, Schreiben und Rechnen. Die Raum- und Zeitbegriffe werden weiter erarbeitet. Auf wissenschaftlicher Ebene beginnt das Kind zu beobachten und selbst\u00e4ndig zu erproben.<\/p><h4>Bis zu 10 Stunden Deutsch pro Woche wie folgt:<\/h4><ul><li>3h \/ Woche Deutschunterricht<\/li><li>2h \/ Woche Fachunterricht auf Deutsch (DNL: Discipline non linguistique)<\/li><li>30 min \/ Woche Zahlenlehre<\/li><li>30 min \/ Woche \u201ekulturelles Entdecken\u201c (Besuch eines Museums und \/ oder eine Fachperson kommt in die Schule, 2h insgesamt pro Monat)<\/li><li>bis zu 4h \/ Woche Deutschunterricht w\u00e4hrend der\u00a0Freizeitaktivit\u00e4ten (Montag und Mittwoch)<\/li><\/ul><h4>Bis zu 6 Stunden Englisch pro Woche wie folgt:<\/h4><ul><li>2h \/ Woche Englischunterricht<\/li><li>bis zu 4h \/ Woche Englischunterricht w\u00e4hrend der Freizeitaktivit\u00e4ten (Mittwoch und Donnerstag)<\/li><\/ul><p>[\/et_pb_tab][et_pb_tab title=&#8220;3. Klasse (CE2)&#8220; _builder_version=&#8220;4.19.4&#8243; global_colors_info=&#8220;{}&#8220;]<\/p><h3>Ab der 3. Klasse (CE2)<\/h3><p>Die dritte Klasse schlie\u03b2t den zweiten Zyklus ab. Es ist in erster Linie ein Jahr, in dem die erworbenen Kenntnisse verfestigt werden. Alle Lehrkr\u00e4fte der dritten Klasse tragen dazu bei, dass die allgemein festgelegten Grundlagen an Kenntnissen und Fertigkeiten erlangt werden.<\/p><h4>Bis zu 10 Stunden Deutsch pro Woche wie folgt:<\/h4><ul><li>3h \/ Woche Deutschunterricht<\/li><li>2h \/ Woche Fachunterricht auf Deutsch (DNL: Discipline non linguistique)<\/li><li>30 min \/ Woche Zahlenlehre<\/li><li>30 min \/ Woche \u201ekulturelles Entdecken\u201c (Besuch eines Museums und \/ oder eine Fachperson kommt in die Schule, 2h insgesamt pro Monat)<\/li><li>bis zu 4h \/ Woche Deutschunterricht w\u00e4hrend der\u00a0Freizeitaktivit\u00e4ten (Montag und Mittwoch)<\/li><\/ul><h4>Bis zu 7 Stunden Englisch pro Woche wie folgt:<\/h4><ul><li>2h \/ Woche Englischunterricht<\/li><li>bis zu 5h \/ Woche Englischunterricht w\u00e4hrend der\u00a0Freizeitaktivit\u00e4ten (Dienstag, Mittwoch, Donnerstag)<\/li><\/ul><p>[\/et_pb_tab][et_pb_tab title=&#8220;4. Klasse (CM1)&#8220; _builder_version=&#8220;4.19.4&#8243; global_colors_info=&#8220;{}&#8220;]<\/p><h3>Ab der 4. Klasse (CM1)<\/h3><p>Die vierte Klasse ist die erste Klasse des Konsolidierungszyklus bzw. des Zyklus 3, der von der vierten bis zur sechsten Klasse (6 \u00e8me) geht. Das Kind diversifiziert seine Arbeitsmethoden und Kenntnisse. In Franz\u00f6sisch liegt der Schwerpunkt auf Rechtschreibung und in Mathematik entwickelt das Kind logisches Denken beim L\u00f6sen von Sachaufgaben.<\/p><h4>Bis zu 10 Stunden Deutsch pro Woche wie folgt:<\/h4><ul><li>3h \/ Woche Deutschunterricht<\/li><li>2h \/ Woche Fachunterricht auf Deutsch (DNL: Discipline non linguistique)<\/li><li>30 min \/ Woche Zahlenlehre<\/li><li>30 min \/ Woche \u201ekulturelles Entdecken\u201c (Besuch eines Museums und \/ oder eine Fachperson kommt in die Schule, 2h insgesamt pro Monat)<\/li><li>bis zu 4h \/ Woche Deutschunterricht w\u00e4hrend der\u00a0Freizeitaktivit\u00e4ten (Montag und Mittwoch)<\/li><\/ul><h4>Bis zu 7 Stunden Englisch pro Woche wie folgt:<\/h4><ul><li>2h \/ Woche Englischunterricht<\/li><li>bis zu 5h \/ Woche Englischunterricht w\u00e4hrend der\u00a0Freizeitaktivit\u00e4ten (Dienstag, Mittwoch, Donnerstag)<\/li><\/ul><p>[\/et_pb_tab][et_pb_tab title=&#8220;5. Klasse (CM2)&#8220; _builder_version=&#8220;4.19.4&#8243; global_colors_info=&#8220;{}&#8220;]<\/p><h3>Ab der 5. Klasse (CM2)<\/h3><p>Die f\u00fcnfte Klasse ist das zweite Jahr des Konsolidierungszyklus bzw. des Zyklus 3, der von der vierten bis zur sechsten Klasse (6 \u00e8me) geht. Es ist das letzte Jahr vor dem \u00dcbertritt ins Coll\u00e8ge (Sekundarschule). Nach der 5. Klasse werden die Sch\u00fcler in den besten Schulen der Dreil\u00e4nderregion aufgenommen.<\/p><h4>Bis zu 10 Stunden Deutsch pro Woche wie folgt:<\/h4><ul><li>3h \/ Woche Deutschunterricht<\/li><li>2h \/ Woche Fachunterricht auf Deutsch (DNL: Discipline non linguistique)<\/li><li>30 min \/ Woche Zahlenlehre<\/li><li>30 min \/ Woche \u201ekulturelles Entdecken\u201c (Besuch eines Museums und \/ oder eine Fachperson kommt in die Schule, 2h insgesamt pro Monat)<\/li><li>bis zu 4h \/ Woche Deutschunterricht w\u00e4hrend der\u00a0Freizeitaktivit\u00e4ten (Montag und Mittwoch)<\/li><\/ul><h4>Bis zu 7 Stunden Englisch pro Woche wie folgt:<\/h4><ul><li>2h \/ Woche Englischunterricht<\/li><li>bis zu 5h \/ Woche Englischunterricht w\u00e4hrend der\u00a0Freizeitaktivit\u00e4ten (Dienstag, Mittwoch, Donnerstag)<\/li><\/ul><p>[\/et_pb_tab][\/et_pb_tabs][et_pb_gallery gallery_ids=&#8220;11069,11065,11083,11063,11067,11079,11061,11071,11073&#8243; gallery_captions=&#8220;,,&#8220; fullwidth=&#8220;on&#8220; _builder_version=&#8220;4.16&#8243; pagination_font_size_tablet=&#8220;51&#8243; pagination_line_height_tablet=&#8220;2&#8243; global_colors_info=&#8220;{}&#8220;][\/et_pb_gallery][\/et_pb_column][et_pb_column type=&#8220;1_3&#8243; _builder_version=&#8220;4.16&#8243; custom_padding=&#8220;|||&#8220; global_colors_info=&#8220;{}&#8220; custom_padding__hover=&#8220;|||&#8220;][et_pb_text admin_label=&#8220;Titre dernier article&#8220; _builder_version=&#8220;4.19.0&#8243; global_colors_info=&#8220;{}&#8220;]<\/p><h2><strong>Neueste Artikel der Primarschule<\/strong><\/h2><p>[\/et_pb_text][et_pb_blog posts_number=&#8220;2&#8243; include_categories=&#8220;15&#8243; show_more=&#8220;on&#8220; show_pagination=&#8220;off&#8220; _builder_version=&#8220;4.19.0&#8243; global_colors_info=&#8220;{}&#8220;][\/et_pb_blog][\/et_pb_column][\/et_pb_row][\/et_pb_section][et_pb_section fb_built=&#8220;1&#8243; _builder_version=&#8220;4.16&#8243; background_color=&#8220;#d10a11&#8243; global_colors_info=&#8220;{}&#8220;][et_pb_row column_structure=&#8220;1_3,1_3,1_3&#8243; _builder_version=&#8220;4.16&#8243; global_colors_info=&#8220;{}&#8220;][et_pb_column type=&#8220;1_3&#8243; _builder_version=&#8220;4.16&#8243; custom_padding=&#8220;|||&#8220; global_colors_info=&#8220;{}&#8220; custom_padding__hover=&#8220;|||&#8220;][et_pb_blurb title=&#8220;Eine Schule in \u00fcberschaubarer Gr\u00f6sse&#8220; image=&#8220;https:\/\/www.efdb.ch\/wp-content\/uploads\/2018\/01\/taille_humaine.png&#8220; _builder_version=&#8220;4.16&#8243; header_level=&#8220;h3&#8243; header_font=&#8220;|700|||||||&#8220; header_font_size=&#8220;24px&#8220; body_font=&#8220;|600|||||||&#8220; text_orientation=&#8220;center&#8220; background_layout=&#8220;dark&#8220; header_font_size_tablet=&#8220;&#8220; header_font_size_phone=&#8220;&#8220; header_font_size_last_edited=&#8220;on|desktop&#8220; global_colors_info=&#8220;{}&#8220;]<\/p><p>Ein Team bestehend aus 5 staatlich gepr\u00fcften Lehrerinnen\/Lehrern des franz\u00f6sischen Bildungsministeriums und einer p\u00e4dagogischen Assistentin.<\/p><p>N\u00e4he und Kommunikation zwischen Lernenden,\u00a0Eltern und Lehrerinnen\/Lehrern.<\/p><p>R\u00e4umlichkeiten im Herzen des Gellertquartiers mit Platz zum Spielen im Freien, einer Bibliothek und einer Kantine.<\/p><p>[\/et_pb_blurb][\/et_pb_column][et_pb_column type=&#8220;1_3&#8243; _builder_version=&#8220;4.16&#8243; custom_padding=&#8220;|||&#8220; global_colors_info=&#8220;{}&#8220; custom_padding__hover=&#8220;|||&#8220;][et_pb_blurb title=&#8220;Schwerpunkt Sprachen&#8220; image=&#8220;https:\/\/www.efdb.ch\/wp-content\/uploads\/2018\/01\/langue.png&#8220; _builder_version=&#8220;4.16&#8243; header_level=&#8220;h3&#8243; header_font=&#8220;|700|||||||&#8220; header_font_size=&#8220;24px&#8220; body_font=&#8220;|600|||||||&#8220; text_orientation=&#8220;center&#8220; background_layout=&#8220;dark&#8220; header_font_size_tablet=&#8220;&#8220; header_font_size_phone=&#8220;&#8220; header_font_size_last_edited=&#8220;on|desktop&#8220; global_colors_info=&#8220;{}&#8220;]<\/p><p>Ab der 1.Klasse, mindestens 6 Stunden Deutsch und 2 Stunden Englisch pro Woche in allen Klassen der Primarschule.\u00a0Die Sch\u00fcler\/-innen werden ihrem Sprachniveau entsprechend in Gruppen aufgeteilt.<\/p><p>M\u00f6glichkeit ein Sprachdiplom f\u00fcr Deutsch (Goethe Institut), Englisch (Cambridge) und Franz\u00f6sisch (DELF) zu erlangen.<\/p><p>Festigung der franz\u00f6sischen Sprache und Lernbegleitung f\u00fcr alle Kinder in personalisierten Lernwerkst\u00e4tten (APC: activit\u00e9s p\u00e9dagogiques compl\u00e9mentaires).<\/p><p>Deutschwerkst\u00e4tte (4h) und Englischwerkst\u00e4tte (5h) stehen allen Kindern im Rahmen der Freizeitaktivit\u00e4ten offen.<\/p><p>[\/et_pb_blurb][\/et_pb_column][et_pb_column type=&#8220;1_3&#8243; _builder_version=&#8220;4.16&#8243; custom_padding=&#8220;|||&#8220; global_colors_info=&#8220;{}&#8220; custom_padding__hover=&#8220;|||&#8220;][et_pb_blurb title=&#8220;P\u00e4dagogische Werkst\u00e4tten&#8220; image=&#8220;https:\/\/www.efdb.ch\/wp-content\/uploads\/2018\/01\/pedagogie.png&#8220; _builder_version=&#8220;4.16&#8243; header_level=&#8220;h3&#8243; header_font=&#8220;|700|||||||&#8220; header_font_size=&#8220;24px&#8220; body_font=&#8220;|600|||||||&#8220; text_orientation=&#8220;center&#8220; background_layout=&#8220;dark&#8220; header_font_size_tablet=&#8220;&#8220; header_font_size_phone=&#8220;&#8220; header_font_size_last_edited=&#8220;on|desktop&#8220; global_colors_info=&#8220;{}&#8220;]<\/p><p>Kulturelle Aktivit\u00e4ten (je nach P\u00e4dagogischem Projekt: Museum, Theater, Konzert, usw.).<\/p><p>Sport (Einf\u00fchrung in verschiedene Sportarten, Ausdauer, Turniere mit anderen Schulen, usw.), Natur entdecken (z.B. Orientierungslauf).<\/p><p>Musik: w\u00f6chentlich erhalten die Kinder von einer Musikp\u00e4dagogin Musikunterricht.<\/p><p>W\u00f6chentlicher Informatikunterricht \/ Verwendung von iPads im Unterricht.<\/p><p>[\/et_pb_blurb][\/et_pb_column][\/et_pb_row][\/et_pb_section][et_pb_section fb_built=&#8220;1&#8243; _builder_version=&#8220;4.16&#8243; global_colors_info=&#8220;{}&#8220;][et_pb_row _builder_version=&#8220;4.16&#8243; custom_padding=&#8220;28px|0px|28px|0px&#8220; global_colors_info=&#8220;{}&#8220;][et_pb_column type=&#8220;4_4&#8243; _builder_version=&#8220;4.16&#8243; custom_padding=&#8220;|||&#8220; global_colors_info=&#8220;{}&#8220; custom_padding__hover=&#8220;|||&#8220;][et_pb_cta title=&#8220;Sie w\u00fcnschen weitere Informationen oder wollen Ihr Kind anmelden?&#8220; button_url=&#8220;https:\/\/www.efdb.ch\/de\/anmeldung\/&#8220; button_text=&#8220;Erfahren Sie mehr dazu hier&#8220; _builder_version=&#8220;4.19.4&#8243; header_font=&#8220;||||||||&#8220; use_background_color=&#8220;off&#8220; custom_button=&#8220;on&#8220; button_text_color=&#8220;#ffffff&#8220; button_font=&#8220;||||||||&#8220; background_layout=&#8220;light&#8220; global_colors_info=&#8220;{}&#8220; button_text_size__hover_enabled=&#8220;off&#8220; button_one_text_size__hover_enabled=&#8220;off&#8220; button_two_text_size__hover_enabled=&#8220;off&#8220; button_text_color__hover_enabled=&#8220;off&#8220; button_one_text_color__hover_enabled=&#8220;off&#8220; button_two_text_color__hover_enabled=&#8220;off&#8220; button_border_width__hover_enabled=&#8220;off&#8220; button_one_border_width__hover_enabled=&#8220;off&#8220; button_two_border_width__hover_enabled=&#8220;off&#8220; button_border_color__hover_enabled=&#8220;off&#8220; button_one_border_color__hover_enabled=&#8220;off&#8220; button_two_border_color__hover_enabled=&#8220;off&#8220; button_border_radius__hover_enabled=&#8220;off&#8220; button_one_border_radius__hover_enabled=&#8220;off&#8220; button_two_border_radius__hover_enabled=&#8220;off&#8220; button_letter_spacing__hover_enabled=&#8220;off&#8220; button_one_letter_spacing__hover_enabled=&#8220;off&#8220; button_two_letter_spacing__hover_enabled=&#8220;off&#8220; button_bg_color__hover_enabled=&#8220;off&#8220; button_one_bg_color__hover_enabled=&#8220;off&#8220; button_two_bg_color__hover_enabled=&#8220;off&#8220;]<\/p><p><strong>Welche Schritte sind f\u00fcr die Anmeldung erforderlich?<br \/><\/strong><strong>Wie sieht der Schulkalender der \u00c9cole Fran\u00e7aise de B\u00e2le aus?<\/strong> <br \/><strong>Wie hoch ist das Schulgeld (Einschreibegeb\u00fchr)? Und welche finanziellen Hilfen gibt es?<\/strong><\/p><p>[\/et_pb_cta][\/et_pb_column][\/et_pb_row][\/et_pb_section]<\/p>","protected":false},"excerpt":{"rendered":"<p>R\u00fccksichtnahme auf die vielf\u00e4ltigen und unterschiedlichen F\u00e4higkeiten aller Sch\u00fclerinnen und Sch\u00fcler. F\u00f6rderung des logischen und strategischen Denkens, der Beobachtungsgabe, der Lust am Experimentieren sowie der Kreativit\u00e4t und der Fantasie.Die Primarschule der \u00c9cole Fran\u00e7aise de B\u00e2leDie Primarschule heisst Kinder von 6 bis 11 Jahren willkommen. 5 Stufen: Cours Pr\u00e9paratoire (1. Klasse\u00a0: 6\/7 Jahre) Cours El\u00e9mentaire 1 [&hellip;]<\/p>\n","protected":false},"author":1,"featured_media":0,"parent":0,"menu_order":0,"comment_status":"closed","ping_status":"closed","template":"","meta":{"_et_pb_use_builder":"on","_et_pb_old_content":"","_et_gb_content_width":"","footnotes":""},"class_list":["post-11419","page","type-page","status-publish","hentry"],"yoast_head":"<!-- This site is optimized with the Yoast SEO plugin v27.5 - https:\/\/yoast.com\/product\/yoast-seo-wordpress\/ -->\n<title>Primarschule - EFDB<\/title>\n<meta name=\"robots\" content=\"index, follow, max-snippet:-1, max-image-preview:large, max-video-preview:-1\" \/>\n<link rel=\"canonical\" href=\"https:\/\/www.efdb.ch\/de\/primarschule-2\/\" \/>\n<meta property=\"og:locale\" content=\"de_DE\" \/>\n<meta property=\"og:type\" content=\"article\" \/>\n<meta property=\"og:title\" content=\"Primarschule - EFDB\" \/>\n<meta property=\"og:description\" content=\"R\u00fccksichtnahme auf die vielf\u00e4ltigen und unterschiedlichen F\u00e4higkeiten aller Sch\u00fclerinnen und Sch\u00fcler. F\u00f6rderung des logischen und strategischen Denkens, der Beobachtungsgabe, der Lust am Experimentieren sowie der Kreativit\u00e4t und der Fantasie.Die Primarschule der \u00c9cole Fran\u00e7aise de B\u00e2leDie Primarschule heisst Kinder von 6 bis 11 Jahren willkommen. 5 Stufen: Cours Pr\u00e9paratoire (1. Klasse\u00a0: 6\/7 Jahre) Cours El\u00e9mentaire 1 [&hellip;]\" \/>\n<meta property=\"og:url\" content=\"https:\/\/www.efdb.ch\/de\/primarschule-2\/\" \/>\n<meta property=\"og:site_name\" content=\"EFDB\" \/>\n<meta property=\"article:modified_time\" content=\"2025-04-01T06:36:46+00:00\" \/>\n<meta name=\"twitter:card\" content=\"summary_large_image\" \/>\n<meta name=\"twitter:label1\" content=\"Gesch\u00e4tzte Lesezeit\" \/>\n\t<meta name=\"twitter:data1\" content=\"8\u00a0Minuten\" \/>\n<script type=\"application\/ld+json\" class=\"yoast-schema-graph\">{\"@context\":\"https:\\\/\\\/schema.org\",\"@graph\":[{\"@type\":\"WebPage\",\"@id\":\"https:\\\/\\\/www.efdb.ch\\\/de\\\/primarschule-2\\\/\",\"url\":\"https:\\\/\\\/www.efdb.ch\\\/de\\\/primarschule-2\\\/\",\"name\":\"Primarschule - EFDB\",\"isPartOf\":{\"@id\":\"https:\\\/\\\/www.efdb.ch\\\/de\\\/#website\"},\"datePublished\":\"2020-02-17T14:08:40+00:00\",\"dateModified\":\"2025-04-01T06:36:46+00:00\",\"breadcrumb\":{\"@id\":\"https:\\\/\\\/www.efdb.ch\\\/de\\\/primarschule-2\\\/#breadcrumb\"},\"inLanguage\":\"de\",\"potentialAction\":[{\"@type\":\"ReadAction\",\"target\":[\"https:\\\/\\\/www.efdb.ch\\\/de\\\/primarschule-2\\\/\"]}]},{\"@type\":\"BreadcrumbList\",\"@id\":\"https:\\\/\\\/www.efdb.ch\\\/de\\\/primarschule-2\\\/#breadcrumb\",\"itemListElement\":[{\"@type\":\"ListItem\",\"position\":1,\"name\":\"Accueil\",\"item\":\"https:\\\/\\\/www.efdb.ch\\\/de\\\/\"},{\"@type\":\"ListItem\",\"position\":2,\"name\":\"Primarschule\"}]},{\"@type\":\"WebSite\",\"@id\":\"https:\\\/\\\/www.efdb.ch\\\/de\\\/#website\",\"url\":\"https:\\\/\\\/www.efdb.ch\\\/de\\\/\",\"name\":\"EFDB\",\"description\":\"\u00c9cole fran\u00e7aise de B\u00e2le\",\"potentialAction\":[{\"@type\":\"SearchAction\",\"target\":{\"@type\":\"EntryPoint\",\"urlTemplate\":\"https:\\\/\\\/www.efdb.ch\\\/de\\\/?s={search_term_string}\"},\"query-input\":{\"@type\":\"PropertyValueSpecification\",\"valueRequired\":true,\"valueName\":\"search_term_string\"}}],\"inLanguage\":\"de\"}]}<\/script>\n<!-- \/ Yoast SEO plugin. -->","yoast_head_json":{"title":"Primarschule - EFDB","robots":{"index":"index","follow":"follow","max-snippet":"max-snippet:-1","max-image-preview":"max-image-preview:large","max-video-preview":"max-video-preview:-1"},"canonical":"https:\/\/www.efdb.ch\/de\/primarschule-2\/","og_locale":"de_DE","og_type":"article","og_title":"Primarschule - EFDB","og_description":"R\u00fccksichtnahme auf die vielf\u00e4ltigen und unterschiedlichen F\u00e4higkeiten aller Sch\u00fclerinnen und Sch\u00fcler. F\u00f6rderung des logischen und strategischen Denkens, der Beobachtungsgabe, der Lust am Experimentieren sowie der Kreativit\u00e4t und der Fantasie.Die Primarschule der \u00c9cole Fran\u00e7aise de B\u00e2leDie Primarschule heisst Kinder von 6 bis 11 Jahren willkommen. 5 Stufen: Cours Pr\u00e9paratoire (1. Klasse\u00a0: 6\/7 Jahre) Cours El\u00e9mentaire 1 [&hellip;]","og_url":"https:\/\/www.efdb.ch\/de\/primarschule-2\/","og_site_name":"EFDB","article_modified_time":"2025-04-01T06:36:46+00:00","twitter_card":"summary_large_image","twitter_misc":{"Gesch\u00e4tzte Lesezeit":"8\u00a0Minuten"},"schema":{"@context":"https:\/\/schema.org","@graph":[{"@type":"WebPage","@id":"https:\/\/www.efdb.ch\/de\/primarschule-2\/","url":"https:\/\/www.efdb.ch\/de\/primarschule-2\/","name":"Primarschule - EFDB","isPartOf":{"@id":"https:\/\/www.efdb.ch\/de\/#website"},"datePublished":"2020-02-17T14:08:40+00:00","dateModified":"2025-04-01T06:36:46+00:00","breadcrumb":{"@id":"https:\/\/www.efdb.ch\/de\/primarschule-2\/#breadcrumb"},"inLanguage":"de","potentialAction":[{"@type":"ReadAction","target":["https:\/\/www.efdb.ch\/de\/primarschule-2\/"]}]},{"@type":"BreadcrumbList","@id":"https:\/\/www.efdb.ch\/de\/primarschule-2\/#breadcrumb","itemListElement":[{"@type":"ListItem","position":1,"name":"Accueil","item":"https:\/\/www.efdb.ch\/de\/"},{"@type":"ListItem","position":2,"name":"Primarschule"}]},{"@type":"WebSite","@id":"https:\/\/www.efdb.ch\/de\/#website","url":"https:\/\/www.efdb.ch\/de\/","name":"EFDB","description":"\u00c9cole fran\u00e7aise de B\u00e2le","potentialAction":[{"@type":"SearchAction","target":{"@type":"EntryPoint","urlTemplate":"https:\/\/www.efdb.ch\/de\/?s={search_term_string}"},"query-input":{"@type":"PropertyValueSpecification","valueRequired":true,"valueName":"search_term_string"}}],"inLanguage":"de"}]}},"_links":{"self":[{"href":"https:\/\/www.efdb.ch\/de\/wp-json\/wp\/v2\/pages\/11419","targetHints":{"allow":["GET"]}}],"collection":[{"href":"https:\/\/www.efdb.ch\/de\/wp-json\/wp\/v2\/pages"}],"about":[{"href":"https:\/\/www.efdb.ch\/de\/wp-json\/wp\/v2\/types\/page"}],"author":[{"embeddable":true,"href":"https:\/\/www.efdb.ch\/de\/wp-json\/wp\/v2\/users\/1"}],"replies":[{"embeddable":true,"href":"https:\/\/www.efdb.ch\/de\/wp-json\/wp\/v2\/comments?post=11419"}],"version-history":[{"count":104,"href":"https:\/\/www.efdb.ch\/de\/wp-json\/wp\/v2\/pages\/11419\/revisions"}],"predecessor-version":[{"id":21558,"href":"https:\/\/www.efdb.ch\/de\/wp-json\/wp\/v2\/pages\/11419\/revisions\/21558"}],"wp:attachment":[{"href":"https:\/\/www.efdb.ch\/de\/wp-json\/wp\/v2\/media?parent=11419"}],"curies":[{"name":"wp","href":"https:\/\/api.w.org\/{rel}","templated":true}]}}