{"id":11415,"date":"2020-02-17T15:04:58","date_gmt":"2020-02-17T14:04:58","guid":{"rendered":"https:\/\/www.efdb.ch\/kinderkrippe\/"},"modified":"2024-04-05T16:41:33","modified_gmt":"2024-04-05T14:41:33","slug":"kinderkrippe","status":"publish","type":"page","link":"https:\/\/www.efdb.ch\/de\/kinderkrippe\/","title":{"rendered":"Kinderkrippe &#8222;La Petite Bulle&#8220;"},"content":{"rendered":"<p>[et_pb_section fb_built=&#8220;1&#8243; fullwidth=&#8220;on&#8220; _builder_version=&#8220;4.16&#8243; global_colors_info=&#8220;{}&#8220;][et_pb_fullwidth_slider admin_label=&#8220;Fullwidth Slider&#8220; _builder_version=&#8220;4.19.0&#8243; custom_padding=&#8220;|||&#8220; custom_padding_tablet=&#8220;|||&#8220; custom_padding_phone=&#8220;|||&#8220; box_shadow_style=&#8220;preset6&#8243; box_shadow_blur=&#8220;10px&#8220; box_shadow_color=&#8220;rgba(0,0,0,0.1)&#8220; global_colors_info=&#8220;{}&#8220; button_text_size__hover_enabled=&#8220;off&#8220; button_one_text_size__hover_enabled=&#8220;off&#8220; button_two_text_size__hover_enabled=&#8220;off&#8220; button_text_color__hover_enabled=&#8220;off&#8220; button_one_text_color__hover_enabled=&#8220;off&#8220; button_two_text_color__hover_enabled=&#8220;off&#8220; button_border_width__hover_enabled=&#8220;off&#8220; button_one_border_width__hover_enabled=&#8220;off&#8220; button_two_border_width__hover_enabled=&#8220;off&#8220; button_border_color__hover_enabled=&#8220;off&#8220; button_one_border_color__hover_enabled=&#8220;off&#8220; button_two_border_color__hover_enabled=&#8220;off&#8220; button_border_radius__hover_enabled=&#8220;off&#8220; button_one_border_radius__hover_enabled=&#8220;off&#8220; button_two_border_radius__hover_enabled=&#8220;off&#8220; button_letter_spacing__hover_enabled=&#8220;off&#8220; button_one_letter_spacing__hover_enabled=&#8220;off&#8220; button_two_letter_spacing__hover_enabled=&#8220;off&#8220; button_bg_color__hover_enabled=&#8220;off&#8220; button_one_bg_color__hover_enabled=&#8220;off&#8220; button_two_bg_color__hover_enabled=&#8220;off&#8220;][et_pb_slide heading=&#8220;Kinderkrippe %22La Petite Bulle%22&#8243; use_bg_overlay=&#8220;on&#8220; use_text_overlay=&#8220;off&#8220; _builder_version=&#8220;4.19.0&#8243; background_color=&#8220;#ffffff&#8220; background_image=&#8220;https:\/\/www.efdb.ch\/wp-content\/uploads\/2019\/10\/DSC6834.jpg&#8220; background_enable_image=&#8220;on&#8220; global_colors_info=&#8220;{}&#8220; button_text_size__hover_enabled=&#8220;off&#8220; button_one_text_size__hover_enabled=&#8220;off&#8220; button_two_text_size__hover_enabled=&#8220;off&#8220; button_text_color__hover_enabled=&#8220;off&#8220; button_one_text_color__hover_enabled=&#8220;off&#8220; button_two_text_color__hover_enabled=&#8220;off&#8220; button_border_width__hover_enabled=&#8220;off&#8220; button_one_border_width__hover_enabled=&#8220;off&#8220; button_two_border_width__hover_enabled=&#8220;off&#8220; button_border_color__hover_enabled=&#8220;off&#8220; button_one_border_color__hover_enabled=&#8220;off&#8220; button_two_border_color__hover_enabled=&#8220;off&#8220; button_border_radius__hover_enabled=&#8220;off&#8220; button_one_border_radius__hover_enabled=&#8220;off&#8220; button_two_border_radius__hover_enabled=&#8220;off&#8220; button_letter_spacing__hover_enabled=&#8220;off&#8220; button_one_letter_spacing__hover_enabled=&#8220;off&#8220; button_two_letter_spacing__hover_enabled=&#8220;off&#8220; button_bg_color__hover_enabled=&#8220;off&#8220; button_one_bg_color__hover_enabled=&#8220;off&#8220; button_two_bg_color__hover_enabled=&#8220;off&#8220; sticky_transition=&#8220;on&#8220;]<\/p><p>Jedem Kind einen pers\u00f6nlichen Rahmen bieten, der seiner Entwicklung und seinem Rhythmus entspricht.<\/p><p>[\/et_pb_slide][\/et_pb_fullwidth_slider][\/et_pb_section][et_pb_section fb_built=&#8220;1&#8243; specialty=&#8220;on&#8220; _builder_version=&#8220;4.16&#8243; custom_padding=&#8220;30px|0px|30px|0px&#8220; global_colors_info=&#8220;{}&#8220;][et_pb_column type=&#8220;2_3&#8243; specialty_columns=&#8220;2&#8243; _builder_version=&#8220;4.16&#8243; custom_padding=&#8220;|||&#8220; global_colors_info=&#8220;{}&#8220; parallax__hover=&#8220;off&#8220; parallax_method__hover=&#8220;on&#8220; custom_padding__hover=&#8220;|||&#8220;][et_pb_row_inner custom_padding_last_edited=&#8220;on|desktop&#8220; _builder_version=&#8220;4.16&#8243; custom_padding=&#8220;31.3438px|0px|30px|0px&#8220; custom_padding_tablet=&#8220;|0px||&#8220; custom_padding_phone=&#8220;&#8220; border_color_right=&#8220;#e0dede&#8220; global_colors_info=&#8220;{}&#8220;][et_pb_column_inner saved_specialty_column_type=&#8220;2_3&#8243; _builder_version=&#8220;4.16&#8243; custom_padding=&#8220;|||&#8220; global_colors_info=&#8220;{}&#8220; parallax__hover=&#8220;off&#8220; parallax_method__hover=&#8220;on&#8220; custom_padding__hover=&#8220;|||&#8220;][et_pb_text admin_label=&#8220;Texte pr\u00e9sentation &#8220; _builder_version=&#8220;4.19.4&#8243; custom_margin=&#8220;|||&#8220; custom_padding=&#8220;|||&#8220; border_color_right=&#8220;#cecccc&#8220; global_colors_info=&#8220;{}&#8220;]<\/p><h1>Die Kinderkrippe der \u00c9cole Fran\u00e7aise de B\u00e2le<\/h1><p>Die Kinderkrippe \u201eLa Petite Bulle\u201c heisst Kinder von\u00a0<strong>3 bis 36 Monaten<\/strong>\u00a0willkommen:<\/p><ul><li>Gruppe der Kleinen von 3 bis 18 Monaten (mit einer maximalen Anzahl von 10 Kindern)<\/li><li>Gruppe der Gro\u03b2en von 18 bis 36 Monaten (mit einer maximalen Anzahl von 30 Kindern)<\/li><\/ul><p>Die geringe Kinderanzahl in den Gruppen erlaubt es den Erzieher\/innen auf jedes Kind pers\u00f6nlich einzugehen und f\u00fcr seine individuellen Bed\u00fcrfnisse da zu sein. Die Kinder k\u00f6nnen zwischen ein und f\u00fcnf Tagen pro Woche die Kinderkrippe besuchen. Die H\u00e4ufigkeit des Besuchs der Kinderkrippe wird bei der Anmeldung besprochen und kann je nach Verf\u00fcgbarkeit der Pl\u00e4tze ge\u00e4ndert werden.<\/p><blockquote><p><strong>UNSERE MISSION:<br \/>Jedem Kind einen pers\u00f6nlichen Rahmen bieten, der seiner Entwicklung und seinem Rhythmus entspricht.<\/strong><\/p><\/blockquote><ul><li>Spracherwerb<\/li><li>K\u00f6rpersprache<\/li><li>Erfassen der Umwelt, Fantasie, kreatives Schaffen<\/li><\/ul><p><a href=\"https:\/\/www.efdb.ch\/wp-content\/uploads\/2018\/04\/Projet-p%C3%A9dagogique-Cr%C3%A8che.pdf\" target=\"_blank\" rel=\"noopener noreferrer\">P\u00e4dagogisches Projekt<\/a><\/p><p>&nbsp;<\/p><p>&nbsp;<\/p><p>[\/et_pb_text][et_pb_gallery gallery_ids=&#8220;10957,10965,10953,10947,1934&#8243; gallery_captions=&#8220;,,,,,,,,,&#8220; fullwidth=&#8220;on&#8220; _builder_version=&#8220;4.16&#8243; pagination_font_size_tablet=&#8220;51&#8243; pagination_line_height_tablet=&#8220;2&#8243; global_colors_info=&#8220;{}&#8220;][\/et_pb_gallery][\/et_pb_column_inner][\/et_pb_row_inner][\/et_pb_column][et_pb_column type=&#8220;1_3&#8243; _builder_version=&#8220;4.16&#8243; custom_padding=&#8220;|||&#8220; global_colors_info=&#8220;{}&#8220; parallax__hover=&#8220;off&#8220; parallax_method__hover=&#8220;on&#8220; custom_padding__hover=&#8220;|||&#8220;][et_pb_text admin_label=&#8220;Titre dernier article&#8220; _builder_version=&#8220;4.19.0&#8243; min_height=&#8220;41px&#8220; custom_margin=&#8220;||15px|||&#8220; custom_padding=&#8220;||0px|||&#8220; global_colors_info=&#8220;{}&#8220;]<\/p><h2><strong>Neueste Artikel der Kinderkrippe<\/strong><\/h2><p>[\/et_pb_text][et_pb_blog posts_number=&#8220;2&#8243; include_categories=&#8220;13&#8243; show_more=&#8220;on&#8220; show_pagination=&#8220;off&#8220; _builder_version=&#8220;4.19.0&#8243; header_font=&#8220;||||||||&#8220; meta_font=&#8220;||||||||&#8220; meta_font_size=&#8220;11px&#8220; global_colors_info=&#8220;{}&#8220;][\/et_pb_blog][\/et_pb_column][\/et_pb_section][et_pb_section fb_built=&#8220;1&#8243; _builder_version=&#8220;4.16&#8243; background_color=&#8220;#d10a11&#8243; global_colors_info=&#8220;{}&#8220;][et_pb_row column_structure=&#8220;1_3,1_3,1_3&#8243; _builder_version=&#8220;4.16&#8243; custom_padding=&#8220;30px|0px|30px|0px&#8220; global_colors_info=&#8220;{}&#8220;][et_pb_column type=&#8220;1_3&#8243; _builder_version=&#8220;4.16&#8243; custom_padding=&#8220;|||&#8220; global_colors_info=&#8220;{}&#8220; custom_padding__hover=&#8220;|||&#8220;][et_pb_blurb title=&#8220;Ein gesch\u00fctzter Rahmen&#8220; image=&#8220;https:\/\/www.efdb.ch\/wp-content\/uploads\/2018\/01\/calme.png&#8220; _builder_version=&#8220;4.16&#8243; header_level=&#8220;h3&#8243; header_font=&#8220;|700|||||||&#8220; header_font_size=&#8220;24px&#8220; body_font=&#8220;|600|||||||&#8220; text_orientation=&#8220;center&#8220; background_layout=&#8220;dark&#8220; header_font_size_tablet=&#8220;&#8220; header_font_size_phone=&#8220;&#8220; header_font_size_last_edited=&#8220;on|desktop&#8220; global_colors_info=&#8220;{}&#8220;]<\/p><div class=\"page\" title=\"Page 2\"><div class=\"layoutArea\"><div class=\"column\"><p>Ruhige und sichere R\u00e4umlichkeiten auf dem Gundeldinger Feld.\u00a0<\/p><p>Schrittweise Eingliederung in den Kindergarten durch die r\u00e4umliche N\u00e4he.\u00a0<\/p><p>Ein Team bestehend aus Kleinkindererzieher\/innen und Kinderpflegehelfer\/innen.\u00a0<\/p><p>Die Krippe ist ausgestattet mit einem Raum zum Windel wechseln, einer K\u00fcche, einem Schlafraum und einem privaten Spielplatz.<\/p><\/div><\/div><\/div><p>[\/et_pb_blurb][\/et_pb_column][et_pb_column type=&#8220;1_3&#8243; _builder_version=&#8220;4.16&#8243; custom_padding=&#8220;|||&#8220; global_colors_info=&#8220;{}&#8220; custom_padding__hover=&#8220;|||&#8220;][et_pb_blurb title=&#8220;P\u00e4dagogische Werkstatt&#8220; image=&#8220;https:\/\/www.efdb.ch\/wp-content\/uploads\/2018\/01\/pedagogie.png&#8220; _builder_version=&#8220;4.19.4&#8243; header_level=&#8220;h3&#8243; header_font=&#8220;|700|||||||&#8220; header_font_size=&#8220;24px&#8220; body_font=&#8220;|600|||||||&#8220; text_orientation=&#8220;center&#8220; background_layout=&#8220;dark&#8220; header_font_size_tablet=&#8220;&#8220; header_font_size_phone=&#8220;&#8220; header_font_size_last_edited=&#8220;on|desktop&#8220; global_colors_info=&#8220;{}&#8220;]<\/p><p>An das Alter und das Entwicklungsstadium der Kinder angepasst.\u00a0<\/p><p>Wecken der Freude und Neugier.\u00a0<\/p><p>Ausfl\u00fcge und Spiele im Freien.\u00a0<\/p><p>Wecken aller Sinne (Musik, Barfusspfad, Kochen, \u2026).\u00a0<\/p><p>Bewegungs- und Motorikf\u00f6rderung.\u00a0<\/p><p>Einf\u00fchrung in die deutsche Sprache durch verschiedene Aktivit\u00e4ten (Lieder, Spiele, Momente des Alltags, \u2026)<\/p><p>[\/et_pb_blurb][\/et_pb_column][et_pb_column type=&#8220;1_3&#8243; _builder_version=&#8220;4.16&#8243; custom_padding=&#8220;|||&#8220; global_colors_info=&#8220;{}&#8220; custom_padding__hover=&#8220;|||&#8220;][et_pb_blurb title=&#8220;Franz\u00f6sische Kinderkrippe&#8220; image=&#8220;https:\/\/www.efdb.ch\/wp-content\/uploads\/2018\/01\/francais.png&#8220; _builder_version=&#8220;4.19.4&#8243; header_level=&#8220;h3&#8243; header_font=&#8220;|700|||||||&#8220; header_font_size=&#8220;24px&#8220; body_font=&#8220;|600|||||||&#8220; text_orientation=&#8220;center&#8220; background_layout=&#8220;dark&#8220; header_font_size_tablet=&#8220;&#8220; header_font_size_phone=&#8220;&#8220; header_font_size_last_edited=&#8220;on|desktop&#8220; global_colors_info=&#8220;{}&#8220;]<\/p><div class=\"page\" title=\"Page 3\"><div class=\"layoutArea\"><div class=\"column\"><div class=\"page\" title=\"Page 2\"><div class=\"layoutArea\"><div class=\"column\"><p>Eine Kinderkrippe als Teil der Ecole Fran\u00e7aise de B\u00e2le mit einem franz\u00f6sischsprachigen Team.\u00a0<\/p><p>Ein Rhythmus, der auf jedes Kind abgestimmt ist.\u00a0<\/p><p>Frische Mahlzeiten, die auf die Bed\u00fcrfnisse der Kinder abgestimmt sind.\u00a0<\/p><p>Verf\u00fcgbarkeit des Teams: Zuh\u00f6ren und direkte Kommunikation mit den Eltern.<\/p><\/div><\/div><\/div><\/div><\/div><\/div><p>[\/et_pb_blurb][\/et_pb_column][\/et_pb_row][\/et_pb_section][et_pb_section fb_built=&#8220;1&#8243; _builder_version=&#8220;4.16&#8243; global_colors_info=&#8220;{}&#8220;][et_pb_row _builder_version=&#8220;4.16&#8243; custom_padding=&#8220;30px|0px|30px|0px&#8220; global_colors_info=&#8220;{}&#8220;][et_pb_column type=&#8220;4_4&#8243; _builder_version=&#8220;4.16&#8243; custom_padding=&#8220;|||&#8220; global_colors_info=&#8220;{}&#8220; custom_padding__hover=&#8220;|||&#8220;][et_pb_cta title=&#8220;Sie w\u00fcnschen weitere Informationen oder wollen Ihr Kind anmelden?&#8220; button_url=&#8220;https:\/\/www.efdb.ch\/de\/anmeldung\/&#8220; button_text=&#8220;Erfahren Sie mehr dazu hier&#8220; _builder_version=&#8220;4.22.1&#8243; header_font=&#8220;||||||||&#8220; use_background_color=&#8220;off&#8220; custom_button=&#8220;on&#8220; button_text_color=&#8220;#ffffff&#8220; button_font=&#8220;||||||||&#8220; background_layout=&#8220;light&#8220; global_colors_info=&#8220;{}&#8220; button_text_size__hover_enabled=&#8220;off&#8220; button_one_text_size__hover_enabled=&#8220;off&#8220; button_two_text_size__hover_enabled=&#8220;off&#8220; button_text_color__hover_enabled=&#8220;off&#8220; button_one_text_color__hover_enabled=&#8220;off&#8220; button_two_text_color__hover_enabled=&#8220;off&#8220; button_border_width__hover_enabled=&#8220;off&#8220; button_one_border_width__hover_enabled=&#8220;off&#8220; button_two_border_width__hover_enabled=&#8220;off&#8220; button_border_color__hover_enabled=&#8220;off&#8220; button_one_border_color__hover_enabled=&#8220;off&#8220; button_two_border_color__hover_enabled=&#8220;off&#8220; button_border_radius__hover_enabled=&#8220;off&#8220; button_one_border_radius__hover_enabled=&#8220;off&#8220; button_two_border_radius__hover_enabled=&#8220;off&#8220; button_letter_spacing__hover_enabled=&#8220;off&#8220; button_one_letter_spacing__hover_enabled=&#8220;off&#8220; button_two_letter_spacing__hover_enabled=&#8220;off&#8220; button_bg_color__hover_enabled=&#8220;off&#8220; button_one_bg_color__hover_enabled=&#8220;off&#8220; button_two_bg_color__hover_enabled=&#8220;off&#8220;]<\/p><p><strong>Welche Schritte sind f\u00fcr die Anmeldung erforderlich?<\/strong>\u00a0<br \/><strong>Wie sieht der Schulkalender der \u00c9cole Fran\u00e7aise de B\u00e2le aus?<\/strong>\u00a0<br \/><strong>Wie hoch ist das Schulgeld (Einschreibegeb\u00fchr)? Und welche finanziellen Hilfen gibt es?<\/strong><\/p><p>[\/et_pb_cta][\/et_pb_column][\/et_pb_row][\/et_pb_section]<\/p>","protected":false},"excerpt":{"rendered":"<p>Jedem Kind einen pers\u00f6nlichen Rahmen bieten, der seiner Entwicklung und seinem Rhythmus entspricht.Die Kinderkrippe der \u00c9cole Fran\u00e7aise de B\u00e2leDie Kinderkrippe \u201eLa Petite Bulle\u201c heisst Kinder von\u00a03 bis 36 Monaten\u00a0willkommen:Gruppe der Kleinen von 3 bis 18 Monaten (mit einer maximalen Anzahl von 10 Kindern)Gruppe der Gro\u03b2en von 18 bis 36 Monaten (mit einer maximalen Anzahl von [&hellip;]<\/p>\n","protected":false},"author":1,"featured_media":0,"parent":0,"menu_order":0,"comment_status":"closed","ping_status":"closed","template":"","meta":{"_et_pb_use_builder":"on","_et_pb_old_content":"","_et_gb_content_width":"","footnotes":""},"class_list":["post-11415","page","type-page","status-publish","hentry"],"yoast_head":"<!-- This site is optimized with the Yoast SEO plugin v27.4 - https:\/\/yoast.com\/product\/yoast-seo-wordpress\/ -->\n<title>Kinderkrippe &quot;La Petite Bulle&quot; - EFDB<\/title>\n<meta name=\"robots\" content=\"index, follow, max-snippet:-1, max-image-preview:large, max-video-preview:-1\" \/>\n<link rel=\"canonical\" href=\"https:\/\/www.efdb.ch\/de\/kinderkrippe\/\" \/>\n<meta property=\"og:locale\" content=\"de_DE\" \/>\n<meta property=\"og:type\" content=\"article\" \/>\n<meta property=\"og:title\" content=\"Kinderkrippe &quot;La Petite Bulle&quot; - EFDB\" \/>\n<meta property=\"og:description\" content=\"Jedem Kind einen pers\u00f6nlichen Rahmen bieten, der seiner Entwicklung und seinem Rhythmus entspricht.Die Kinderkrippe der \u00c9cole Fran\u00e7aise de B\u00e2leDie Kinderkrippe \u201eLa Petite Bulle\u201c heisst Kinder von\u00a03 bis 36 Monaten\u00a0willkommen:Gruppe der Kleinen von 3 bis 18 Monaten (mit einer maximalen Anzahl von 10 Kindern)Gruppe der Gro\u03b2en von 18 bis 36 Monaten (mit einer maximalen Anzahl von [&hellip;]\" \/>\n<meta property=\"og:url\" content=\"https:\/\/www.efdb.ch\/de\/kinderkrippe\/\" \/>\n<meta property=\"og:site_name\" content=\"EFDB\" \/>\n<meta property=\"article:modified_time\" content=\"2024-04-05T14:41:33+00:00\" \/>\n<meta name=\"twitter:card\" content=\"summary_large_image\" \/>\n<meta name=\"twitter:label1\" content=\"Gesch\u00e4tzte Lesezeit\" \/>\n\t<meta name=\"twitter:data1\" content=\"4\u00a0Minuten\" \/>\n<script type=\"application\/ld+json\" class=\"yoast-schema-graph\">{\"@context\":\"https:\\\/\\\/schema.org\",\"@graph\":[{\"@type\":\"WebPage\",\"@id\":\"https:\\\/\\\/www.efdb.ch\\\/de\\\/kinderkrippe\\\/\",\"url\":\"https:\\\/\\\/www.efdb.ch\\\/de\\\/kinderkrippe\\\/\",\"name\":\"Kinderkrippe \\\"La Petite Bulle\\\" - EFDB\",\"isPartOf\":{\"@id\":\"https:\\\/\\\/www.efdb.ch\\\/de\\\/#website\"},\"datePublished\":\"2020-02-17T14:04:58+00:00\",\"dateModified\":\"2024-04-05T14:41:33+00:00\",\"breadcrumb\":{\"@id\":\"https:\\\/\\\/www.efdb.ch\\\/de\\\/kinderkrippe\\\/#breadcrumb\"},\"inLanguage\":\"de\",\"potentialAction\":[{\"@type\":\"ReadAction\",\"target\":[\"https:\\\/\\\/www.efdb.ch\\\/de\\\/kinderkrippe\\\/\"]}]},{\"@type\":\"BreadcrumbList\",\"@id\":\"https:\\\/\\\/www.efdb.ch\\\/de\\\/kinderkrippe\\\/#breadcrumb\",\"itemListElement\":[{\"@type\":\"ListItem\",\"position\":1,\"name\":\"Accueil\",\"item\":\"https:\\\/\\\/www.efdb.ch\\\/de\\\/\"},{\"@type\":\"ListItem\",\"position\":2,\"name\":\"Kinderkrippe \u00ab\u00a0La Petite Bulle\u00a0\u00bb\"}]},{\"@type\":\"WebSite\",\"@id\":\"https:\\\/\\\/www.efdb.ch\\\/de\\\/#website\",\"url\":\"https:\\\/\\\/www.efdb.ch\\\/de\\\/\",\"name\":\"EFDB\",\"description\":\"\u00c9cole fran\u00e7aise de B\u00e2le\",\"potentialAction\":[{\"@type\":\"SearchAction\",\"target\":{\"@type\":\"EntryPoint\",\"urlTemplate\":\"https:\\\/\\\/www.efdb.ch\\\/de\\\/?s={search_term_string}\"},\"query-input\":{\"@type\":\"PropertyValueSpecification\",\"valueRequired\":true,\"valueName\":\"search_term_string\"}}],\"inLanguage\":\"de\"}]}<\/script>\n<!-- \/ Yoast SEO plugin. -->","yoast_head_json":{"title":"Kinderkrippe \"La Petite Bulle\" - EFDB","robots":{"index":"index","follow":"follow","max-snippet":"max-snippet:-1","max-image-preview":"max-image-preview:large","max-video-preview":"max-video-preview:-1"},"canonical":"https:\/\/www.efdb.ch\/de\/kinderkrippe\/","og_locale":"de_DE","og_type":"article","og_title":"Kinderkrippe \"La Petite Bulle\" - EFDB","og_description":"Jedem Kind einen pers\u00f6nlichen Rahmen bieten, der seiner Entwicklung und seinem Rhythmus entspricht.Die Kinderkrippe der \u00c9cole Fran\u00e7aise de B\u00e2leDie Kinderkrippe \u201eLa Petite Bulle\u201c heisst Kinder von\u00a03 bis 36 Monaten\u00a0willkommen:Gruppe der Kleinen von 3 bis 18 Monaten (mit einer maximalen Anzahl von 10 Kindern)Gruppe der Gro\u03b2en von 18 bis 36 Monaten (mit einer maximalen Anzahl von [&hellip;]","og_url":"https:\/\/www.efdb.ch\/de\/kinderkrippe\/","og_site_name":"EFDB","article_modified_time":"2024-04-05T14:41:33+00:00","twitter_card":"summary_large_image","twitter_misc":{"Gesch\u00e4tzte Lesezeit":"4\u00a0Minuten"},"schema":{"@context":"https:\/\/schema.org","@graph":[{"@type":"WebPage","@id":"https:\/\/www.efdb.ch\/de\/kinderkrippe\/","url":"https:\/\/www.efdb.ch\/de\/kinderkrippe\/","name":"Kinderkrippe \"La Petite Bulle\" - EFDB","isPartOf":{"@id":"https:\/\/www.efdb.ch\/de\/#website"},"datePublished":"2020-02-17T14:04:58+00:00","dateModified":"2024-04-05T14:41:33+00:00","breadcrumb":{"@id":"https:\/\/www.efdb.ch\/de\/kinderkrippe\/#breadcrumb"},"inLanguage":"de","potentialAction":[{"@type":"ReadAction","target":["https:\/\/www.efdb.ch\/de\/kinderkrippe\/"]}]},{"@type":"BreadcrumbList","@id":"https:\/\/www.efdb.ch\/de\/kinderkrippe\/#breadcrumb","itemListElement":[{"@type":"ListItem","position":1,"name":"Accueil","item":"https:\/\/www.efdb.ch\/de\/"},{"@type":"ListItem","position":2,"name":"Kinderkrippe \u00ab\u00a0La Petite Bulle\u00a0\u00bb"}]},{"@type":"WebSite","@id":"https:\/\/www.efdb.ch\/de\/#website","url":"https:\/\/www.efdb.ch\/de\/","name":"EFDB","description":"\u00c9cole fran\u00e7aise de B\u00e2le","potentialAction":[{"@type":"SearchAction","target":{"@type":"EntryPoint","urlTemplate":"https:\/\/www.efdb.ch\/de\/?s={search_term_string}"},"query-input":{"@type":"PropertyValueSpecification","valueRequired":true,"valueName":"search_term_string"}}],"inLanguage":"de"}]}},"_links":{"self":[{"href":"https:\/\/www.efdb.ch\/de\/wp-json\/wp\/v2\/pages\/11415","targetHints":{"allow":["GET"]}}],"collection":[{"href":"https:\/\/www.efdb.ch\/de\/wp-json\/wp\/v2\/pages"}],"about":[{"href":"https:\/\/www.efdb.ch\/de\/wp-json\/wp\/v2\/types\/page"}],"author":[{"embeddable":true,"href":"https:\/\/www.efdb.ch\/de\/wp-json\/wp\/v2\/users\/1"}],"replies":[{"embeddable":true,"href":"https:\/\/www.efdb.ch\/de\/wp-json\/wp\/v2\/comments?post=11415"}],"version-history":[{"count":80,"href":"https:\/\/www.efdb.ch\/de\/wp-json\/wp\/v2\/pages\/11415\/revisions"}],"predecessor-version":[{"id":19719,"href":"https:\/\/www.efdb.ch\/de\/wp-json\/wp\/v2\/pages\/11415\/revisions\/19719"}],"wp:attachment":[{"href":"https:\/\/www.efdb.ch\/de\/wp-json\/wp\/v2\/media?parent=11415"}],"curies":[{"name":"wp","href":"https:\/\/api.w.org\/{rel}","templated":true}]}}