{"id":11397,"date":"2020-02-17T14:58:10","date_gmt":"2020-02-17T13:58:10","guid":{"rendered":"https:\/\/www.efdb.ch\/ueber-uns\/"},"modified":"2025-11-12T00:33:52","modified_gmt":"2025-11-11T22:33:52","slug":"ueber-uns","status":"publish","type":"page","link":"https:\/\/www.efdb.ch\/de\/ueber-uns\/","title":{"rendered":"\u00dcber uns"},"content":{"rendered":"<p>[et_pb_section fb_built=&#8220;1&#8243; fullwidth=&#8220;on&#8220; _builder_version=&#8220;4.16&#8243; global_colors_info=&#8220;{}&#8220;][et_pb_fullwidth_slider admin_label=&#8220;Fullwidth Slider&#8220; _builder_version=&#8220;4.19.4&#8243; custom_padding=&#8220;|||&#8220; custom_padding_tablet=&#8220;|||&#8220; custom_padding_phone=&#8220;|||&#8220; box_shadow_style=&#8220;preset6&#8243; box_shadow_blur=&#8220;10px&#8220; box_shadow_color=&#8220;rgba(0,0,0,0.1)&#8220; global_colors_info=&#8220;{}&#8220; button_text_size__hover_enabled=&#8220;off&#8220; button_one_text_size__hover_enabled=&#8220;off&#8220; button_two_text_size__hover_enabled=&#8220;off&#8220; button_text_color__hover_enabled=&#8220;off&#8220; button_one_text_color__hover_enabled=&#8220;off&#8220; button_two_text_color__hover_enabled=&#8220;off&#8220; button_border_width__hover_enabled=&#8220;off&#8220; button_one_border_width__hover_enabled=&#8220;off&#8220; button_two_border_width__hover_enabled=&#8220;off&#8220; button_border_color__hover_enabled=&#8220;off&#8220; button_one_border_color__hover_enabled=&#8220;off&#8220; button_two_border_color__hover_enabled=&#8220;off&#8220; button_border_radius__hover_enabled=&#8220;off&#8220; button_one_border_radius__hover_enabled=&#8220;off&#8220; button_two_border_radius__hover_enabled=&#8220;off&#8220; button_letter_spacing__hover_enabled=&#8220;off&#8220; button_one_letter_spacing__hover_enabled=&#8220;off&#8220; button_two_letter_spacing__hover_enabled=&#8220;off&#8220; button_bg_color__hover_enabled=&#8220;off&#8220; button_one_bg_color__hover_enabled=&#8220;off&#8220; button_two_bg_color__hover_enabled=&#8220;off&#8220;][et_pb_slide heading=&#8220;Die \u00c9cole Fran\u00e7aise de B\u00e2le&#8220; use_bg_overlay=&#8220;on&#8220; _builder_version=&#8220;4.19.4&#8243; background_color=&#8220;#ffffff&#8220; background_image=&#8220;https:\/\/www.efdb.ch\/wp-content\/uploads\/2019\/10\/DSC6948-e1572210682222.jpg&#8220; background_enable_image=&#8220;on&#8220; global_colors_info=&#8220;{}&#8220; button_text_size__hover_enabled=&#8220;off&#8220; button_one_text_size__hover_enabled=&#8220;off&#8220; button_two_text_size__hover_enabled=&#8220;off&#8220; button_text_color__hover_enabled=&#8220;off&#8220; button_one_text_color__hover_enabled=&#8220;off&#8220; button_two_text_color__hover_enabled=&#8220;off&#8220; button_border_width__hover_enabled=&#8220;off&#8220; button_one_border_width__hover_enabled=&#8220;off&#8220; button_two_border_width__hover_enabled=&#8220;off&#8220; button_border_color__hover_enabled=&#8220;off&#8220; button_one_border_color__hover_enabled=&#8220;off&#8220; button_two_border_color__hover_enabled=&#8220;off&#8220; button_border_radius__hover_enabled=&#8220;off&#8220; button_one_border_radius__hover_enabled=&#8220;off&#8220; button_two_border_radius__hover_enabled=&#8220;off&#8220; button_letter_spacing__hover_enabled=&#8220;off&#8220; button_one_letter_spacing__hover_enabled=&#8220;off&#8220; button_two_letter_spacing__hover_enabled=&#8220;off&#8220; button_bg_color__hover_enabled=&#8220;off&#8220; button_one_bg_color__hover_enabled=&#8220;off&#8220; button_two_bg_color__hover_enabled=&#8220;off&#8220; sticky_transition=&#8220;on&#8220;]<\/p><p>Organisation<\/p><p>[\/et_pb_slide][\/et_pb_fullwidth_slider][\/et_pb_section][et_pb_section fb_built=&#8220;1&#8243; specialty=&#8220;on&#8220; _builder_version=&#8220;4.16&#8243; global_colors_info=&#8220;{}&#8220;][et_pb_column type=&#8220;2_3&#8243; specialty_columns=&#8220;2&#8243; _builder_version=&#8220;4.16&#8243; custom_padding=&#8220;|||&#8220; global_colors_info=&#8220;{}&#8220; parallax__hover=&#8220;off&#8220; parallax_method__hover=&#8220;on&#8220; custom_padding__hover=&#8220;|||&#8220;][et_pb_row_inner admin_label=&#8220;Ligne&#8220; _builder_version=&#8220;4.16&#8243; global_colors_info=&#8220;{}&#8220;][et_pb_column_inner saved_specialty_column_type=&#8220;2_3&#8243; _builder_version=&#8220;4.16&#8243; custom_padding=&#8220;|||&#8220; global_colors_info=&#8220;{}&#8220; parallax__hover=&#8220;off&#8220; parallax_method__hover=&#8220;on&#8220; custom_padding__hover=&#8220;|||&#8220;][et_pb_text admin_label=&#8220;Organisation de l&#8217;\u00e9cole&#8220; _builder_version=&#8220;4.16&#8243; global_colors_info=&#8220;{}&#8220;]<\/p><h2>Organisation der Schule<\/h2><p>[\/et_pb_text][et_pb_video src=&#8220;https:\/\/www.youtube.com\/watch?v=Med9H5WBs5s&#8220; _builder_version=&#8220;4.16&#8243; global_colors_info=&#8220;{}&#8220;]<\/p><p>[\/et_pb_video][\/et_pb_column_inner][\/et_pb_row_inner][et_pb_row_inner admin_label=&#8220;Ligne&#8220; _builder_version=&#8220;4.16&#8243; custom_padding=&#8220;37px|||||&#8220; global_colors_info=&#8220;{}&#8220;][et_pb_column_inner saved_specialty_column_type=&#8220;2_3&#8243; _builder_version=&#8220;4.16&#8243; custom_padding=&#8220;|||&#8220; global_colors_info=&#8220;{}&#8220; parallax__hover=&#8220;off&#8220; parallax_method__hover=&#8220;on&#8220; custom_padding__hover=&#8220;|||&#8220;][et_pb_text admin_label=&#8220;Missions et Projets&#8220; _builder_version=&#8220;4.27.4&#8243; hover_enabled=&#8220;0&#8243; global_colors_info=&#8220;{}&#8220; sticky_enabled=&#8220;0&#8243;]<\/p><p><a href=\"https:\/\/www.efdb.ch\/wp-content\/uploads\/2023\/07\/Livret-daccueil-EFDB-FR-2023.07.04.pdf\" rel=\"attachment wp-att-18219\">EFDB &#8211; Livret d&#8217;accueil &#8211; 2023.07.04<\/a><\/p><p><\/p><p><a href=\"https:\/\/www.efdb.ch\/wp-content\/uploads\/2023\/07\/Livret-daccueil-EFDB-DE-2023.07.04.pdf\" rel=\"attachment wp-att-18222\">EFDB &#8211; Ein Leitfaden &#8211; 2023.07.04<\/a><\/p><p><\/p><p><a href=\"https:\/\/www.efdb.ch\/wp-content\/uploads\/2023\/07\/Livret-daccueil-EFDB-EN-2023.07.04.pdf\" rel=\"attachment wp-att-18225\">EFDB &#8211; Information booklet &#8211; 2023.07.04<\/a><\/p><p><\/p><p>Die <a href=\"https:\/\/www.efdb.ch\/wp-content\/uploads\/2023\/12\/Statuts-de-lEFDB-14-12-2023.pdf\" rel=\"attachment wp-att-19200\">Schulstatuten<\/a><\/p><p><\/p><p>Das <a href=\"https:\/\/www.efdb.ch\/wp-content\/uploads\/2025\/11\/Reglement-interieur-EFDB-2025-2026.pdf\" rel=\"attachment wp-att-20850\">interne Reglement<\/a> der Schule<\/p><p><\/p><p>Die <a href=\"https:\/\/www.efdb.ch\/wp-content\/uploads\/2024\/01\/EFDB-Lettre-dengagement-parents.pdf\" rel=\"attachment wp-att-19321\">Datenschutzerkl\u00e4rung<\/a> f\u00fcr die Sch\u00fcler und Erziehungsberechtigten<\/p><p>[\/et_pb_text][\/et_pb_column_inner][\/et_pb_row_inner][\/et_pb_column][et_pb_column type=&#8220;1_3&#8243; _builder_version=&#8220;4.16&#8243; custom_padding=&#8220;|||&#8220; global_colors_info=&#8220;{}&#8220; parallax__hover=&#8220;off&#8220; parallax_method__hover=&#8220;on&#8220; custom_padding__hover=&#8220;|||&#8220;][et_pb_text admin_label=&#8220;EFDB&#8220; _builder_version=&#8220;4.16&#8243; hover_enabled=&#8220;0&#8243; global_colors_info=&#8220;{}&#8220; sticky_enabled=&#8220;0&#8243;]<\/p><p>Die \u00c9cole Fran\u00e7aise de B\u00e2le wurde 1884 gegr\u00fcndet, als einzige von der AEFE (Agentur f\u00fcr das franz\u00f6sische Auslandsschulwesen) amtlich anerkannte Schule der Nordwestschweiz. Sie steht ebenfalls unter der Aufsicht des ED (Erziehungsdepartement) Basel-Stadt und der Acad\u00e9mie de Strasbourg (Schulaufsichtsbeh\u00f6rde der D\u00e9partements Bas-Rhin und Haut-Rhin).<\/p><p>[\/et_pb_text][et_pb_text admin_label=&#8220;Partenaires&#8220; _builder_version=&#8220;4.16&#8243; global_colors_info=&#8220;{}&#8220;]<\/p><h3><\/h3><ul><li><a href=\"https:\/\/www.aefe.fr\/\" target=\"_blank\" rel=\"noopener noreferrer\"> Agentur f\u00fcr das franz\u00f6sische Auslandsschulwesen (AEFE) <\/a><\/li><li><a href=\"https:\/\/www.education.gouv.fr\/\" target=\"_blank\" rel=\"noopener noreferrer\"> Franz\u00f6sisches Bildungsministerium (MEN) <\/a><\/li><li><a href=\"https:\/\/www.ed.bs.ch\/\" target=\"_blank\" rel=\"noopener noreferrer\"> Erziehungsdepartement Basel-Stadt (ED Basel-Stadt) <\/a><\/li><\/ul><p>[\/et_pb_text][et_pb_image src=&#8220;https:\/\/www.efdb.ch\/wp-content\/uploads\/2021\/09\/delf-goethe-cambridge-combines-1.png&#8220; alt=&#8220;Zertifizierungen&#8220; title_text=&#8220;delf goethe cambridge combin\u00e9s&#8220; _builder_version=&#8220;4.16&#8243; _module_preset=&#8220;default&#8220; global_colors_info=&#8220;{}&#8220;][\/et_pb_image][et_pb_image src=&#8220;https:\/\/www.efdb.ch\/wp-content\/uploads\/2021\/09\/certification-efe3d-niveau1.png&#8220; title_text=&#8220;certification-efe3d-niveau1&#8243; _builder_version=&#8220;4.16&#8243; _module_preset=&#8220;default&#8220; global_colors_info=&#8220;{}&#8220;][\/et_pb_image][\/et_pb_column][\/et_pb_section]<\/p>","protected":false},"excerpt":{"rendered":"<p>OrganisationOrganisation der SchuleEFDB &#8211; Livret d&#8217;accueil &#8211; 2023.07.04EFDB &#8211; Ein Leitfaden &#8211; 2023.07.04EFDB &#8211; Information booklet &#8211; 2023.07.04Die SchulstatutenDas interne Reglement der SchuleDie Datenschutzerkl\u00e4rung f\u00fcr die Sch\u00fcler und ErziehungsberechtigtenDie \u00c9cole Fran\u00e7aise de B\u00e2le wurde 1884 gegr\u00fcndet, als einzige von der AEFE (Agentur f\u00fcr das franz\u00f6sische Auslandsschulwesen) amtlich anerkannte Schule der Nordwestschweiz. Sie steht ebenfalls unter [&hellip;]<\/p>\n","protected":false},"author":1,"featured_media":0,"parent":0,"menu_order":0,"comment_status":"closed","ping_status":"closed","template":"","meta":{"_et_pb_use_builder":"on","_et_pb_old_content":"","_et_gb_content_width":"","footnotes":""},"class_list":["post-11397","page","type-page","status-publish","hentry"],"yoast_head":"<!-- This site is optimized with the Yoast SEO plugin v27.3 - https:\/\/yoast.com\/product\/yoast-seo-wordpress\/ -->\n<title>\u00dcber uns - EFDB<\/title>\n<meta name=\"robots\" content=\"index, follow, max-snippet:-1, max-image-preview:large, max-video-preview:-1\" \/>\n<link rel=\"canonical\" href=\"https:\/\/www.efdb.ch\/de\/ueber-uns\/\" \/>\n<meta property=\"og:locale\" content=\"de_DE\" \/>\n<meta property=\"og:type\" content=\"article\" \/>\n<meta property=\"og:title\" content=\"\u00dcber uns - EFDB\" \/>\n<meta property=\"og:description\" content=\"OrganisationOrganisation der SchuleEFDB - Livret d&#039;accueil - 2023.07.04EFDB - Ein Leitfaden - 2023.07.04EFDB - Information booklet - 2023.07.04Die SchulstatutenDas interne Reglement der SchuleDie Datenschutzerkl\u00e4rung f\u00fcr die Sch\u00fcler und ErziehungsberechtigtenDie \u00c9cole Fran\u00e7aise de B\u00e2le wurde 1884 gegr\u00fcndet, als einzige von der AEFE (Agentur f\u00fcr das franz\u00f6sische Auslandsschulwesen) amtlich anerkannte Schule der Nordwestschweiz. Sie steht ebenfalls unter [&hellip;]\" \/>\n<meta property=\"og:url\" content=\"https:\/\/www.efdb.ch\/de\/ueber-uns\/\" \/>\n<meta property=\"og:site_name\" content=\"EFDB\" \/>\n<meta property=\"article:modified_time\" content=\"2025-11-11T22:33:52+00:00\" \/>\n<meta name=\"twitter:card\" content=\"summary_large_image\" \/>\n<meta name=\"twitter:label1\" content=\"Gesch\u00e4tzte Lesezeit\" \/>\n\t<meta name=\"twitter:data1\" content=\"4\u00a0Minuten\" \/>\n<script type=\"application\/ld+json\" class=\"yoast-schema-graph\">{\"@context\":\"https:\\\/\\\/schema.org\",\"@graph\":[{\"@type\":\"WebPage\",\"@id\":\"https:\\\/\\\/www.efdb.ch\\\/de\\\/ueber-uns\\\/\",\"url\":\"https:\\\/\\\/www.efdb.ch\\\/de\\\/ueber-uns\\\/\",\"name\":\"\u00dcber uns - EFDB\",\"isPartOf\":{\"@id\":\"https:\\\/\\\/www.efdb.ch\\\/de\\\/#website\"},\"datePublished\":\"2020-02-17T13:58:10+00:00\",\"dateModified\":\"2025-11-11T22:33:52+00:00\",\"breadcrumb\":{\"@id\":\"https:\\\/\\\/www.efdb.ch\\\/de\\\/ueber-uns\\\/#breadcrumb\"},\"inLanguage\":\"de\",\"potentialAction\":[{\"@type\":\"ReadAction\",\"target\":[\"https:\\\/\\\/www.efdb.ch\\\/de\\\/ueber-uns\\\/\"]}]},{\"@type\":\"BreadcrumbList\",\"@id\":\"https:\\\/\\\/www.efdb.ch\\\/de\\\/ueber-uns\\\/#breadcrumb\",\"itemListElement\":[{\"@type\":\"ListItem\",\"position\":1,\"name\":\"Accueil\",\"item\":\"https:\\\/\\\/www.efdb.ch\\\/de\\\/\"},{\"@type\":\"ListItem\",\"position\":2,\"name\":\"\u00dcber uns\"}]},{\"@type\":\"WebSite\",\"@id\":\"https:\\\/\\\/www.efdb.ch\\\/de\\\/#website\",\"url\":\"https:\\\/\\\/www.efdb.ch\\\/de\\\/\",\"name\":\"EFDB\",\"description\":\"\u00c9cole fran\u00e7aise de B\u00e2le\",\"potentialAction\":[{\"@type\":\"SearchAction\",\"target\":{\"@type\":\"EntryPoint\",\"urlTemplate\":\"https:\\\/\\\/www.efdb.ch\\\/de\\\/?s={search_term_string}\"},\"query-input\":{\"@type\":\"PropertyValueSpecification\",\"valueRequired\":true,\"valueName\":\"search_term_string\"}}],\"inLanguage\":\"de\"}]}<\/script>\n<!-- \/ Yoast SEO plugin. -->","yoast_head_json":{"title":"\u00dcber uns - EFDB","robots":{"index":"index","follow":"follow","max-snippet":"max-snippet:-1","max-image-preview":"max-image-preview:large","max-video-preview":"max-video-preview:-1"},"canonical":"https:\/\/www.efdb.ch\/de\/ueber-uns\/","og_locale":"de_DE","og_type":"article","og_title":"\u00dcber uns - EFDB","og_description":"OrganisationOrganisation der SchuleEFDB - Livret d'accueil - 2023.07.04EFDB - Ein Leitfaden - 2023.07.04EFDB - Information booklet - 2023.07.04Die SchulstatutenDas interne Reglement der SchuleDie Datenschutzerkl\u00e4rung f\u00fcr die Sch\u00fcler und ErziehungsberechtigtenDie \u00c9cole Fran\u00e7aise de B\u00e2le wurde 1884 gegr\u00fcndet, als einzige von der AEFE (Agentur f\u00fcr das franz\u00f6sische Auslandsschulwesen) amtlich anerkannte Schule der Nordwestschweiz. Sie steht ebenfalls unter [&hellip;]","og_url":"https:\/\/www.efdb.ch\/de\/ueber-uns\/","og_site_name":"EFDB","article_modified_time":"2025-11-11T22:33:52+00:00","twitter_card":"summary_large_image","twitter_misc":{"Gesch\u00e4tzte Lesezeit":"4\u00a0Minuten"},"schema":{"@context":"https:\/\/schema.org","@graph":[{"@type":"WebPage","@id":"https:\/\/www.efdb.ch\/de\/ueber-uns\/","url":"https:\/\/www.efdb.ch\/de\/ueber-uns\/","name":"\u00dcber uns - EFDB","isPartOf":{"@id":"https:\/\/www.efdb.ch\/de\/#website"},"datePublished":"2020-02-17T13:58:10+00:00","dateModified":"2025-11-11T22:33:52+00:00","breadcrumb":{"@id":"https:\/\/www.efdb.ch\/de\/ueber-uns\/#breadcrumb"},"inLanguage":"de","potentialAction":[{"@type":"ReadAction","target":["https:\/\/www.efdb.ch\/de\/ueber-uns\/"]}]},{"@type":"BreadcrumbList","@id":"https:\/\/www.efdb.ch\/de\/ueber-uns\/#breadcrumb","itemListElement":[{"@type":"ListItem","position":1,"name":"Accueil","item":"https:\/\/www.efdb.ch\/de\/"},{"@type":"ListItem","position":2,"name":"\u00dcber uns"}]},{"@type":"WebSite","@id":"https:\/\/www.efdb.ch\/de\/#website","url":"https:\/\/www.efdb.ch\/de\/","name":"EFDB","description":"\u00c9cole fran\u00e7aise de B\u00e2le","potentialAction":[{"@type":"SearchAction","target":{"@type":"EntryPoint","urlTemplate":"https:\/\/www.efdb.ch\/de\/?s={search_term_string}"},"query-input":{"@type":"PropertyValueSpecification","valueRequired":true,"valueName":"search_term_string"}}],"inLanguage":"de"}]}},"_links":{"self":[{"href":"https:\/\/www.efdb.ch\/de\/wp-json\/wp\/v2\/pages\/11397","targetHints":{"allow":["GET"]}}],"collection":[{"href":"https:\/\/www.efdb.ch\/de\/wp-json\/wp\/v2\/pages"}],"about":[{"href":"https:\/\/www.efdb.ch\/de\/wp-json\/wp\/v2\/types\/page"}],"author":[{"embeddable":true,"href":"https:\/\/www.efdb.ch\/de\/wp-json\/wp\/v2\/users\/1"}],"replies":[{"embeddable":true,"href":"https:\/\/www.efdb.ch\/de\/wp-json\/wp\/v2\/comments?post=11397"}],"version-history":[{"count":94,"href":"https:\/\/www.efdb.ch\/de\/wp-json\/wp\/v2\/pages\/11397\/revisions"}],"predecessor-version":[{"id":22606,"href":"https:\/\/www.efdb.ch\/de\/wp-json\/wp\/v2\/pages\/11397\/revisions\/22606"}],"wp:attachment":[{"href":"https:\/\/www.efdb.ch\/de\/wp-json\/wp\/v2\/media?parent=11397"}],"curies":[{"name":"wp","href":"https:\/\/api.w.org\/{rel}","templated":true}]}}