{"id":11336,"date":"2020-01-27T17:39:23","date_gmt":"2020-01-27T16:39:23","guid":{"rendered":"https:\/\/www.efdb.ch\/schulleben\/feriencamp\/"},"modified":"2026-03-05T12:14:54","modified_gmt":"2026-03-05T10:14:54","slug":"feriencamp","status":"publish","type":"page","link":"https:\/\/www.efdb.ch\/de\/schulleben\/feriencamp\/","title":{"rendered":"Feriencamp"},"content":{"rendered":"<p>[et_pb_section fb_built=&#8220;1&#8243; fullwidth=&#8220;on&#8220; _builder_version=&#8220;4.16&#8243; global_colors_info=&#8220;{}&#8220;][et_pb_fullwidth_slider admin_label=&#8220;Fullwidth Slider&#8220; _builder_version=&#8220;4.25.2&#8243; custom_padding=&#8220;|||&#8220; global_colors_info=&#8220;{}&#8220; button_text_size__hover_enabled=&#8220;off&#8220; button_one_text_size__hover_enabled=&#8220;off&#8220; button_two_text_size__hover_enabled=&#8220;off&#8220; button_text_color__hover_enabled=&#8220;off&#8220; button_one_text_color__hover_enabled=&#8220;off&#8220; button_two_text_color__hover_enabled=&#8220;off&#8220; button_border_width__hover_enabled=&#8220;off&#8220; button_one_border_width__hover_enabled=&#8220;off&#8220; button_two_border_width__hover_enabled=&#8220;off&#8220; button_border_color__hover_enabled=&#8220;off&#8220; button_one_border_color__hover_enabled=&#8220;off&#8220; button_two_border_color__hover_enabled=&#8220;off&#8220; button_border_radius__hover_enabled=&#8220;off&#8220; button_one_border_radius__hover_enabled=&#8220;off&#8220; button_two_border_radius__hover_enabled=&#8220;off&#8220; button_letter_spacing__hover_enabled=&#8220;off&#8220; button_one_letter_spacing__hover_enabled=&#8220;off&#8220; button_two_letter_spacing__hover_enabled=&#8220;off&#8220; button_bg_color__hover_enabled=&#8220;off&#8220; button_one_bg_color__hover_enabled=&#8220;off&#8220; button_two_bg_color__hover_enabled=&#8220;off&#8220;][et_pb_slide heading=&#8220;Feriencamp&#8220; use_bg_overlay=&#8220;on&#8220; use_text_overlay=&#8220;off&#8220; _builder_version=&#8220;4.25.2&#8243; background_color=&#8220;#ffffff&#8220; background_image=&#8220;https:\/\/www.efdb.ch\/wp-content\/uploads\/2018\/02\/elementaire2.jpg&#8220; background_enable_image=&#8220;on&#8220; button_on_hover=&#8220;on&#8220; global_colors_info=&#8220;{}&#8220; button_text_size__hover_enabled=&#8220;off&#8220; button_one_text_size__hover_enabled=&#8220;off&#8220; button_two_text_size__hover_enabled=&#8220;off&#8220; button_text_color__hover_enabled=&#8220;off&#8220; button_one_text_color__hover_enabled=&#8220;off&#8220; button_two_text_color__hover_enabled=&#8220;off&#8220; button_border_width__hover_enabled=&#8220;off&#8220; button_one_border_width__hover_enabled=&#8220;off&#8220; button_two_border_width__hover_enabled=&#8220;off&#8220; button_border_color__hover_enabled=&#8220;off&#8220; button_one_border_color__hover_enabled=&#8220;off&#8220; button_two_border_color__hover_enabled=&#8220;off&#8220; button_border_radius__hover_enabled=&#8220;off&#8220; button_one_border_radius__hover_enabled=&#8220;off&#8220; button_two_border_radius__hover_enabled=&#8220;off&#8220; button_letter_spacing__hover_enabled=&#8220;off&#8220; button_one_letter_spacing__hover_enabled=&#8220;off&#8220; button_two_letter_spacing__hover_enabled=&#8220;off&#8220; button_bg_color__hover_enabled=&#8220;off&#8220; button_one_bg_color__hover_enabled=&#8220;off&#8220; button_two_bg_color__hover_enabled=&#8220;off&#8220; sticky_transition=&#8220;on&#8220;]<\/p><p>Das EFDB &#8211; Feriencamp w\u00e4hrend der Schulferien<\/p><p>[\/et_pb_slide][\/et_pb_fullwidth_slider][\/et_pb_section][et_pb_section fb_built=&#8220;1&#8243; _builder_version=&#8220;4.16&#8243; global_colors_info=&#8220;{}&#8220;][et_pb_row _builder_version=&#8220;4.25.2&#8243; global_colors_info=&#8220;{}&#8220;][et_pb_column type=&#8220;4_4&#8243; _builder_version=&#8220;4.16&#8243; custom_padding=&#8220;|||&#8220; global_colors_info=&#8220;{}&#8220; custom_padding__hover=&#8220;|||&#8220;][et_pb_text admin_label=&#8220;Titre&#8220; _builder_version=&#8220;4.27.4&#8243; global_colors_info=&#8220;{}&#8220;]<\/p><h2 style=\"text-align: center;\"><span style=\"color: #0000ff;\"><strong>Jippie, die Ferien sind da! <\/strong><\/span><\/h2><p><\/p><p style=\"text-align: center;\">Wir werden sie nutzen, um<br \/>sich zu bewegen, zu erforschen, zu basteln, zu singen, zu entdecken, zu schlemmen und zu lachen!<\/p><p><\/p><h3 style=\"text-align: center;\"><span style=\"color: #0000ff;\"><strong>\u00a0SEID HERZLICH WILLKOMMEN!<\/strong><\/span><\/h3><p><\/p><p style=\"text-align: center;\">Die \u00c9cole Fran\u00e7aise de B\u00e2le empf\u00e4ngt Ihre Kinder zu einem fr\u00f6hlichen, lockeren und lehrreichen Programm!<\/p><p><\/p><p style=\"text-align: center;\">Unser qualifiziertes und dynamisches Team wird ein abwechslungsreiches Programm in den R\u00e4umlichkeiten der Schule durchf\u00fchren.<\/p><p><\/p><h3 style=\"text-align: center;\"><span style=\"color: #0000ff;\"><strong>Unser Feriencamp heisst Kinder zwischen 3 (Jg. 2022) und 12 Jahren von 7:30 bis 18:30 Uhr willkommen!<\/strong><\/span><\/h3><p>[\/et_pb_text][et_pb_text _builder_version=&#8220;4.27.5&#8243; _module_preset=&#8220;default&#8220; global_colors_info=&#8220;{}&#8220;]<\/p><p>Entdecken Sie unser Programm f\u00fcr die Fr\u00fchlingsferien: <a href=\"https:\/\/www.efdb.ch\/wp-content\/uploads\/2026\/03\/S1-Paques.jpg\">Woche 1<\/a> und <a href=\"https:\/\/www.efdb.ch\/wp-content\/uploads\/2026\/03\/S2-Paques.jpg\">Woche 2<\/a><\/p><p><\/p><p>F\u00fcr Kinder, die an der EFDB eingeschult sind, k\u00f6nnen Sie die Anmeldung <a href=\"https:\/\/efdb.eduka.school\/\">hier<\/a>\u00a0vornehmen<\/p><p><\/p><p>F\u00fcr Kinder, die nicht an der EFDB eingeschult sind, bitten wir Sie, Kontakt mit dem Team des Feriencamps aufzunehmen, indem Sie eine E-Mail an folgende Adresse schicken: <a href=\"mailto:centreaere@efdb.ch\">centreaere@efdb.ch<\/a><\/p><p><\/p><p>&nbsp;<\/p><p>[\/et_pb_text][\/et_pb_column][\/et_pb_row][et_pb_row _builder_version=&#8220;4.16&#8243; global_colors_info=&#8220;{}&#8220;][et_pb_column type=&#8220;4_4&#8243; _builder_version=&#8220;4.16&#8243; custom_padding=&#8220;|||&#8220; global_colors_info=&#8220;{}&#8220; custom_padding__hover=&#8220;|||&#8220;][et_pb_text disabled_on=&#8220;off|off|off&#8220; admin_label=&#8220;Tarifs &#038; inscription&#8220; _builder_version=&#8220;4.27.5&#8243; hover_enabled=&#8220;0&#8243; global_colors_info=&#8220;{}&#8220; sticky_enabled=&#8220;0&#8243;]<\/p><p><strong><span lang=\"DE-CH\">Praktische Informationen<\/span><\/strong><span lang=\"DE-CH\"> :<\/span><\/p><p><\/p><p><strong><u><span lang=\"DE-CH\">Empfang<\/span><\/u><\/strong><span lang=\"DE-CH\"> : Von 7:30 bis 9:30 Uhr<\/span><\/p><p><\/p><p><strong><u><span lang=\"DE-CH\">Abholzeit:<\/span><\/u><\/strong><span lang=\"DE-CH\"> Zwischen 16:00 und 18:30 Uhr<\/span><\/p><p><\/p><p><strong><u><span lang=\"DE-CH\">Wo<\/span><\/u><\/strong><span lang=\"DE-CH\">: In der<strong> Primarschule der EFDB<\/strong> (Tel. 061 311 07 30), Engelgasse 103, 4052 Basel<\/span><\/p><p><\/p><p><strong><u><span lang=\"DE-CH\">Mit wem<\/span><\/u><\/strong><span lang=\"DE-CH\">: Einem qualifizierten und dynamischen Team.<\/span><\/p><p>[\/et_pb_text][et_pb_text _builder_version=&#8220;4.23.1&#8243; _module_preset=&#8220;default&#8220; hover_enabled=&#8220;0&#8243; global_colors_info=&#8220;{}&#8220; sticky_enabled=&#8220;0&#8243;]<\/p><p><u><strong>Geb\u00fchren und allgemeine Gesch\u00e4ftsbedingungen<\/strong><\/u><strong>\u00a0: <a href=\"https:\/\/www.efdb.ch\/de\/gebuhren-und-anmeldung\/\">https:\/\/www.efdb.ch\/de\/gebuhren-und-anmeldung\/<\/a><\/strong><\/p><p>[\/et_pb_text][\/et_pb_column][\/et_pb_row][\/et_pb_section]<\/p>","protected":false},"excerpt":{"rendered":"<p>Das EFDB &#8211; Feriencamp w\u00e4hrend der SchulferienJippie, die Ferien sind da! Wir werden sie nutzen, umsich zu bewegen, zu erforschen, zu basteln, zu singen, zu entdecken, zu schlemmen und zu lachen!\u00a0SEID HERZLICH WILLKOMMEN!Die \u00c9cole Fran\u00e7aise de B\u00e2le empf\u00e4ngt Ihre Kinder zu einem fr\u00f6hlichen, lockeren und lehrreichen Programm!Unser qualifiziertes und dynamisches Team wird ein abwechslungsreiches Programm [&hellip;]<\/p>\n","protected":false},"author":1,"featured_media":0,"parent":11322,"menu_order":0,"comment_status":"closed","ping_status":"closed","template":"","meta":{"_et_pb_use_builder":"on","_et_pb_old_content":"","_et_gb_content_width":"","footnotes":""},"class_list":["post-11336","page","type-page","status-publish","hentry"],"yoast_head":"<!-- This site is optimized with the Yoast SEO plugin v27.4 - https:\/\/yoast.com\/product\/yoast-seo-wordpress\/ -->\n<title>Feriencamp - EFDB<\/title>\n<meta name=\"robots\" content=\"index, follow, max-snippet:-1, max-image-preview:large, max-video-preview:-1\" \/>\n<link rel=\"canonical\" href=\"https:\/\/www.efdb.ch\/de\/schulleben\/feriencamp\/\" \/>\n<meta property=\"og:locale\" content=\"de_DE\" \/>\n<meta property=\"og:type\" content=\"article\" \/>\n<meta property=\"og:title\" content=\"Feriencamp - EFDB\" \/>\n<meta property=\"og:description\" content=\"Das EFDB - Feriencamp w\u00e4hrend der SchulferienJippie, die Ferien sind da! Wir werden sie nutzen, umsich zu bewegen, zu erforschen, zu basteln, zu singen, zu entdecken, zu schlemmen und zu lachen!\u00a0SEID HERZLICH WILLKOMMEN!Die \u00c9cole Fran\u00e7aise de B\u00e2le empf\u00e4ngt Ihre Kinder zu einem fr\u00f6hlichen, lockeren und lehrreichen Programm!Unser qualifiziertes und dynamisches Team wird ein abwechslungsreiches Programm [&hellip;]\" \/>\n<meta property=\"og:url\" content=\"https:\/\/www.efdb.ch\/de\/schulleben\/feriencamp\/\" \/>\n<meta property=\"og:site_name\" content=\"EFDB\" \/>\n<meta property=\"article:modified_time\" content=\"2026-03-05T10:14:54+00:00\" \/>\n<meta name=\"twitter:card\" content=\"summary_large_image\" \/>\n<meta name=\"twitter:label1\" content=\"Gesch\u00e4tzte Lesezeit\" \/>\n\t<meta name=\"twitter:data1\" content=\"1\u00a0Minute\" \/>\n<script type=\"application\/ld+json\" class=\"yoast-schema-graph\">{\"@context\":\"https:\\\/\\\/schema.org\",\"@graph\":[{\"@type\":\"WebPage\",\"@id\":\"https:\\\/\\\/www.efdb.ch\\\/de\\\/schulleben\\\/feriencamp\\\/\",\"url\":\"https:\\\/\\\/www.efdb.ch\\\/de\\\/schulleben\\\/feriencamp\\\/\",\"name\":\"Feriencamp - EFDB\",\"isPartOf\":{\"@id\":\"https:\\\/\\\/www.efdb.ch\\\/de\\\/#website\"},\"datePublished\":\"2020-01-27T16:39:23+00:00\",\"dateModified\":\"2026-03-05T10:14:54+00:00\",\"breadcrumb\":{\"@id\":\"https:\\\/\\\/www.efdb.ch\\\/de\\\/schulleben\\\/feriencamp\\\/#breadcrumb\"},\"inLanguage\":\"de\",\"potentialAction\":[{\"@type\":\"ReadAction\",\"target\":[\"https:\\\/\\\/www.efdb.ch\\\/de\\\/schulleben\\\/feriencamp\\\/\"]}]},{\"@type\":\"BreadcrumbList\",\"@id\":\"https:\\\/\\\/www.efdb.ch\\\/de\\\/schulleben\\\/feriencamp\\\/#breadcrumb\",\"itemListElement\":[{\"@type\":\"ListItem\",\"position\":1,\"name\":\"Accueil\",\"item\":\"https:\\\/\\\/www.efdb.ch\\\/de\\\/\"},{\"@type\":\"ListItem\",\"position\":2,\"name\":\"Schulleben\",\"item\":\"https:\\\/\\\/www.efdb.ch\\\/de\\\/vie-scolaire\\\/\"},{\"@type\":\"ListItem\",\"position\":3,\"name\":\"Feriencamp\"}]},{\"@type\":\"WebSite\",\"@id\":\"https:\\\/\\\/www.efdb.ch\\\/de\\\/#website\",\"url\":\"https:\\\/\\\/www.efdb.ch\\\/de\\\/\",\"name\":\"EFDB\",\"description\":\"\u00c9cole fran\u00e7aise de B\u00e2le\",\"potentialAction\":[{\"@type\":\"SearchAction\",\"target\":{\"@type\":\"EntryPoint\",\"urlTemplate\":\"https:\\\/\\\/www.efdb.ch\\\/de\\\/?s={search_term_string}\"},\"query-input\":{\"@type\":\"PropertyValueSpecification\",\"valueRequired\":true,\"valueName\":\"search_term_string\"}}],\"inLanguage\":\"de\"}]}<\/script>\n<!-- \/ Yoast SEO plugin. -->","yoast_head_json":{"title":"Feriencamp - EFDB","robots":{"index":"index","follow":"follow","max-snippet":"max-snippet:-1","max-image-preview":"max-image-preview:large","max-video-preview":"max-video-preview:-1"},"canonical":"https:\/\/www.efdb.ch\/de\/schulleben\/feriencamp\/","og_locale":"de_DE","og_type":"article","og_title":"Feriencamp - EFDB","og_description":"Das EFDB - Feriencamp w\u00e4hrend der SchulferienJippie, die Ferien sind da! Wir werden sie nutzen, umsich zu bewegen, zu erforschen, zu basteln, zu singen, zu entdecken, zu schlemmen und zu lachen!\u00a0SEID HERZLICH WILLKOMMEN!Die \u00c9cole Fran\u00e7aise de B\u00e2le empf\u00e4ngt Ihre Kinder zu einem fr\u00f6hlichen, lockeren und lehrreichen Programm!Unser qualifiziertes und dynamisches Team wird ein abwechslungsreiches Programm [&hellip;]","og_url":"https:\/\/www.efdb.ch\/de\/schulleben\/feriencamp\/","og_site_name":"EFDB","article_modified_time":"2026-03-05T10:14:54+00:00","twitter_card":"summary_large_image","twitter_misc":{"Gesch\u00e4tzte Lesezeit":"1\u00a0Minute"},"schema":{"@context":"https:\/\/schema.org","@graph":[{"@type":"WebPage","@id":"https:\/\/www.efdb.ch\/de\/schulleben\/feriencamp\/","url":"https:\/\/www.efdb.ch\/de\/schulleben\/feriencamp\/","name":"Feriencamp - EFDB","isPartOf":{"@id":"https:\/\/www.efdb.ch\/de\/#website"},"datePublished":"2020-01-27T16:39:23+00:00","dateModified":"2026-03-05T10:14:54+00:00","breadcrumb":{"@id":"https:\/\/www.efdb.ch\/de\/schulleben\/feriencamp\/#breadcrumb"},"inLanguage":"de","potentialAction":[{"@type":"ReadAction","target":["https:\/\/www.efdb.ch\/de\/schulleben\/feriencamp\/"]}]},{"@type":"BreadcrumbList","@id":"https:\/\/www.efdb.ch\/de\/schulleben\/feriencamp\/#breadcrumb","itemListElement":[{"@type":"ListItem","position":1,"name":"Accueil","item":"https:\/\/www.efdb.ch\/de\/"},{"@type":"ListItem","position":2,"name":"Schulleben","item":"https:\/\/www.efdb.ch\/de\/vie-scolaire\/"},{"@type":"ListItem","position":3,"name":"Feriencamp"}]},{"@type":"WebSite","@id":"https:\/\/www.efdb.ch\/de\/#website","url":"https:\/\/www.efdb.ch\/de\/","name":"EFDB","description":"\u00c9cole fran\u00e7aise de B\u00e2le","potentialAction":[{"@type":"SearchAction","target":{"@type":"EntryPoint","urlTemplate":"https:\/\/www.efdb.ch\/de\/?s={search_term_string}"},"query-input":{"@type":"PropertyValueSpecification","valueRequired":true,"valueName":"search_term_string"}}],"inLanguage":"de"}]}},"_links":{"self":[{"href":"https:\/\/www.efdb.ch\/de\/wp-json\/wp\/v2\/pages\/11336","targetHints":{"allow":["GET"]}}],"collection":[{"href":"https:\/\/www.efdb.ch\/de\/wp-json\/wp\/v2\/pages"}],"about":[{"href":"https:\/\/www.efdb.ch\/de\/wp-json\/wp\/v2\/types\/page"}],"author":[{"embeddable":true,"href":"https:\/\/www.efdb.ch\/de\/wp-json\/wp\/v2\/users\/1"}],"replies":[{"embeddable":true,"href":"https:\/\/www.efdb.ch\/de\/wp-json\/wp\/v2\/comments?post=11336"}],"version-history":[{"count":442,"href":"https:\/\/www.efdb.ch\/de\/wp-json\/wp\/v2\/pages\/11336\/revisions"}],"predecessor-version":[{"id":22928,"href":"https:\/\/www.efdb.ch\/de\/wp-json\/wp\/v2\/pages\/11336\/revisions\/22928"}],"up":[{"embeddable":true,"href":"https:\/\/www.efdb.ch\/de\/wp-json\/wp\/v2\/pages\/11322"}],"wp:attachment":[{"href":"https:\/\/www.efdb.ch\/de\/wp-json\/wp\/v2\/media?parent=11336"}],"curies":[{"name":"wp","href":"https:\/\/api.w.org\/{rel}","templated":true}]}}